{"id":91,"date":"2021-02-27T15:21:49","date_gmt":"2021-02-27T15:21:49","guid":{"rendered":"http:\/\/mygoalthemes.com\/demo\/medil\/?page_id=91"},"modified":"2026-01-14T21:05:09","modified_gmt":"2026-01-15T02:05:09","slug":"nosotros","status":"publish","type":"page","link":"https:\/\/zaffirum.com\/es\/nosotros\/","title":{"rendered":"Nosotros"},"content":{"rendered":"<div data-elementor-type=\"wp-page\" data-elementor-id=\"91\" class=\"elementor elementor-91\" data-elementor-post-type=\"page\">\n\t\t\t\t\t\t<section class=\"elementor-section elementor-top-section elementor-element elementor-element-3812f07 elementor-section-boxed elementor-section-height-default elementor-section-height-default\" data-id=\"3812f07\" data-element_type=\"section\">\n\t\t\t\t\t\t<div class=\"elementor-container elementor-column-gap-default\">\n\t\t\t\t\t<div class=\"elementor-column elementor-col-100 elementor-top-column elementor-element elementor-element-a62b614\" data-id=\"a62b614\" data-element_type=\"column\">\n\t\t\t<div class=\"elementor-widget-wrap elementor-element-populated\">\n\t\t\t\t\t\t<div class=\"elementor-element elementor-element-c866c29 elementor-widget elementor-widget-heading\" data-id=\"c866c29\" data-element_type=\"widget\" data-widget_type=\"heading.default\">\n\t\t\t\t\t<h2 class=\"elementor-heading-title elementor-size-default\">La Esencia del Lujo Eterno para el Caballero Discerniente<\/h2>\t\t\t\t<\/div>\n\t\t\t\t<div class=\"elementor-element elementor-element-2dc6b5e elementor-widget__width-initial elementor-widget elementor-widget-text-editor\" data-id=\"2dc6b5e\" data-element_type=\"widget\" data-widget_type=\"text-editor.default\">\n\t\t\t\t\t\t\t\t\t<p>Fundada con la visi\u00f3n de elevar el estilo masculino a trav\u00e9s de la excelencia, somos una plataforma en l\u00ednea dedicada a ofrecer accesorios para hombres de lujo como relojes en calidad 1.1 y s\u00faper clon de las marcas de lujo mas conocidas como Pagani Design, Rolex, Patek Philippe y todas las marcas, junto con fragancias exclusivas 100% oiriginales dise\u00f1adores, nichos, \u00e1rabes, entre otras.<\/p><p>Desde nuestros inicios, nos hemos comprometido la calidad superior, seleccionando solo lo mejor de la industria para garantizar que cada adquisici\u00f3n no sea solo un objeto, sino una inversi\u00f3n en elegancia timeless. En Zaffirum, creemos que el lujo verdadero trasciende las tendencias: es un reflejo de car\u00e1cter, herencia y aspiraci\u00f3n. \u00danase a nosotros en este viaje hacia la distinci\u00f3n, donde cada detalle est\u00e1 dise\u00f1ado para realzar su presencia con refinamiento y confianza.<\/p>\t\t\t\t\t\t\t\t<\/div>\n\t\t\t\t<div class=\"elementor-element elementor-element-b503b05 elementor-widget elementor-widget-image\" data-id=\"b503b05\" data-element_type=\"widget\" data-widget_type=\"image.default\">\n\t\t\t\t\t\t\t\t\t\t\t\t\t\t\t<img fetchpriority=\"high\" decoding=\"async\" width=\"1285\" height=\"609\" src=\"https:\/\/zaffirum.com\/wp-content\/uploads\/2026\/01\/image2.png\" class=\"attachment-full size-full wp-image-14845\" alt=\"\" srcset=\"https:\/\/zaffirum.com\/wp-content\/uploads\/2026\/01\/image2.png 1285w, https:\/\/zaffirum.com\/wp-content\/uploads\/2026\/01\/image2-300x142.png 300w, https:\/\/zaffirum.com\/wp-content\/uploads\/2026\/01\/image2-1024x485.png 1024w, https:\/\/zaffirum.com\/wp-content\/uploads\/2026\/01\/image2-768x364.png 768w, https:\/\/zaffirum.com\/wp-content\/uploads\/2026\/01\/image2-600x284.png 600w\" sizes=\"(max-width: 1285px) 100vw, 1285px\" \/>\t\t\t\t\t\t\t\t\t\t\t\t\t\t\t<\/div>\n\t\t\t\t\t<\/div>\n\t\t<\/div>\n\t\t\t\t\t<\/div>\n\t\t<\/section>\n\t\t\t\t<section class=\"elementor-section elementor-top-section elementor-element elementor-element-696b6e1 elementor-section-boxed elementor-section-height-default elementor-section-height-default\" data-id=\"696b6e1\" data-element_type=\"section\">\n\t\t\t\t\t\t<div class=\"elementor-container elementor-column-gap-default\">\n\t\t\t\t\t<div class=\"elementor-column elementor-col-100 elementor-top-column elementor-element elementor-element-fca68f3\" data-id=\"fca68f3\" data-element_type=\"column\">\n\t\t\t<div class=\"elementor-widget-wrap elementor-element-populated\">\n\t\t\t\t\t\t<section class=\"elementor-section elementor-inner-section elementor-element elementor-element-947c83d elementor-section-boxed elementor-section-height-default elementor-section-height-default\" data-id=\"947c83d\" data-element_type=\"section\">\n\t\t\t\t\t\t<div class=\"elementor-container elementor-column-gap-default\">\n\t\t\t\t\t<div class=\"elementor-column elementor-col-33 elementor-inner-column elementor-element elementor-element-ff9a70d\" data-id=\"ff9a70d\" data-element_type=\"column\">\n\t\t\t<div class=\"elementor-widget-wrap elementor-element-populated\">\n\t\t\t\t\t\t<div class=\"elementor-element elementor-element-d45e4a5 elementor-widget elementor-widget-heading\" data-id=\"d45e4a5\" data-element_type=\"widget\" data-widget_type=\"heading.default\">\n\t\t\t\t\t<h2 class=\"elementor-heading-title elementor-size-default\">Misi\u00f3n<\/h2>\t\t\t\t<\/div>\n\t\t\t\t<div class=\"elementor-element elementor-element-c4a1566 elementor-widget elementor-widget-text-editor\" data-id=\"c4a1566\" data-element_type=\"widget\" data-widget_type=\"text-editor.default\">\n\t\t\t\t\t\t\t\t\t<p dir=\"auto\">Ofrecer a los caballeros discernientes accesorios de lujo masculino de calidad superior \u2014relojes de alta fidelidad inspirados en las marcas m\u00e1s prestigiosas y fragancias exclusivas 100% originales\u2014 para elevar su estilo personal con refinamiento, autenticidad y confianza en el presente.<\/p>\t\t\t\t\t\t\t\t<\/div>\n\t\t\t\t\t<\/div>\n\t\t<\/div>\n\t\t\t\t<div class=\"elementor-column elementor-col-33 elementor-inner-column elementor-element elementor-element-3571e02\" data-id=\"3571e02\" data-element_type=\"column\">\n\t\t\t<div class=\"elementor-widget-wrap\">\n\t\t\t\t\t\t\t<\/div>\n\t\t<\/div>\n\t\t\t\t<div class=\"elementor-column elementor-col-33 elementor-inner-column elementor-element elementor-element-86d8ab4\" data-id=\"86d8ab4\" data-element_type=\"column\">\n\t\t\t<div class=\"elementor-widget-wrap elementor-element-populated\">\n\t\t\t\t\t\t<div class=\"elementor-element elementor-element-52864c7 elementor-widget elementor-widget-heading\" data-id=\"52864c7\" data-element_type=\"widget\" data-widget_type=\"heading.default\">\n\t\t\t\t\t<h2 class=\"elementor-heading-title elementor-size-default\">Visi\u00f3n<\/h2>\t\t\t\t<\/div>\n\t\t\t\t<div class=\"elementor-element elementor-element-a2ff87f elementor-widget elementor-widget-text-editor\" data-id=\"a2ff87f\" data-element_type=\"widget\" data-widget_type=\"text-editor.default\">\n\t\t\t\t\t\t\t\t\t<p dir=\"auto\">Convertirnos en la plataforma de referencia global para el caballero moderno que busca el lujo eterno, donde cada adquisici\u00f3n represente una herencia de distinci\u00f3n, car\u00e1cter y aspiraci\u00f3n que trascienda generaciones.<\/p>\t\t\t\t\t\t\t\t<\/div>\n\t\t\t\t\t<\/div>\n\t\t<\/div>\n\t\t\t\t\t<\/div>\n\t\t<\/section>\n\t\t\t\t\t<\/div>\n\t\t<\/div>\n\t\t\t\t\t<\/div>\n\t\t<\/section>\n\t\t\t\t<\/div>","protected":false},"excerpt":{"rendered":"<p>La Esencia del Lujo Eterno para el Caballero Discerniente Fundada con la visi\u00f3n de elevar el estilo masculino a trav\u00e9s de la excelencia, somos una plataforma en l\u00ednea dedicada a ofrecer accesorios para hombres de lujo como relojes en calidad 1.1 y s\u00faper clon de las marcas de lujo mas conocidas como Pagani Design, Rolex, &hellip; <br \/><a href=\"https:\/\/zaffirum.com\/es\/nosotros\/\" class=\"more-link\">Continue reading <span class=\"screen-reader-text\">Nosotros<\/span><\/a><\/p>","protected":false},"author":1,"featured_media":14680,"parent":0,"menu_order":0,"comment_status":"closed","ping_status":"closed","template":"","meta":{"footnotes":""},"class_list":["post-91","page","type-page","status-publish","has-post-thumbnail","hentry"],"yoast_head":"<!-- This site is optimized with the Yoast SEO Premium plugin v26.4 (Yoast SEO v26.8) - https:\/\/yoast.com\/product\/yoast-seo-premium-wordpress\/ -->\n<title>Zaffirum | Parfums &amp; Luxury Watches<\/title>\n<meta name=\"robots\" content=\"index, follow, max-snippet:-1, max-image-preview:large, max-video-preview:-1\" \/>\n<link rel=\"canonical\" href=\"https:\/\/zaffirum.com\/es\/nosotros\/\" \/>\n<meta property=\"og:locale\" content=\"es_MX\" \/>\n<meta property=\"og:type\" content=\"article\" \/>\n<meta property=\"og:title\" content=\"Nosotros\" \/>\n<meta property=\"og:description\" content=\"La Esencia del Lujo Eterno para el Caballero Discerniente Fundada con la visi\u00f3n de elevar el estilo masculino a trav\u00e9s de la excelencia, somos una plataforma en l\u00ednea dedicada a ofrecer accesorios para hombres de lujo como relojes en calidad 1.1 y s\u00faper clon de las marcas de lujo mas conocidas como Pagani Design, Rolex, &hellip; Continue reading Nosotros\" \/>\n<meta property=\"og:url\" content=\"https:\/\/zaffirum.com\/es\/nosotros\/\" \/>\n<meta property=\"og:site_name\" content=\"Zaffirum | Parfums &amp; Luxury Watches\" \/>\n<meta property=\"article:modified_time\" content=\"2026-01-15T02:05:09+00:00\" \/>\n<meta property=\"og:image\" content=\"https:\/\/zaffirum.com\/wp-content\/uploads\/2021\/02\/LOGO-WEB-02.png\" \/>\n\t<meta property=\"og:image:width\" content=\"328\" \/>\n\t<meta property=\"og:image:height\" content=\"182\" \/>\n\t<meta property=\"og:image:type\" content=\"image\/png\" \/>\n<meta name=\"twitter:card\" content=\"summary_large_image\" \/>\n<meta name=\"twitter:label1\" content=\"Tiempo de lectura\" \/>\n\t<meta name=\"twitter:data1\" content=\"1 minuto\" \/>\n<script type=\"application\/ld+json\" class=\"yoast-schema-graph\">{\"@context\":\"https:\/\/schema.org\",\"@graph\":[{\"@type\":\"WebPage\",\"@id\":\"https:\/\/zaffirum.com\/nosotros\/\",\"url\":\"https:\/\/zaffirum.com\/nosotros\/\",\"name\":\"Zaffirum | Parfums &amp; Luxury Watches\",\"isPartOf\":{\"@id\":\"https:\/\/zaffirum.com\/#website\"},\"primaryImageOfPage\":{\"@id\":\"https:\/\/zaffirum.com\/nosotros\/#primaryimage\"},\"image\":{\"@id\":\"https:\/\/zaffirum.com\/nosotros\/#primaryimage\"},\"thumbnailUrl\":\"https:\/\/zaffirum.com\/wp-content\/uploads\/2021\/02\/LOGO-WEB-02.png\",\"datePublished\":\"2021-02-27T15:21:49+00:00\",\"dateModified\":\"2026-01-15T02:05:09+00:00\",\"breadcrumb\":{\"@id\":\"https:\/\/zaffirum.com\/nosotros\/#breadcrumb\"},\"inLanguage\":\"es\",\"potentialAction\":[{\"@type\":\"ReadAction\",\"target\":[\"https:\/\/zaffirum.com\/nosotros\/\"]}]},{\"@type\":\"ImageObject\",\"inLanguage\":\"es\",\"@id\":\"https:\/\/zaffirum.com\/nosotros\/#primaryimage\",\"url\":\"https:\/\/zaffirum.com\/wp-content\/uploads\/2021\/02\/LOGO-WEB-02.png\",\"contentUrl\":\"https:\/\/zaffirum.com\/wp-content\/uploads\/2021\/02\/LOGO-WEB-02.png\",\"width\":328,\"height\":182},{\"@type\":\"BreadcrumbList\",\"@id\":\"https:\/\/zaffirum.com\/nosotros\/#breadcrumb\",\"itemListElement\":[{\"@type\":\"ListItem\",\"position\":1,\"name\":\"Portada\",\"item\":\"https:\/\/zaffirum.com\/\"},{\"@type\":\"ListItem\",\"position\":2,\"name\":\"Nosotros\"}]},{\"@type\":\"WebSite\",\"@id\":\"https:\/\/zaffirum.com\/#website\",\"url\":\"https:\/\/zaffirum.com\/\",\"name\":\"Zaffirum | Parfums &amp; Luxury Watches\",\"description\":\"\",\"publisher\":{\"@id\":\"https:\/\/zaffirum.com\/#organization\"},\"potentialAction\":[{\"@type\":\"SearchAction\",\"target\":{\"@type\":\"EntryPoint\",\"urlTemplate\":\"https:\/\/zaffirum.com\/?s={search_term_string}\"},\"query-input\":{\"@type\":\"PropertyValueSpecification\",\"valueRequired\":true,\"valueName\":\"search_term_string\"}}],\"inLanguage\":\"es\"},{\"@type\":\"Organization\",\"@id\":\"https:\/\/zaffirum.com\/#organization\",\"name\":\"Zaffirum | Parfums &amp; Luxury Watches\",\"url\":\"https:\/\/zaffirum.com\/\",\"logo\":{\"@type\":\"ImageObject\",\"inLanguage\":\"es\",\"@id\":\"https:\/\/zaffirum.com\/#\/schema\/logo\/image\/\",\"url\":\"https:\/\/zaffirum.com\/wp-content\/uploads\/2021\/02\/LOGO-WEB-02.png\",\"contentUrl\":\"https:\/\/zaffirum.com\/wp-content\/uploads\/2021\/02\/LOGO-WEB-02.png\",\"width\":328,\"height\":182,\"caption\":\"Zaffirum |  Parfums &amp; Luxury Watches\"},\"image\":{\"@id\":\"https:\/\/zaffirum.com\/#\/schema\/logo\/image\/\"}}]}<\/script>\n<!-- \/ Yoast SEO Premium plugin. -->","yoast_head_json":{"title":"Zaffirum | Parfums &amp; Luxury Watches","robots":{"index":"index","follow":"follow","max-snippet":"max-snippet:-1","max-image-preview":"max-image-preview:large","max-video-preview":"max-video-preview:-1"},"canonical":"https:\/\/zaffirum.com\/es\/nosotros\/","og_locale":"es_MX","og_type":"article","og_title":"Nosotros","og_description":"La Esencia del Lujo Eterno para el Caballero Discerniente Fundada con la visi\u00f3n de elevar el estilo masculino a trav\u00e9s de la excelencia, somos una plataforma en l\u00ednea dedicada a ofrecer accesorios para hombres de lujo como relojes en calidad 1.1 y s\u00faper clon de las marcas de lujo mas conocidas como Pagani Design, Rolex, &hellip; Continue reading Nosotros","og_url":"https:\/\/zaffirum.com\/es\/nosotros\/","og_site_name":"Zaffirum | Parfums &amp; Luxury Watches","article_modified_time":"2026-01-15T02:05:09+00:00","og_image":[{"width":328,"height":182,"url":"https:\/\/zaffirum.com\/wp-content\/uploads\/2021\/02\/LOGO-WEB-02.png","type":"image\/png"}],"twitter_card":"summary_large_image","twitter_misc":{"Tiempo de lectura":"1 minuto"},"schema":{"@context":"https:\/\/schema.org","@graph":[{"@type":"WebPage","@id":"https:\/\/zaffirum.com\/nosotros\/","url":"https:\/\/zaffirum.com\/nosotros\/","name":"Zaffirum | Parfums &amp; Luxury Watches","isPartOf":{"@id":"https:\/\/zaffirum.com\/#website"},"primaryImageOfPage":{"@id":"https:\/\/zaffirum.com\/nosotros\/#primaryimage"},"image":{"@id":"https:\/\/zaffirum.com\/nosotros\/#primaryimage"},"thumbnailUrl":"https:\/\/zaffirum.com\/wp-content\/uploads\/2021\/02\/LOGO-WEB-02.png","datePublished":"2021-02-27T15:21:49+00:00","dateModified":"2026-01-15T02:05:09+00:00","breadcrumb":{"@id":"https:\/\/zaffirum.com\/nosotros\/#breadcrumb"},"inLanguage":"es","potentialAction":[{"@type":"ReadAction","target":["https:\/\/zaffirum.com\/nosotros\/"]}]},{"@type":"ImageObject","inLanguage":"es","@id":"https:\/\/zaffirum.com\/nosotros\/#primaryimage","url":"https:\/\/zaffirum.com\/wp-content\/uploads\/2021\/02\/LOGO-WEB-02.png","contentUrl":"https:\/\/zaffirum.com\/wp-content\/uploads\/2021\/02\/LOGO-WEB-02.png","width":328,"height":182},{"@type":"BreadcrumbList","@id":"https:\/\/zaffirum.com\/nosotros\/#breadcrumb","itemListElement":[{"@type":"ListItem","position":1,"name":"Portada","item":"https:\/\/zaffirum.com\/"},{"@type":"ListItem","position":2,"name":"Nosotros"}]},{"@type":"WebSite","@id":"https:\/\/zaffirum.com\/#website","url":"https:\/\/zaffirum.com\/","name":"Zaffirum | Parfums &amp; Luxury Watches","description":"","publisher":{"@id":"https:\/\/zaffirum.com\/#organization"},"potentialAction":[{"@type":"SearchAction","target":{"@type":"EntryPoint","urlTemplate":"https:\/\/zaffirum.com\/?s={search_term_string}"},"query-input":{"@type":"PropertyValueSpecification","valueRequired":true,"valueName":"search_term_string"}}],"inLanguage":"es"},{"@type":"Organization","@id":"https:\/\/zaffirum.com\/#organization","name":"Zaffirum | Parfums &amp; Luxury Watches","url":"https:\/\/zaffirum.com\/","logo":{"@type":"ImageObject","inLanguage":"es","@id":"https:\/\/zaffirum.com\/#\/schema\/logo\/image\/","url":"https:\/\/zaffirum.com\/wp-content\/uploads\/2021\/02\/LOGO-WEB-02.png","contentUrl":"https:\/\/zaffirum.com\/wp-content\/uploads\/2021\/02\/LOGO-WEB-02.png","width":328,"height":182,"caption":"Zaffirum |  Parfums &amp; Luxury Watches"},"image":{"@id":"https:\/\/zaffirum.com\/#\/schema\/logo\/image\/"}}]}},"_links":{"self":[{"href":"https:\/\/zaffirum.com\/es\/wp-json\/wp\/v2\/pages\/91","targetHints":{"allow":["GET"]}}],"collection":[{"href":"https:\/\/zaffirum.com\/es\/wp-json\/wp\/v2\/pages"}],"about":[{"href":"https:\/\/zaffirum.com\/es\/wp-json\/wp\/v2\/types\/page"}],"author":[{"embeddable":true,"href":"https:\/\/zaffirum.com\/es\/wp-json\/wp\/v2\/users\/1"}],"replies":[{"embeddable":true,"href":"https:\/\/zaffirum.com\/es\/wp-json\/wp\/v2\/comments?post=91"}],"version-history":[{"count":11,"href":"https:\/\/zaffirum.com\/es\/wp-json\/wp\/v2\/pages\/91\/revisions"}],"predecessor-version":[{"id":14854,"href":"https:\/\/zaffirum.com\/es\/wp-json\/wp\/v2\/pages\/91\/revisions\/14854"}],"wp:featuredmedia":[{"embeddable":true,"href":"https:\/\/zaffirum.com\/es\/wp-json\/wp\/v2\/media\/14680"}],"wp:attachment":[{"href":"https:\/\/zaffirum.com\/es\/wp-json\/wp\/v2\/media?parent=91"}],"curies":[{"name":"wp","href":"https:\/\/api.w.org\/{rel}","templated":true}]}}