{"id":13842,"date":"2025-11-11T02:18:51","date_gmt":"2025-11-11T02:18:51","guid":{"rendered":"https:\/\/zaffirum.com\/?post_type=product&#038;p=13842"},"modified":"2026-01-23T16:59:33","modified_gmt":"2026-01-23T21:59:33","slug":"bharara-essence-eau-de-parfum","status":"publish","type":"product","link":"https:\/\/zaffirum.com\/es\/product\/bharara-essence-eau-de-parfum\/","title":{"rendered":"Bharara Essence &#8211; Eau de Parfum"},"content":{"rendered":"<div class=\"a-section content\"><\/div>\n<div class=\"a-section content\">\n<p><strong>NOTAS DE SALIDA:<\/strong><\/p>\n<p>BERGAMOTA<\/p>\n<p>LIMON<\/p>\n<p>HOJAS VERDES<\/p>\n<p><strong>NOTAS DE CORAZ\u00d3N:<\/strong><\/p>\n<p>LAVANDA<\/p>\n<p>JAZM\u00cdN<\/p>\n<p>TE VERDE<\/p>\n<p><strong>NOTAS DE FONDO:<\/strong><\/p>\n<p>ALMIZCLE BLANCO<\/p>\n<p>AMBAR GRIS<\/p>\n<p>CEDRO<\/p>\n<\/div>","protected":false},"excerpt":{"rendered":"<p>Bharara Essence es una fragancia vibrante y fresca que celebra la elegancia y la vitalidad. Con su composici\u00f3n equilibrada de notas florales y c\u00edtricas, es el perfume perfecto para quienes buscan un aroma que combine suavidad y energ\u00eda. Ideal para el uso diario, ocasiones informales, reuniones al aire libre o momentos especiales bajo el sol, Bharara Essence envuelve con su frescura duradera y car\u00e1cter ligero. Su versatilidad lo convierte en el compa\u00f1ero ideal tanto para el d\u00eda a d\u00eda como para encuentros casuales, proyectando siempre una sensaci\u00f3n de frescura y sofisticaci\u00f3n natural.<\/p>\n<p>&nbsp;<\/p>","protected":false},"featured_media":13925,"template":"","meta":[],"product_brand":[],"product_cat":[111],"product_tag":[112,74,79,75],"class_list":{"0":"post-13842","1":"product","2":"type-product","3":"status-publish","4":"has-post-thumbnail","6":"product_cat-decants-muestras-de-perfumes","7":"product_tag-decants","8":"product_tag-hombres","9":"product_tag-mujeres","10":"product_tag-perfumes","12":"first","13":"instock","14":"taxable","15":"shipping-taxable","16":"purchasable","17":"product-type-variable"},"yoast_head":"<!-- This site is optimized with the Yoast SEO Premium plugin v26.4 (Yoast SEO v26.8) - https:\/\/yoast.com\/product\/yoast-seo-premium-wordpress\/ -->\n<title>Bharara Essence - Eau de Parfum - Zaffirum | Parfums &amp; Luxury Watches<\/title>\n<meta name=\"robots\" content=\"index, follow, max-snippet:-1, max-image-preview:large, max-video-preview:-1\" \/>\n<link rel=\"canonical\" href=\"https:\/\/zaffirum.com\/es\/product\/bharara-essence-eau-de-parfum\/\" \/>\n<meta property=\"og:locale\" content=\"es_MX\" \/>\n<meta property=\"og:type\" content=\"article\" \/>\n<meta property=\"og:title\" content=\"Bharara Essence - Eau de Parfum\" \/>\n<meta property=\"og:description\" content=\"Bharara Essence es una fragancia vibrante y fresca que celebra la elegancia y la vitalidad. Con su composici\u00f3n equilibrada de notas florales y c\u00edtricas, es el perfume perfecto para quienes buscan un aroma que combine suavidad y energ\u00eda. Ideal para el uso diario, ocasiones informales, reuniones al aire libre o momentos especiales bajo el sol, Bharara Essence envuelve con su frescura duradera y car\u00e1cter ligero. Su versatilidad lo convierte en el compa\u00f1ero ideal tanto para el d\u00eda a d\u00eda como para encuentros casuales, proyectando siempre una sensaci\u00f3n de frescura y sofisticaci\u00f3n natural.  &nbsp;\" \/>\n<meta property=\"og:url\" content=\"https:\/\/zaffirum.com\/es\/product\/bharara-essence-eau-de-parfum\/\" \/>\n<meta property=\"og:site_name\" content=\"Zaffirum | Parfums &amp; Luxury Watches\" \/>\n<meta property=\"article:modified_time\" content=\"2026-01-23T21:59:33+00:00\" \/>\n<meta property=\"og:image\" content=\"https:\/\/zaffirum.com\/wp-content\/uploads\/2025\/11\/Essence-decants-dopamina-e1738439410197-1.png\" \/>\n\t<meta property=\"og:image:width\" content=\"446\" \/>\n\t<meta property=\"og:image:height\" content=\"459\" \/>\n\t<meta property=\"og:image:type\" content=\"image\/png\" \/>\n<meta name=\"twitter:card\" content=\"summary_large_image\" \/>\n<meta name=\"twitter:label1\" content=\"Tiempo de lectura\" \/>\n\t<meta name=\"twitter:data1\" content=\"1 minuto\" \/>\n<script type=\"application\/ld+json\" class=\"yoast-schema-graph\">{\"@context\":\"https:\/\/schema.org\",\"@graph\":[{\"@type\":\"WebPage\",\"@id\":\"https:\/\/zaffirum.com\/product\/bharara-essence-eau-de-parfum\/\",\"url\":\"https:\/\/zaffirum.com\/product\/bharara-essence-eau-de-parfum\/\",\"name\":\"Bharara Essence - Eau de Parfum - Zaffirum | Parfums &amp; Luxury Watches\",\"isPartOf\":{\"@id\":\"https:\/\/zaffirum.com\/#website\"},\"primaryImageOfPage\":{\"@id\":\"https:\/\/zaffirum.com\/product\/bharara-essence-eau-de-parfum\/#primaryimage\"},\"image\":{\"@id\":\"https:\/\/zaffirum.com\/product\/bharara-essence-eau-de-parfum\/#primaryimage\"},\"thumbnailUrl\":\"https:\/\/zaffirum.com\/wp-content\/uploads\/2025\/11\/Essence-decants-dopamina-e1738439410197-1.png\",\"datePublished\":\"2025-11-11T02:18:51+00:00\",\"dateModified\":\"2026-01-23T21:59:33+00:00\",\"breadcrumb\":{\"@id\":\"https:\/\/zaffirum.com\/product\/bharara-essence-eau-de-parfum\/#breadcrumb\"},\"inLanguage\":\"es\",\"potentialAction\":[{\"@type\":\"ReadAction\",\"target\":[\"https:\/\/zaffirum.com\/product\/bharara-essence-eau-de-parfum\/\"]}]},{\"@type\":\"ImageObject\",\"inLanguage\":\"es\",\"@id\":\"https:\/\/zaffirum.com\/product\/bharara-essence-eau-de-parfum\/#primaryimage\",\"url\":\"https:\/\/zaffirum.com\/wp-content\/uploads\/2025\/11\/Essence-decants-dopamina-e1738439410197-1.png\",\"contentUrl\":\"https:\/\/zaffirum.com\/wp-content\/uploads\/2025\/11\/Essence-decants-dopamina-e1738439410197-1.png\",\"width\":446,\"height\":459},{\"@type\":\"BreadcrumbList\",\"@id\":\"https:\/\/zaffirum.com\/product\/bharara-essence-eau-de-parfum\/#breadcrumb\",\"itemListElement\":[{\"@type\":\"ListItem\",\"position\":1,\"name\":\"Portada\",\"item\":\"https:\/\/zaffirum.com\/\"},{\"@type\":\"ListItem\",\"position\":2,\"name\":\"Tienda\",\"item\":\"https:\/\/zaffirum.com\/tienda\/\"},{\"@type\":\"ListItem\",\"position\":3,\"name\":\"Bharara Essence &#8211; Eau de Parfum\"}]},{\"@type\":\"WebSite\",\"@id\":\"https:\/\/zaffirum.com\/#website\",\"url\":\"https:\/\/zaffirum.com\/\",\"name\":\"Zaffirum | Parfums &amp; Luxury Watches\",\"description\":\"\",\"publisher\":{\"@id\":\"https:\/\/zaffirum.com\/#organization\"},\"potentialAction\":[{\"@type\":\"SearchAction\",\"target\":{\"@type\":\"EntryPoint\",\"urlTemplate\":\"https:\/\/zaffirum.com\/?s={search_term_string}\"},\"query-input\":{\"@type\":\"PropertyValueSpecification\",\"valueRequired\":true,\"valueName\":\"search_term_string\"}}],\"inLanguage\":\"es\"},{\"@type\":\"Organization\",\"@id\":\"https:\/\/zaffirum.com\/#organization\",\"name\":\"Zaffirum | Parfums &amp; Luxury Watches\",\"url\":\"https:\/\/zaffirum.com\/\",\"logo\":{\"@type\":\"ImageObject\",\"inLanguage\":\"es\",\"@id\":\"https:\/\/zaffirum.com\/#\/schema\/logo\/image\/\",\"url\":\"https:\/\/zaffirum.com\/wp-content\/uploads\/2021\/02\/LOGO-WEB-02.png\",\"contentUrl\":\"https:\/\/zaffirum.com\/wp-content\/uploads\/2021\/02\/LOGO-WEB-02.png\",\"width\":328,\"height\":182,\"caption\":\"Zaffirum |  Parfums &amp; Luxury Watches\"},\"image\":{\"@id\":\"https:\/\/zaffirum.com\/#\/schema\/logo\/image\/\"}}]}<\/script>\n<!-- \/ Yoast SEO Premium plugin. -->","yoast_head_json":{"title":"Bharara Essence - Eau de Parfum - Zaffirum | Parfums &amp; Luxury Watches","robots":{"index":"index","follow":"follow","max-snippet":"max-snippet:-1","max-image-preview":"max-image-preview:large","max-video-preview":"max-video-preview:-1"},"canonical":"https:\/\/zaffirum.com\/es\/product\/bharara-essence-eau-de-parfum\/","og_locale":"es_MX","og_type":"article","og_title":"Bharara Essence - Eau de Parfum","og_description":"Bharara Essence es una fragancia vibrante y fresca que celebra la elegancia y la vitalidad. Con su composici\u00f3n equilibrada de notas florales y c\u00edtricas, es el perfume perfecto para quienes buscan un aroma que combine suavidad y energ\u00eda. Ideal para el uso diario, ocasiones informales, reuniones al aire libre o momentos especiales bajo el sol, Bharara Essence envuelve con su frescura duradera y car\u00e1cter ligero. Su versatilidad lo convierte en el compa\u00f1ero ideal tanto para el d\u00eda a d\u00eda como para encuentros casuales, proyectando siempre una sensaci\u00f3n de frescura y sofisticaci\u00f3n natural.  &nbsp;","og_url":"https:\/\/zaffirum.com\/es\/product\/bharara-essence-eau-de-parfum\/","og_site_name":"Zaffirum | Parfums &amp; Luxury Watches","article_modified_time":"2026-01-23T21:59:33+00:00","og_image":[{"width":446,"height":459,"url":"https:\/\/zaffirum.com\/wp-content\/uploads\/2025\/11\/Essence-decants-dopamina-e1738439410197-1.png","type":"image\/png"}],"twitter_card":"summary_large_image","twitter_misc":{"Tiempo de lectura":"1 minuto"},"schema":{"@context":"https:\/\/schema.org","@graph":[{"@type":"WebPage","@id":"https:\/\/zaffirum.com\/product\/bharara-essence-eau-de-parfum\/","url":"https:\/\/zaffirum.com\/product\/bharara-essence-eau-de-parfum\/","name":"Bharara Essence - Eau de Parfum - Zaffirum | Parfums &amp; Luxury Watches","isPartOf":{"@id":"https:\/\/zaffirum.com\/#website"},"primaryImageOfPage":{"@id":"https:\/\/zaffirum.com\/product\/bharara-essence-eau-de-parfum\/#primaryimage"},"image":{"@id":"https:\/\/zaffirum.com\/product\/bharara-essence-eau-de-parfum\/#primaryimage"},"thumbnailUrl":"https:\/\/zaffirum.com\/wp-content\/uploads\/2025\/11\/Essence-decants-dopamina-e1738439410197-1.png","datePublished":"2025-11-11T02:18:51+00:00","dateModified":"2026-01-23T21:59:33+00:00","breadcrumb":{"@id":"https:\/\/zaffirum.com\/product\/bharara-essence-eau-de-parfum\/#breadcrumb"},"inLanguage":"es","potentialAction":[{"@type":"ReadAction","target":["https:\/\/zaffirum.com\/product\/bharara-essence-eau-de-parfum\/"]}]},{"@type":"ImageObject","inLanguage":"es","@id":"https:\/\/zaffirum.com\/product\/bharara-essence-eau-de-parfum\/#primaryimage","url":"https:\/\/zaffirum.com\/wp-content\/uploads\/2025\/11\/Essence-decants-dopamina-e1738439410197-1.png","contentUrl":"https:\/\/zaffirum.com\/wp-content\/uploads\/2025\/11\/Essence-decants-dopamina-e1738439410197-1.png","width":446,"height":459},{"@type":"BreadcrumbList","@id":"https:\/\/zaffirum.com\/product\/bharara-essence-eau-de-parfum\/#breadcrumb","itemListElement":[{"@type":"ListItem","position":1,"name":"Portada","item":"https:\/\/zaffirum.com\/"},{"@type":"ListItem","position":2,"name":"Tienda","item":"https:\/\/zaffirum.com\/tienda\/"},{"@type":"ListItem","position":3,"name":"Bharara Essence &#8211; Eau de Parfum"}]},{"@type":"WebSite","@id":"https:\/\/zaffirum.com\/#website","url":"https:\/\/zaffirum.com\/","name":"Zaffirum | Parfums &amp; Luxury Watches","description":"","publisher":{"@id":"https:\/\/zaffirum.com\/#organization"},"potentialAction":[{"@type":"SearchAction","target":{"@type":"EntryPoint","urlTemplate":"https:\/\/zaffirum.com\/?s={search_term_string}"},"query-input":{"@type":"PropertyValueSpecification","valueRequired":true,"valueName":"search_term_string"}}],"inLanguage":"es"},{"@type":"Organization","@id":"https:\/\/zaffirum.com\/#organization","name":"Zaffirum | Parfums &amp; Luxury Watches","url":"https:\/\/zaffirum.com\/","logo":{"@type":"ImageObject","inLanguage":"es","@id":"https:\/\/zaffirum.com\/#\/schema\/logo\/image\/","url":"https:\/\/zaffirum.com\/wp-content\/uploads\/2021\/02\/LOGO-WEB-02.png","contentUrl":"https:\/\/zaffirum.com\/wp-content\/uploads\/2021\/02\/LOGO-WEB-02.png","width":328,"height":182,"caption":"Zaffirum |  Parfums &amp; Luxury Watches"},"image":{"@id":"https:\/\/zaffirum.com\/#\/schema\/logo\/image\/"}}]}},"_links":{"self":[{"href":"https:\/\/zaffirum.com\/es\/wp-json\/wp\/v2\/product\/13842","targetHints":{"allow":["GET"]}}],"collection":[{"href":"https:\/\/zaffirum.com\/es\/wp-json\/wp\/v2\/product"}],"about":[{"href":"https:\/\/zaffirum.com\/es\/wp-json\/wp\/v2\/types\/product"}],"version-history":[{"count":1,"href":"https:\/\/zaffirum.com\/es\/wp-json\/wp\/v2\/product\/13842\/revisions"}],"predecessor-version":[{"id":13926,"href":"https:\/\/zaffirum.com\/es\/wp-json\/wp\/v2\/product\/13842\/revisions\/13926"}],"wp:featuredmedia":[{"embeddable":true,"href":"https:\/\/zaffirum.com\/es\/wp-json\/wp\/v2\/media\/13925"}],"wp:attachment":[{"href":"https:\/\/zaffirum.com\/es\/wp-json\/wp\/v2\/media?parent=13842"}],"wp:term":[{"taxonomy":"product_brand","embeddable":true,"href":"https:\/\/zaffirum.com\/es\/wp-json\/wp\/v2\/product_brand?post=13842"},{"taxonomy":"product_cat","embeddable":true,"href":"https:\/\/zaffirum.com\/es\/wp-json\/wp\/v2\/product_cat?post=13842"},{"taxonomy":"product_tag","embeddable":true,"href":"https:\/\/zaffirum.com\/es\/wp-json\/wp\/v2\/product_tag?post=13842"}],"curies":[{"name":"wp","href":"https:\/\/api.w.org\/{rel}","templated":true}]}}