{"id":13843,"date":"2025-11-11T02:18:51","date_gmt":"2025-11-11T02:18:51","guid":{"rendered":"https:\/\/zaffirum.com\/?post_type=product&#038;p=13843"},"modified":"2026-01-23T16:29:09","modified_gmt":"2026-01-23T21:29:09","slug":"bharara-onyx-eau-de-parfum-unisex","status":"publish","type":"product","link":"https:\/\/zaffirum.com\/es\/product\/bharara-onyx-eau-de-parfum-unisex\/","title":{"rendered":"Bharara Onyx Eau De Parfum"},"content":{"rendered":"<div class=\"a-section content\">\n<p><strong>NOTAS DE SALIDA:<\/strong><\/p>\n<p>AMBAR<\/p>\n<p>VAINILLA<\/p>\n<p>CITRICOS<\/p>\n<p><strong>NOTAS DE CORAZ\u00d3N:<\/strong><\/p>\n<p>NOTAS AFRUTADAS<\/p>\n<p>FLORALES<\/p>\n<p><strong>NOTAS DE FONDO:<\/strong><\/p>\n<p>NOTAS AMADERADAS<\/p>\n<p>ALMIZCLE<\/p>\n<\/div>","protected":false},"excerpt":{"rendered":"<p>&nbsp;<\/p>\n<table class=\"a-normal a-spacing-micro\">\n<tbody>\n<tr class=\"a-spacing-small po-brand\">\n<td class=\"a-span3\"><span class=\"a-size-base a-text-bold\">Marca<\/span><\/td>\n<td class=\"a-span9\"><span class=\"a-size-base po-break-word\">B Bharara<\/span><\/td>\n<\/tr>\n<tr class=\"a-spacing-small po-item_form\">\n<td class=\"a-span3\"><span class=\"a-size-base a-text-bold\">Forma del producto<\/span><\/td>\n<td class=\"a-span9\"><span class=\"a-size-base po-break-word\">L\u00edquido<\/span><\/td>\n<\/tr>\n<tr class=\"a-spacing-small po-item_volume\">\n<td class=\"a-span3\"><span class=\"a-size-base a-text-bold\">Volumen del art\u00edculo<\/span><\/td>\n<td class=\"a-span9\"><span class=\"a-size-base po-break-word\">3,4 Onzas de l\u00edquido<\/span><\/td>\n<\/tr>\n<tr class=\"a-spacing-small po-scent\">\n<td class=\"a-span3\"><span class=\"a-size-base a-text-bold\">Fragancia<\/span><\/td>\n<td class=\"a-span9\"><span class=\"a-size-base po-break-word\">\u00d3nix Bharara<\/span><\/td>\n<\/tr>\n<tr class=\"a-spacing-small po-special_feature\">\n<td class=\"a-span3\"><span class=\"a-size-base a-text-bold\">Caracter\u00edsticas especiales<\/span><\/td>\n<td class=\"a-span9\"><span class=\"a-size-base po-break-word\">Larga duraci\u00f3n<\/span><\/td>\n<\/tr>\n<\/tbody>\n<\/table>\n<ul>\n<li>\n<h4><span style=\"color: #000000;\">Clima<\/span><\/h4>\n<p><span style=\"color: #000000;\"><a style=\"color: #000000;\" href=\"https:\/\/disfragancias.com\/collections\/primavera-templado-calido\">Primavera ( Templado, c\u00e1lido),<\/a><\/span><\/p>\n<p><span style=\"color: #000000;\"><a style=\"color: #000000;\" href=\"https:\/\/disfragancias.com\/collections\/otono-templado-frio\">Oto\u00f1o (Templado, frio)<\/a><\/span><\/li>\n<li>\n<h4><span style=\"color: #000000;\">Acordes principales<\/span><\/h4>\n<p><span style=\"color: #000000;\"><a style=\"color: #000000;\" href=\"https:\/\/disfragancias.com\/collections\/ambar\">\u00c1mbar,<\/a><\/span><\/p>\n<p><span style=\"color: #000000;\"><a style=\"color: #000000;\" href=\"https:\/\/disfragancias.com\/collections\/avainillado\">Avainillado,<\/a><\/span><\/p>\n<p><span style=\"color: #000000;\"><a style=\"color: #000000;\" href=\"https:\/\/disfragancias.com\/collections\/aromatico\">Arom\u00e1tico,<\/a><\/span><\/p>\n<p><span style=\"color: #000000;\"><a style=\"color: #000000;\" href=\"https:\/\/disfragancias.com\/collections\/frutal\">Frutal,<\/a><\/span><\/li>\n<\/ul>","protected":false},"featured_media":13928,"template":"","meta":[],"product_brand":[],"product_cat":[111],"product_tag":[112,74,79,75],"class_list":{"0":"post-13843","1":"product","2":"type-product","3":"status-publish","4":"has-post-thumbnail","6":"product_cat-decants-muestras-de-perfumes","7":"product_tag-decants","8":"product_tag-hombres","9":"product_tag-mujeres","10":"product_tag-perfumes","12":"first","13":"instock","14":"taxable","15":"shipping-taxable","16":"purchasable","17":"product-type-variable"},"yoast_head":"<!-- This site is optimized with the Yoast SEO Premium plugin v26.4 (Yoast SEO v26.8) - https:\/\/yoast.com\/product\/yoast-seo-premium-wordpress\/ -->\n<title>Bharara Onyx Eau De Parfum - Zaffirum | Parfums &amp; Luxury Watches<\/title>\n<meta name=\"robots\" content=\"index, follow, max-snippet:-1, max-image-preview:large, max-video-preview:-1\" \/>\n<link rel=\"canonical\" href=\"https:\/\/zaffirum.com\/es\/product\/bharara-onyx-eau-de-parfum-unisex\/\" \/>\n<meta property=\"og:locale\" content=\"es_MX\" \/>\n<meta property=\"og:type\" content=\"article\" \/>\n<meta property=\"og:title\" content=\"Bharara Onyx Eau De Parfum\" \/>\n<meta property=\"og:description\" content=\"&nbsp;    Marca B Bharara   Forma del producto L\u00edquido   Volumen del art\u00edculo 3,4 Onzas de l\u00edquido   Fragancia \u00d3nix Bharara   Caracter\u00edsticas especiales Larga duraci\u00f3n       Clima Primavera ( Templado, c\u00e1lido),  Oto\u00f1o (Templado, frio)   Acordes principales \u00c1mbar,  Avainillado,  Arom\u00e1tico,  Frutal,\" \/>\n<meta property=\"og:url\" content=\"https:\/\/zaffirum.com\/es\/product\/bharara-onyx-eau-de-parfum-unisex\/\" \/>\n<meta property=\"og:site_name\" content=\"Zaffirum | Parfums &amp; Luxury Watches\" \/>\n<meta property=\"article:modified_time\" content=\"2026-01-23T21:29:09+00:00\" \/>\n<meta property=\"og:image\" content=\"https:\/\/zaffirum.com\/wp-content\/uploads\/2025\/11\/onyx-decants.webp\" \/>\n\t<meta property=\"og:image:width\" content=\"828\" \/>\n\t<meta property=\"og:image:height\" content=\"800\" \/>\n\t<meta property=\"og:image:type\" content=\"image\/webp\" \/>\n<meta name=\"twitter:card\" content=\"summary_large_image\" \/>\n<meta name=\"twitter:label1\" content=\"Tiempo de lectura\" \/>\n\t<meta name=\"twitter:data1\" content=\"1 minuto\" \/>\n<script type=\"application\/ld+json\" class=\"yoast-schema-graph\">{\"@context\":\"https:\/\/schema.org\",\"@graph\":[{\"@type\":\"WebPage\",\"@id\":\"https:\/\/zaffirum.com\/product\/bharara-onyx-eau-de-parfum-unisex\/\",\"url\":\"https:\/\/zaffirum.com\/product\/bharara-onyx-eau-de-parfum-unisex\/\",\"name\":\"Bharara Onyx Eau De Parfum - Zaffirum | Parfums &amp; Luxury Watches\",\"isPartOf\":{\"@id\":\"https:\/\/zaffirum.com\/#website\"},\"primaryImageOfPage\":{\"@id\":\"https:\/\/zaffirum.com\/product\/bharara-onyx-eau-de-parfum-unisex\/#primaryimage\"},\"image\":{\"@id\":\"https:\/\/zaffirum.com\/product\/bharara-onyx-eau-de-parfum-unisex\/#primaryimage\"},\"thumbnailUrl\":\"https:\/\/zaffirum.com\/wp-content\/uploads\/2025\/11\/onyx-decants.webp\",\"datePublished\":\"2025-11-11T02:18:51+00:00\",\"dateModified\":\"2026-01-23T21:29:09+00:00\",\"breadcrumb\":{\"@id\":\"https:\/\/zaffirum.com\/product\/bharara-onyx-eau-de-parfum-unisex\/#breadcrumb\"},\"inLanguage\":\"es\",\"potentialAction\":[{\"@type\":\"ReadAction\",\"target\":[\"https:\/\/zaffirum.com\/product\/bharara-onyx-eau-de-parfum-unisex\/\"]}]},{\"@type\":\"ImageObject\",\"inLanguage\":\"es\",\"@id\":\"https:\/\/zaffirum.com\/product\/bharara-onyx-eau-de-parfum-unisex\/#primaryimage\",\"url\":\"https:\/\/zaffirum.com\/wp-content\/uploads\/2025\/11\/onyx-decants.webp\",\"contentUrl\":\"https:\/\/zaffirum.com\/wp-content\/uploads\/2025\/11\/onyx-decants.webp\",\"width\":828,\"height\":800},{\"@type\":\"BreadcrumbList\",\"@id\":\"https:\/\/zaffirum.com\/product\/bharara-onyx-eau-de-parfum-unisex\/#breadcrumb\",\"itemListElement\":[{\"@type\":\"ListItem\",\"position\":1,\"name\":\"Portada\",\"item\":\"https:\/\/zaffirum.com\/\"},{\"@type\":\"ListItem\",\"position\":2,\"name\":\"Tienda\",\"item\":\"https:\/\/zaffirum.com\/tienda\/\"},{\"@type\":\"ListItem\",\"position\":3,\"name\":\"Bharara Onyx Eau De Parfum\"}]},{\"@type\":\"WebSite\",\"@id\":\"https:\/\/zaffirum.com\/#website\",\"url\":\"https:\/\/zaffirum.com\/\",\"name\":\"Zaffirum | Parfums &amp; Luxury Watches\",\"description\":\"\",\"publisher\":{\"@id\":\"https:\/\/zaffirum.com\/#organization\"},\"potentialAction\":[{\"@type\":\"SearchAction\",\"target\":{\"@type\":\"EntryPoint\",\"urlTemplate\":\"https:\/\/zaffirum.com\/?s={search_term_string}\"},\"query-input\":{\"@type\":\"PropertyValueSpecification\",\"valueRequired\":true,\"valueName\":\"search_term_string\"}}],\"inLanguage\":\"es\"},{\"@type\":\"Organization\",\"@id\":\"https:\/\/zaffirum.com\/#organization\",\"name\":\"Zaffirum | Parfums &amp; Luxury Watches\",\"url\":\"https:\/\/zaffirum.com\/\",\"logo\":{\"@type\":\"ImageObject\",\"inLanguage\":\"es\",\"@id\":\"https:\/\/zaffirum.com\/#\/schema\/logo\/image\/\",\"url\":\"https:\/\/zaffirum.com\/wp-content\/uploads\/2021\/02\/LOGO-WEB-02.png\",\"contentUrl\":\"https:\/\/zaffirum.com\/wp-content\/uploads\/2021\/02\/LOGO-WEB-02.png\",\"width\":328,\"height\":182,\"caption\":\"Zaffirum |  Parfums &amp; Luxury Watches\"},\"image\":{\"@id\":\"https:\/\/zaffirum.com\/#\/schema\/logo\/image\/\"}}]}<\/script>\n<!-- \/ Yoast SEO Premium plugin. -->","yoast_head_json":{"title":"Bharara Onyx Eau De Parfum - Zaffirum | Parfums &amp; Luxury Watches","robots":{"index":"index","follow":"follow","max-snippet":"max-snippet:-1","max-image-preview":"max-image-preview:large","max-video-preview":"max-video-preview:-1"},"canonical":"https:\/\/zaffirum.com\/es\/product\/bharara-onyx-eau-de-parfum-unisex\/","og_locale":"es_MX","og_type":"article","og_title":"Bharara Onyx Eau De Parfum","og_description":"&nbsp;    Marca B Bharara   Forma del producto L\u00edquido   Volumen del art\u00edculo 3,4 Onzas de l\u00edquido   Fragancia \u00d3nix Bharara   Caracter\u00edsticas especiales Larga duraci\u00f3n       Clima Primavera ( Templado, c\u00e1lido),  Oto\u00f1o (Templado, frio)   Acordes principales \u00c1mbar,  Avainillado,  Arom\u00e1tico,  Frutal,","og_url":"https:\/\/zaffirum.com\/es\/product\/bharara-onyx-eau-de-parfum-unisex\/","og_site_name":"Zaffirum | Parfums &amp; Luxury Watches","article_modified_time":"2026-01-23T21:29:09+00:00","og_image":[{"width":828,"height":800,"url":"https:\/\/zaffirum.com\/wp-content\/uploads\/2025\/11\/onyx-decants.webp","type":"image\/webp"}],"twitter_card":"summary_large_image","twitter_misc":{"Tiempo de lectura":"1 minuto"},"schema":{"@context":"https:\/\/schema.org","@graph":[{"@type":"WebPage","@id":"https:\/\/zaffirum.com\/product\/bharara-onyx-eau-de-parfum-unisex\/","url":"https:\/\/zaffirum.com\/product\/bharara-onyx-eau-de-parfum-unisex\/","name":"Bharara Onyx Eau De Parfum - Zaffirum | Parfums &amp; Luxury Watches","isPartOf":{"@id":"https:\/\/zaffirum.com\/#website"},"primaryImageOfPage":{"@id":"https:\/\/zaffirum.com\/product\/bharara-onyx-eau-de-parfum-unisex\/#primaryimage"},"image":{"@id":"https:\/\/zaffirum.com\/product\/bharara-onyx-eau-de-parfum-unisex\/#primaryimage"},"thumbnailUrl":"https:\/\/zaffirum.com\/wp-content\/uploads\/2025\/11\/onyx-decants.webp","datePublished":"2025-11-11T02:18:51+00:00","dateModified":"2026-01-23T21:29:09+00:00","breadcrumb":{"@id":"https:\/\/zaffirum.com\/product\/bharara-onyx-eau-de-parfum-unisex\/#breadcrumb"},"inLanguage":"es","potentialAction":[{"@type":"ReadAction","target":["https:\/\/zaffirum.com\/product\/bharara-onyx-eau-de-parfum-unisex\/"]}]},{"@type":"ImageObject","inLanguage":"es","@id":"https:\/\/zaffirum.com\/product\/bharara-onyx-eau-de-parfum-unisex\/#primaryimage","url":"https:\/\/zaffirum.com\/wp-content\/uploads\/2025\/11\/onyx-decants.webp","contentUrl":"https:\/\/zaffirum.com\/wp-content\/uploads\/2025\/11\/onyx-decants.webp","width":828,"height":800},{"@type":"BreadcrumbList","@id":"https:\/\/zaffirum.com\/product\/bharara-onyx-eau-de-parfum-unisex\/#breadcrumb","itemListElement":[{"@type":"ListItem","position":1,"name":"Portada","item":"https:\/\/zaffirum.com\/"},{"@type":"ListItem","position":2,"name":"Tienda","item":"https:\/\/zaffirum.com\/tienda\/"},{"@type":"ListItem","position":3,"name":"Bharara Onyx Eau De Parfum"}]},{"@type":"WebSite","@id":"https:\/\/zaffirum.com\/#website","url":"https:\/\/zaffirum.com\/","name":"Zaffirum | Parfums &amp; Luxury Watches","description":"","publisher":{"@id":"https:\/\/zaffirum.com\/#organization"},"potentialAction":[{"@type":"SearchAction","target":{"@type":"EntryPoint","urlTemplate":"https:\/\/zaffirum.com\/?s={search_term_string}"},"query-input":{"@type":"PropertyValueSpecification","valueRequired":true,"valueName":"search_term_string"}}],"inLanguage":"es"},{"@type":"Organization","@id":"https:\/\/zaffirum.com\/#organization","name":"Zaffirum | Parfums &amp; Luxury Watches","url":"https:\/\/zaffirum.com\/","logo":{"@type":"ImageObject","inLanguage":"es","@id":"https:\/\/zaffirum.com\/#\/schema\/logo\/image\/","url":"https:\/\/zaffirum.com\/wp-content\/uploads\/2021\/02\/LOGO-WEB-02.png","contentUrl":"https:\/\/zaffirum.com\/wp-content\/uploads\/2021\/02\/LOGO-WEB-02.png","width":328,"height":182,"caption":"Zaffirum |  Parfums &amp; Luxury Watches"},"image":{"@id":"https:\/\/zaffirum.com\/#\/schema\/logo\/image\/"}}]}},"_links":{"self":[{"href":"https:\/\/zaffirum.com\/es\/wp-json\/wp\/v2\/product\/13843","targetHints":{"allow":["GET"]}}],"collection":[{"href":"https:\/\/zaffirum.com\/es\/wp-json\/wp\/v2\/product"}],"about":[{"href":"https:\/\/zaffirum.com\/es\/wp-json\/wp\/v2\/types\/product"}],"version-history":[{"count":2,"href":"https:\/\/zaffirum.com\/es\/wp-json\/wp\/v2\/product\/13843\/revisions"}],"predecessor-version":[{"id":15146,"href":"https:\/\/zaffirum.com\/es\/wp-json\/wp\/v2\/product\/13843\/revisions\/15146"}],"wp:featuredmedia":[{"embeddable":true,"href":"https:\/\/zaffirum.com\/es\/wp-json\/wp\/v2\/media\/13928"}],"wp:attachment":[{"href":"https:\/\/zaffirum.com\/es\/wp-json\/wp\/v2\/media?parent=13843"}],"wp:term":[{"taxonomy":"product_brand","embeddable":true,"href":"https:\/\/zaffirum.com\/es\/wp-json\/wp\/v2\/product_brand?post=13843"},{"taxonomy":"product_cat","embeddable":true,"href":"https:\/\/zaffirum.com\/es\/wp-json\/wp\/v2\/product_cat?post=13843"},{"taxonomy":"product_tag","embeddable":true,"href":"https:\/\/zaffirum.com\/es\/wp-json\/wp\/v2\/product_tag?post=13843"}],"curies":[{"name":"wp","href":"https:\/\/api.w.org\/{rel}","templated":true}]}}