{"id":13878,"date":"2025-11-11T02:19:12","date_gmt":"2025-11-11T02:19:12","guid":{"rendered":"https:\/\/zaffirum.com\/?post_type=product&#038;p=13878"},"modified":"2026-01-23T15:29:59","modified_gmt":"2026-01-23T20:29:59","slug":"bharara-pharoah-ramses-i-parfum","status":"publish","type":"product","link":"https:\/\/zaffirum.com\/es\/product\/bharara-pharoah-ramses-i-parfum\/","title":{"rendered":"Bharara Pharoah Rams\u00e9s I (Parfum)"},"content":{"rendered":"<div class=\"a-section content\"><\/div>\n<div class=\"a-section content\">\n<p><strong>NOTAS DE SALIDA:<\/strong><\/p>\n<p>Ron<\/p>\n<p>Ralladura de Pimienta Negra<\/p>\n<p>Pimienta Rosa<\/p>\n<p>Cardamomo<\/p>\n<p>Bergamota<\/p>\n<p><strong>NOTAS DE CORAZ\u00d3N:<\/strong><\/p>\n<p>Pachul\u00ed<\/p>\n<p>Tabaco Ahumado<\/p>\n<p>Haba Tonka<\/p>\n<p>Ambar<\/p>\n<p>Cipriol<\/p>\n<p><strong>NOTAS DE FONDO:<\/strong><\/p>\n<p>Caramelo<\/p>\n<p>Vainilla<\/p>\n<p>S\u00e1ndalo<\/p>\n<p>Madera de Cedro<\/p>\n<p>Musgo<\/p>\n<\/div>","protected":false},"excerpt":{"rendered":"<table class=\"a-normal a-spacing-micro\">\n<tbody>\n<tr class=\"a-spacing-small po-brand\">\n<td class=\"a-span3\"><span class=\"a-size-base a-text-bold\">Marca<\/span><\/td>\n<td class=\"a-span9\"><span class=\"a-size-base po-break-word\">Bharara<\/span><\/td>\n<\/tr>\n<tr class=\"a-spacing-small po-item_form\">\n<td class=\"a-span3\"><span class=\"a-size-base a-text-bold\">Forma del producto<\/span><\/td>\n<td class=\"a-span9\"><span class=\"a-size-base po-break-word\">Perfume<\/span><\/td>\n<\/tr>\n<tr class=\"a-spacing-small po-item_volume\">\n<td class=\"a-span3\"><span class=\"a-size-base a-text-bold\">Volumen del art\u00edculo<\/span><\/td>\n<td class=\"a-span9\"><span class=\"a-size-base po-break-word\">3,4 Onzas de l\u00edquido<\/span><\/td>\n<\/tr>\n<tr class=\"a-spacing-small po-scent\">\n<td class=\"a-span3\"><span class=\"a-size-base a-text-bold\">Fragancia<\/span><\/td>\n<td class=\"a-span9\"><span class=\"a-size-base po-break-word\">Fara\u00f3n Rams\u00e9s I<\/span><\/td>\n<\/tr>\n<tr class=\"a-spacing-small po-special_feature\">\n<td class=\"a-span3\"><span class=\"a-size-base a-text-bold\">Caracter\u00edsticas especiales<\/span><\/td>\n<td class=\"a-span9\"><span class=\"a-size-base po-break-word\">Larga duraci\u00f3n<\/span><\/td>\n<\/tr>\n<\/tbody>\n<\/table>","protected":false},"featured_media":13977,"template":"","meta":[],"product_brand":[],"product_cat":[111],"product_tag":[85,112,74,79,75],"class_list":{"0":"post-13878","1":"product","2":"type-product","3":"status-publish","4":"has-post-thumbnail","6":"product_cat-decants-muestras-de-perfumes","7":"product_tag-bharara","8":"product_tag-decants","9":"product_tag-hombres","10":"product_tag-mujeres","11":"product_tag-perfumes","13":"first","14":"instock","15":"taxable","16":"shipping-taxable","17":"purchasable","18":"product-type-variable"},"yoast_head":"<!-- This site is optimized with the Yoast SEO Premium plugin v26.4 (Yoast SEO v26.8) - https:\/\/yoast.com\/product\/yoast-seo-premium-wordpress\/ -->\n<title>Bharara Pharoah Rams\u00e9s I (Parfum) - Zaffirum | Parfums &amp; Luxury Watches<\/title>\n<meta name=\"robots\" content=\"index, follow, max-snippet:-1, max-image-preview:large, max-video-preview:-1\" \/>\n<link rel=\"canonical\" href=\"https:\/\/zaffirum.com\/es\/product\/bharara-pharoah-ramses-i-parfum\/\" \/>\n<meta property=\"og:locale\" content=\"es_MX\" \/>\n<meta property=\"og:type\" content=\"article\" \/>\n<meta property=\"og:title\" content=\"Bharara Pharoah Rams\u00e9s I (Parfum)\" \/>\n<meta property=\"og:description\" content=\"Marca Bharara   Forma del producto Perfume   Volumen del art\u00edculo 3,4 Onzas de l\u00edquido   Fragancia Fara\u00f3n Rams\u00e9s I   Caracter\u00edsticas especiales Larga duraci\u00f3n\" \/>\n<meta property=\"og:url\" content=\"https:\/\/zaffirum.com\/es\/product\/bharara-pharoah-ramses-i-parfum\/\" \/>\n<meta property=\"og:site_name\" content=\"Zaffirum | Parfums &amp; Luxury Watches\" \/>\n<meta property=\"article:modified_time\" content=\"2026-01-23T20:29:59+00:00\" \/>\n<meta property=\"og:image\" content=\"https:\/\/zaffirum.com\/wp-content\/uploads\/2025\/11\/bharara-Pharaoh-Ramses-1-decants.png\" \/>\n\t<meta property=\"og:image:width\" content=\"500\" \/>\n\t<meta property=\"og:image:height\" content=\"500\" \/>\n\t<meta property=\"og:image:type\" content=\"image\/png\" \/>\n<meta name=\"twitter:card\" content=\"summary_large_image\" \/>\n<meta name=\"twitter:label1\" content=\"Tiempo de lectura\" \/>\n\t<meta name=\"twitter:data1\" content=\"1 minuto\" \/>\n<script type=\"application\/ld+json\" class=\"yoast-schema-graph\">{\"@context\":\"https:\/\/schema.org\",\"@graph\":[{\"@type\":\"WebPage\",\"@id\":\"https:\/\/zaffirum.com\/product\/bharara-pharoah-ramses-i-parfum\/\",\"url\":\"https:\/\/zaffirum.com\/product\/bharara-pharoah-ramses-i-parfum\/\",\"name\":\"Bharara Pharoah Rams\u00e9s I (Parfum) - Zaffirum | Parfums &amp; Luxury Watches\",\"isPartOf\":{\"@id\":\"https:\/\/zaffirum.com\/#website\"},\"primaryImageOfPage\":{\"@id\":\"https:\/\/zaffirum.com\/product\/bharara-pharoah-ramses-i-parfum\/#primaryimage\"},\"image\":{\"@id\":\"https:\/\/zaffirum.com\/product\/bharara-pharoah-ramses-i-parfum\/#primaryimage\"},\"thumbnailUrl\":\"https:\/\/zaffirum.com\/wp-content\/uploads\/2025\/11\/bharara-Pharaoh-Ramses-1-decants.png\",\"datePublished\":\"2025-11-11T02:19:12+00:00\",\"dateModified\":\"2026-01-23T20:29:59+00:00\",\"breadcrumb\":{\"@id\":\"https:\/\/zaffirum.com\/product\/bharara-pharoah-ramses-i-parfum\/#breadcrumb\"},\"inLanguage\":\"es\",\"potentialAction\":[{\"@type\":\"ReadAction\",\"target\":[\"https:\/\/zaffirum.com\/product\/bharara-pharoah-ramses-i-parfum\/\"]}]},{\"@type\":\"ImageObject\",\"inLanguage\":\"es\",\"@id\":\"https:\/\/zaffirum.com\/product\/bharara-pharoah-ramses-i-parfum\/#primaryimage\",\"url\":\"https:\/\/zaffirum.com\/wp-content\/uploads\/2025\/11\/bharara-Pharaoh-Ramses-1-decants.png\",\"contentUrl\":\"https:\/\/zaffirum.com\/wp-content\/uploads\/2025\/11\/bharara-Pharaoh-Ramses-1-decants.png\",\"width\":500,\"height\":500},{\"@type\":\"BreadcrumbList\",\"@id\":\"https:\/\/zaffirum.com\/product\/bharara-pharoah-ramses-i-parfum\/#breadcrumb\",\"itemListElement\":[{\"@type\":\"ListItem\",\"position\":1,\"name\":\"Portada\",\"item\":\"https:\/\/zaffirum.com\/\"},{\"@type\":\"ListItem\",\"position\":2,\"name\":\"Tienda\",\"item\":\"https:\/\/zaffirum.com\/tienda\/\"},{\"@type\":\"ListItem\",\"position\":3,\"name\":\"Bharara Pharoah Rams\u00e9s I (Parfum)\"}]},{\"@type\":\"WebSite\",\"@id\":\"https:\/\/zaffirum.com\/#website\",\"url\":\"https:\/\/zaffirum.com\/\",\"name\":\"Zaffirum | Parfums &amp; Luxury Watches\",\"description\":\"\",\"publisher\":{\"@id\":\"https:\/\/zaffirum.com\/#organization\"},\"potentialAction\":[{\"@type\":\"SearchAction\",\"target\":{\"@type\":\"EntryPoint\",\"urlTemplate\":\"https:\/\/zaffirum.com\/?s={search_term_string}\"},\"query-input\":{\"@type\":\"PropertyValueSpecification\",\"valueRequired\":true,\"valueName\":\"search_term_string\"}}],\"inLanguage\":\"es\"},{\"@type\":\"Organization\",\"@id\":\"https:\/\/zaffirum.com\/#organization\",\"name\":\"Zaffirum | Parfums &amp; Luxury Watches\",\"url\":\"https:\/\/zaffirum.com\/\",\"logo\":{\"@type\":\"ImageObject\",\"inLanguage\":\"es\",\"@id\":\"https:\/\/zaffirum.com\/#\/schema\/logo\/image\/\",\"url\":\"https:\/\/zaffirum.com\/wp-content\/uploads\/2021\/02\/LOGO-WEB-02.png\",\"contentUrl\":\"https:\/\/zaffirum.com\/wp-content\/uploads\/2021\/02\/LOGO-WEB-02.png\",\"width\":328,\"height\":182,\"caption\":\"Zaffirum |  Parfums &amp; Luxury Watches\"},\"image\":{\"@id\":\"https:\/\/zaffirum.com\/#\/schema\/logo\/image\/\"}}]}<\/script>\n<!-- \/ Yoast SEO Premium plugin. -->","yoast_head_json":{"title":"Bharara Pharoah Rams\u00e9s I (Parfum) - Zaffirum | Parfums &amp; Luxury Watches","robots":{"index":"index","follow":"follow","max-snippet":"max-snippet:-1","max-image-preview":"max-image-preview:large","max-video-preview":"max-video-preview:-1"},"canonical":"https:\/\/zaffirum.com\/es\/product\/bharara-pharoah-ramses-i-parfum\/","og_locale":"es_MX","og_type":"article","og_title":"Bharara Pharoah Rams\u00e9s I (Parfum)","og_description":"Marca Bharara   Forma del producto Perfume   Volumen del art\u00edculo 3,4 Onzas de l\u00edquido   Fragancia Fara\u00f3n Rams\u00e9s I   Caracter\u00edsticas especiales Larga duraci\u00f3n","og_url":"https:\/\/zaffirum.com\/es\/product\/bharara-pharoah-ramses-i-parfum\/","og_site_name":"Zaffirum | Parfums &amp; Luxury Watches","article_modified_time":"2026-01-23T20:29:59+00:00","og_image":[{"width":500,"height":500,"url":"https:\/\/zaffirum.com\/wp-content\/uploads\/2025\/11\/bharara-Pharaoh-Ramses-1-decants.png","type":"image\/png"}],"twitter_card":"summary_large_image","twitter_misc":{"Tiempo de lectura":"1 minuto"},"schema":{"@context":"https:\/\/schema.org","@graph":[{"@type":"WebPage","@id":"https:\/\/zaffirum.com\/product\/bharara-pharoah-ramses-i-parfum\/","url":"https:\/\/zaffirum.com\/product\/bharara-pharoah-ramses-i-parfum\/","name":"Bharara Pharoah Rams\u00e9s I (Parfum) - Zaffirum | Parfums &amp; Luxury Watches","isPartOf":{"@id":"https:\/\/zaffirum.com\/#website"},"primaryImageOfPage":{"@id":"https:\/\/zaffirum.com\/product\/bharara-pharoah-ramses-i-parfum\/#primaryimage"},"image":{"@id":"https:\/\/zaffirum.com\/product\/bharara-pharoah-ramses-i-parfum\/#primaryimage"},"thumbnailUrl":"https:\/\/zaffirum.com\/wp-content\/uploads\/2025\/11\/bharara-Pharaoh-Ramses-1-decants.png","datePublished":"2025-11-11T02:19:12+00:00","dateModified":"2026-01-23T20:29:59+00:00","breadcrumb":{"@id":"https:\/\/zaffirum.com\/product\/bharara-pharoah-ramses-i-parfum\/#breadcrumb"},"inLanguage":"es","potentialAction":[{"@type":"ReadAction","target":["https:\/\/zaffirum.com\/product\/bharara-pharoah-ramses-i-parfum\/"]}]},{"@type":"ImageObject","inLanguage":"es","@id":"https:\/\/zaffirum.com\/product\/bharara-pharoah-ramses-i-parfum\/#primaryimage","url":"https:\/\/zaffirum.com\/wp-content\/uploads\/2025\/11\/bharara-Pharaoh-Ramses-1-decants.png","contentUrl":"https:\/\/zaffirum.com\/wp-content\/uploads\/2025\/11\/bharara-Pharaoh-Ramses-1-decants.png","width":500,"height":500},{"@type":"BreadcrumbList","@id":"https:\/\/zaffirum.com\/product\/bharara-pharoah-ramses-i-parfum\/#breadcrumb","itemListElement":[{"@type":"ListItem","position":1,"name":"Portada","item":"https:\/\/zaffirum.com\/"},{"@type":"ListItem","position":2,"name":"Tienda","item":"https:\/\/zaffirum.com\/tienda\/"},{"@type":"ListItem","position":3,"name":"Bharara Pharoah Rams\u00e9s I (Parfum)"}]},{"@type":"WebSite","@id":"https:\/\/zaffirum.com\/#website","url":"https:\/\/zaffirum.com\/","name":"Zaffirum | Parfums &amp; Luxury Watches","description":"","publisher":{"@id":"https:\/\/zaffirum.com\/#organization"},"potentialAction":[{"@type":"SearchAction","target":{"@type":"EntryPoint","urlTemplate":"https:\/\/zaffirum.com\/?s={search_term_string}"},"query-input":{"@type":"PropertyValueSpecification","valueRequired":true,"valueName":"search_term_string"}}],"inLanguage":"es"},{"@type":"Organization","@id":"https:\/\/zaffirum.com\/#organization","name":"Zaffirum | Parfums &amp; Luxury Watches","url":"https:\/\/zaffirum.com\/","logo":{"@type":"ImageObject","inLanguage":"es","@id":"https:\/\/zaffirum.com\/#\/schema\/logo\/image\/","url":"https:\/\/zaffirum.com\/wp-content\/uploads\/2021\/02\/LOGO-WEB-02.png","contentUrl":"https:\/\/zaffirum.com\/wp-content\/uploads\/2021\/02\/LOGO-WEB-02.png","width":328,"height":182,"caption":"Zaffirum |  Parfums &amp; Luxury Watches"},"image":{"@id":"https:\/\/zaffirum.com\/#\/schema\/logo\/image\/"}}]}},"_links":{"self":[{"href":"https:\/\/zaffirum.com\/es\/wp-json\/wp\/v2\/product\/13878","targetHints":{"allow":["GET"]}}],"collection":[{"href":"https:\/\/zaffirum.com\/es\/wp-json\/wp\/v2\/product"}],"about":[{"href":"https:\/\/zaffirum.com\/es\/wp-json\/wp\/v2\/types\/product"}],"version-history":[{"count":1,"href":"https:\/\/zaffirum.com\/es\/wp-json\/wp\/v2\/product\/13878\/revisions"}],"predecessor-version":[{"id":13978,"href":"https:\/\/zaffirum.com\/es\/wp-json\/wp\/v2\/product\/13878\/revisions\/13978"}],"wp:featuredmedia":[{"embeddable":true,"href":"https:\/\/zaffirum.com\/es\/wp-json\/wp\/v2\/media\/13977"}],"wp:attachment":[{"href":"https:\/\/zaffirum.com\/es\/wp-json\/wp\/v2\/media?parent=13878"}],"wp:term":[{"taxonomy":"product_brand","embeddable":true,"href":"https:\/\/zaffirum.com\/es\/wp-json\/wp\/v2\/product_brand?post=13878"},{"taxonomy":"product_cat","embeddable":true,"href":"https:\/\/zaffirum.com\/es\/wp-json\/wp\/v2\/product_cat?post=13878"},{"taxonomy":"product_tag","embeddable":true,"href":"https:\/\/zaffirum.com\/es\/wp-json\/wp\/v2\/product_tag?post=13878"}],"curies":[{"name":"wp","href":"https:\/\/api.w.org\/{rel}","templated":true}]}}