{"id":13911,"date":"2025-11-11T02:19:33","date_gmt":"2025-11-11T02:19:33","guid":{"rendered":"https:\/\/zaffirum.com\/?post_type=product&#038;p=13911"},"modified":"2026-01-23T15:36:58","modified_gmt":"2026-01-23T20:36:58","slug":"roll-it-7-de-jo-milano-paris","status":"publish","type":"product","link":"https:\/\/zaffirum.com\/es\/product\/roll-it-7-de-jo-milano-paris\/","title":{"rendered":"JO-MILANO PAR\u00cdS &#8211; ROLL-IT #7"},"content":{"rendered":"<div class=\"a-section content\"><\/div>\n<div class=\"a-section content\">\n<p><strong data-start=\"198\" data-end=\"217\">Notas de salida<\/strong>:<\/p>\n<p>Bergamota<\/p>\n<p>Mandarina<\/p>\n<p>Naranja siciliana, aportando un estallido c\u00edtrico y brillante.<\/p>\n<p><strong data-start=\"309\" data-end=\"329\">Notas de coraz\u00f3n<\/strong>:<\/p>\n<p>Acordes acu\u00e1ticos frescos, evocando la brisa marina y la costa soleada.<\/p>\n<p><strong>Notas de fondo<\/strong>:<\/p>\n<p>Almizcle<\/p>\n<\/div>","protected":false},"excerpt":{"rendered":"<table class=\"a-normal a-spacing-micro\" role=\"list\">\n<tbody>\n<tr class=\"a-spacing-small po-brand\" role=\"listitem\">\n<td class=\"a-span3\" role=\"presentation\"><span class=\"a-size-base a-text-bold\">Marca<\/span><\/td>\n<td class=\"a-span9\" role=\"presentation\"><span class=\"a-size-base po-break-word\">Jo Milano<\/span><\/td>\n<\/tr>\n<tr class=\"a-spacing-small po-item_form\" role=\"listitem\">\n<td class=\"a-span3\" role=\"presentation\"><span class=\"a-size-base a-text-bold\">Forma del producto<\/span><\/td>\n<td class=\"a-span9\" role=\"presentation\"><span class=\"a-size-base po-break-word\">L\u00edquido<\/span><\/td>\n<\/tr>\n<tr class=\"a-spacing-small po-item_volume\" role=\"listitem\">\n<td class=\"a-span3\" role=\"presentation\"><span class=\"a-size-base a-text-bold\">Volumen del art\u00edculo<\/span><\/td>\n<td class=\"a-span9\" role=\"presentation\"><span class=\"a-size-base po-break-word\">3,4 Onzas de l\u00edquido<\/span><\/td>\n<\/tr>\n<tr class=\"a-spacing-small po-scent\" role=\"listitem\">\n<td class=\"a-span3\" role=\"presentation\"><span class=\"a-size-base a-text-bold\">Fragancia<\/span><\/td>\n<td class=\"a-span9\" role=\"presentation\"><span class=\"a-size-base po-break-word\">C\u00edtricos, verdes, arom\u00e1ticos, ex\u00f3ticos, jengibre picante y mango tropical<\/span><\/td>\n<\/tr>\n<\/tbody>\n<\/table>\n<div id=\"productDescription\" class=\"a-section a-spacing-small\">\n<p><strong>Roll it 7<\/strong> de Jo Milano Paris es una fragancia vibrante, fresca y estimulante inspirada en la alegr\u00eda del verano mediterr\u00e1neo. A continuaci\u00f3n, se presentan algunas notas y caracter\u00edsticas clave de la fragancia:<\/p>\n<p><strong> Caracter\u00edsticas principales:<\/strong> \u2022 : C\u00edtrico arom\u00e1tico<\/p>\n<p>\u2022 Inspiraci\u00f3n: Una escapada al Mediterr\u00e1neo, que captura la frescura del mar y la energ\u00eda vibrante de los huertos de c\u00edtricos.<\/p>\n<p>\u2022 Intensidad: Ligero y aireado, perfecto para climas c\u00e1lidos y entornos informales.<\/p>\n<p>\u2022 Longevidad: ideal para quienes disfrutan de aromas refrescantes que no abrumen. \u2022 Ocasiones: uso diurno, salidas de verano, viajes a la playa o en cualquier momento en el que desee un aroma refrescante y vigorizante. Dise\u00f1o de botella:<\/p>\n<p>\u2022 Una elegante tapa de ruleta con una botella de vidrio grueso de color verde transl\u00facido que refleja el poder y la energ\u00eda. Impresi\u00f3n general: Roll it 7 es una fragancia energizante y alegre que se siente como un ba\u00f1o de sol y mar mediterr\u00e1neos en la piel. Perfecta para quienes aman las fragancias acu\u00e1ticas con predominio de c\u00edtricos y un toque moderno.<\/p>\n<p><strong>Dise\u00f1o de botella:<\/strong> \u2022 Una elegante tapa de ruleta con una botella de vidrio grueso de color verde transl\u00facido que refleja el poder y la energ\u00eda.<\/p>\n<p><strong>Impresi\u00f3n general:<\/strong> Roll it 7 es una fragancia energizante y alegre que se siente como un ba\u00f1o de sol y mar mediterr\u00e1neos en la piel. Perfecta para quienes aman las fragancias acu\u00e1ticas con predominio de c\u00edtricos y un toque moderno.<\/p>\n<\/div>","protected":false},"featured_media":13997,"template":"","meta":[],"product_brand":[],"product_cat":[111],"product_tag":[112,89,80,74,116,90,75],"class_list":{"0":"post-13911","1":"product","2":"type-product","3":"status-publish","4":"has-post-thumbnail","6":"product_cat-decants-muestras-de-perfumes","7":"product_tag-decants","8":"product_tag-elegancia","9":"product_tag-estilo","10":"product_tag-hombres","11":"product_tag-jomilano","12":"product_tag-nicho","13":"product_tag-perfumes","15":"first","16":"instock","17":"taxable","18":"shipping-taxable","19":"purchasable","20":"product-type-variable"},"yoast_head":"<!-- This site is optimized with the Yoast SEO Premium plugin v26.4 (Yoast SEO v26.8) - https:\/\/yoast.com\/product\/yoast-seo-premium-wordpress\/ -->\n<title>JO-MILANO PAR\u00cdS - ROLL-IT #7 - Zaffirum | Parfums &amp; Luxury Watches<\/title>\n<meta name=\"robots\" content=\"index, follow, max-snippet:-1, max-image-preview:large, max-video-preview:-1\" \/>\n<link rel=\"canonical\" href=\"https:\/\/zaffirum.com\/es\/product\/roll-it-7-de-jo-milano-paris\/\" \/>\n<meta property=\"og:locale\" content=\"es_MX\" \/>\n<meta property=\"og:type\" content=\"article\" \/>\n<meta property=\"og:title\" content=\"JO-MILANO PAR\u00cdS - ROLL-IT #7\" \/>\n<meta property=\"og:description\" content=\"Marca Jo Milano   Forma del producto L\u00edquido   Volumen del art\u00edculo 3,4 Onzas de l\u00edquido   Fragancia C\u00edtricos, verdes, arom\u00e1ticos, ex\u00f3ticos, jengibre picante y mango tropical      Roll it 7 de Jo Milano Paris es una fragancia vibrante, fresca y estimulante inspirada en la alegr\u00eda del verano mediterr\u00e1neo. A continuaci\u00f3n, se presentan algunas notas y caracter\u00edsticas clave de la fragancia:   Caracter\u00edsticas principales: \u2022 : C\u00edtrico arom\u00e1tico  \u2022 Inspiraci\u00f3n: Una escapada al Mediterr\u00e1neo, que captura la frescura del mar y la energ\u00eda vibrante de los huertos de c\u00edtricos.  \u2022 Intensidad: Ligero y aireado, perfecto para climas c\u00e1lidos y entornos informales.  \u2022 Longevidad: ideal para quienes disfrutan de aromas refrescantes que no abrumen. \u2022 Ocasiones: uso diurno, salidas de verano, viajes a la playa o en cualquier momento en el que desee un aroma refrescante y vigorizante. Dise\u00f1o de botella:  \u2022 Una elegante tapa de ruleta con una botella de vidrio grueso de color verde transl\u00facido que refleja el poder y la energ\u00eda. Impresi\u00f3n general: Roll it 7 es una fragancia energizante y alegre que se siente como un ba\u00f1o de sol y mar mediterr\u00e1neos en la piel. Perfecta para quienes aman las fragancias acu\u00e1ticas con predominio de c\u00edtricos y un toque moderno.  Dise\u00f1o de botella: \u2022 Una elegante tapa de ruleta con una botella de vidrio grueso de color verde transl\u00facido que refleja el poder y la energ\u00eda.  Impresi\u00f3n general: Roll it 7 es una fragancia energizante y alegre que se siente como un ba\u00f1o de sol y mar mediterr\u00e1neos en la piel. Perfecta para quienes aman las fragancias acu\u00e1ticas con predominio de c\u00edtricos y un toque moderno.\" \/>\n<meta property=\"og:url\" content=\"https:\/\/zaffirum.com\/es\/product\/roll-it-7-de-jo-milano-paris\/\" \/>\n<meta property=\"og:site_name\" content=\"Zaffirum | Parfums &amp; Luxury Watches\" \/>\n<meta property=\"article:modified_time\" content=\"2026-01-23T20:36:58+00:00\" \/>\n<meta property=\"og:image\" content=\"https:\/\/zaffirum.com\/wp-content\/uploads\/2025\/11\/roll-it-7-decants.png\" \/>\n\t<meta property=\"og:image:width\" content=\"500\" \/>\n\t<meta property=\"og:image:height\" content=\"500\" \/>\n\t<meta property=\"og:image:type\" content=\"image\/png\" \/>\n<meta name=\"twitter:card\" content=\"summary_large_image\" \/>\n<meta name=\"twitter:label1\" content=\"Tiempo de lectura\" \/>\n\t<meta name=\"twitter:data1\" content=\"1 minuto\" \/>\n<script type=\"application\/ld+json\" class=\"yoast-schema-graph\">{\"@context\":\"https:\/\/schema.org\",\"@graph\":[{\"@type\":\"WebPage\",\"@id\":\"https:\/\/zaffirum.com\/product\/roll-it-7-de-jo-milano-paris\/\",\"url\":\"https:\/\/zaffirum.com\/product\/roll-it-7-de-jo-milano-paris\/\",\"name\":\"JO-MILANO PAR\u00cdS - ROLL-IT #7 - Zaffirum | Parfums &amp; Luxury Watches\",\"isPartOf\":{\"@id\":\"https:\/\/zaffirum.com\/#website\"},\"primaryImageOfPage\":{\"@id\":\"https:\/\/zaffirum.com\/product\/roll-it-7-de-jo-milano-paris\/#primaryimage\"},\"image\":{\"@id\":\"https:\/\/zaffirum.com\/product\/roll-it-7-de-jo-milano-paris\/#primaryimage\"},\"thumbnailUrl\":\"https:\/\/zaffirum.com\/wp-content\/uploads\/2025\/11\/roll-it-7-decants.png\",\"datePublished\":\"2025-11-11T02:19:33+00:00\",\"dateModified\":\"2026-01-23T20:36:58+00:00\",\"breadcrumb\":{\"@id\":\"https:\/\/zaffirum.com\/product\/roll-it-7-de-jo-milano-paris\/#breadcrumb\"},\"inLanguage\":\"es\",\"potentialAction\":[{\"@type\":\"ReadAction\",\"target\":[\"https:\/\/zaffirum.com\/product\/roll-it-7-de-jo-milano-paris\/\"]}]},{\"@type\":\"ImageObject\",\"inLanguage\":\"es\",\"@id\":\"https:\/\/zaffirum.com\/product\/roll-it-7-de-jo-milano-paris\/#primaryimage\",\"url\":\"https:\/\/zaffirum.com\/wp-content\/uploads\/2025\/11\/roll-it-7-decants.png\",\"contentUrl\":\"https:\/\/zaffirum.com\/wp-content\/uploads\/2025\/11\/roll-it-7-decants.png\",\"width\":500,\"height\":500},{\"@type\":\"BreadcrumbList\",\"@id\":\"https:\/\/zaffirum.com\/product\/roll-it-7-de-jo-milano-paris\/#breadcrumb\",\"itemListElement\":[{\"@type\":\"ListItem\",\"position\":1,\"name\":\"Portada\",\"item\":\"https:\/\/zaffirum.com\/\"},{\"@type\":\"ListItem\",\"position\":2,\"name\":\"Tienda\",\"item\":\"https:\/\/zaffirum.com\/tienda\/\"},{\"@type\":\"ListItem\",\"position\":3,\"name\":\"JO-MILANO PAR\u00cdS &#8211; ROLL-IT #7\"}]},{\"@type\":\"WebSite\",\"@id\":\"https:\/\/zaffirum.com\/#website\",\"url\":\"https:\/\/zaffirum.com\/\",\"name\":\"Zaffirum | Parfums &amp; Luxury Watches\",\"description\":\"\",\"publisher\":{\"@id\":\"https:\/\/zaffirum.com\/#organization\"},\"potentialAction\":[{\"@type\":\"SearchAction\",\"target\":{\"@type\":\"EntryPoint\",\"urlTemplate\":\"https:\/\/zaffirum.com\/?s={search_term_string}\"},\"query-input\":{\"@type\":\"PropertyValueSpecification\",\"valueRequired\":true,\"valueName\":\"search_term_string\"}}],\"inLanguage\":\"es\"},{\"@type\":\"Organization\",\"@id\":\"https:\/\/zaffirum.com\/#organization\",\"name\":\"Zaffirum | Parfums &amp; Luxury Watches\",\"url\":\"https:\/\/zaffirum.com\/\",\"logo\":{\"@type\":\"ImageObject\",\"inLanguage\":\"es\",\"@id\":\"https:\/\/zaffirum.com\/#\/schema\/logo\/image\/\",\"url\":\"https:\/\/zaffirum.com\/wp-content\/uploads\/2021\/02\/LOGO-WEB-02.png\",\"contentUrl\":\"https:\/\/zaffirum.com\/wp-content\/uploads\/2021\/02\/LOGO-WEB-02.png\",\"width\":328,\"height\":182,\"caption\":\"Zaffirum |  Parfums &amp; Luxury Watches\"},\"image\":{\"@id\":\"https:\/\/zaffirum.com\/#\/schema\/logo\/image\/\"}}]}<\/script>\n<!-- \/ Yoast SEO Premium plugin. -->","yoast_head_json":{"title":"JO-MILANO PAR\u00cdS - ROLL-IT #7 - Zaffirum | Parfums &amp; Luxury Watches","robots":{"index":"index","follow":"follow","max-snippet":"max-snippet:-1","max-image-preview":"max-image-preview:large","max-video-preview":"max-video-preview:-1"},"canonical":"https:\/\/zaffirum.com\/es\/product\/roll-it-7-de-jo-milano-paris\/","og_locale":"es_MX","og_type":"article","og_title":"JO-MILANO PAR\u00cdS - ROLL-IT #7","og_description":"Marca Jo Milano   Forma del producto L\u00edquido   Volumen del art\u00edculo 3,4 Onzas de l\u00edquido   Fragancia C\u00edtricos, verdes, arom\u00e1ticos, ex\u00f3ticos, jengibre picante y mango tropical      Roll it 7 de Jo Milano Paris es una fragancia vibrante, fresca y estimulante inspirada en la alegr\u00eda del verano mediterr\u00e1neo. A continuaci\u00f3n, se presentan algunas notas y caracter\u00edsticas clave de la fragancia:   Caracter\u00edsticas principales: \u2022 : C\u00edtrico arom\u00e1tico  \u2022 Inspiraci\u00f3n: Una escapada al Mediterr\u00e1neo, que captura la frescura del mar y la energ\u00eda vibrante de los huertos de c\u00edtricos.  \u2022 Intensidad: Ligero y aireado, perfecto para climas c\u00e1lidos y entornos informales.  \u2022 Longevidad: ideal para quienes disfrutan de aromas refrescantes que no abrumen. \u2022 Ocasiones: uso diurno, salidas de verano, viajes a la playa o en cualquier momento en el que desee un aroma refrescante y vigorizante. Dise\u00f1o de botella:  \u2022 Una elegante tapa de ruleta con una botella de vidrio grueso de color verde transl\u00facido que refleja el poder y la energ\u00eda. Impresi\u00f3n general: Roll it 7 es una fragancia energizante y alegre que se siente como un ba\u00f1o de sol y mar mediterr\u00e1neos en la piel. Perfecta para quienes aman las fragancias acu\u00e1ticas con predominio de c\u00edtricos y un toque moderno.  Dise\u00f1o de botella: \u2022 Una elegante tapa de ruleta con una botella de vidrio grueso de color verde transl\u00facido que refleja el poder y la energ\u00eda.  Impresi\u00f3n general: Roll it 7 es una fragancia energizante y alegre que se siente como un ba\u00f1o de sol y mar mediterr\u00e1neos en la piel. Perfecta para quienes aman las fragancias acu\u00e1ticas con predominio de c\u00edtricos y un toque moderno.","og_url":"https:\/\/zaffirum.com\/es\/product\/roll-it-7-de-jo-milano-paris\/","og_site_name":"Zaffirum | Parfums &amp; Luxury Watches","article_modified_time":"2026-01-23T20:36:58+00:00","og_image":[{"width":500,"height":500,"url":"https:\/\/zaffirum.com\/wp-content\/uploads\/2025\/11\/roll-it-7-decants.png","type":"image\/png"}],"twitter_card":"summary_large_image","twitter_misc":{"Tiempo de lectura":"1 minuto"},"schema":{"@context":"https:\/\/schema.org","@graph":[{"@type":"WebPage","@id":"https:\/\/zaffirum.com\/product\/roll-it-7-de-jo-milano-paris\/","url":"https:\/\/zaffirum.com\/product\/roll-it-7-de-jo-milano-paris\/","name":"JO-MILANO PAR\u00cdS - ROLL-IT #7 - Zaffirum | Parfums &amp; Luxury Watches","isPartOf":{"@id":"https:\/\/zaffirum.com\/#website"},"primaryImageOfPage":{"@id":"https:\/\/zaffirum.com\/product\/roll-it-7-de-jo-milano-paris\/#primaryimage"},"image":{"@id":"https:\/\/zaffirum.com\/product\/roll-it-7-de-jo-milano-paris\/#primaryimage"},"thumbnailUrl":"https:\/\/zaffirum.com\/wp-content\/uploads\/2025\/11\/roll-it-7-decants.png","datePublished":"2025-11-11T02:19:33+00:00","dateModified":"2026-01-23T20:36:58+00:00","breadcrumb":{"@id":"https:\/\/zaffirum.com\/product\/roll-it-7-de-jo-milano-paris\/#breadcrumb"},"inLanguage":"es","potentialAction":[{"@type":"ReadAction","target":["https:\/\/zaffirum.com\/product\/roll-it-7-de-jo-milano-paris\/"]}]},{"@type":"ImageObject","inLanguage":"es","@id":"https:\/\/zaffirum.com\/product\/roll-it-7-de-jo-milano-paris\/#primaryimage","url":"https:\/\/zaffirum.com\/wp-content\/uploads\/2025\/11\/roll-it-7-decants.png","contentUrl":"https:\/\/zaffirum.com\/wp-content\/uploads\/2025\/11\/roll-it-7-decants.png","width":500,"height":500},{"@type":"BreadcrumbList","@id":"https:\/\/zaffirum.com\/product\/roll-it-7-de-jo-milano-paris\/#breadcrumb","itemListElement":[{"@type":"ListItem","position":1,"name":"Portada","item":"https:\/\/zaffirum.com\/"},{"@type":"ListItem","position":2,"name":"Tienda","item":"https:\/\/zaffirum.com\/tienda\/"},{"@type":"ListItem","position":3,"name":"JO-MILANO PAR\u00cdS &#8211; ROLL-IT #7"}]},{"@type":"WebSite","@id":"https:\/\/zaffirum.com\/#website","url":"https:\/\/zaffirum.com\/","name":"Zaffirum | Parfums &amp; Luxury Watches","description":"","publisher":{"@id":"https:\/\/zaffirum.com\/#organization"},"potentialAction":[{"@type":"SearchAction","target":{"@type":"EntryPoint","urlTemplate":"https:\/\/zaffirum.com\/?s={search_term_string}"},"query-input":{"@type":"PropertyValueSpecification","valueRequired":true,"valueName":"search_term_string"}}],"inLanguage":"es"},{"@type":"Organization","@id":"https:\/\/zaffirum.com\/#organization","name":"Zaffirum | Parfums &amp; Luxury Watches","url":"https:\/\/zaffirum.com\/","logo":{"@type":"ImageObject","inLanguage":"es","@id":"https:\/\/zaffirum.com\/#\/schema\/logo\/image\/","url":"https:\/\/zaffirum.com\/wp-content\/uploads\/2021\/02\/LOGO-WEB-02.png","contentUrl":"https:\/\/zaffirum.com\/wp-content\/uploads\/2021\/02\/LOGO-WEB-02.png","width":328,"height":182,"caption":"Zaffirum |  Parfums &amp; Luxury Watches"},"image":{"@id":"https:\/\/zaffirum.com\/#\/schema\/logo\/image\/"}}]}},"_links":{"self":[{"href":"https:\/\/zaffirum.com\/es\/wp-json\/wp\/v2\/product\/13911","targetHints":{"allow":["GET"]}}],"collection":[{"href":"https:\/\/zaffirum.com\/es\/wp-json\/wp\/v2\/product"}],"about":[{"href":"https:\/\/zaffirum.com\/es\/wp-json\/wp\/v2\/types\/product"}],"version-history":[{"count":3,"href":"https:\/\/zaffirum.com\/es\/wp-json\/wp\/v2\/product\/13911\/revisions"}],"predecessor-version":[{"id":15136,"href":"https:\/\/zaffirum.com\/es\/wp-json\/wp\/v2\/product\/13911\/revisions\/15136"}],"wp:featuredmedia":[{"embeddable":true,"href":"https:\/\/zaffirum.com\/es\/wp-json\/wp\/v2\/media\/13997"}],"wp:attachment":[{"href":"https:\/\/zaffirum.com\/es\/wp-json\/wp\/v2\/media?parent=13911"}],"wp:term":[{"taxonomy":"product_brand","embeddable":true,"href":"https:\/\/zaffirum.com\/es\/wp-json\/wp\/v2\/product_brand?post=13911"},{"taxonomy":"product_cat","embeddable":true,"href":"https:\/\/zaffirum.com\/es\/wp-json\/wp\/v2\/product_cat?post=13911"},{"taxonomy":"product_tag","embeddable":true,"href":"https:\/\/zaffirum.com\/es\/wp-json\/wp\/v2\/product_tag?post=13911"}],"curies":[{"name":"wp","href":"https:\/\/api.w.org\/{rel}","templated":true}]}}