{"id":14232,"date":"2025-11-11T02:46:46","date_gmt":"2025-11-11T02:46:46","guid":{"rendered":"https:\/\/zaffirum.com\/?post_type=product&#038;p=14232"},"modified":"2026-01-23T13:42:31","modified_gmt":"2026-01-23T18:42:31","slug":"al-haramain-amber-oud-gold-edition-120ml","status":"publish","type":"product","link":"https:\/\/zaffirum.com\/es\/product\/al-haramain-amber-oud-gold-edition-120ml\/","title":{"rendered":"Al Haramain Amber Oud Gold Edition 120ML"},"content":{"rendered":"<h4 class=\"benefits-title\">Detalles<\/h4>\n<ul class=\"a-unordered-list a-vertical a-spacing-mini\">\n<li class=\"a-spacing-mini\"><span class=\"a-list-item\">Tipo: Eau de Parfum.<\/span><\/li>\n<li class=\"a-spacing-mini\"><span class=\"a-list-item\">Una fragancia de vainilla \u00e1mbar para mujeres y hombres.<\/span><\/li>\n<li class=\"a-spacing-mini\"><span class=\"a-list-item\">Los principales acordes son dulce, afrutado, fresco.<\/span><\/li>\n<li class=\"a-spacing-mini\"><span class=\"a-list-item\">Notas medias: mel\u00f3n, notas dulces, pi\u00f1a y \u00e1mbar.<\/span><\/li>\n<li><span class=\"a-list-item\"><span class=\"a-text-bold\">Dimensiones del producto \u200f : \u200e\u00a0<\/span>3 x 3 x 5 pulgadas; 0,02 Onzas<\/span><\/li>\n<\/ul>\n<h4><\/h4>\n<h4 class=\"a-spacing-mini a-color-secondary a-text-italic\">Amber Oud Gold Edition<\/h4>\n<p class=\"a-spacing-base\">Fragancia de vainilla \u00e1mbar. Las notas superiores son bergamota y notas verdes, las notas medias son mel\u00f3n, notas dulces, pi\u00f1a y \u00e1mbar. Las notas base son almizcle, vainilla y notas de madera. Un elixir bien equilibrado es perfecto para los meses de primavera\/verano<\/p>\n<p class=\"a-spacing-base\">Haramain Amber Oud Gold Edition Spray viene con un gran aroma y la perfecci\u00f3n de un perfume bien equilibrado que satisfar\u00e1 todas las necesidades del usuario que quiere m\u00e1s de lo que el usuario ordinario necesita con la vida.<\/p>\n<p>&nbsp;<\/p>\n<h4 class=\"a-color-secondary\">Acerca de Al Haramain<\/h4>\n<p>Amber Oudh Gold Edition de Al Haramain Perfumes es una fragancia oriental de vainilla para mujeres y hombres. Esta es una nueva fragancia. Amber Oudh Gold Edition se lanz\u00f3 en 2018. Las notas superiores son bergamota y notas verdes; las notas medias son mel\u00f3n, pi\u00f1a, notas dulces y \u00e1mbar; las notas base son notas amaderadas, vainilla y almizcle<\/p>\n<p>&nbsp;<\/p>\n<p>&nbsp;<\/p>\n<p>&nbsp;<\/p>\n<h2 class=\"video-title\"><\/h2>","protected":false},"excerpt":{"rendered":"<table class=\"a-normal a-spacing-micro\">\n<tbody>\n<tr class=\"a-spacing-small po-brand\">\n<td class=\"a-span3\"><span class=\"a-size-base a-text-bold\">Marca<\/span><\/td>\n<td class=\"a-span9\"><span class=\"a-size-base po-break-word\">Al Haramain<\/span><\/td>\n<\/tr>\n<tr class=\"a-spacing-small po-item_form\">\n<td class=\"a-span3\"><span class=\"a-size-base a-text-bold\">Forma del producto<\/span><\/td>\n<td class=\"a-span9\"><span class=\"a-size-base po-break-word\">L\u00edquido<\/span><\/td>\n<\/tr>\n<tr class=\"a-spacing-small po-item_volume\">\n<td class=\"a-span3\"><span class=\"a-size-base a-text-bold\">Volumen del art\u00edculo<\/span><\/td>\n<td class=\"a-span9\"><span class=\"a-size-base po-break-word\">60 Modificador desconocido<\/span><\/td>\n<\/tr>\n<tr class=\"a-spacing-small po-scent\">\n<td class=\"a-span3\"><span class=\"a-size-base a-text-bold\">Fragancia<\/span><\/td>\n<td class=\"a-span9\"><span class=\"a-size-base po-break-word\">Edici\u00f3n Oro<\/span><\/td>\n<\/tr>\n<tr class=\"a-spacing-small po-special_feature\">\n<td class=\"a-span3\"><span class=\"a-size-base a-text-bold\">Caracter\u00edsticas especiales<\/span><\/td>\n<td class=\"a-span9\"><span class=\"a-size-base po-break-word\">Larga duraci\u00f3n<\/span><\/td>\n<\/tr>\n<\/tbody>\n<\/table>","protected":false},"featured_media":13527,"template":"","meta":[],"product_brand":[],"product_cat":[73],"product_tag":[74,75],"class_list":{"0":"post-14232","1":"product","2":"type-product","3":"status-publish","4":"has-post-thumbnail","6":"product_cat-perfumes-para-hombres","7":"product_tag-hombres","8":"product_tag-perfumes","10":"first","11":"instock","12":"taxable","13":"shipping-taxable","14":"purchasable","15":"product-type-simple"},"yoast_head":"<!-- This site is optimized with the Yoast SEO Premium plugin v26.4 (Yoast SEO v26.8) - https:\/\/yoast.com\/product\/yoast-seo-premium-wordpress\/ -->\n<title>Al Haramain Amber Oud Gold Edition 120ML - Zaffirum | Parfums &amp; Luxury Watches<\/title>\n<meta name=\"robots\" content=\"index, follow, max-snippet:-1, max-image-preview:large, max-video-preview:-1\" \/>\n<link rel=\"canonical\" href=\"https:\/\/zaffirum.com\/es\/product\/al-haramain-amber-oud-gold-edition-120ml\/\" \/>\n<meta property=\"og:locale\" content=\"es_MX\" \/>\n<meta property=\"og:type\" content=\"article\" \/>\n<meta property=\"og:title\" content=\"Al Haramain Amber Oud Gold Edition 120ML\" \/>\n<meta property=\"og:description\" content=\"Marca Al Haramain   Forma del producto L\u00edquido   Volumen del art\u00edculo 60 Modificador desconocido   Fragancia Edici\u00f3n Oro   Caracter\u00edsticas especiales Larga duraci\u00f3n\" \/>\n<meta property=\"og:url\" content=\"https:\/\/zaffirum.com\/es\/product\/al-haramain-amber-oud-gold-edition-120ml\/\" \/>\n<meta property=\"og:site_name\" content=\"Zaffirum | Parfums &amp; Luxury Watches\" \/>\n<meta property=\"article:modified_time\" content=\"2026-01-23T18:42:31+00:00\" \/>\n<meta property=\"og:image\" content=\"https:\/\/zaffirum.com\/wp-content\/uploads\/2025\/11\/51sJJhjOnSL._SL1080_.jpg\" \/>\n\t<meta property=\"og:image:width\" content=\"1080\" \/>\n\t<meta property=\"og:image:height\" content=\"1080\" \/>\n\t<meta property=\"og:image:type\" content=\"image\/jpeg\" \/>\n<meta name=\"twitter:card\" content=\"summary_large_image\" \/>\n<meta name=\"twitter:label1\" content=\"Tiempo de lectura\" \/>\n\t<meta name=\"twitter:data1\" content=\"1 minuto\" \/>\n<script type=\"application\/ld+json\" class=\"yoast-schema-graph\">{\"@context\":\"https:\/\/schema.org\",\"@graph\":[{\"@type\":\"WebPage\",\"@id\":\"https:\/\/zaffirum.com\/product\/al-haramain-amber-oud-gold-edition-120ml\/\",\"url\":\"https:\/\/zaffirum.com\/product\/al-haramain-amber-oud-gold-edition-120ml\/\",\"name\":\"Al Haramain Amber Oud Gold Edition 120ML - Zaffirum | Parfums &amp; Luxury Watches\",\"isPartOf\":{\"@id\":\"https:\/\/zaffirum.com\/#website\"},\"primaryImageOfPage\":{\"@id\":\"https:\/\/zaffirum.com\/product\/al-haramain-amber-oud-gold-edition-120ml\/#primaryimage\"},\"image\":{\"@id\":\"https:\/\/zaffirum.com\/product\/al-haramain-amber-oud-gold-edition-120ml\/#primaryimage\"},\"thumbnailUrl\":\"https:\/\/zaffirum.com\/wp-content\/uploads\/2025\/11\/51sJJhjOnSL._SL1080_.jpg\",\"datePublished\":\"2025-11-11T02:46:46+00:00\",\"dateModified\":\"2026-01-23T18:42:31+00:00\",\"breadcrumb\":{\"@id\":\"https:\/\/zaffirum.com\/product\/al-haramain-amber-oud-gold-edition-120ml\/#breadcrumb\"},\"inLanguage\":\"es\",\"potentialAction\":[{\"@type\":\"ReadAction\",\"target\":[\"https:\/\/zaffirum.com\/product\/al-haramain-amber-oud-gold-edition-120ml\/\"]}]},{\"@type\":\"ImageObject\",\"inLanguage\":\"es\",\"@id\":\"https:\/\/zaffirum.com\/product\/al-haramain-amber-oud-gold-edition-120ml\/#primaryimage\",\"url\":\"https:\/\/zaffirum.com\/wp-content\/uploads\/2025\/11\/51sJJhjOnSL._SL1080_.jpg\",\"contentUrl\":\"https:\/\/zaffirum.com\/wp-content\/uploads\/2025\/11\/51sJJhjOnSL._SL1080_.jpg\",\"width\":1080,\"height\":1080},{\"@type\":\"BreadcrumbList\",\"@id\":\"https:\/\/zaffirum.com\/product\/al-haramain-amber-oud-gold-edition-120ml\/#breadcrumb\",\"itemListElement\":[{\"@type\":\"ListItem\",\"position\":1,\"name\":\"Portada\",\"item\":\"https:\/\/zaffirum.com\/\"},{\"@type\":\"ListItem\",\"position\":2,\"name\":\"Tienda\",\"item\":\"https:\/\/zaffirum.com\/tienda\/\"},{\"@type\":\"ListItem\",\"position\":3,\"name\":\"Al Haramain Amber Oud Gold Edition 120ML\"}]},{\"@type\":\"WebSite\",\"@id\":\"https:\/\/zaffirum.com\/#website\",\"url\":\"https:\/\/zaffirum.com\/\",\"name\":\"Zaffirum | Parfums &amp; Luxury Watches\",\"description\":\"\",\"publisher\":{\"@id\":\"https:\/\/zaffirum.com\/#organization\"},\"potentialAction\":[{\"@type\":\"SearchAction\",\"target\":{\"@type\":\"EntryPoint\",\"urlTemplate\":\"https:\/\/zaffirum.com\/?s={search_term_string}\"},\"query-input\":{\"@type\":\"PropertyValueSpecification\",\"valueRequired\":true,\"valueName\":\"search_term_string\"}}],\"inLanguage\":\"es\"},{\"@type\":\"Organization\",\"@id\":\"https:\/\/zaffirum.com\/#organization\",\"name\":\"Zaffirum | Parfums &amp; Luxury Watches\",\"url\":\"https:\/\/zaffirum.com\/\",\"logo\":{\"@type\":\"ImageObject\",\"inLanguage\":\"es\",\"@id\":\"https:\/\/zaffirum.com\/#\/schema\/logo\/image\/\",\"url\":\"https:\/\/zaffirum.com\/wp-content\/uploads\/2021\/02\/LOGO-WEB-02.png\",\"contentUrl\":\"https:\/\/zaffirum.com\/wp-content\/uploads\/2021\/02\/LOGO-WEB-02.png\",\"width\":328,\"height\":182,\"caption\":\"Zaffirum |  Parfums &amp; Luxury Watches\"},\"image\":{\"@id\":\"https:\/\/zaffirum.com\/#\/schema\/logo\/image\/\"}}]}<\/script>\n<!-- \/ Yoast SEO Premium plugin. -->","yoast_head_json":{"title":"Al Haramain Amber Oud Gold Edition 120ML - Zaffirum | Parfums &amp; Luxury Watches","robots":{"index":"index","follow":"follow","max-snippet":"max-snippet:-1","max-image-preview":"max-image-preview:large","max-video-preview":"max-video-preview:-1"},"canonical":"https:\/\/zaffirum.com\/es\/product\/al-haramain-amber-oud-gold-edition-120ml\/","og_locale":"es_MX","og_type":"article","og_title":"Al Haramain Amber Oud Gold Edition 120ML","og_description":"Marca Al Haramain   Forma del producto L\u00edquido   Volumen del art\u00edculo 60 Modificador desconocido   Fragancia Edici\u00f3n Oro   Caracter\u00edsticas especiales Larga duraci\u00f3n","og_url":"https:\/\/zaffirum.com\/es\/product\/al-haramain-amber-oud-gold-edition-120ml\/","og_site_name":"Zaffirum | Parfums &amp; Luxury Watches","article_modified_time":"2026-01-23T18:42:31+00:00","og_image":[{"width":1080,"height":1080,"url":"https:\/\/zaffirum.com\/wp-content\/uploads\/2025\/11\/51sJJhjOnSL._SL1080_.jpg","type":"image\/jpeg"}],"twitter_card":"summary_large_image","twitter_misc":{"Tiempo de lectura":"1 minuto"},"schema":{"@context":"https:\/\/schema.org","@graph":[{"@type":"WebPage","@id":"https:\/\/zaffirum.com\/product\/al-haramain-amber-oud-gold-edition-120ml\/","url":"https:\/\/zaffirum.com\/product\/al-haramain-amber-oud-gold-edition-120ml\/","name":"Al Haramain Amber Oud Gold Edition 120ML - Zaffirum | Parfums &amp; Luxury Watches","isPartOf":{"@id":"https:\/\/zaffirum.com\/#website"},"primaryImageOfPage":{"@id":"https:\/\/zaffirum.com\/product\/al-haramain-amber-oud-gold-edition-120ml\/#primaryimage"},"image":{"@id":"https:\/\/zaffirum.com\/product\/al-haramain-amber-oud-gold-edition-120ml\/#primaryimage"},"thumbnailUrl":"https:\/\/zaffirum.com\/wp-content\/uploads\/2025\/11\/51sJJhjOnSL._SL1080_.jpg","datePublished":"2025-11-11T02:46:46+00:00","dateModified":"2026-01-23T18:42:31+00:00","breadcrumb":{"@id":"https:\/\/zaffirum.com\/product\/al-haramain-amber-oud-gold-edition-120ml\/#breadcrumb"},"inLanguage":"es","potentialAction":[{"@type":"ReadAction","target":["https:\/\/zaffirum.com\/product\/al-haramain-amber-oud-gold-edition-120ml\/"]}]},{"@type":"ImageObject","inLanguage":"es","@id":"https:\/\/zaffirum.com\/product\/al-haramain-amber-oud-gold-edition-120ml\/#primaryimage","url":"https:\/\/zaffirum.com\/wp-content\/uploads\/2025\/11\/51sJJhjOnSL._SL1080_.jpg","contentUrl":"https:\/\/zaffirum.com\/wp-content\/uploads\/2025\/11\/51sJJhjOnSL._SL1080_.jpg","width":1080,"height":1080},{"@type":"BreadcrumbList","@id":"https:\/\/zaffirum.com\/product\/al-haramain-amber-oud-gold-edition-120ml\/#breadcrumb","itemListElement":[{"@type":"ListItem","position":1,"name":"Portada","item":"https:\/\/zaffirum.com\/"},{"@type":"ListItem","position":2,"name":"Tienda","item":"https:\/\/zaffirum.com\/tienda\/"},{"@type":"ListItem","position":3,"name":"Al Haramain Amber Oud Gold Edition 120ML"}]},{"@type":"WebSite","@id":"https:\/\/zaffirum.com\/#website","url":"https:\/\/zaffirum.com\/","name":"Zaffirum | Parfums &amp; Luxury Watches","description":"","publisher":{"@id":"https:\/\/zaffirum.com\/#organization"},"potentialAction":[{"@type":"SearchAction","target":{"@type":"EntryPoint","urlTemplate":"https:\/\/zaffirum.com\/?s={search_term_string}"},"query-input":{"@type":"PropertyValueSpecification","valueRequired":true,"valueName":"search_term_string"}}],"inLanguage":"es"},{"@type":"Organization","@id":"https:\/\/zaffirum.com\/#organization","name":"Zaffirum | Parfums &amp; Luxury Watches","url":"https:\/\/zaffirum.com\/","logo":{"@type":"ImageObject","inLanguage":"es","@id":"https:\/\/zaffirum.com\/#\/schema\/logo\/image\/","url":"https:\/\/zaffirum.com\/wp-content\/uploads\/2021\/02\/LOGO-WEB-02.png","contentUrl":"https:\/\/zaffirum.com\/wp-content\/uploads\/2021\/02\/LOGO-WEB-02.png","width":328,"height":182,"caption":"Zaffirum |  Parfums &amp; Luxury Watches"},"image":{"@id":"https:\/\/zaffirum.com\/#\/schema\/logo\/image\/"}}]}},"_links":{"self":[{"href":"https:\/\/zaffirum.com\/es\/wp-json\/wp\/v2\/product\/14232","targetHints":{"allow":["GET"]}}],"collection":[{"href":"https:\/\/zaffirum.com\/es\/wp-json\/wp\/v2\/product"}],"about":[{"href":"https:\/\/zaffirum.com\/es\/wp-json\/wp\/v2\/types\/product"}],"version-history":[{"count":1,"href":"https:\/\/zaffirum.com\/es\/wp-json\/wp\/v2\/product\/14232\/revisions"}],"predecessor-version":[{"id":14262,"href":"https:\/\/zaffirum.com\/es\/wp-json\/wp\/v2\/product\/14232\/revisions\/14262"}],"wp:featuredmedia":[{"embeddable":true,"href":"https:\/\/zaffirum.com\/es\/wp-json\/wp\/v2\/media\/13527"}],"wp:attachment":[{"href":"https:\/\/zaffirum.com\/es\/wp-json\/wp\/v2\/media?parent=14232"}],"wp:term":[{"taxonomy":"product_brand","embeddable":true,"href":"https:\/\/zaffirum.com\/es\/wp-json\/wp\/v2\/product_brand?post=14232"},{"taxonomy":"product_cat","embeddable":true,"href":"https:\/\/zaffirum.com\/es\/wp-json\/wp\/v2\/product_cat?post=14232"},{"taxonomy":"product_tag","embeddable":true,"href":"https:\/\/zaffirum.com\/es\/wp-json\/wp\/v2\/product_tag?post=14232"}],"curies":[{"name":"wp","href":"https:\/\/api.w.org\/{rel}","templated":true}]}}