{"id":14238,"date":"2025-11-11T02:46:46","date_gmt":"2025-11-11T02:46:46","guid":{"rendered":"https:\/\/zaffirum.com\/?post_type=product&#038;p=14238"},"modified":"2026-01-23T13:47:05","modified_gmt":"2026-01-23T18:47:05","slug":"armaf-odyssey-mandarin-sky-eau-de-parfum-para-hombre-3-4-onzas","status":"publish","type":"product","link":"https:\/\/zaffirum.com\/es\/product\/armaf-odyssey-mandarin-sky-eau-de-parfum-para-hombre-3-4-onzas\/","title":{"rendered":"Armaf Odyssey Mandarin Sky &#8211; Eau de Parfum para hombre, 3.4 onzas"},"content":{"rendered":"<p>Abraza tus sentidos con Odyssey Mandarin Sky, donde notas altas vigorizantes de salvia, mandarina, naranja y azafr\u00e1n establecen un tono refrescante. El coraz\u00f3n revela una dulzura tentadora con caramelo, haba tonka y tagetes, mientras que las notas base de vetiver, cedro y ambroxan aseguran un aroma duradero y memorable. Esta vers\u00e1til fragancia es ideal tanto para el uso diario como para eventos especiales, por lo que es un accesorio atractivo para el hombre moderno.<\/p>\n<p>&nbsp;<\/p>\n<ul class=\"a-unordered-list a-vertical a-spacing-mini\">\n<li class=\"a-spacing-mini\"><span class=\"a-list-item\">Odyssey Mandarin Sky de Armaf es una fragancia para hombres<\/span><\/li>\n<li class=\"a-spacing-mini\"><span class=\"a-list-item\">Notas de Salida: Mandarina, Naranja, Azafr\u00e1n y Salvia<\/span><\/li>\n<li class=\"a-spacing-mini\"><span class=\"a-list-item\">Notas medias: caramelo, haba tonka y tagetes<\/span><\/li>\n<li class=\"a-spacing-mini\"><span class=\"a-list-item\">Notas de Fondo: Ambrox\u00e1n, Vetiver y Cedro<\/span><\/li>\n<li class=\"a-spacing-mini\"><span class=\"a-list-item\">Es una fragancia de larga duraci\u00f3n<\/span><\/li>\n<li><span class=\"a-list-item\"><span class=\"a-text-bold\">Dimensiones del producto \u200f : \u200e\u00a0<\/span>3,15 x 2,36 x 4,33 pulgadas; 3,4 Onzas<\/span><\/li>\n<\/ul>\n<p>&nbsp;<\/p>\n<h4 class=\"a-spacing-mini a-color-secondary a-text-italic\">Informaci\u00f3n importante<\/h4>\n<div class=\"a-section content\">\n<p><strong>Informaci\u00f3n de seguridad<\/strong><\/p>\n<p>Solo para uso externo. Evite el contacto con los ojos. Mantener alejado del fuego o fuentes de calor directas.<\/p>\n<\/div>\n<p><strong>Ingredientes<\/strong><\/p>\n<p>Mandarina, Naranja, Azafr\u00e1n y Salvia<\/p>\n<div class=\"a-section content\">\n<p><strong>Instrucciones<\/strong><\/p>\n<p>Roc\u00eda en mu\u00f1ecas, detr\u00e1s de las orejas o en la ropa para un aroma duradero.<\/p>\n<\/div>\n<h2 class=\"video-title\"><\/h2>","protected":false},"excerpt":{"rendered":"<table class=\"a-normal a-spacing-micro\">\n<tbody>\n<tr class=\"a-spacing-small po-brand\">\n<td class=\"a-span3\"><span class=\"a-size-base a-text-bold\">Marca<\/span><\/td>\n<td class=\"a-span9\"><span class=\"a-size-base po-break-word\">Armaf<\/span><\/td>\n<\/tr>\n<tr class=\"a-spacing-small po-item_form\">\n<td class=\"a-span3\"><span class=\"a-size-base a-text-bold\">Forma del producto<\/span><\/td>\n<td class=\"a-span9\"><span class=\"a-size-base po-break-word\">L\u00edquido<\/span><\/td>\n<\/tr>\n<tr class=\"a-spacing-small po-item_volume\">\n<td class=\"a-span3\"><span class=\"a-size-base a-text-bold\">Volumen del art\u00edculo<\/span><\/td>\n<td class=\"a-span9\"><span class=\"a-size-base po-break-word\">3,4 Mililitros<\/span><\/td>\n<\/tr>\n<tr class=\"a-spacing-small po-scent\">\n<td class=\"a-span3\"><span class=\"a-size-base a-text-bold\">Fragancia<\/span><\/td>\n<td class=\"a-span9\"><span class=\"a-size-base po-break-word\">Frutado<\/span><\/td>\n<\/tr>\n<tr class=\"a-spacing-small po-special_feature\">\n<td class=\"a-span3\"><span class=\"a-size-base a-text-bold\">Caracter\u00edsticas especiales<\/span><\/td>\n<td class=\"a-span9\"><span class=\"a-size-base po-break-word\">Larga duraci\u00f3n<\/span><\/td>\n<\/tr>\n<\/tbody>\n<\/table>","protected":false},"featured_media":13568,"template":"","meta":[],"product_brand":[],"product_cat":[73],"product_tag":[74,75],"class_list":{"0":"post-14238","1":"product","2":"type-product","3":"status-publish","4":"has-post-thumbnail","6":"product_cat-perfumes-para-hombres","7":"product_tag-hombres","8":"product_tag-perfumes","10":"first","11":"instock","12":"taxable","13":"shipping-taxable","14":"purchasable","15":"product-type-simple"},"yoast_head":"<!-- This site is optimized with the Yoast SEO Premium plugin v26.4 (Yoast SEO v26.8) - https:\/\/yoast.com\/product\/yoast-seo-premium-wordpress\/ -->\n<title>Armaf Odyssey Mandarin Sky - Eau de Parfum para hombre, 3.4 onzas - Zaffirum | Parfums &amp; Luxury Watches<\/title>\n<meta name=\"robots\" content=\"index, follow, max-snippet:-1, max-image-preview:large, max-video-preview:-1\" \/>\n<link rel=\"canonical\" href=\"https:\/\/zaffirum.com\/es\/product\/armaf-odyssey-mandarin-sky-eau-de-parfum-para-hombre-3-4-onzas\/\" \/>\n<meta property=\"og:locale\" content=\"es_MX\" \/>\n<meta property=\"og:type\" content=\"article\" \/>\n<meta property=\"og:title\" content=\"Armaf Odyssey Mandarin Sky - Eau de Parfum para hombre, 3.4 onzas\" \/>\n<meta property=\"og:description\" content=\"Marca Armaf   Forma del producto L\u00edquido   Volumen del art\u00edculo 3,4 Mililitros   Fragancia Frutado   Caracter\u00edsticas especiales Larga duraci\u00f3n\" \/>\n<meta property=\"og:url\" content=\"https:\/\/zaffirum.com\/es\/product\/armaf-odyssey-mandarin-sky-eau-de-parfum-para-hombre-3-4-onzas\/\" \/>\n<meta property=\"og:site_name\" content=\"Zaffirum | Parfums &amp; Luxury Watches\" \/>\n<meta property=\"article:modified_time\" content=\"2026-01-23T18:47:05+00:00\" \/>\n<meta property=\"og:image\" content=\"https:\/\/zaffirum.com\/wp-content\/uploads\/2025\/11\/41ConZAAUQL._SL1200_.jpg\" \/>\n\t<meta property=\"og:image:width\" content=\"1200\" \/>\n\t<meta property=\"og:image:height\" content=\"1200\" \/>\n\t<meta property=\"og:image:type\" content=\"image\/jpeg\" \/>\n<meta name=\"twitter:card\" content=\"summary_large_image\" \/>\n<meta name=\"twitter:label1\" content=\"Tiempo de lectura\" \/>\n\t<meta name=\"twitter:data1\" content=\"1 minuto\" \/>\n<script type=\"application\/ld+json\" class=\"yoast-schema-graph\">{\"@context\":\"https:\/\/schema.org\",\"@graph\":[{\"@type\":\"WebPage\",\"@id\":\"https:\/\/zaffirum.com\/product\/armaf-odyssey-mandarin-sky-eau-de-parfum-para-hombre-3-4-onzas\/\",\"url\":\"https:\/\/zaffirum.com\/product\/armaf-odyssey-mandarin-sky-eau-de-parfum-para-hombre-3-4-onzas\/\",\"name\":\"Armaf Odyssey Mandarin Sky - Eau de Parfum para hombre, 3.4 onzas - Zaffirum | Parfums &amp; Luxury Watches\",\"isPartOf\":{\"@id\":\"https:\/\/zaffirum.com\/#website\"},\"primaryImageOfPage\":{\"@id\":\"https:\/\/zaffirum.com\/product\/armaf-odyssey-mandarin-sky-eau-de-parfum-para-hombre-3-4-onzas\/#primaryimage\"},\"image\":{\"@id\":\"https:\/\/zaffirum.com\/product\/armaf-odyssey-mandarin-sky-eau-de-parfum-para-hombre-3-4-onzas\/#primaryimage\"},\"thumbnailUrl\":\"https:\/\/zaffirum.com\/wp-content\/uploads\/2025\/11\/41ConZAAUQL._SL1200_.jpg\",\"datePublished\":\"2025-11-11T02:46:46+00:00\",\"dateModified\":\"2026-01-23T18:47:05+00:00\",\"breadcrumb\":{\"@id\":\"https:\/\/zaffirum.com\/product\/armaf-odyssey-mandarin-sky-eau-de-parfum-para-hombre-3-4-onzas\/#breadcrumb\"},\"inLanguage\":\"es\",\"potentialAction\":[{\"@type\":\"ReadAction\",\"target\":[\"https:\/\/zaffirum.com\/product\/armaf-odyssey-mandarin-sky-eau-de-parfum-para-hombre-3-4-onzas\/\"]}]},{\"@type\":\"ImageObject\",\"inLanguage\":\"es\",\"@id\":\"https:\/\/zaffirum.com\/product\/armaf-odyssey-mandarin-sky-eau-de-parfum-para-hombre-3-4-onzas\/#primaryimage\",\"url\":\"https:\/\/zaffirum.com\/wp-content\/uploads\/2025\/11\/41ConZAAUQL._SL1200_.jpg\",\"contentUrl\":\"https:\/\/zaffirum.com\/wp-content\/uploads\/2025\/11\/41ConZAAUQL._SL1200_.jpg\",\"width\":1200,\"height\":1200},{\"@type\":\"BreadcrumbList\",\"@id\":\"https:\/\/zaffirum.com\/product\/armaf-odyssey-mandarin-sky-eau-de-parfum-para-hombre-3-4-onzas\/#breadcrumb\",\"itemListElement\":[{\"@type\":\"ListItem\",\"position\":1,\"name\":\"Portada\",\"item\":\"https:\/\/zaffirum.com\/\"},{\"@type\":\"ListItem\",\"position\":2,\"name\":\"Tienda\",\"item\":\"https:\/\/zaffirum.com\/tienda\/\"},{\"@type\":\"ListItem\",\"position\":3,\"name\":\"Armaf Odyssey Mandarin Sky &#8211; Eau de Parfum para hombre, 3.4 onzas\"}]},{\"@type\":\"WebSite\",\"@id\":\"https:\/\/zaffirum.com\/#website\",\"url\":\"https:\/\/zaffirum.com\/\",\"name\":\"Zaffirum | Parfums &amp; Luxury Watches\",\"description\":\"\",\"publisher\":{\"@id\":\"https:\/\/zaffirum.com\/#organization\"},\"potentialAction\":[{\"@type\":\"SearchAction\",\"target\":{\"@type\":\"EntryPoint\",\"urlTemplate\":\"https:\/\/zaffirum.com\/?s={search_term_string}\"},\"query-input\":{\"@type\":\"PropertyValueSpecification\",\"valueRequired\":true,\"valueName\":\"search_term_string\"}}],\"inLanguage\":\"es\"},{\"@type\":\"Organization\",\"@id\":\"https:\/\/zaffirum.com\/#organization\",\"name\":\"Zaffirum | Parfums &amp; Luxury Watches\",\"url\":\"https:\/\/zaffirum.com\/\",\"logo\":{\"@type\":\"ImageObject\",\"inLanguage\":\"es\",\"@id\":\"https:\/\/zaffirum.com\/#\/schema\/logo\/image\/\",\"url\":\"https:\/\/zaffirum.com\/wp-content\/uploads\/2021\/02\/LOGO-WEB-02.png\",\"contentUrl\":\"https:\/\/zaffirum.com\/wp-content\/uploads\/2021\/02\/LOGO-WEB-02.png\",\"width\":328,\"height\":182,\"caption\":\"Zaffirum |  Parfums &amp; Luxury Watches\"},\"image\":{\"@id\":\"https:\/\/zaffirum.com\/#\/schema\/logo\/image\/\"}}]}<\/script>\n<!-- \/ Yoast SEO Premium plugin. -->","yoast_head_json":{"title":"Armaf Odyssey Mandarin Sky - Eau de Parfum para hombre, 3.4 onzas - Zaffirum | Parfums &amp; Luxury Watches","robots":{"index":"index","follow":"follow","max-snippet":"max-snippet:-1","max-image-preview":"max-image-preview:large","max-video-preview":"max-video-preview:-1"},"canonical":"https:\/\/zaffirum.com\/es\/product\/armaf-odyssey-mandarin-sky-eau-de-parfum-para-hombre-3-4-onzas\/","og_locale":"es_MX","og_type":"article","og_title":"Armaf Odyssey Mandarin Sky - Eau de Parfum para hombre, 3.4 onzas","og_description":"Marca Armaf   Forma del producto L\u00edquido   Volumen del art\u00edculo 3,4 Mililitros   Fragancia Frutado   Caracter\u00edsticas especiales Larga duraci\u00f3n","og_url":"https:\/\/zaffirum.com\/es\/product\/armaf-odyssey-mandarin-sky-eau-de-parfum-para-hombre-3-4-onzas\/","og_site_name":"Zaffirum | Parfums &amp; Luxury Watches","article_modified_time":"2026-01-23T18:47:05+00:00","og_image":[{"width":1200,"height":1200,"url":"https:\/\/zaffirum.com\/wp-content\/uploads\/2025\/11\/41ConZAAUQL._SL1200_.jpg","type":"image\/jpeg"}],"twitter_card":"summary_large_image","twitter_misc":{"Tiempo de lectura":"1 minuto"},"schema":{"@context":"https:\/\/schema.org","@graph":[{"@type":"WebPage","@id":"https:\/\/zaffirum.com\/product\/armaf-odyssey-mandarin-sky-eau-de-parfum-para-hombre-3-4-onzas\/","url":"https:\/\/zaffirum.com\/product\/armaf-odyssey-mandarin-sky-eau-de-parfum-para-hombre-3-4-onzas\/","name":"Armaf Odyssey Mandarin Sky - Eau de Parfum para hombre, 3.4 onzas - Zaffirum | Parfums &amp; Luxury Watches","isPartOf":{"@id":"https:\/\/zaffirum.com\/#website"},"primaryImageOfPage":{"@id":"https:\/\/zaffirum.com\/product\/armaf-odyssey-mandarin-sky-eau-de-parfum-para-hombre-3-4-onzas\/#primaryimage"},"image":{"@id":"https:\/\/zaffirum.com\/product\/armaf-odyssey-mandarin-sky-eau-de-parfum-para-hombre-3-4-onzas\/#primaryimage"},"thumbnailUrl":"https:\/\/zaffirum.com\/wp-content\/uploads\/2025\/11\/41ConZAAUQL._SL1200_.jpg","datePublished":"2025-11-11T02:46:46+00:00","dateModified":"2026-01-23T18:47:05+00:00","breadcrumb":{"@id":"https:\/\/zaffirum.com\/product\/armaf-odyssey-mandarin-sky-eau-de-parfum-para-hombre-3-4-onzas\/#breadcrumb"},"inLanguage":"es","potentialAction":[{"@type":"ReadAction","target":["https:\/\/zaffirum.com\/product\/armaf-odyssey-mandarin-sky-eau-de-parfum-para-hombre-3-4-onzas\/"]}]},{"@type":"ImageObject","inLanguage":"es","@id":"https:\/\/zaffirum.com\/product\/armaf-odyssey-mandarin-sky-eau-de-parfum-para-hombre-3-4-onzas\/#primaryimage","url":"https:\/\/zaffirum.com\/wp-content\/uploads\/2025\/11\/41ConZAAUQL._SL1200_.jpg","contentUrl":"https:\/\/zaffirum.com\/wp-content\/uploads\/2025\/11\/41ConZAAUQL._SL1200_.jpg","width":1200,"height":1200},{"@type":"BreadcrumbList","@id":"https:\/\/zaffirum.com\/product\/armaf-odyssey-mandarin-sky-eau-de-parfum-para-hombre-3-4-onzas\/#breadcrumb","itemListElement":[{"@type":"ListItem","position":1,"name":"Portada","item":"https:\/\/zaffirum.com\/"},{"@type":"ListItem","position":2,"name":"Tienda","item":"https:\/\/zaffirum.com\/tienda\/"},{"@type":"ListItem","position":3,"name":"Armaf Odyssey Mandarin Sky &#8211; Eau de Parfum para hombre, 3.4 onzas"}]},{"@type":"WebSite","@id":"https:\/\/zaffirum.com\/#website","url":"https:\/\/zaffirum.com\/","name":"Zaffirum | Parfums &amp; Luxury Watches","description":"","publisher":{"@id":"https:\/\/zaffirum.com\/#organization"},"potentialAction":[{"@type":"SearchAction","target":{"@type":"EntryPoint","urlTemplate":"https:\/\/zaffirum.com\/?s={search_term_string}"},"query-input":{"@type":"PropertyValueSpecification","valueRequired":true,"valueName":"search_term_string"}}],"inLanguage":"es"},{"@type":"Organization","@id":"https:\/\/zaffirum.com\/#organization","name":"Zaffirum | Parfums &amp; Luxury Watches","url":"https:\/\/zaffirum.com\/","logo":{"@type":"ImageObject","inLanguage":"es","@id":"https:\/\/zaffirum.com\/#\/schema\/logo\/image\/","url":"https:\/\/zaffirum.com\/wp-content\/uploads\/2021\/02\/LOGO-WEB-02.png","contentUrl":"https:\/\/zaffirum.com\/wp-content\/uploads\/2021\/02\/LOGO-WEB-02.png","width":328,"height":182,"caption":"Zaffirum |  Parfums &amp; Luxury Watches"},"image":{"@id":"https:\/\/zaffirum.com\/#\/schema\/logo\/image\/"}}]}},"_links":{"self":[{"href":"https:\/\/zaffirum.com\/es\/wp-json\/wp\/v2\/product\/14238","targetHints":{"allow":["GET"]}}],"collection":[{"href":"https:\/\/zaffirum.com\/es\/wp-json\/wp\/v2\/product"}],"about":[{"href":"https:\/\/zaffirum.com\/es\/wp-json\/wp\/v2\/types\/product"}],"version-history":[{"count":1,"href":"https:\/\/zaffirum.com\/es\/wp-json\/wp\/v2\/product\/14238\/revisions"}],"predecessor-version":[{"id":14268,"href":"https:\/\/zaffirum.com\/es\/wp-json\/wp\/v2\/product\/14238\/revisions\/14268"}],"wp:featuredmedia":[{"embeddable":true,"href":"https:\/\/zaffirum.com\/es\/wp-json\/wp\/v2\/media\/13568"}],"wp:attachment":[{"href":"https:\/\/zaffirum.com\/es\/wp-json\/wp\/v2\/media?parent=14238"}],"wp:term":[{"taxonomy":"product_brand","embeddable":true,"href":"https:\/\/zaffirum.com\/es\/wp-json\/wp\/v2\/product_brand?post=14238"},{"taxonomy":"product_cat","embeddable":true,"href":"https:\/\/zaffirum.com\/es\/wp-json\/wp\/v2\/product_cat?post=14238"},{"taxonomy":"product_tag","embeddable":true,"href":"https:\/\/zaffirum.com\/es\/wp-json\/wp\/v2\/product_tag?post=14238"}],"curies":[{"name":"wp","href":"https:\/\/api.w.org\/{rel}","templated":true}]}}