{"id":14239,"date":"2025-11-11T02:46:46","date_gmt":"2025-11-11T02:46:46","guid":{"rendered":"https:\/\/zaffirum.com\/?post_type=product&#038;p=14239"},"modified":"2026-01-23T13:47:32","modified_gmt":"2026-01-23T18:47:32","slug":"giorgio-armani-emporio-stronger-with-you-intensely-for-men-eau-de-parfum-limpio-3-4-fl-oz","status":"publish","type":"product","link":"https:\/\/zaffirum.com\/es\/product\/giorgio-armani-emporio-stronger-with-you-intensely-for-men-eau-de-parfum-limpio-3-4-fl-oz\/","title":{"rendered":"GIORGIO ARMANI Emporio Stronger With You Intensely for Men Eau De Parfum, Limpio, 3.4 Fl Oz"},"content":{"rendered":"<p>Emporio Armani Stronger With You Intensely es una fragancia de madera oriental con detalles fougere. Cuenta una historia de la emoci\u00f3n de un amor nuevo y joven. Las notas de salida incluyen especias y violeta, con el coraz\u00f3n que combina lavanda con caramelo dulce de caramelo y canela. La base termina con gamuza, vainilla y \u00e1mbar.<\/p>\n<p>&nbsp;<\/p>\n<ul class=\"a-unordered-list a-vertical a-spacing-mini\">\n<li class=\"a-spacing-mini\"><span class=\"a-list-item\">Emporio Armani Stronger With You Intensely se lanz\u00f3 en 2019.<\/span><\/li>\n<li class=\"a-spacing-mini\"><span class=\"a-list-item\">Las notas de salida incluyen especias y violeta, con el coraz\u00f3n que combina lavanda con caramelo dulce de caramelo y canela<\/span><\/li>\n<li class=\"a-spacing-mini\"><span class=\"a-list-item\">La base termina con gamuza, vainilla y \u00e1mbar<\/span><\/li>\n<li class=\"a-spacing-mini\"><span class=\"a-list-item\">La dimensi\u00f3n del paquete del producto es de 1.6 in de largo x 2.0 in de ancho x 1.6 in de alto<\/span><\/li>\n<li><span class=\"a-list-item\"><span class=\"a-text-bold\">Dimensiones del producto \u200f : \u200e\u00a0<\/span>1,57 x 1,97 x 1,57 pulgadas; 3,4 Onzas<\/span><\/li>\n<\/ul>\n<p>&nbsp;<\/p>\n<h4 class=\"a-spacing-mini a-color-secondary a-text-italic\">Informaci\u00f3n importante<\/h4>\n<div class=\"a-section content\">\n<p><strong>Informaci\u00f3n de seguridad<\/strong><\/p>\n<p>Solo para uso externo. Evite el contacto con los ojos. Mantener alejado del fuego o fuentes de calor directas.<\/p>\n<\/div>\n<p><strong>Ingredientes<\/strong><\/p>\n<div id=\"importantInformation_feature_div\" class=\"celwidget\" data-feature-name=\"importantInformation\" data-csa-c-type=\"widget\" data-csa-c-content-id=\"importantInformation\" data-csa-c-slot-id=\"importantInformation_feature_div\" data-csa-c-asin=\"\" data-csa-c-is-in-initial-active-row=\"false\" data-csa-c-id=\"gcpc76-dfdnh7-16yciq-cw9sn\" data-cel-widget=\"importantInformation_feature_div\">\n<div id=\"important-information\" class=\"a-section a-spacing-extra-large bucket\">\n<div class=\"a-section content\">\n<p>Alcohol, Perfum (Fragrancia), Agua\/Agua, Coumarina, Dietilamino Hidroxbenzo\u00edlo Benzoato Hexilo, Limoneno, Isoeugenol, Linalool, Eugenol, Citronelol, Alcohol benc\u00edlico, Citral, Cinnamal, CI 14700\/Red 4, CI 15510\/ Naranja 4, Geraniol, Metil-2 Octynoate, CI 60730\/EXT.Violet 2, CI 42090\/Blue L C\u00f3digo Fil : B225816\/2<\/p>\n<\/div>\n<\/div>\n<\/div>\n<div class=\"a-section content\">\n<p><strong>Instrucciones<\/strong><\/p>\n<p>Roc\u00eda en mu\u00f1ecas, detr\u00e1s de las orejas o en la ropa para un aroma duradero.<\/p>\n<\/div>\n<h2 class=\"video-title\"><\/h2>","protected":false},"excerpt":{"rendered":"<div id=\"productOverview_feature_div\" class=\"celwidget\" data-feature-name=\"productOverview\" data-csa-c-type=\"widget\" data-csa-c-content-id=\"productOverview\" data-csa-c-slot-id=\"productOverview_feature_div\" data-csa-c-asin=\"B07JZFBJ9P\" data-csa-c-is-in-initial-active-row=\"false\" data-csa-c-id=\"y8f1pm-gs4cwd-6zi537-67am55\" data-cel-widget=\"productOverview_feature_div\">\n<div class=\"a-section a-spacing-small a-spacing-top-small\">\n<table class=\"a-normal a-spacing-micro\">\n<tbody>\n<tr class=\"a-spacing-small po-brand\">\n<td class=\"a-span3\"><span class=\"a-size-base a-text-bold\">Marca<\/span><\/td>\n<td class=\"a-span9\"><span class=\"a-size-base po-break-word\">Armani Beauty<\/span><\/td>\n<\/tr>\n<tr class=\"a-spacing-small po-item_form\">\n<td class=\"a-span3\"><span class=\"a-size-base a-text-bold\">Forma del producto<\/span><\/td>\n<td class=\"a-span9\"><span class=\"a-size-base po-break-word\">L\u00edquido<\/span><\/td>\n<\/tr>\n<tr class=\"a-spacing-small po-item_volume\">\n<td class=\"a-span3\"><span class=\"a-size-base a-text-bold\">Volumen del art\u00edculo<\/span><\/td>\n<td class=\"a-span9\"><span class=\"a-size-base po-break-word\">3,4 Onzas de l\u00edquido<\/span><\/td>\n<\/tr>\n<tr class=\"a-spacing-small po-scent\">\n<td class=\"a-span3\"><span class=\"a-size-base a-text-bold\">Fragancia<\/span><\/td>\n<td class=\"a-span9\"><span class=\"a-size-base po-break-word\">Canela, lavanda, vainilla<\/span><\/td>\n<\/tr>\n<tr class=\"a-spacing-small po-special_feature\">\n<td class=\"a-span3\"><span class=\"a-size-base a-text-bold\">Caracter\u00edsticas especiales<\/span><\/td>\n<td class=\"a-span9\"><span class=\"a-size-base po-break-word\">Tama\u00f1o de bolsillo<\/span><\/td>\n<\/tr>\n<\/tbody>\n<\/table>\n<\/div>\n<\/div>\n<div id=\"featurebullets_feature_div\" class=\"celwidget\" data-feature-name=\"featurebullets\" data-csa-c-type=\"widget\" data-csa-c-content-id=\"featurebullets\" data-csa-c-slot-id=\"featurebullets_feature_div\" data-csa-c-asin=\"B07JZFBJ9P\" data-csa-c-is-in-initial-active-row=\"false\" data-csa-c-id=\"sb3f84-ac2991-a19xkh-mcuch0\" data-cel-widget=\"featurebullets_feature_div\">\n<div id=\"feature-bullets\" class=\"a-section a-spacing-medium a-spacing-top-small\"><\/div>\n<\/div>","protected":false},"featured_media":13573,"template":"","meta":[],"product_brand":[],"product_cat":[76,73],"product_tag":[74,75],"class_list":{"0":"post-14239","1":"product","2":"type-product","3":"status-publish","4":"has-post-thumbnail","6":"product_cat-perfumes-de-disenador","7":"product_cat-perfumes-para-hombres","8":"product_tag-hombres","9":"product_tag-perfumes","11":"first","12":"outofstock","13":"taxable","14":"shipping-taxable","15":"purchasable","16":"product-type-simple"},"yoast_head":"<!-- This site is optimized with the Yoast SEO Premium plugin v26.4 (Yoast SEO v26.8) - https:\/\/yoast.com\/product\/yoast-seo-premium-wordpress\/ -->\n<title>GIORGIO ARMANI Emporio Stronger With You Intensely for Men Eau De Parfum, Limpio, 3.4 Fl Oz - Zaffirum | Parfums &amp; Luxury Watches<\/title>\n<meta name=\"robots\" content=\"index, follow, max-snippet:-1, max-image-preview:large, max-video-preview:-1\" \/>\n<link rel=\"canonical\" href=\"https:\/\/zaffirum.com\/es\/product\/giorgio-armani-emporio-stronger-with-you-intensely-for-men-eau-de-parfum-limpio-3-4-fl-oz\/\" \/>\n<meta property=\"og:locale\" content=\"es_MX\" \/>\n<meta property=\"og:type\" content=\"article\" \/>\n<meta property=\"og:title\" content=\"GIORGIO ARMANI Emporio Stronger With You Intensely for Men Eau De Parfum, Limpio, 3.4 Fl Oz\" \/>\n<meta property=\"og:description\" content=\"Marca Armani Beauty   Forma del producto L\u00edquido   Volumen del art\u00edculo 3,4 Onzas de l\u00edquido   Fragancia Canela, lavanda, vainilla   Caracter\u00edsticas especiales Tama\u00f1o de bolsillo\" \/>\n<meta property=\"og:url\" content=\"https:\/\/zaffirum.com\/es\/product\/giorgio-armani-emporio-stronger-with-you-intensely-for-men-eau-de-parfum-limpio-3-4-fl-oz\/\" \/>\n<meta property=\"og:site_name\" content=\"Zaffirum | Parfums &amp; Luxury Watches\" \/>\n<meta property=\"article:modified_time\" content=\"2026-01-23T18:47:32+00:00\" \/>\n<meta property=\"og:image\" content=\"https:\/\/zaffirum.com\/wp-content\/uploads\/2025\/11\/61fP7idZRJL._SL1500_.jpg\" \/>\n\t<meta property=\"og:image:width\" content=\"1500\" \/>\n\t<meta property=\"og:image:height\" content=\"1500\" \/>\n\t<meta property=\"og:image:type\" content=\"image\/jpeg\" \/>\n<meta name=\"twitter:card\" content=\"summary_large_image\" \/>\n<meta name=\"twitter:label1\" content=\"Tiempo de lectura\" \/>\n\t<meta name=\"twitter:data1\" content=\"1 minuto\" \/>\n<script type=\"application\/ld+json\" class=\"yoast-schema-graph\">{\"@context\":\"https:\/\/schema.org\",\"@graph\":[{\"@type\":\"WebPage\",\"@id\":\"https:\/\/zaffirum.com\/product\/giorgio-armani-emporio-stronger-with-you-intensely-for-men-eau-de-parfum-limpio-3-4-fl-oz\/\",\"url\":\"https:\/\/zaffirum.com\/product\/giorgio-armani-emporio-stronger-with-you-intensely-for-men-eau-de-parfum-limpio-3-4-fl-oz\/\",\"name\":\"GIORGIO ARMANI Emporio Stronger With You Intensely for Men Eau De Parfum, Limpio, 3.4 Fl Oz - Zaffirum | Parfums &amp; Luxury Watches\",\"isPartOf\":{\"@id\":\"https:\/\/zaffirum.com\/#website\"},\"primaryImageOfPage\":{\"@id\":\"https:\/\/zaffirum.com\/product\/giorgio-armani-emporio-stronger-with-you-intensely-for-men-eau-de-parfum-limpio-3-4-fl-oz\/#primaryimage\"},\"image\":{\"@id\":\"https:\/\/zaffirum.com\/product\/giorgio-armani-emporio-stronger-with-you-intensely-for-men-eau-de-parfum-limpio-3-4-fl-oz\/#primaryimage\"},\"thumbnailUrl\":\"https:\/\/zaffirum.com\/wp-content\/uploads\/2025\/11\/61fP7idZRJL._SL1500_.jpg\",\"datePublished\":\"2025-11-11T02:46:46+00:00\",\"dateModified\":\"2026-01-23T18:47:32+00:00\",\"breadcrumb\":{\"@id\":\"https:\/\/zaffirum.com\/product\/giorgio-armani-emporio-stronger-with-you-intensely-for-men-eau-de-parfum-limpio-3-4-fl-oz\/#breadcrumb\"},\"inLanguage\":\"es\",\"potentialAction\":[{\"@type\":\"ReadAction\",\"target\":[\"https:\/\/zaffirum.com\/product\/giorgio-armani-emporio-stronger-with-you-intensely-for-men-eau-de-parfum-limpio-3-4-fl-oz\/\"]}]},{\"@type\":\"ImageObject\",\"inLanguage\":\"es\",\"@id\":\"https:\/\/zaffirum.com\/product\/giorgio-armani-emporio-stronger-with-you-intensely-for-men-eau-de-parfum-limpio-3-4-fl-oz\/#primaryimage\",\"url\":\"https:\/\/zaffirum.com\/wp-content\/uploads\/2025\/11\/61fP7idZRJL._SL1500_.jpg\",\"contentUrl\":\"https:\/\/zaffirum.com\/wp-content\/uploads\/2025\/11\/61fP7idZRJL._SL1500_.jpg\",\"width\":1500,\"height\":1500},{\"@type\":\"BreadcrumbList\",\"@id\":\"https:\/\/zaffirum.com\/product\/giorgio-armani-emporio-stronger-with-you-intensely-for-men-eau-de-parfum-limpio-3-4-fl-oz\/#breadcrumb\",\"itemListElement\":[{\"@type\":\"ListItem\",\"position\":1,\"name\":\"Portada\",\"item\":\"https:\/\/zaffirum.com\/\"},{\"@type\":\"ListItem\",\"position\":2,\"name\":\"Tienda\",\"item\":\"https:\/\/zaffirum.com\/tienda\/\"},{\"@type\":\"ListItem\",\"position\":3,\"name\":\"GIORGIO ARMANI Emporio Stronger With You Intensely for Men Eau De Parfum, Limpio, 3.4 Fl Oz\"}]},{\"@type\":\"WebSite\",\"@id\":\"https:\/\/zaffirum.com\/#website\",\"url\":\"https:\/\/zaffirum.com\/\",\"name\":\"Zaffirum | Parfums &amp; Luxury Watches\",\"description\":\"\",\"publisher\":{\"@id\":\"https:\/\/zaffirum.com\/#organization\"},\"potentialAction\":[{\"@type\":\"SearchAction\",\"target\":{\"@type\":\"EntryPoint\",\"urlTemplate\":\"https:\/\/zaffirum.com\/?s={search_term_string}\"},\"query-input\":{\"@type\":\"PropertyValueSpecification\",\"valueRequired\":true,\"valueName\":\"search_term_string\"}}],\"inLanguage\":\"es\"},{\"@type\":\"Organization\",\"@id\":\"https:\/\/zaffirum.com\/#organization\",\"name\":\"Zaffirum | Parfums &amp; Luxury Watches\",\"url\":\"https:\/\/zaffirum.com\/\",\"logo\":{\"@type\":\"ImageObject\",\"inLanguage\":\"es\",\"@id\":\"https:\/\/zaffirum.com\/#\/schema\/logo\/image\/\",\"url\":\"https:\/\/zaffirum.com\/wp-content\/uploads\/2021\/02\/LOGO-WEB-02.png\",\"contentUrl\":\"https:\/\/zaffirum.com\/wp-content\/uploads\/2021\/02\/LOGO-WEB-02.png\",\"width\":328,\"height\":182,\"caption\":\"Zaffirum |  Parfums &amp; Luxury Watches\"},\"image\":{\"@id\":\"https:\/\/zaffirum.com\/#\/schema\/logo\/image\/\"}}]}<\/script>\n<!-- \/ Yoast SEO Premium plugin. -->","yoast_head_json":{"title":"GIORGIO ARMANI Emporio Stronger With You Intensely for Men Eau De Parfum, Limpio, 3.4 Fl Oz - Zaffirum | Parfums &amp; Luxury Watches","robots":{"index":"index","follow":"follow","max-snippet":"max-snippet:-1","max-image-preview":"max-image-preview:large","max-video-preview":"max-video-preview:-1"},"canonical":"https:\/\/zaffirum.com\/es\/product\/giorgio-armani-emporio-stronger-with-you-intensely-for-men-eau-de-parfum-limpio-3-4-fl-oz\/","og_locale":"es_MX","og_type":"article","og_title":"GIORGIO ARMANI Emporio Stronger With You Intensely for Men Eau De Parfum, Limpio, 3.4 Fl Oz","og_description":"Marca Armani Beauty   Forma del producto L\u00edquido   Volumen del art\u00edculo 3,4 Onzas de l\u00edquido   Fragancia Canela, lavanda, vainilla   Caracter\u00edsticas especiales Tama\u00f1o de bolsillo","og_url":"https:\/\/zaffirum.com\/es\/product\/giorgio-armani-emporio-stronger-with-you-intensely-for-men-eau-de-parfum-limpio-3-4-fl-oz\/","og_site_name":"Zaffirum | Parfums &amp; Luxury Watches","article_modified_time":"2026-01-23T18:47:32+00:00","og_image":[{"width":1500,"height":1500,"url":"https:\/\/zaffirum.com\/wp-content\/uploads\/2025\/11\/61fP7idZRJL._SL1500_.jpg","type":"image\/jpeg"}],"twitter_card":"summary_large_image","twitter_misc":{"Tiempo de lectura":"1 minuto"},"schema":{"@context":"https:\/\/schema.org","@graph":[{"@type":"WebPage","@id":"https:\/\/zaffirum.com\/product\/giorgio-armani-emporio-stronger-with-you-intensely-for-men-eau-de-parfum-limpio-3-4-fl-oz\/","url":"https:\/\/zaffirum.com\/product\/giorgio-armani-emporio-stronger-with-you-intensely-for-men-eau-de-parfum-limpio-3-4-fl-oz\/","name":"GIORGIO ARMANI Emporio Stronger With You Intensely for Men Eau De Parfum, Limpio, 3.4 Fl Oz - Zaffirum | Parfums &amp; Luxury Watches","isPartOf":{"@id":"https:\/\/zaffirum.com\/#website"},"primaryImageOfPage":{"@id":"https:\/\/zaffirum.com\/product\/giorgio-armani-emporio-stronger-with-you-intensely-for-men-eau-de-parfum-limpio-3-4-fl-oz\/#primaryimage"},"image":{"@id":"https:\/\/zaffirum.com\/product\/giorgio-armani-emporio-stronger-with-you-intensely-for-men-eau-de-parfum-limpio-3-4-fl-oz\/#primaryimage"},"thumbnailUrl":"https:\/\/zaffirum.com\/wp-content\/uploads\/2025\/11\/61fP7idZRJL._SL1500_.jpg","datePublished":"2025-11-11T02:46:46+00:00","dateModified":"2026-01-23T18:47:32+00:00","breadcrumb":{"@id":"https:\/\/zaffirum.com\/product\/giorgio-armani-emporio-stronger-with-you-intensely-for-men-eau-de-parfum-limpio-3-4-fl-oz\/#breadcrumb"},"inLanguage":"es","potentialAction":[{"@type":"ReadAction","target":["https:\/\/zaffirum.com\/product\/giorgio-armani-emporio-stronger-with-you-intensely-for-men-eau-de-parfum-limpio-3-4-fl-oz\/"]}]},{"@type":"ImageObject","inLanguage":"es","@id":"https:\/\/zaffirum.com\/product\/giorgio-armani-emporio-stronger-with-you-intensely-for-men-eau-de-parfum-limpio-3-4-fl-oz\/#primaryimage","url":"https:\/\/zaffirum.com\/wp-content\/uploads\/2025\/11\/61fP7idZRJL._SL1500_.jpg","contentUrl":"https:\/\/zaffirum.com\/wp-content\/uploads\/2025\/11\/61fP7idZRJL._SL1500_.jpg","width":1500,"height":1500},{"@type":"BreadcrumbList","@id":"https:\/\/zaffirum.com\/product\/giorgio-armani-emporio-stronger-with-you-intensely-for-men-eau-de-parfum-limpio-3-4-fl-oz\/#breadcrumb","itemListElement":[{"@type":"ListItem","position":1,"name":"Portada","item":"https:\/\/zaffirum.com\/"},{"@type":"ListItem","position":2,"name":"Tienda","item":"https:\/\/zaffirum.com\/tienda\/"},{"@type":"ListItem","position":3,"name":"GIORGIO ARMANI Emporio Stronger With You Intensely for Men Eau De Parfum, Limpio, 3.4 Fl Oz"}]},{"@type":"WebSite","@id":"https:\/\/zaffirum.com\/#website","url":"https:\/\/zaffirum.com\/","name":"Zaffirum | Parfums &amp; Luxury Watches","description":"","publisher":{"@id":"https:\/\/zaffirum.com\/#organization"},"potentialAction":[{"@type":"SearchAction","target":{"@type":"EntryPoint","urlTemplate":"https:\/\/zaffirum.com\/?s={search_term_string}"},"query-input":{"@type":"PropertyValueSpecification","valueRequired":true,"valueName":"search_term_string"}}],"inLanguage":"es"},{"@type":"Organization","@id":"https:\/\/zaffirum.com\/#organization","name":"Zaffirum | Parfums &amp; Luxury Watches","url":"https:\/\/zaffirum.com\/","logo":{"@type":"ImageObject","inLanguage":"es","@id":"https:\/\/zaffirum.com\/#\/schema\/logo\/image\/","url":"https:\/\/zaffirum.com\/wp-content\/uploads\/2021\/02\/LOGO-WEB-02.png","contentUrl":"https:\/\/zaffirum.com\/wp-content\/uploads\/2021\/02\/LOGO-WEB-02.png","width":328,"height":182,"caption":"Zaffirum |  Parfums &amp; Luxury Watches"},"image":{"@id":"https:\/\/zaffirum.com\/#\/schema\/logo\/image\/"}}]}},"_links":{"self":[{"href":"https:\/\/zaffirum.com\/es\/wp-json\/wp\/v2\/product\/14239","targetHints":{"allow":["GET"]}}],"collection":[{"href":"https:\/\/zaffirum.com\/es\/wp-json\/wp\/v2\/product"}],"about":[{"href":"https:\/\/zaffirum.com\/es\/wp-json\/wp\/v2\/types\/product"}],"version-history":[{"count":1,"href":"https:\/\/zaffirum.com\/es\/wp-json\/wp\/v2\/product\/14239\/revisions"}],"predecessor-version":[{"id":14269,"href":"https:\/\/zaffirum.com\/es\/wp-json\/wp\/v2\/product\/14239\/revisions\/14269"}],"wp:featuredmedia":[{"embeddable":true,"href":"https:\/\/zaffirum.com\/es\/wp-json\/wp\/v2\/media\/13573"}],"wp:attachment":[{"href":"https:\/\/zaffirum.com\/es\/wp-json\/wp\/v2\/media?parent=14239"}],"wp:term":[{"taxonomy":"product_brand","embeddable":true,"href":"https:\/\/zaffirum.com\/es\/wp-json\/wp\/v2\/product_brand?post=14239"},{"taxonomy":"product_cat","embeddable":true,"href":"https:\/\/zaffirum.com\/es\/wp-json\/wp\/v2\/product_cat?post=14239"},{"taxonomy":"product_tag","embeddable":true,"href":"https:\/\/zaffirum.com\/es\/wp-json\/wp\/v2\/product_tag?post=14239"}],"curies":[{"name":"wp","href":"https:\/\/api.w.org\/{rel}","templated":true}]}}