{"id":14241,"date":"2025-11-11T02:46:47","date_gmt":"2025-11-11T02:46:47","guid":{"rendered":"https:\/\/zaffirum.com\/?post_type=product&#038;p=14241"},"modified":"2026-01-23T13:27:07","modified_gmt":"2026-01-23T18:27:07","slug":"bharara-king-for-men-eau-de-parfum-en-aerosol-3-4-onzas","status":"publish","type":"product","link":"https:\/\/zaffirum.com\/es\/product\/bharara-king-for-men-eau-de-parfum-en-aerosol-3-4-onzas\/","title":{"rendered":"Bharara King For Men Eau de Parfum en aerosol, 3.4 onzas"},"content":{"rendered":"<p><strong>NOTAS DE SALIDA:<\/strong><\/p>\n<p>BERGMOTA<\/p>\n<p>CITRICOS<\/p>\n<p>LIM\u00d3N<\/p>\n<p>NARANJA<\/p>\n<p><strong>NOTAS DE CORAZ\u00d3N:<\/strong><\/p>\n<p>FUITY<\/p>\n<p>TUTTIFRUTTI<\/p>\n<p><strong>NOTAS DE FONDO:<\/strong><\/p>\n<p>AMBAR<\/p>\n<p>ALMIZCLE BLANCO<\/p>\n<p>VAINILLA<\/p>","protected":false},"excerpt":{"rendered":"<table class=\"a-normal a-spacing-micro\">\n<tbody>\n<tr class=\"a-spacing-small po-brand\">\n<td class=\"a-span3\"><span class=\"a-size-base a-text-bold\">Marca<\/span><\/td>\n<td class=\"a-span9\"><span class=\"a-size-base po-break-word\">B Bharara<\/span><\/td>\n<\/tr>\n<tr class=\"a-spacing-small po-item_form\">\n<td class=\"a-span3\"><span class=\"a-size-base a-text-bold\">Forma del producto<\/span><\/td>\n<td class=\"a-span9\"><span class=\"a-size-base po-break-word\">Aerosol<\/span><\/td>\n<\/tr>\n<tr class=\"a-spacing-small po-item_volume\">\n<td class=\"a-span3\"><span class=\"a-size-base a-text-bold\">Volumen del art\u00edculo<\/span><\/td>\n<td class=\"a-span9\"><span class=\"a-size-base po-break-word\">3,4 Onzas de l\u00edquido<\/span><\/td>\n<\/tr>\n<tr class=\"a-spacing-small po-scent\">\n<td class=\"a-span3\"><span class=\"a-size-base a-text-bold\">Fragancia<\/span><\/td>\n<td class=\"a-span9\"><span class=\"a-size-base po-break-word\">King:<\/span><\/td>\n<\/tr>\n<tr class=\"a-spacing-small po-fragrance_concentration\">\n<td class=\"a-span3\"><span class=\"a-size-base a-text-bold\">Concentraci\u00f3n de fragancia<\/span><\/td>\n<td class=\"a-span9\"><span class=\"a-size-base po-break-word\">Eau de parfum<\/span><\/td>\n<\/tr>\n<\/tbody>\n<\/table>\n<p><span class=\"a-list-item\">Bharara King es una maravillosa fragancia masculina para el hombre moderno y elegante.<\/span><\/p>","protected":false},"featured_media":13587,"template":"","meta":[],"product_brand":[],"product_cat":[73],"product_tag":[77,74,75],"class_list":{"0":"post-14241","1":"product","2":"type-product","3":"status-publish","4":"has-post-thumbnail","6":"product_cat-perfumes-para-hombres","7":"product_tag-fragancias","8":"product_tag-hombres","9":"product_tag-perfumes","11":"first","12":"outofstock","13":"taxable","14":"shipping-taxable","15":"purchasable","16":"product-type-simple"},"yoast_head":"<!-- This site is optimized with the Yoast SEO Premium plugin v26.4 (Yoast SEO v26.8) - https:\/\/yoast.com\/product\/yoast-seo-premium-wordpress\/ -->\n<title>Bharara King For Men Eau de Parfum en aerosol, 3.4 onzas - Zaffirum | Parfums &amp; Luxury Watches<\/title>\n<meta name=\"robots\" content=\"index, follow, max-snippet:-1, max-image-preview:large, max-video-preview:-1\" \/>\n<link rel=\"canonical\" href=\"https:\/\/zaffirum.com\/es\/product\/bharara-king-for-men-eau-de-parfum-en-aerosol-3-4-onzas\/\" \/>\n<meta property=\"og:locale\" content=\"es_MX\" \/>\n<meta property=\"og:type\" content=\"article\" \/>\n<meta property=\"og:title\" content=\"Bharara King For Men Eau de Parfum en aerosol, 3.4 onzas\" \/>\n<meta property=\"og:description\" content=\"Marca B Bharara   Forma del producto Aerosol   Volumen del art\u00edculo 3,4 Onzas de l\u00edquido   Fragancia King:   Concentraci\u00f3n de fragancia Eau de parfum    Bharara King es una maravillosa fragancia masculina para el hombre moderno y elegante.\" \/>\n<meta property=\"og:url\" content=\"https:\/\/zaffirum.com\/es\/product\/bharara-king-for-men-eau-de-parfum-en-aerosol-3-4-onzas\/\" \/>\n<meta property=\"og:site_name\" content=\"Zaffirum | Parfums &amp; Luxury Watches\" \/>\n<meta property=\"article:modified_time\" content=\"2026-01-23T18:27:07+00:00\" \/>\n<meta property=\"og:image\" content=\"https:\/\/zaffirum.com\/wp-content\/uploads\/2025\/11\/bharara-king-clasico.webp\" \/>\n\t<meta property=\"og:image:width\" content=\"700\" \/>\n\t<meta property=\"og:image:height\" content=\"700\" \/>\n\t<meta property=\"og:image:type\" content=\"image\/webp\" \/>\n<meta name=\"twitter:card\" content=\"summary_large_image\" \/>\n<script type=\"application\/ld+json\" class=\"yoast-schema-graph\">{\"@context\":\"https:\/\/schema.org\",\"@graph\":[{\"@type\":\"WebPage\",\"@id\":\"https:\/\/zaffirum.com\/product\/bharara-king-for-men-eau-de-parfum-en-aerosol-3-4-onzas\/\",\"url\":\"https:\/\/zaffirum.com\/product\/bharara-king-for-men-eau-de-parfum-en-aerosol-3-4-onzas\/\",\"name\":\"Bharara King For Men Eau de Parfum en aerosol, 3.4 onzas - Zaffirum | Parfums &amp; Luxury Watches\",\"isPartOf\":{\"@id\":\"https:\/\/zaffirum.com\/#website\"},\"primaryImageOfPage\":{\"@id\":\"https:\/\/zaffirum.com\/product\/bharara-king-for-men-eau-de-parfum-en-aerosol-3-4-onzas\/#primaryimage\"},\"image\":{\"@id\":\"https:\/\/zaffirum.com\/product\/bharara-king-for-men-eau-de-parfum-en-aerosol-3-4-onzas\/#primaryimage\"},\"thumbnailUrl\":\"https:\/\/zaffirum.com\/wp-content\/uploads\/2025\/11\/bharara-king-clasico.webp\",\"datePublished\":\"2025-11-11T02:46:47+00:00\",\"dateModified\":\"2026-01-23T18:27:07+00:00\",\"breadcrumb\":{\"@id\":\"https:\/\/zaffirum.com\/product\/bharara-king-for-men-eau-de-parfum-en-aerosol-3-4-onzas\/#breadcrumb\"},\"inLanguage\":\"es\",\"potentialAction\":[{\"@type\":\"ReadAction\",\"target\":[\"https:\/\/zaffirum.com\/product\/bharara-king-for-men-eau-de-parfum-en-aerosol-3-4-onzas\/\"]}]},{\"@type\":\"ImageObject\",\"inLanguage\":\"es\",\"@id\":\"https:\/\/zaffirum.com\/product\/bharara-king-for-men-eau-de-parfum-en-aerosol-3-4-onzas\/#primaryimage\",\"url\":\"https:\/\/zaffirum.com\/wp-content\/uploads\/2025\/11\/bharara-king-clasico.webp\",\"contentUrl\":\"https:\/\/zaffirum.com\/wp-content\/uploads\/2025\/11\/bharara-king-clasico.webp\",\"width\":700,\"height\":700},{\"@type\":\"BreadcrumbList\",\"@id\":\"https:\/\/zaffirum.com\/product\/bharara-king-for-men-eau-de-parfum-en-aerosol-3-4-onzas\/#breadcrumb\",\"itemListElement\":[{\"@type\":\"ListItem\",\"position\":1,\"name\":\"Portada\",\"item\":\"https:\/\/zaffirum.com\/\"},{\"@type\":\"ListItem\",\"position\":2,\"name\":\"Tienda\",\"item\":\"https:\/\/zaffirum.com\/tienda\/\"},{\"@type\":\"ListItem\",\"position\":3,\"name\":\"Bharara King For Men Eau de Parfum en aerosol, 3.4 onzas\"}]},{\"@type\":\"WebSite\",\"@id\":\"https:\/\/zaffirum.com\/#website\",\"url\":\"https:\/\/zaffirum.com\/\",\"name\":\"Zaffirum | Parfums &amp; Luxury Watches\",\"description\":\"\",\"publisher\":{\"@id\":\"https:\/\/zaffirum.com\/#organization\"},\"potentialAction\":[{\"@type\":\"SearchAction\",\"target\":{\"@type\":\"EntryPoint\",\"urlTemplate\":\"https:\/\/zaffirum.com\/?s={search_term_string}\"},\"query-input\":{\"@type\":\"PropertyValueSpecification\",\"valueRequired\":true,\"valueName\":\"search_term_string\"}}],\"inLanguage\":\"es\"},{\"@type\":\"Organization\",\"@id\":\"https:\/\/zaffirum.com\/#organization\",\"name\":\"Zaffirum | Parfums &amp; Luxury Watches\",\"url\":\"https:\/\/zaffirum.com\/\",\"logo\":{\"@type\":\"ImageObject\",\"inLanguage\":\"es\",\"@id\":\"https:\/\/zaffirum.com\/#\/schema\/logo\/image\/\",\"url\":\"https:\/\/zaffirum.com\/wp-content\/uploads\/2021\/02\/LOGO-WEB-02.png\",\"contentUrl\":\"https:\/\/zaffirum.com\/wp-content\/uploads\/2021\/02\/LOGO-WEB-02.png\",\"width\":328,\"height\":182,\"caption\":\"Zaffirum |  Parfums &amp; Luxury Watches\"},\"image\":{\"@id\":\"https:\/\/zaffirum.com\/#\/schema\/logo\/image\/\"}}]}<\/script>\n<!-- \/ Yoast SEO Premium plugin. -->","yoast_head_json":{"title":"Bharara King For Men Eau de Parfum en aerosol, 3.4 onzas - Zaffirum | Parfums &amp; Luxury Watches","robots":{"index":"index","follow":"follow","max-snippet":"max-snippet:-1","max-image-preview":"max-image-preview:large","max-video-preview":"max-video-preview:-1"},"canonical":"https:\/\/zaffirum.com\/es\/product\/bharara-king-for-men-eau-de-parfum-en-aerosol-3-4-onzas\/","og_locale":"es_MX","og_type":"article","og_title":"Bharara King For Men Eau de Parfum en aerosol, 3.4 onzas","og_description":"Marca B Bharara   Forma del producto Aerosol   Volumen del art\u00edculo 3,4 Onzas de l\u00edquido   Fragancia King:   Concentraci\u00f3n de fragancia Eau de parfum    Bharara King es una maravillosa fragancia masculina para el hombre moderno y elegante.","og_url":"https:\/\/zaffirum.com\/es\/product\/bharara-king-for-men-eau-de-parfum-en-aerosol-3-4-onzas\/","og_site_name":"Zaffirum | Parfums &amp; Luxury Watches","article_modified_time":"2026-01-23T18:27:07+00:00","og_image":[{"width":700,"height":700,"url":"https:\/\/zaffirum.com\/wp-content\/uploads\/2025\/11\/bharara-king-clasico.webp","type":"image\/webp"}],"twitter_card":"summary_large_image","schema":{"@context":"https:\/\/schema.org","@graph":[{"@type":"WebPage","@id":"https:\/\/zaffirum.com\/product\/bharara-king-for-men-eau-de-parfum-en-aerosol-3-4-onzas\/","url":"https:\/\/zaffirum.com\/product\/bharara-king-for-men-eau-de-parfum-en-aerosol-3-4-onzas\/","name":"Bharara King For Men Eau de Parfum en aerosol, 3.4 onzas - Zaffirum | Parfums &amp; Luxury Watches","isPartOf":{"@id":"https:\/\/zaffirum.com\/#website"},"primaryImageOfPage":{"@id":"https:\/\/zaffirum.com\/product\/bharara-king-for-men-eau-de-parfum-en-aerosol-3-4-onzas\/#primaryimage"},"image":{"@id":"https:\/\/zaffirum.com\/product\/bharara-king-for-men-eau-de-parfum-en-aerosol-3-4-onzas\/#primaryimage"},"thumbnailUrl":"https:\/\/zaffirum.com\/wp-content\/uploads\/2025\/11\/bharara-king-clasico.webp","datePublished":"2025-11-11T02:46:47+00:00","dateModified":"2026-01-23T18:27:07+00:00","breadcrumb":{"@id":"https:\/\/zaffirum.com\/product\/bharara-king-for-men-eau-de-parfum-en-aerosol-3-4-onzas\/#breadcrumb"},"inLanguage":"es","potentialAction":[{"@type":"ReadAction","target":["https:\/\/zaffirum.com\/product\/bharara-king-for-men-eau-de-parfum-en-aerosol-3-4-onzas\/"]}]},{"@type":"ImageObject","inLanguage":"es","@id":"https:\/\/zaffirum.com\/product\/bharara-king-for-men-eau-de-parfum-en-aerosol-3-4-onzas\/#primaryimage","url":"https:\/\/zaffirum.com\/wp-content\/uploads\/2025\/11\/bharara-king-clasico.webp","contentUrl":"https:\/\/zaffirum.com\/wp-content\/uploads\/2025\/11\/bharara-king-clasico.webp","width":700,"height":700},{"@type":"BreadcrumbList","@id":"https:\/\/zaffirum.com\/product\/bharara-king-for-men-eau-de-parfum-en-aerosol-3-4-onzas\/#breadcrumb","itemListElement":[{"@type":"ListItem","position":1,"name":"Portada","item":"https:\/\/zaffirum.com\/"},{"@type":"ListItem","position":2,"name":"Tienda","item":"https:\/\/zaffirum.com\/tienda\/"},{"@type":"ListItem","position":3,"name":"Bharara King For Men Eau de Parfum en aerosol, 3.4 onzas"}]},{"@type":"WebSite","@id":"https:\/\/zaffirum.com\/#website","url":"https:\/\/zaffirum.com\/","name":"Zaffirum | Parfums &amp; Luxury Watches","description":"","publisher":{"@id":"https:\/\/zaffirum.com\/#organization"},"potentialAction":[{"@type":"SearchAction","target":{"@type":"EntryPoint","urlTemplate":"https:\/\/zaffirum.com\/?s={search_term_string}"},"query-input":{"@type":"PropertyValueSpecification","valueRequired":true,"valueName":"search_term_string"}}],"inLanguage":"es"},{"@type":"Organization","@id":"https:\/\/zaffirum.com\/#organization","name":"Zaffirum | Parfums &amp; Luxury Watches","url":"https:\/\/zaffirum.com\/","logo":{"@type":"ImageObject","inLanguage":"es","@id":"https:\/\/zaffirum.com\/#\/schema\/logo\/image\/","url":"https:\/\/zaffirum.com\/wp-content\/uploads\/2021\/02\/LOGO-WEB-02.png","contentUrl":"https:\/\/zaffirum.com\/wp-content\/uploads\/2021\/02\/LOGO-WEB-02.png","width":328,"height":182,"caption":"Zaffirum |  Parfums &amp; Luxury Watches"},"image":{"@id":"https:\/\/zaffirum.com\/#\/schema\/logo\/image\/"}}]}},"_links":{"self":[{"href":"https:\/\/zaffirum.com\/es\/wp-json\/wp\/v2\/product\/14241","targetHints":{"allow":["GET"]}}],"collection":[{"href":"https:\/\/zaffirum.com\/es\/wp-json\/wp\/v2\/product"}],"about":[{"href":"https:\/\/zaffirum.com\/es\/wp-json\/wp\/v2\/types\/product"}],"version-history":[{"count":1,"href":"https:\/\/zaffirum.com\/es\/wp-json\/wp\/v2\/product\/14241\/revisions"}],"predecessor-version":[{"id":14271,"href":"https:\/\/zaffirum.com\/es\/wp-json\/wp\/v2\/product\/14241\/revisions\/14271"}],"wp:featuredmedia":[{"embeddable":true,"href":"https:\/\/zaffirum.com\/es\/wp-json\/wp\/v2\/media\/13587"}],"wp:attachment":[{"href":"https:\/\/zaffirum.com\/es\/wp-json\/wp\/v2\/media?parent=14241"}],"wp:term":[{"taxonomy":"product_brand","embeddable":true,"href":"https:\/\/zaffirum.com\/es\/wp-json\/wp\/v2\/product_brand?post=14241"},{"taxonomy":"product_cat","embeddable":true,"href":"https:\/\/zaffirum.com\/es\/wp-json\/wp\/v2\/product_cat?post=14241"},{"taxonomy":"product_tag","embeddable":true,"href":"https:\/\/zaffirum.com\/es\/wp-json\/wp\/v2\/product_tag?post=14241"}],"curies":[{"name":"wp","href":"https:\/\/api.w.org\/{rel}","templated":true}]}}