{"id":14243,"date":"2025-11-11T02:46:47","date_gmt":"2025-11-11T02:46:47","guid":{"rendered":"https:\/\/zaffirum.com\/?post_type=product&#038;p=14243"},"modified":"2026-01-23T13:30:16","modified_gmt":"2026-01-23T18:30:16","slug":"rasasi-hawas-ice-eau-de-parfum-perfume-arabe-de-primera-calidad-para-hombres-perfume-arabe-de-3-4","status":"publish","type":"product","link":"https:\/\/zaffirum.com\/es\/product\/rasasi-hawas-ice-eau-de-parfum-perfume-arabe-de-primera-calidad-para-hombres-perfume-arabe-de-3-4\/","title":{"rendered":"Rasasi Hawas Ice &#8211; Eau de Parfum &#8211; Perfume \u00e1rabe de primera calidad para hombres, perfume \u00e1rabe de 3.4"},"content":{"rendered":"<div class=\"a-section content\">\n<h4>NOTAS DE SALIDA<\/h4>\n<p>MANZANA<\/p>\n<p>LIM\u00d3N ITALIANO (LIMA ITALIANA)<\/p>\n<p>BERGAMOTA DE SICILIA<\/p>\n<p>AN\u00cdS ESTRELLADO<\/p>\n<\/div>\n<p>&nbsp;<\/p>\n<h4>NOTAS DE CORAZON<\/h4>\n<p>CIRUELA<\/p>\n<p>FLOR DE AZAHAR DEL NARANJO<\/p>\n<p>CARDAMOMO<\/p>\n<p>&nbsp;<\/p>\n<h4>NOTAS DE FONDO<\/h4>\n<p>ALMIZCLE<\/p>\n<p>\u00c1MBAR<\/p>\n<p>MUSGO<\/p>\n<p>TROZOS DE MADERA A LA DERIVA<\/p>","protected":false},"excerpt":{"rendered":"<table class=\"a-normal a-spacing-micro\">\n<tbody>\n<tr class=\"a-spacing-small po-brand\">\n<td class=\"a-span3\"><span class=\"a-size-base a-text-bold\">Marca<\/span><\/td>\n<td class=\"a-span9\"><span class=\"a-size-base po-break-word\">RASASI<\/span><\/td>\n<\/tr>\n<tr class=\"a-spacing-small po-item_form\">\n<td class=\"a-span3\"><span class=\"a-size-base a-text-bold\">Forma del producto<\/span><\/td>\n<td class=\"a-span9\"><span class=\"a-size-base po-break-word\">L\u00edquido<\/span><\/td>\n<\/tr>\n<tr class=\"a-spacing-small po-item_volume\">\n<td class=\"a-span3\"><span class=\"a-size-base a-text-bold\">Volumen del art\u00edculo<\/span><\/td>\n<td class=\"a-span9\"><span class=\"a-size-base po-break-word\">3,4 Onzas de l\u00edquido<\/span><\/td>\n<\/tr>\n<tr class=\"a-spacing-small po-scent\">\n<td class=\"a-span3\"><span class=\"a-size-base a-text-bold\">Fragancia<\/span><\/td>\n<td class=\"a-span9\"><span class=\"a-size-base po-break-word\">Hawas Ice para \u00e9l<\/span><\/td>\n<\/tr>\n<tr class=\"a-spacing-small po-special_feature\">\n<td class=\"a-span3\"><span class=\"a-size-base a-text-bold\">Caracter\u00edsticas especiales<\/span><\/td>\n<td class=\"a-span9\"><span class=\"a-size-base po-break-word\">Larga duraci\u00f3n<\/span><\/td>\n<\/tr>\n<\/tbody>\n<\/table>","protected":false},"featured_media":13596,"template":"","meta":[],"product_brand":[],"product_cat":[73],"product_tag":[80,74,78,75,81],"class_list":{"0":"post-14243","1":"product","2":"type-product","3":"status-publish","4":"has-post-thumbnail","6":"product_cat-perfumes-para-hombres","7":"product_tag-estilo","8":"product_tag-hombres","9":"product_tag-moda","10":"product_tag-perfumes","11":"product_tag-perfumes-arabes","13":"first","14":"outofstock","15":"taxable","16":"shipping-taxable","17":"purchasable","18":"product-type-simple"},"yoast_head":"<!-- This site is optimized with the Yoast SEO Premium plugin v26.4 (Yoast SEO v26.8) - https:\/\/yoast.com\/product\/yoast-seo-premium-wordpress\/ -->\n<title>Rasasi Hawas Ice - Eau de Parfum - Perfume \u00e1rabe de primera calidad para hombres, perfume \u00e1rabe de 3.4 - Zaffirum | Parfums &amp; Luxury Watches<\/title>\n<meta name=\"robots\" content=\"index, follow, max-snippet:-1, max-image-preview:large, max-video-preview:-1\" \/>\n<link rel=\"canonical\" href=\"https:\/\/zaffirum.com\/es\/product\/rasasi-hawas-ice-eau-de-parfum-perfume-arabe-de-primera-calidad-para-hombres-perfume-arabe-de-3-4\/\" \/>\n<meta property=\"og:locale\" content=\"es_MX\" \/>\n<meta property=\"og:type\" content=\"article\" \/>\n<meta property=\"og:title\" content=\"Rasasi Hawas Ice - Eau de Parfum - Perfume \u00e1rabe de primera calidad para hombres, perfume \u00e1rabe de 3.4\" \/>\n<meta property=\"og:description\" content=\"Marca RASASI   Forma del producto L\u00edquido   Volumen del art\u00edculo 3,4 Onzas de l\u00edquido   Fragancia Hawas Ice para \u00e9l   Caracter\u00edsticas especiales Larga duraci\u00f3n\" \/>\n<meta property=\"og:url\" content=\"https:\/\/zaffirum.com\/es\/product\/rasasi-hawas-ice-eau-de-parfum-perfume-arabe-de-primera-calidad-para-hombres-perfume-arabe-de-3-4\/\" \/>\n<meta property=\"og:site_name\" content=\"Zaffirum | Parfums &amp; Luxury Watches\" \/>\n<meta property=\"article:modified_time\" content=\"2026-01-23T18:30:16+00:00\" \/>\n<meta property=\"og:image\" content=\"https:\/\/zaffirum.com\/wp-content\/uploads\/2025\/11\/hawas-ice-dopaminashop.jpg\" \/>\n\t<meta property=\"og:image:width\" content=\"679\" \/>\n\t<meta property=\"og:image:height\" content=\"679\" \/>\n\t<meta property=\"og:image:type\" content=\"image\/jpeg\" \/>\n<meta name=\"twitter:card\" content=\"summary_large_image\" \/>\n<script type=\"application\/ld+json\" class=\"yoast-schema-graph\">{\"@context\":\"https:\/\/schema.org\",\"@graph\":[{\"@type\":\"WebPage\",\"@id\":\"https:\/\/zaffirum.com\/product\/rasasi-hawas-ice-eau-de-parfum-perfume-arabe-de-primera-calidad-para-hombres-perfume-arabe-de-3-4\/\",\"url\":\"https:\/\/zaffirum.com\/product\/rasasi-hawas-ice-eau-de-parfum-perfume-arabe-de-primera-calidad-para-hombres-perfume-arabe-de-3-4\/\",\"name\":\"Rasasi Hawas Ice - Eau de Parfum - Perfume \u00e1rabe de primera calidad para hombres, perfume \u00e1rabe de 3.4 - Zaffirum | Parfums &amp; Luxury Watches\",\"isPartOf\":{\"@id\":\"https:\/\/zaffirum.com\/#website\"},\"primaryImageOfPage\":{\"@id\":\"https:\/\/zaffirum.com\/product\/rasasi-hawas-ice-eau-de-parfum-perfume-arabe-de-primera-calidad-para-hombres-perfume-arabe-de-3-4\/#primaryimage\"},\"image\":{\"@id\":\"https:\/\/zaffirum.com\/product\/rasasi-hawas-ice-eau-de-parfum-perfume-arabe-de-primera-calidad-para-hombres-perfume-arabe-de-3-4\/#primaryimage\"},\"thumbnailUrl\":\"https:\/\/zaffirum.com\/wp-content\/uploads\/2025\/11\/hawas-ice-dopaminashop.jpg\",\"datePublished\":\"2025-11-11T02:46:47+00:00\",\"dateModified\":\"2026-01-23T18:30:16+00:00\",\"breadcrumb\":{\"@id\":\"https:\/\/zaffirum.com\/product\/rasasi-hawas-ice-eau-de-parfum-perfume-arabe-de-primera-calidad-para-hombres-perfume-arabe-de-3-4\/#breadcrumb\"},\"inLanguage\":\"es\",\"potentialAction\":[{\"@type\":\"ReadAction\",\"target\":[\"https:\/\/zaffirum.com\/product\/rasasi-hawas-ice-eau-de-parfum-perfume-arabe-de-primera-calidad-para-hombres-perfume-arabe-de-3-4\/\"]}]},{\"@type\":\"ImageObject\",\"inLanguage\":\"es\",\"@id\":\"https:\/\/zaffirum.com\/product\/rasasi-hawas-ice-eau-de-parfum-perfume-arabe-de-primera-calidad-para-hombres-perfume-arabe-de-3-4\/#primaryimage\",\"url\":\"https:\/\/zaffirum.com\/wp-content\/uploads\/2025\/11\/hawas-ice-dopaminashop.jpg\",\"contentUrl\":\"https:\/\/zaffirum.com\/wp-content\/uploads\/2025\/11\/hawas-ice-dopaminashop.jpg\",\"width\":679,\"height\":679},{\"@type\":\"BreadcrumbList\",\"@id\":\"https:\/\/zaffirum.com\/product\/rasasi-hawas-ice-eau-de-parfum-perfume-arabe-de-primera-calidad-para-hombres-perfume-arabe-de-3-4\/#breadcrumb\",\"itemListElement\":[{\"@type\":\"ListItem\",\"position\":1,\"name\":\"Portada\",\"item\":\"https:\/\/zaffirum.com\/\"},{\"@type\":\"ListItem\",\"position\":2,\"name\":\"Tienda\",\"item\":\"https:\/\/zaffirum.com\/tienda\/\"},{\"@type\":\"ListItem\",\"position\":3,\"name\":\"Rasasi Hawas Ice &#8211; Eau de Parfum &#8211; Perfume \u00e1rabe de primera calidad para hombres, perfume \u00e1rabe de 3.4\"}]},{\"@type\":\"WebSite\",\"@id\":\"https:\/\/zaffirum.com\/#website\",\"url\":\"https:\/\/zaffirum.com\/\",\"name\":\"Zaffirum | Parfums &amp; Luxury Watches\",\"description\":\"\",\"publisher\":{\"@id\":\"https:\/\/zaffirum.com\/#organization\"},\"potentialAction\":[{\"@type\":\"SearchAction\",\"target\":{\"@type\":\"EntryPoint\",\"urlTemplate\":\"https:\/\/zaffirum.com\/?s={search_term_string}\"},\"query-input\":{\"@type\":\"PropertyValueSpecification\",\"valueRequired\":true,\"valueName\":\"search_term_string\"}}],\"inLanguage\":\"es\"},{\"@type\":\"Organization\",\"@id\":\"https:\/\/zaffirum.com\/#organization\",\"name\":\"Zaffirum | Parfums &amp; Luxury Watches\",\"url\":\"https:\/\/zaffirum.com\/\",\"logo\":{\"@type\":\"ImageObject\",\"inLanguage\":\"es\",\"@id\":\"https:\/\/zaffirum.com\/#\/schema\/logo\/image\/\",\"url\":\"https:\/\/zaffirum.com\/wp-content\/uploads\/2021\/02\/LOGO-WEB-02.png\",\"contentUrl\":\"https:\/\/zaffirum.com\/wp-content\/uploads\/2021\/02\/LOGO-WEB-02.png\",\"width\":328,\"height\":182,\"caption\":\"Zaffirum |  Parfums &amp; Luxury Watches\"},\"image\":{\"@id\":\"https:\/\/zaffirum.com\/#\/schema\/logo\/image\/\"}}]}<\/script>\n<!-- \/ Yoast SEO Premium plugin. -->","yoast_head_json":{"title":"Rasasi Hawas Ice - Eau de Parfum - Perfume \u00e1rabe de primera calidad para hombres, perfume \u00e1rabe de 3.4 - Zaffirum | Parfums &amp; Luxury Watches","robots":{"index":"index","follow":"follow","max-snippet":"max-snippet:-1","max-image-preview":"max-image-preview:large","max-video-preview":"max-video-preview:-1"},"canonical":"https:\/\/zaffirum.com\/es\/product\/rasasi-hawas-ice-eau-de-parfum-perfume-arabe-de-primera-calidad-para-hombres-perfume-arabe-de-3-4\/","og_locale":"es_MX","og_type":"article","og_title":"Rasasi Hawas Ice - Eau de Parfum - Perfume \u00e1rabe de primera calidad para hombres, perfume \u00e1rabe de 3.4","og_description":"Marca RASASI   Forma del producto L\u00edquido   Volumen del art\u00edculo 3,4 Onzas de l\u00edquido   Fragancia Hawas Ice para \u00e9l   Caracter\u00edsticas especiales Larga duraci\u00f3n","og_url":"https:\/\/zaffirum.com\/es\/product\/rasasi-hawas-ice-eau-de-parfum-perfume-arabe-de-primera-calidad-para-hombres-perfume-arabe-de-3-4\/","og_site_name":"Zaffirum | Parfums &amp; Luxury Watches","article_modified_time":"2026-01-23T18:30:16+00:00","og_image":[{"width":679,"height":679,"url":"https:\/\/zaffirum.com\/wp-content\/uploads\/2025\/11\/hawas-ice-dopaminashop.jpg","type":"image\/jpeg"}],"twitter_card":"summary_large_image","schema":{"@context":"https:\/\/schema.org","@graph":[{"@type":"WebPage","@id":"https:\/\/zaffirum.com\/product\/rasasi-hawas-ice-eau-de-parfum-perfume-arabe-de-primera-calidad-para-hombres-perfume-arabe-de-3-4\/","url":"https:\/\/zaffirum.com\/product\/rasasi-hawas-ice-eau-de-parfum-perfume-arabe-de-primera-calidad-para-hombres-perfume-arabe-de-3-4\/","name":"Rasasi Hawas Ice - Eau de Parfum - Perfume \u00e1rabe de primera calidad para hombres, perfume \u00e1rabe de 3.4 - Zaffirum | Parfums &amp; Luxury Watches","isPartOf":{"@id":"https:\/\/zaffirum.com\/#website"},"primaryImageOfPage":{"@id":"https:\/\/zaffirum.com\/product\/rasasi-hawas-ice-eau-de-parfum-perfume-arabe-de-primera-calidad-para-hombres-perfume-arabe-de-3-4\/#primaryimage"},"image":{"@id":"https:\/\/zaffirum.com\/product\/rasasi-hawas-ice-eau-de-parfum-perfume-arabe-de-primera-calidad-para-hombres-perfume-arabe-de-3-4\/#primaryimage"},"thumbnailUrl":"https:\/\/zaffirum.com\/wp-content\/uploads\/2025\/11\/hawas-ice-dopaminashop.jpg","datePublished":"2025-11-11T02:46:47+00:00","dateModified":"2026-01-23T18:30:16+00:00","breadcrumb":{"@id":"https:\/\/zaffirum.com\/product\/rasasi-hawas-ice-eau-de-parfum-perfume-arabe-de-primera-calidad-para-hombres-perfume-arabe-de-3-4\/#breadcrumb"},"inLanguage":"es","potentialAction":[{"@type":"ReadAction","target":["https:\/\/zaffirum.com\/product\/rasasi-hawas-ice-eau-de-parfum-perfume-arabe-de-primera-calidad-para-hombres-perfume-arabe-de-3-4\/"]}]},{"@type":"ImageObject","inLanguage":"es","@id":"https:\/\/zaffirum.com\/product\/rasasi-hawas-ice-eau-de-parfum-perfume-arabe-de-primera-calidad-para-hombres-perfume-arabe-de-3-4\/#primaryimage","url":"https:\/\/zaffirum.com\/wp-content\/uploads\/2025\/11\/hawas-ice-dopaminashop.jpg","contentUrl":"https:\/\/zaffirum.com\/wp-content\/uploads\/2025\/11\/hawas-ice-dopaminashop.jpg","width":679,"height":679},{"@type":"BreadcrumbList","@id":"https:\/\/zaffirum.com\/product\/rasasi-hawas-ice-eau-de-parfum-perfume-arabe-de-primera-calidad-para-hombres-perfume-arabe-de-3-4\/#breadcrumb","itemListElement":[{"@type":"ListItem","position":1,"name":"Portada","item":"https:\/\/zaffirum.com\/"},{"@type":"ListItem","position":2,"name":"Tienda","item":"https:\/\/zaffirum.com\/tienda\/"},{"@type":"ListItem","position":3,"name":"Rasasi Hawas Ice &#8211; Eau de Parfum &#8211; Perfume \u00e1rabe de primera calidad para hombres, perfume \u00e1rabe de 3.4"}]},{"@type":"WebSite","@id":"https:\/\/zaffirum.com\/#website","url":"https:\/\/zaffirum.com\/","name":"Zaffirum | Parfums &amp; Luxury Watches","description":"","publisher":{"@id":"https:\/\/zaffirum.com\/#organization"},"potentialAction":[{"@type":"SearchAction","target":{"@type":"EntryPoint","urlTemplate":"https:\/\/zaffirum.com\/?s={search_term_string}"},"query-input":{"@type":"PropertyValueSpecification","valueRequired":true,"valueName":"search_term_string"}}],"inLanguage":"es"},{"@type":"Organization","@id":"https:\/\/zaffirum.com\/#organization","name":"Zaffirum | Parfums &amp; Luxury Watches","url":"https:\/\/zaffirum.com\/","logo":{"@type":"ImageObject","inLanguage":"es","@id":"https:\/\/zaffirum.com\/#\/schema\/logo\/image\/","url":"https:\/\/zaffirum.com\/wp-content\/uploads\/2021\/02\/LOGO-WEB-02.png","contentUrl":"https:\/\/zaffirum.com\/wp-content\/uploads\/2021\/02\/LOGO-WEB-02.png","width":328,"height":182,"caption":"Zaffirum |  Parfums &amp; Luxury Watches"},"image":{"@id":"https:\/\/zaffirum.com\/#\/schema\/logo\/image\/"}}]}},"_links":{"self":[{"href":"https:\/\/zaffirum.com\/es\/wp-json\/wp\/v2\/product\/14243","targetHints":{"allow":["GET"]}}],"collection":[{"href":"https:\/\/zaffirum.com\/es\/wp-json\/wp\/v2\/product"}],"about":[{"href":"https:\/\/zaffirum.com\/es\/wp-json\/wp\/v2\/types\/product"}],"version-history":[{"count":1,"href":"https:\/\/zaffirum.com\/es\/wp-json\/wp\/v2\/product\/14243\/revisions"}],"predecessor-version":[{"id":14273,"href":"https:\/\/zaffirum.com\/es\/wp-json\/wp\/v2\/product\/14243\/revisions\/14273"}],"wp:featuredmedia":[{"embeddable":true,"href":"https:\/\/zaffirum.com\/es\/wp-json\/wp\/v2\/media\/13596"}],"wp:attachment":[{"href":"https:\/\/zaffirum.com\/es\/wp-json\/wp\/v2\/media?parent=14243"}],"wp:term":[{"taxonomy":"product_brand","embeddable":true,"href":"https:\/\/zaffirum.com\/es\/wp-json\/wp\/v2\/product_brand?post=14243"},{"taxonomy":"product_cat","embeddable":true,"href":"https:\/\/zaffirum.com\/es\/wp-json\/wp\/v2\/product_cat?post=14243"},{"taxonomy":"product_tag","embeddable":true,"href":"https:\/\/zaffirum.com\/es\/wp-json\/wp\/v2\/product_tag?post=14243"}],"curies":[{"name":"wp","href":"https:\/\/api.w.org\/{rel}","templated":true}]}}