{"id":14245,"date":"2025-11-11T02:46:47","date_gmt":"2025-11-11T02:46:47","guid":{"rendered":"https:\/\/zaffirum.com\/?post_type=product&#038;p=14245"},"modified":"2026-01-23T13:46:35","modified_gmt":"2026-01-23T18:46:35","slug":"jean-paul-gaultier-les-males-de-le-beau-le-parfum-eau-de-parfum-intense-4-2-fl-oz","status":"publish","type":"product","link":"https:\/\/zaffirum.com\/es\/product\/jean-paul-gaultier-les-males-de-le-beau-le-parfum-eau-de-parfum-intense-4-2-fl-oz\/","title":{"rendered":"Jean Paul Gaultier Les Males De Le Beau Le Parfum Eau De Parfum Intense 4.2 fl oz"},"content":{"rendered":"<p><strong>NOTAS DE SALIDA:<\/strong><\/p>\n<p>PI\u00d1A<\/p>\n<p>IRIS<\/p>\n<p>JENGIBRE<\/p>\n<p>CIPRES<\/p>\n<p><strong>NOTAS DE CORAZ\u00d3N:<\/strong><\/p>\n<p>COCO<\/p>\n<p>NOTAS AMEDERADAS<\/p>\n<p><strong>NOTAS DE FONDO:<\/strong><\/p>\n<p>HABA TONKA<\/p>\n<p>S\u00c1NDALO<\/p>\n<p>AMBAR<\/p>\n<p>AMBAR GRIS<\/p>","protected":false},"excerpt":{"rendered":"<table class=\"a-normal a-spacing-micro\">\n<tbody>\n<tr class=\"a-spacing-small po-brand\">\n<td class=\"a-span3\"><span class=\"a-size-base a-text-bold\">Marca<\/span><\/td>\n<td class=\"a-span9\"><span class=\"a-size-base po-break-word\">Jean Paul Gaultier<\/span><\/td>\n<\/tr>\n<tr class=\"a-spacing-small po-item_form\">\n<td class=\"a-span3\"><span class=\"a-size-base a-text-bold\">Forma del producto<\/span><\/td>\n<td class=\"a-span9\"><span class=\"a-size-base po-break-word\">L\u00edquido<\/span><\/td>\n<\/tr>\n<tr class=\"a-spacing-small po-item_volume\">\n<td class=\"a-span3\"><span class=\"a-size-base a-text-bold\">Volumen del art\u00edculo<\/span><\/td>\n<td class=\"a-span9\"><span class=\"a-size-base po-break-word\">1,01 Mililitros<\/span><\/td>\n<\/tr>\n<tr class=\"a-spacing-small po-scent\">\n<td class=\"a-span3\"><span class=\"a-size-base a-text-bold\">Fragancia<\/span><\/td>\n<td class=\"a-span9\"><span class=\"a-size-base po-break-word\">Oriental Woody<\/span><\/td>\n<\/tr>\n<tr class=\"a-spacing-small po-special_feature\">\n<td class=\"a-span3\"><span class=\"a-size-base a-text-bold\">Caracter\u00edsticas especiales<\/span><\/td>\n<td class=\"a-span9\"><span class=\"a-size-base po-break-word\">Larga duraci\u00f3n<\/span><\/td>\n<\/tr>\n<\/tbody>\n<\/table>\n<h2 class=\"a-size-base-plus a-text-bold\">Sobre este art\u00edculo:<\/h2>\n<ul class=\"a-unordered-list a-vertical a-spacing-mini\">\n<li class=\"a-spacing-mini\"><span class=\"a-list-item\">Sensualidad irresistible: crea un encanto magn\u00e9tico que perdura durante todo el d\u00eda y en la noche. La concentraci\u00f3n intensificada del Eau De Parfum a\u00f1ade profundidad y riqueza al perfil de aroma<\/span><\/li>\n<li class=\"a-spacing-mini\"><span class=\"a-list-item\">Oriental Woody Elegance: La fragancia muestra un car\u00e1cter amaderado oriental, mezclando notas c\u00e1lidas y cautivadoras como vainilla, \u00e1mbar y madera de coco<\/span><\/li>\n<li class=\"a-spacing-mini\"><span class=\"a-list-item\">Dise\u00f1o llamativo de botella: Le Beau cuenta con un dise\u00f1o elegante y llamativo. El degradado oscuro y los acentos dorados a\u00f1aden un toque de opulencia, por lo que es una adici\u00f3n visualmente atractiva a cualquier colecci\u00f3n de fragancias.<\/span><\/li>\n<li class=\"a-spacing-mini\"><span class=\"a-list-item\">Intensidad de larga duraci\u00f3n: rendimiento duradero, asegurando que la fragancia cautivadora permanezca contigo desde el spray inicial hasta bien entrada la noche, por lo que es ideal para ocasiones especiales.<\/span><\/li>\n<li class=\"a-spacing-mini\"><span class=\"a-list-item\">Vers\u00e1til: La versatilidad de la fragancia permite transiciones perfectas entre el d\u00eda y la noche. Ya sea que se use casualmente o para un evento nocturno sofisticado, realzando su presencia con cada spray.<\/span><\/li>\n<\/ul>","protected":false},"featured_media":13613,"template":"","meta":[],"product_brand":[],"product_cat":[76,73],"product_tag":[74,83,78,75],"class_list":{"0":"post-14245","1":"product","2":"type-product","3":"status-publish","4":"has-post-thumbnail","6":"product_cat-perfumes-de-disenador","7":"product_cat-perfumes-para-hombres","8":"product_tag-hombres","9":"product_tag-jean-paul-gaultier","10":"product_tag-moda","11":"product_tag-perfumes","13":"first","14":"instock","15":"taxable","16":"shipping-taxable","17":"purchasable","18":"product-type-simple"},"yoast_head":"<!-- This site is optimized with the Yoast SEO Premium plugin v26.4 (Yoast SEO v26.8) - https:\/\/yoast.com\/product\/yoast-seo-premium-wordpress\/ -->\n<title>Jean Paul Gaultier Les Males De Le Beau Le Parfum Eau De Parfum Intense 4.2 fl oz - Zaffirum | Parfums &amp; Luxury Watches<\/title>\n<meta name=\"robots\" content=\"index, follow, max-snippet:-1, max-image-preview:large, max-video-preview:-1\" \/>\n<link rel=\"canonical\" href=\"https:\/\/zaffirum.com\/es\/product\/jean-paul-gaultier-les-males-de-le-beau-le-parfum-eau-de-parfum-intense-4-2-fl-oz\/\" \/>\n<meta property=\"og:locale\" content=\"es_MX\" \/>\n<meta property=\"og:type\" content=\"article\" \/>\n<meta property=\"og:title\" content=\"Jean Paul Gaultier Les Males De Le Beau Le Parfum Eau De Parfum Intense 4.2 fl oz\" \/>\n<meta property=\"og:description\" content=\"Marca Jean Paul Gaultier   Forma del producto L\u00edquido   Volumen del art\u00edculo 1,01 Mililitros   Fragancia Oriental Woody   Caracter\u00edsticas especiales Larga duraci\u00f3n    Sobre este art\u00edculo:   Sensualidad irresistible: crea un encanto magn\u00e9tico que perdura durante todo el d\u00eda y en la noche. La concentraci\u00f3n intensificada del Eau De Parfum a\u00f1ade profundidad y riqueza al perfil de aroma  Oriental Woody Elegance: La fragancia muestra un car\u00e1cter amaderado oriental, mezclando notas c\u00e1lidas y cautivadoras como vainilla, \u00e1mbar y madera de coco  Dise\u00f1o llamativo de botella: Le Beau cuenta con un dise\u00f1o elegante y llamativo. El degradado oscuro y los acentos dorados a\u00f1aden un toque de opulencia, por lo que es una adici\u00f3n visualmente atractiva a cualquier colecci\u00f3n de fragancias.  Intensidad de larga duraci\u00f3n: rendimiento duradero, asegurando que la fragancia cautivadora permanezca contigo desde el spray inicial hasta bien entrada la noche, por lo que es ideal para ocasiones especiales.  Vers\u00e1til: La versatilidad de la fragancia permite transiciones perfectas entre el d\u00eda y la noche. Ya sea que se use casualmente o para un evento nocturno sofisticado, realzando su presencia con cada spray.\" \/>\n<meta property=\"og:url\" content=\"https:\/\/zaffirum.com\/es\/product\/jean-paul-gaultier-les-males-de-le-beau-le-parfum-eau-de-parfum-intense-4-2-fl-oz\/\" \/>\n<meta property=\"og:site_name\" content=\"Zaffirum | Parfums &amp; Luxury Watches\" \/>\n<meta property=\"article:modified_time\" content=\"2026-01-23T18:46:35+00:00\" \/>\n<meta property=\"og:image\" content=\"https:\/\/zaffirum.com\/wp-content\/uploads\/2025\/11\/le-beau-le-parfum.jpg\" \/>\n\t<meta property=\"og:image:width\" content=\"569\" \/>\n\t<meta property=\"og:image:height\" content=\"569\" \/>\n\t<meta property=\"og:image:type\" content=\"image\/jpeg\" \/>\n<meta name=\"twitter:card\" content=\"summary_large_image\" \/>\n<script type=\"application\/ld+json\" class=\"yoast-schema-graph\">{\"@context\":\"https:\/\/schema.org\",\"@graph\":[{\"@type\":\"WebPage\",\"@id\":\"https:\/\/zaffirum.com\/product\/jean-paul-gaultier-les-males-de-le-beau-le-parfum-eau-de-parfum-intense-4-2-fl-oz\/\",\"url\":\"https:\/\/zaffirum.com\/product\/jean-paul-gaultier-les-males-de-le-beau-le-parfum-eau-de-parfum-intense-4-2-fl-oz\/\",\"name\":\"Jean Paul Gaultier Les Males De Le Beau Le Parfum Eau De Parfum Intense 4.2 fl oz - Zaffirum | Parfums &amp; Luxury Watches\",\"isPartOf\":{\"@id\":\"https:\/\/zaffirum.com\/#website\"},\"primaryImageOfPage\":{\"@id\":\"https:\/\/zaffirum.com\/product\/jean-paul-gaultier-les-males-de-le-beau-le-parfum-eau-de-parfum-intense-4-2-fl-oz\/#primaryimage\"},\"image\":{\"@id\":\"https:\/\/zaffirum.com\/product\/jean-paul-gaultier-les-males-de-le-beau-le-parfum-eau-de-parfum-intense-4-2-fl-oz\/#primaryimage\"},\"thumbnailUrl\":\"https:\/\/zaffirum.com\/wp-content\/uploads\/2025\/11\/le-beau-le-parfum.jpg\",\"datePublished\":\"2025-11-11T02:46:47+00:00\",\"dateModified\":\"2026-01-23T18:46:35+00:00\",\"breadcrumb\":{\"@id\":\"https:\/\/zaffirum.com\/product\/jean-paul-gaultier-les-males-de-le-beau-le-parfum-eau-de-parfum-intense-4-2-fl-oz\/#breadcrumb\"},\"inLanguage\":\"es\",\"potentialAction\":[{\"@type\":\"ReadAction\",\"target\":[\"https:\/\/zaffirum.com\/product\/jean-paul-gaultier-les-males-de-le-beau-le-parfum-eau-de-parfum-intense-4-2-fl-oz\/\"]}]},{\"@type\":\"ImageObject\",\"inLanguage\":\"es\",\"@id\":\"https:\/\/zaffirum.com\/product\/jean-paul-gaultier-les-males-de-le-beau-le-parfum-eau-de-parfum-intense-4-2-fl-oz\/#primaryimage\",\"url\":\"https:\/\/zaffirum.com\/wp-content\/uploads\/2025\/11\/le-beau-le-parfum.jpg\",\"contentUrl\":\"https:\/\/zaffirum.com\/wp-content\/uploads\/2025\/11\/le-beau-le-parfum.jpg\",\"width\":569,\"height\":569},{\"@type\":\"BreadcrumbList\",\"@id\":\"https:\/\/zaffirum.com\/product\/jean-paul-gaultier-les-males-de-le-beau-le-parfum-eau-de-parfum-intense-4-2-fl-oz\/#breadcrumb\",\"itemListElement\":[{\"@type\":\"ListItem\",\"position\":1,\"name\":\"Portada\",\"item\":\"https:\/\/zaffirum.com\/\"},{\"@type\":\"ListItem\",\"position\":2,\"name\":\"Tienda\",\"item\":\"https:\/\/zaffirum.com\/tienda\/\"},{\"@type\":\"ListItem\",\"position\":3,\"name\":\"Jean Paul Gaultier Les Males De Le Beau Le Parfum Eau De Parfum Intense 4.2 fl oz\"}]},{\"@type\":\"WebSite\",\"@id\":\"https:\/\/zaffirum.com\/#website\",\"url\":\"https:\/\/zaffirum.com\/\",\"name\":\"Zaffirum | Parfums &amp; Luxury Watches\",\"description\":\"\",\"publisher\":{\"@id\":\"https:\/\/zaffirum.com\/#organization\"},\"potentialAction\":[{\"@type\":\"SearchAction\",\"target\":{\"@type\":\"EntryPoint\",\"urlTemplate\":\"https:\/\/zaffirum.com\/?s={search_term_string}\"},\"query-input\":{\"@type\":\"PropertyValueSpecification\",\"valueRequired\":true,\"valueName\":\"search_term_string\"}}],\"inLanguage\":\"es\"},{\"@type\":\"Organization\",\"@id\":\"https:\/\/zaffirum.com\/#organization\",\"name\":\"Zaffirum | Parfums &amp; Luxury Watches\",\"url\":\"https:\/\/zaffirum.com\/\",\"logo\":{\"@type\":\"ImageObject\",\"inLanguage\":\"es\",\"@id\":\"https:\/\/zaffirum.com\/#\/schema\/logo\/image\/\",\"url\":\"https:\/\/zaffirum.com\/wp-content\/uploads\/2021\/02\/LOGO-WEB-02.png\",\"contentUrl\":\"https:\/\/zaffirum.com\/wp-content\/uploads\/2021\/02\/LOGO-WEB-02.png\",\"width\":328,\"height\":182,\"caption\":\"Zaffirum |  Parfums &amp; Luxury Watches\"},\"image\":{\"@id\":\"https:\/\/zaffirum.com\/#\/schema\/logo\/image\/\"}}]}<\/script>\n<!-- \/ Yoast SEO Premium plugin. -->","yoast_head_json":{"title":"Jean Paul Gaultier Les Males De Le Beau Le Parfum Eau De Parfum Intense 4.2 fl oz - Zaffirum | Parfums &amp; Luxury Watches","robots":{"index":"index","follow":"follow","max-snippet":"max-snippet:-1","max-image-preview":"max-image-preview:large","max-video-preview":"max-video-preview:-1"},"canonical":"https:\/\/zaffirum.com\/es\/product\/jean-paul-gaultier-les-males-de-le-beau-le-parfum-eau-de-parfum-intense-4-2-fl-oz\/","og_locale":"es_MX","og_type":"article","og_title":"Jean Paul Gaultier Les Males De Le Beau Le Parfum Eau De Parfum Intense 4.2 fl oz","og_description":"Marca Jean Paul Gaultier   Forma del producto L\u00edquido   Volumen del art\u00edculo 1,01 Mililitros   Fragancia Oriental Woody   Caracter\u00edsticas especiales Larga duraci\u00f3n    Sobre este art\u00edculo:   Sensualidad irresistible: crea un encanto magn\u00e9tico que perdura durante todo el d\u00eda y en la noche. La concentraci\u00f3n intensificada del Eau De Parfum a\u00f1ade profundidad y riqueza al perfil de aroma  Oriental Woody Elegance: La fragancia muestra un car\u00e1cter amaderado oriental, mezclando notas c\u00e1lidas y cautivadoras como vainilla, \u00e1mbar y madera de coco  Dise\u00f1o llamativo de botella: Le Beau cuenta con un dise\u00f1o elegante y llamativo. El degradado oscuro y los acentos dorados a\u00f1aden un toque de opulencia, por lo que es una adici\u00f3n visualmente atractiva a cualquier colecci\u00f3n de fragancias.  Intensidad de larga duraci\u00f3n: rendimiento duradero, asegurando que la fragancia cautivadora permanezca contigo desde el spray inicial hasta bien entrada la noche, por lo que es ideal para ocasiones especiales.  Vers\u00e1til: La versatilidad de la fragancia permite transiciones perfectas entre el d\u00eda y la noche. Ya sea que se use casualmente o para un evento nocturno sofisticado, realzando su presencia con cada spray.","og_url":"https:\/\/zaffirum.com\/es\/product\/jean-paul-gaultier-les-males-de-le-beau-le-parfum-eau-de-parfum-intense-4-2-fl-oz\/","og_site_name":"Zaffirum | Parfums &amp; Luxury Watches","article_modified_time":"2026-01-23T18:46:35+00:00","og_image":[{"width":569,"height":569,"url":"https:\/\/zaffirum.com\/wp-content\/uploads\/2025\/11\/le-beau-le-parfum.jpg","type":"image\/jpeg"}],"twitter_card":"summary_large_image","schema":{"@context":"https:\/\/schema.org","@graph":[{"@type":"WebPage","@id":"https:\/\/zaffirum.com\/product\/jean-paul-gaultier-les-males-de-le-beau-le-parfum-eau-de-parfum-intense-4-2-fl-oz\/","url":"https:\/\/zaffirum.com\/product\/jean-paul-gaultier-les-males-de-le-beau-le-parfum-eau-de-parfum-intense-4-2-fl-oz\/","name":"Jean Paul Gaultier Les Males De Le Beau Le Parfum Eau De Parfum Intense 4.2 fl oz - Zaffirum | Parfums &amp; Luxury Watches","isPartOf":{"@id":"https:\/\/zaffirum.com\/#website"},"primaryImageOfPage":{"@id":"https:\/\/zaffirum.com\/product\/jean-paul-gaultier-les-males-de-le-beau-le-parfum-eau-de-parfum-intense-4-2-fl-oz\/#primaryimage"},"image":{"@id":"https:\/\/zaffirum.com\/product\/jean-paul-gaultier-les-males-de-le-beau-le-parfum-eau-de-parfum-intense-4-2-fl-oz\/#primaryimage"},"thumbnailUrl":"https:\/\/zaffirum.com\/wp-content\/uploads\/2025\/11\/le-beau-le-parfum.jpg","datePublished":"2025-11-11T02:46:47+00:00","dateModified":"2026-01-23T18:46:35+00:00","breadcrumb":{"@id":"https:\/\/zaffirum.com\/product\/jean-paul-gaultier-les-males-de-le-beau-le-parfum-eau-de-parfum-intense-4-2-fl-oz\/#breadcrumb"},"inLanguage":"es","potentialAction":[{"@type":"ReadAction","target":["https:\/\/zaffirum.com\/product\/jean-paul-gaultier-les-males-de-le-beau-le-parfum-eau-de-parfum-intense-4-2-fl-oz\/"]}]},{"@type":"ImageObject","inLanguage":"es","@id":"https:\/\/zaffirum.com\/product\/jean-paul-gaultier-les-males-de-le-beau-le-parfum-eau-de-parfum-intense-4-2-fl-oz\/#primaryimage","url":"https:\/\/zaffirum.com\/wp-content\/uploads\/2025\/11\/le-beau-le-parfum.jpg","contentUrl":"https:\/\/zaffirum.com\/wp-content\/uploads\/2025\/11\/le-beau-le-parfum.jpg","width":569,"height":569},{"@type":"BreadcrumbList","@id":"https:\/\/zaffirum.com\/product\/jean-paul-gaultier-les-males-de-le-beau-le-parfum-eau-de-parfum-intense-4-2-fl-oz\/#breadcrumb","itemListElement":[{"@type":"ListItem","position":1,"name":"Portada","item":"https:\/\/zaffirum.com\/"},{"@type":"ListItem","position":2,"name":"Tienda","item":"https:\/\/zaffirum.com\/tienda\/"},{"@type":"ListItem","position":3,"name":"Jean Paul Gaultier Les Males De Le Beau Le Parfum Eau De Parfum Intense 4.2 fl oz"}]},{"@type":"WebSite","@id":"https:\/\/zaffirum.com\/#website","url":"https:\/\/zaffirum.com\/","name":"Zaffirum | Parfums &amp; Luxury Watches","description":"","publisher":{"@id":"https:\/\/zaffirum.com\/#organization"},"potentialAction":[{"@type":"SearchAction","target":{"@type":"EntryPoint","urlTemplate":"https:\/\/zaffirum.com\/?s={search_term_string}"},"query-input":{"@type":"PropertyValueSpecification","valueRequired":true,"valueName":"search_term_string"}}],"inLanguage":"es"},{"@type":"Organization","@id":"https:\/\/zaffirum.com\/#organization","name":"Zaffirum | Parfums &amp; Luxury Watches","url":"https:\/\/zaffirum.com\/","logo":{"@type":"ImageObject","inLanguage":"es","@id":"https:\/\/zaffirum.com\/#\/schema\/logo\/image\/","url":"https:\/\/zaffirum.com\/wp-content\/uploads\/2021\/02\/LOGO-WEB-02.png","contentUrl":"https:\/\/zaffirum.com\/wp-content\/uploads\/2021\/02\/LOGO-WEB-02.png","width":328,"height":182,"caption":"Zaffirum |  Parfums &amp; Luxury Watches"},"image":{"@id":"https:\/\/zaffirum.com\/#\/schema\/logo\/image\/"}}]}},"_links":{"self":[{"href":"https:\/\/zaffirum.com\/es\/wp-json\/wp\/v2\/product\/14245","targetHints":{"allow":["GET"]}}],"collection":[{"href":"https:\/\/zaffirum.com\/es\/wp-json\/wp\/v2\/product"}],"about":[{"href":"https:\/\/zaffirum.com\/es\/wp-json\/wp\/v2\/types\/product"}],"version-history":[{"count":1,"href":"https:\/\/zaffirum.com\/es\/wp-json\/wp\/v2\/product\/14245\/revisions"}],"predecessor-version":[{"id":14275,"href":"https:\/\/zaffirum.com\/es\/wp-json\/wp\/v2\/product\/14245\/revisions\/14275"}],"wp:featuredmedia":[{"embeddable":true,"href":"https:\/\/zaffirum.com\/es\/wp-json\/wp\/v2\/media\/13613"}],"wp:attachment":[{"href":"https:\/\/zaffirum.com\/es\/wp-json\/wp\/v2\/media?parent=14245"}],"wp:term":[{"taxonomy":"product_brand","embeddable":true,"href":"https:\/\/zaffirum.com\/es\/wp-json\/wp\/v2\/product_brand?post=14245"},{"taxonomy":"product_cat","embeddable":true,"href":"https:\/\/zaffirum.com\/es\/wp-json\/wp\/v2\/product_cat?post=14245"},{"taxonomy":"product_tag","embeddable":true,"href":"https:\/\/zaffirum.com\/es\/wp-json\/wp\/v2\/product_tag?post=14245"}],"curies":[{"name":"wp","href":"https:\/\/api.w.org\/{rel}","templated":true}]}}