{"id":14253,"date":"2025-11-11T02:46:47","date_gmt":"2025-11-11T02:46:47","guid":{"rendered":"https:\/\/zaffirum.com\/?post_type=product&#038;p=14253"},"modified":"2026-01-23T13:13:34","modified_gmt":"2026-01-23T18:13:34","slug":"liquid-brun-by-fragrance-world-french-avenue-eau-de-parfum-unisex-3-4-fl-oz-3-4-fl-oz","status":"publish","type":"product","link":"https:\/\/zaffirum.com\/es\/product\/liquid-brun-by-fragrance-world-french-avenue-eau-de-parfum-unisex-3-4-fl-oz-3-4-fl-oz\/","title":{"rendered":"Liquid Brun By Fragrance World French Avenue Eau de Parfum unisex, 3.4 fl oz, 3.4 fl oz"},"content":{"rendered":"<p><strong>NOTAS DE SALIDA:<\/strong><\/p>\n<p><span class=\"a-list-item\">Canela<\/span><\/p>\n<p><span class=\"a-list-item\">Camomo<\/span><\/p>\n<p><span class=\"a-list-item\">Azahar<\/span><\/p>\n<p><span class=\"a-list-item\">Bergamota <\/span><\/p>\n<p><strong><span class=\"a-list-item\">NOTAS DE CORAZ\u00d3N:<\/span><\/strong><\/p>\n<p><span class=\"a-list-item\"> Vainilla Bourbon<\/span><\/p>\n<p><strong><span class=\"a-list-item\">NOTAS DE FONDO: <\/span><\/strong><\/p>\n<p><span class=\"a-list-item\">Elemi Pralin\u00e9<\/span><\/p>\n<p><span class=\"a-list-item\">Almizcle<\/span><\/p>\n<p><span class=\"a-list-item\">Ambrox\u00e1n<\/span><\/p>\n<p><span class=\"a-list-item\">Madera de Guayaco<\/span><\/p>","protected":false},"excerpt":{"rendered":"<table class=\"a-normal a-spacing-micro\" role=\"list\">\n<tbody>\n<tr class=\"a-spacing-small po-brand\" role=\"listitem\">\n<td class=\"a-span3\" role=\"presentation\"><span class=\"a-size-base a-text-bold\">Marca<\/span><\/td>\n<td class=\"a-span9\" role=\"presentation\"><span class=\"a-size-base po-break-word\">Fragrance World<\/span><\/td>\n<\/tr>\n<tr class=\"a-spacing-small po-item_form\" role=\"listitem\">\n<td class=\"a-span3\" role=\"presentation\"><span class=\"a-size-base a-text-bold\">Forma del producto<\/span><\/td>\n<td class=\"a-span9\" role=\"presentation\"><span class=\"a-size-base po-break-word\">L\u00edquido<\/span><\/td>\n<\/tr>\n<tr class=\"a-spacing-small po-item_volume\" role=\"listitem\">\n<td class=\"a-span3\" role=\"presentation\"><span class=\"a-size-base a-text-bold\">Volumen del art\u00edculo<\/span><\/td>\n<td class=\"a-span9\" role=\"presentation\"><span class=\"a-size-base po-break-word\">100 Mililitros<\/span><\/td>\n<\/tr>\n<tr class=\"a-spacing-small po-scent\" role=\"listitem\">\n<td class=\"a-span3\" role=\"presentation\"><span class=\"a-size-base a-text-bold\">Fragancia<\/span><\/td>\n<td class=\"a-span9\" role=\"presentation\"><span class=\"a-size-base po-break-word\">\u00c1mbar &#8211; vainilla<\/span><\/td>\n<\/tr>\n<tr class=\"a-spacing-small po-special_feature\" role=\"listitem\">\n<td class=\"a-span3\" role=\"presentation\"><span class=\"a-size-base a-text-bold\">Caracter\u00edsticas especiales<\/span><\/td>\n<td class=\"a-span9\" role=\"presentation\"><span class=\"a-size-base po-break-word\">Larga duraci\u00f3n<\/span><\/td>\n<\/tr>\n<\/tbody>\n<\/table>\n<p>&nbsp;<\/p>","protected":false},"featured_media":13661,"template":"","meta":[],"product_brand":[],"product_cat":[73],"product_tag":[89,74,75,81],"class_list":{"0":"post-14253","1":"product","2":"type-product","3":"status-publish","4":"has-post-thumbnail","6":"product_cat-perfumes-para-hombres","7":"product_tag-elegancia","8":"product_tag-hombres","9":"product_tag-perfumes","10":"product_tag-perfumes-arabes","12":"first","13":"outofstock","14":"taxable","15":"shipping-taxable","16":"purchasable","17":"product-type-simple"},"yoast_head":"<!-- This site is optimized with the Yoast SEO Premium plugin v26.4 (Yoast SEO v26.8) - https:\/\/yoast.com\/product\/yoast-seo-premium-wordpress\/ -->\n<title>Liquid Brun By Fragrance World French Avenue Eau de Parfum unisex, 3.4 fl oz, 3.4 fl oz - Zaffirum | Parfums &amp; Luxury Watches<\/title>\n<meta name=\"robots\" content=\"index, follow, max-snippet:-1, max-image-preview:large, max-video-preview:-1\" \/>\n<link rel=\"canonical\" href=\"https:\/\/zaffirum.com\/es\/product\/liquid-brun-by-fragrance-world-french-avenue-eau-de-parfum-unisex-3-4-fl-oz-3-4-fl-oz\/\" \/>\n<meta property=\"og:locale\" content=\"es_MX\" \/>\n<meta property=\"og:type\" content=\"article\" \/>\n<meta property=\"og:title\" content=\"Liquid Brun By Fragrance World French Avenue Eau de Parfum unisex, 3.4 fl oz, 3.4 fl oz\" \/>\n<meta property=\"og:description\" content=\"Marca Fragrance World   Forma del producto L\u00edquido   Volumen del art\u00edculo 100 Mililitros   Fragancia \u00c1mbar - vainilla   Caracter\u00edsticas especiales Larga duraci\u00f3n    &nbsp;\" \/>\n<meta property=\"og:url\" content=\"https:\/\/zaffirum.com\/es\/product\/liquid-brun-by-fragrance-world-french-avenue-eau-de-parfum-unisex-3-4-fl-oz-3-4-fl-oz\/\" \/>\n<meta property=\"og:site_name\" content=\"Zaffirum | Parfums &amp; Luxury Watches\" \/>\n<meta property=\"article:modified_time\" content=\"2026-01-23T18:13:34+00:00\" \/>\n<meta property=\"og:image\" content=\"https:\/\/zaffirum.com\/wp-content\/uploads\/2025\/11\/French-Avenue-Liquid-Brun.jpg\" \/>\n\t<meta property=\"og:image:width\" content=\"500\" \/>\n\t<meta property=\"og:image:height\" content=\"500\" \/>\n\t<meta property=\"og:image:type\" content=\"image\/jpeg\" \/>\n<meta name=\"twitter:card\" content=\"summary_large_image\" \/>\n<script type=\"application\/ld+json\" class=\"yoast-schema-graph\">{\"@context\":\"https:\/\/schema.org\",\"@graph\":[{\"@type\":\"WebPage\",\"@id\":\"https:\/\/zaffirum.com\/product\/liquid-brun-by-fragrance-world-french-avenue-eau-de-parfum-unisex-3-4-fl-oz-3-4-fl-oz\/\",\"url\":\"https:\/\/zaffirum.com\/product\/liquid-brun-by-fragrance-world-french-avenue-eau-de-parfum-unisex-3-4-fl-oz-3-4-fl-oz\/\",\"name\":\"Liquid Brun By Fragrance World French Avenue Eau de Parfum unisex, 3.4 fl oz, 3.4 fl oz - Zaffirum | Parfums &amp; Luxury Watches\",\"isPartOf\":{\"@id\":\"https:\/\/zaffirum.com\/#website\"},\"primaryImageOfPage\":{\"@id\":\"https:\/\/zaffirum.com\/product\/liquid-brun-by-fragrance-world-french-avenue-eau-de-parfum-unisex-3-4-fl-oz-3-4-fl-oz\/#primaryimage\"},\"image\":{\"@id\":\"https:\/\/zaffirum.com\/product\/liquid-brun-by-fragrance-world-french-avenue-eau-de-parfum-unisex-3-4-fl-oz-3-4-fl-oz\/#primaryimage\"},\"thumbnailUrl\":\"https:\/\/zaffirum.com\/wp-content\/uploads\/2025\/11\/French-Avenue-Liquid-Brun.jpg\",\"datePublished\":\"2025-11-11T02:46:47+00:00\",\"dateModified\":\"2026-01-23T18:13:34+00:00\",\"breadcrumb\":{\"@id\":\"https:\/\/zaffirum.com\/product\/liquid-brun-by-fragrance-world-french-avenue-eau-de-parfum-unisex-3-4-fl-oz-3-4-fl-oz\/#breadcrumb\"},\"inLanguage\":\"es\",\"potentialAction\":[{\"@type\":\"ReadAction\",\"target\":[\"https:\/\/zaffirum.com\/product\/liquid-brun-by-fragrance-world-french-avenue-eau-de-parfum-unisex-3-4-fl-oz-3-4-fl-oz\/\"]}]},{\"@type\":\"ImageObject\",\"inLanguage\":\"es\",\"@id\":\"https:\/\/zaffirum.com\/product\/liquid-brun-by-fragrance-world-french-avenue-eau-de-parfum-unisex-3-4-fl-oz-3-4-fl-oz\/#primaryimage\",\"url\":\"https:\/\/zaffirum.com\/wp-content\/uploads\/2025\/11\/French-Avenue-Liquid-Brun.jpg\",\"contentUrl\":\"https:\/\/zaffirum.com\/wp-content\/uploads\/2025\/11\/French-Avenue-Liquid-Brun.jpg\",\"width\":500,\"height\":500},{\"@type\":\"BreadcrumbList\",\"@id\":\"https:\/\/zaffirum.com\/product\/liquid-brun-by-fragrance-world-french-avenue-eau-de-parfum-unisex-3-4-fl-oz-3-4-fl-oz\/#breadcrumb\",\"itemListElement\":[{\"@type\":\"ListItem\",\"position\":1,\"name\":\"Portada\",\"item\":\"https:\/\/zaffirum.com\/\"},{\"@type\":\"ListItem\",\"position\":2,\"name\":\"Tienda\",\"item\":\"https:\/\/zaffirum.com\/tienda\/\"},{\"@type\":\"ListItem\",\"position\":3,\"name\":\"Liquid Brun By Fragrance World French Avenue Eau de Parfum unisex, 3.4 fl oz, 3.4 fl oz\"}]},{\"@type\":\"WebSite\",\"@id\":\"https:\/\/zaffirum.com\/#website\",\"url\":\"https:\/\/zaffirum.com\/\",\"name\":\"Zaffirum | Parfums &amp; Luxury Watches\",\"description\":\"\",\"publisher\":{\"@id\":\"https:\/\/zaffirum.com\/#organization\"},\"potentialAction\":[{\"@type\":\"SearchAction\",\"target\":{\"@type\":\"EntryPoint\",\"urlTemplate\":\"https:\/\/zaffirum.com\/?s={search_term_string}\"},\"query-input\":{\"@type\":\"PropertyValueSpecification\",\"valueRequired\":true,\"valueName\":\"search_term_string\"}}],\"inLanguage\":\"es\"},{\"@type\":\"Organization\",\"@id\":\"https:\/\/zaffirum.com\/#organization\",\"name\":\"Zaffirum | Parfums &amp; Luxury Watches\",\"url\":\"https:\/\/zaffirum.com\/\",\"logo\":{\"@type\":\"ImageObject\",\"inLanguage\":\"es\",\"@id\":\"https:\/\/zaffirum.com\/#\/schema\/logo\/image\/\",\"url\":\"https:\/\/zaffirum.com\/wp-content\/uploads\/2021\/02\/LOGO-WEB-02.png\",\"contentUrl\":\"https:\/\/zaffirum.com\/wp-content\/uploads\/2021\/02\/LOGO-WEB-02.png\",\"width\":328,\"height\":182,\"caption\":\"Zaffirum |  Parfums &amp; Luxury Watches\"},\"image\":{\"@id\":\"https:\/\/zaffirum.com\/#\/schema\/logo\/image\/\"}}]}<\/script>\n<!-- \/ Yoast SEO Premium plugin. -->","yoast_head_json":{"title":"Liquid Brun By Fragrance World French Avenue Eau de Parfum unisex, 3.4 fl oz, 3.4 fl oz - Zaffirum | Parfums &amp; Luxury Watches","robots":{"index":"index","follow":"follow","max-snippet":"max-snippet:-1","max-image-preview":"max-image-preview:large","max-video-preview":"max-video-preview:-1"},"canonical":"https:\/\/zaffirum.com\/es\/product\/liquid-brun-by-fragrance-world-french-avenue-eau-de-parfum-unisex-3-4-fl-oz-3-4-fl-oz\/","og_locale":"es_MX","og_type":"article","og_title":"Liquid Brun By Fragrance World French Avenue Eau de Parfum unisex, 3.4 fl oz, 3.4 fl oz","og_description":"Marca Fragrance World   Forma del producto L\u00edquido   Volumen del art\u00edculo 100 Mililitros   Fragancia \u00c1mbar - vainilla   Caracter\u00edsticas especiales Larga duraci\u00f3n    &nbsp;","og_url":"https:\/\/zaffirum.com\/es\/product\/liquid-brun-by-fragrance-world-french-avenue-eau-de-parfum-unisex-3-4-fl-oz-3-4-fl-oz\/","og_site_name":"Zaffirum | Parfums &amp; Luxury Watches","article_modified_time":"2026-01-23T18:13:34+00:00","og_image":[{"width":500,"height":500,"url":"https:\/\/zaffirum.com\/wp-content\/uploads\/2025\/11\/French-Avenue-Liquid-Brun.jpg","type":"image\/jpeg"}],"twitter_card":"summary_large_image","schema":{"@context":"https:\/\/schema.org","@graph":[{"@type":"WebPage","@id":"https:\/\/zaffirum.com\/product\/liquid-brun-by-fragrance-world-french-avenue-eau-de-parfum-unisex-3-4-fl-oz-3-4-fl-oz\/","url":"https:\/\/zaffirum.com\/product\/liquid-brun-by-fragrance-world-french-avenue-eau-de-parfum-unisex-3-4-fl-oz-3-4-fl-oz\/","name":"Liquid Brun By Fragrance World French Avenue Eau de Parfum unisex, 3.4 fl oz, 3.4 fl oz - Zaffirum | Parfums &amp; Luxury Watches","isPartOf":{"@id":"https:\/\/zaffirum.com\/#website"},"primaryImageOfPage":{"@id":"https:\/\/zaffirum.com\/product\/liquid-brun-by-fragrance-world-french-avenue-eau-de-parfum-unisex-3-4-fl-oz-3-4-fl-oz\/#primaryimage"},"image":{"@id":"https:\/\/zaffirum.com\/product\/liquid-brun-by-fragrance-world-french-avenue-eau-de-parfum-unisex-3-4-fl-oz-3-4-fl-oz\/#primaryimage"},"thumbnailUrl":"https:\/\/zaffirum.com\/wp-content\/uploads\/2025\/11\/French-Avenue-Liquid-Brun.jpg","datePublished":"2025-11-11T02:46:47+00:00","dateModified":"2026-01-23T18:13:34+00:00","breadcrumb":{"@id":"https:\/\/zaffirum.com\/product\/liquid-brun-by-fragrance-world-french-avenue-eau-de-parfum-unisex-3-4-fl-oz-3-4-fl-oz\/#breadcrumb"},"inLanguage":"es","potentialAction":[{"@type":"ReadAction","target":["https:\/\/zaffirum.com\/product\/liquid-brun-by-fragrance-world-french-avenue-eau-de-parfum-unisex-3-4-fl-oz-3-4-fl-oz\/"]}]},{"@type":"ImageObject","inLanguage":"es","@id":"https:\/\/zaffirum.com\/product\/liquid-brun-by-fragrance-world-french-avenue-eau-de-parfum-unisex-3-4-fl-oz-3-4-fl-oz\/#primaryimage","url":"https:\/\/zaffirum.com\/wp-content\/uploads\/2025\/11\/French-Avenue-Liquid-Brun.jpg","contentUrl":"https:\/\/zaffirum.com\/wp-content\/uploads\/2025\/11\/French-Avenue-Liquid-Brun.jpg","width":500,"height":500},{"@type":"BreadcrumbList","@id":"https:\/\/zaffirum.com\/product\/liquid-brun-by-fragrance-world-french-avenue-eau-de-parfum-unisex-3-4-fl-oz-3-4-fl-oz\/#breadcrumb","itemListElement":[{"@type":"ListItem","position":1,"name":"Portada","item":"https:\/\/zaffirum.com\/"},{"@type":"ListItem","position":2,"name":"Tienda","item":"https:\/\/zaffirum.com\/tienda\/"},{"@type":"ListItem","position":3,"name":"Liquid Brun By Fragrance World French Avenue Eau de Parfum unisex, 3.4 fl oz, 3.4 fl oz"}]},{"@type":"WebSite","@id":"https:\/\/zaffirum.com\/#website","url":"https:\/\/zaffirum.com\/","name":"Zaffirum | Parfums &amp; Luxury Watches","description":"","publisher":{"@id":"https:\/\/zaffirum.com\/#organization"},"potentialAction":[{"@type":"SearchAction","target":{"@type":"EntryPoint","urlTemplate":"https:\/\/zaffirum.com\/?s={search_term_string}"},"query-input":{"@type":"PropertyValueSpecification","valueRequired":true,"valueName":"search_term_string"}}],"inLanguage":"es"},{"@type":"Organization","@id":"https:\/\/zaffirum.com\/#organization","name":"Zaffirum | Parfums &amp; Luxury Watches","url":"https:\/\/zaffirum.com\/","logo":{"@type":"ImageObject","inLanguage":"es","@id":"https:\/\/zaffirum.com\/#\/schema\/logo\/image\/","url":"https:\/\/zaffirum.com\/wp-content\/uploads\/2021\/02\/LOGO-WEB-02.png","contentUrl":"https:\/\/zaffirum.com\/wp-content\/uploads\/2021\/02\/LOGO-WEB-02.png","width":328,"height":182,"caption":"Zaffirum |  Parfums &amp; Luxury Watches"},"image":{"@id":"https:\/\/zaffirum.com\/#\/schema\/logo\/image\/"}}]}},"_links":{"self":[{"href":"https:\/\/zaffirum.com\/es\/wp-json\/wp\/v2\/product\/14253","targetHints":{"allow":["GET"]}}],"collection":[{"href":"https:\/\/zaffirum.com\/es\/wp-json\/wp\/v2\/product"}],"about":[{"href":"https:\/\/zaffirum.com\/es\/wp-json\/wp\/v2\/types\/product"}],"version-history":[{"count":1,"href":"https:\/\/zaffirum.com\/es\/wp-json\/wp\/v2\/product\/14253\/revisions"}],"predecessor-version":[{"id":14283,"href":"https:\/\/zaffirum.com\/es\/wp-json\/wp\/v2\/product\/14253\/revisions\/14283"}],"wp:featuredmedia":[{"embeddable":true,"href":"https:\/\/zaffirum.com\/es\/wp-json\/wp\/v2\/media\/13661"}],"wp:attachment":[{"href":"https:\/\/zaffirum.com\/es\/wp-json\/wp\/v2\/media?parent=14253"}],"wp:term":[{"taxonomy":"product_brand","embeddable":true,"href":"https:\/\/zaffirum.com\/es\/wp-json\/wp\/v2\/product_brand?post=14253"},{"taxonomy":"product_cat","embeddable":true,"href":"https:\/\/zaffirum.com\/es\/wp-json\/wp\/v2\/product_cat?post=14253"},{"taxonomy":"product_tag","embeddable":true,"href":"https:\/\/zaffirum.com\/es\/wp-json\/wp\/v2\/product_tag?post=14253"}],"curies":[{"name":"wp","href":"https:\/\/api.w.org\/{rel}","templated":true}]}}