{"id":14256,"date":"2025-11-11T02:46:47","date_gmt":"2025-11-11T02:46:47","guid":{"rendered":"https:\/\/zaffirum.com\/?post_type=product&#038;p=14256"},"modified":"2026-01-23T13:17:57","modified_gmt":"2026-01-23T18:17:57","slug":"fragrance-world-coleccion-french-avenue-veneno","status":"publish","type":"product","link":"https:\/\/zaffirum.com\/es\/product\/fragrance-world-coleccion-french-avenue-veneno\/","title":{"rendered":"Fragrance World Colecci\u00f3n French Avenue (Veneno)"},"content":{"rendered":"<p><strong>NOTAS DE SALIDA:<\/strong><\/p>\n<p>Canela<\/p>\n<p>Manzana<\/p>\n<p>Humo<\/p>\n<p><strong>NOTAS DE CORAZ\u00d3N:<\/strong><\/p>\n<p>Tabaco<\/p>\n<p>Musgo<\/p>\n<p><strong>NOTAS DE FONDO:<\/strong><\/p>\n<p>Vainilla Bourbon<\/p>\n<p>Orcanox<\/p>","protected":false},"excerpt":{"rendered":"<table class=\"a-normal a-spacing-micro\" role=\"list\">\n<tbody>\n<tr class=\"a-spacing-small po-brand\" role=\"listitem\">\n<td class=\"a-span3\" role=\"presentation\"><span class=\"a-size-base a-text-bold\">Marca<\/span><\/td>\n<td class=\"a-span9\" role=\"presentation\"><span class=\"a-size-base po-break-word\">Fragrance World<\/span><\/td>\n<\/tr>\n<tr class=\"a-spacing-small po-item_form\" role=\"listitem\">\n<td class=\"a-span3\" role=\"presentation\"><span class=\"a-size-base a-text-bold\">Forma del producto<\/span><\/td>\n<td class=\"a-span9\" role=\"presentation\"><span class=\"a-size-base po-break-word\">L\u00edquido<\/span><\/td>\n<\/tr>\n<tr class=\"a-spacing-small po-item_volume\" role=\"listitem\">\n<td class=\"a-span3\" role=\"presentation\"><span class=\"a-size-base a-text-bold\">Volumen del art\u00edculo<\/span><\/td>\n<td class=\"a-span9\" role=\"presentation\"><span class=\"a-size-base po-break-word\">3,4 Onzas de l\u00edquido<\/span><\/td>\n<\/tr>\n<tr class=\"a-spacing-small po-scent\" role=\"listitem\">\n<td class=\"a-span3\" role=\"presentation\"><span class=\"a-size-base a-text-bold\">Fragancia<\/span><\/td>\n<td class=\"a-span9\" role=\"presentation\"><span class=\"a-size-base po-break-word\">Veneno<\/span><\/td>\n<\/tr>\n<tr class=\"a-spacing-small po-fragrance_concentration\" role=\"listitem\">\n<td class=\"a-span3\" role=\"presentation\"><span class=\"a-size-base a-text-bold\">Concentraci\u00f3n de fragancia<\/span><\/td>\n<td class=\"a-span9\" role=\"presentation\"><span class=\"a-size-base po-break-word\">Eau de parfum<\/span><\/td>\n<\/tr>\n<\/tbody>\n<\/table>","protected":false},"featured_media":13677,"template":"","meta":[],"product_brand":[],"product_cat":[73],"product_tag":[89,80,93,74,75,81],"class_list":{"0":"post-14256","1":"product","2":"type-product","3":"status-publish","4":"has-post-thumbnail","6":"product_cat-perfumes-para-hombres","7":"product_tag-elegancia","8":"product_tag-estilo","9":"product_tag-french-avenue","10":"product_tag-hombres","11":"product_tag-perfumes","12":"product_tag-perfumes-arabes","14":"first","15":"instock","16":"taxable","17":"shipping-taxable","18":"purchasable","19":"product-type-simple"},"yoast_head":"<!-- This site is optimized with the Yoast SEO Premium plugin v26.4 (Yoast SEO v26.8) - https:\/\/yoast.com\/product\/yoast-seo-premium-wordpress\/ -->\n<title>Fragrance World Colecci\u00f3n French Avenue (Veneno) - Zaffirum | Parfums &amp; Luxury Watches<\/title>\n<meta name=\"robots\" content=\"index, follow, max-snippet:-1, max-image-preview:large, max-video-preview:-1\" \/>\n<link rel=\"canonical\" href=\"https:\/\/zaffirum.com\/es\/product\/fragrance-world-coleccion-french-avenue-veneno\/\" \/>\n<meta property=\"og:locale\" content=\"es_MX\" \/>\n<meta property=\"og:type\" content=\"article\" \/>\n<meta property=\"og:title\" content=\"Fragrance World Colecci\u00f3n French Avenue (Veneno)\" \/>\n<meta property=\"og:description\" content=\"Marca Fragrance World   Forma del producto L\u00edquido   Volumen del art\u00edculo 3,4 Onzas de l\u00edquido   Fragancia Veneno   Concentraci\u00f3n de fragancia Eau de parfum\" \/>\n<meta property=\"og:url\" content=\"https:\/\/zaffirum.com\/es\/product\/fragrance-world-coleccion-french-avenue-veneno\/\" \/>\n<meta property=\"og:site_name\" content=\"Zaffirum | Parfums &amp; Luxury Watches\" \/>\n<meta property=\"article:modified_time\" content=\"2026-01-23T18:17:57+00:00\" \/>\n<meta property=\"og:image\" content=\"https:\/\/zaffirum.com\/wp-content\/uploads\/2025\/11\/veneno-negro-.png\" \/>\n\t<meta property=\"og:image:width\" content=\"500\" \/>\n\t<meta property=\"og:image:height\" content=\"500\" \/>\n\t<meta property=\"og:image:type\" content=\"image\/png\" \/>\n<meta name=\"twitter:card\" content=\"summary_large_image\" \/>\n<script type=\"application\/ld+json\" class=\"yoast-schema-graph\">{\"@context\":\"https:\/\/schema.org\",\"@graph\":[{\"@type\":\"WebPage\",\"@id\":\"https:\/\/zaffirum.com\/product\/fragrance-world-coleccion-french-avenue-veneno\/\",\"url\":\"https:\/\/zaffirum.com\/product\/fragrance-world-coleccion-french-avenue-veneno\/\",\"name\":\"Fragrance World Colecci\u00f3n French Avenue (Veneno) - Zaffirum | Parfums &amp; Luxury Watches\",\"isPartOf\":{\"@id\":\"https:\/\/zaffirum.com\/#website\"},\"primaryImageOfPage\":{\"@id\":\"https:\/\/zaffirum.com\/product\/fragrance-world-coleccion-french-avenue-veneno\/#primaryimage\"},\"image\":{\"@id\":\"https:\/\/zaffirum.com\/product\/fragrance-world-coleccion-french-avenue-veneno\/#primaryimage\"},\"thumbnailUrl\":\"https:\/\/zaffirum.com\/wp-content\/uploads\/2025\/11\/veneno-negro-.png\",\"datePublished\":\"2025-11-11T02:46:47+00:00\",\"dateModified\":\"2026-01-23T18:17:57+00:00\",\"breadcrumb\":{\"@id\":\"https:\/\/zaffirum.com\/product\/fragrance-world-coleccion-french-avenue-veneno\/#breadcrumb\"},\"inLanguage\":\"es\",\"potentialAction\":[{\"@type\":\"ReadAction\",\"target\":[\"https:\/\/zaffirum.com\/product\/fragrance-world-coleccion-french-avenue-veneno\/\"]}]},{\"@type\":\"ImageObject\",\"inLanguage\":\"es\",\"@id\":\"https:\/\/zaffirum.com\/product\/fragrance-world-coleccion-french-avenue-veneno\/#primaryimage\",\"url\":\"https:\/\/zaffirum.com\/wp-content\/uploads\/2025\/11\/veneno-negro-.png\",\"contentUrl\":\"https:\/\/zaffirum.com\/wp-content\/uploads\/2025\/11\/veneno-negro-.png\",\"width\":500,\"height\":500},{\"@type\":\"BreadcrumbList\",\"@id\":\"https:\/\/zaffirum.com\/product\/fragrance-world-coleccion-french-avenue-veneno\/#breadcrumb\",\"itemListElement\":[{\"@type\":\"ListItem\",\"position\":1,\"name\":\"Portada\",\"item\":\"https:\/\/zaffirum.com\/\"},{\"@type\":\"ListItem\",\"position\":2,\"name\":\"Tienda\",\"item\":\"https:\/\/zaffirum.com\/tienda\/\"},{\"@type\":\"ListItem\",\"position\":3,\"name\":\"Fragrance World Colecci\u00f3n French Avenue (Veneno)\"}]},{\"@type\":\"WebSite\",\"@id\":\"https:\/\/zaffirum.com\/#website\",\"url\":\"https:\/\/zaffirum.com\/\",\"name\":\"Zaffirum | Parfums &amp; Luxury Watches\",\"description\":\"\",\"publisher\":{\"@id\":\"https:\/\/zaffirum.com\/#organization\"},\"potentialAction\":[{\"@type\":\"SearchAction\",\"target\":{\"@type\":\"EntryPoint\",\"urlTemplate\":\"https:\/\/zaffirum.com\/?s={search_term_string}\"},\"query-input\":{\"@type\":\"PropertyValueSpecification\",\"valueRequired\":true,\"valueName\":\"search_term_string\"}}],\"inLanguage\":\"es\"},{\"@type\":\"Organization\",\"@id\":\"https:\/\/zaffirum.com\/#organization\",\"name\":\"Zaffirum | Parfums &amp; Luxury Watches\",\"url\":\"https:\/\/zaffirum.com\/\",\"logo\":{\"@type\":\"ImageObject\",\"inLanguage\":\"es\",\"@id\":\"https:\/\/zaffirum.com\/#\/schema\/logo\/image\/\",\"url\":\"https:\/\/zaffirum.com\/wp-content\/uploads\/2021\/02\/LOGO-WEB-02.png\",\"contentUrl\":\"https:\/\/zaffirum.com\/wp-content\/uploads\/2021\/02\/LOGO-WEB-02.png\",\"width\":328,\"height\":182,\"caption\":\"Zaffirum |  Parfums &amp; Luxury Watches\"},\"image\":{\"@id\":\"https:\/\/zaffirum.com\/#\/schema\/logo\/image\/\"}}]}<\/script>\n<!-- \/ Yoast SEO Premium plugin. -->","yoast_head_json":{"title":"Fragrance World Colecci\u00f3n French Avenue (Veneno) - Zaffirum | Parfums &amp; Luxury Watches","robots":{"index":"index","follow":"follow","max-snippet":"max-snippet:-1","max-image-preview":"max-image-preview:large","max-video-preview":"max-video-preview:-1"},"canonical":"https:\/\/zaffirum.com\/es\/product\/fragrance-world-coleccion-french-avenue-veneno\/","og_locale":"es_MX","og_type":"article","og_title":"Fragrance World Colecci\u00f3n French Avenue (Veneno)","og_description":"Marca Fragrance World   Forma del producto L\u00edquido   Volumen del art\u00edculo 3,4 Onzas de l\u00edquido   Fragancia Veneno   Concentraci\u00f3n de fragancia Eau de parfum","og_url":"https:\/\/zaffirum.com\/es\/product\/fragrance-world-coleccion-french-avenue-veneno\/","og_site_name":"Zaffirum | Parfums &amp; Luxury Watches","article_modified_time":"2026-01-23T18:17:57+00:00","og_image":[{"width":500,"height":500,"url":"https:\/\/zaffirum.com\/wp-content\/uploads\/2025\/11\/veneno-negro-.png","type":"image\/png"}],"twitter_card":"summary_large_image","schema":{"@context":"https:\/\/schema.org","@graph":[{"@type":"WebPage","@id":"https:\/\/zaffirum.com\/product\/fragrance-world-coleccion-french-avenue-veneno\/","url":"https:\/\/zaffirum.com\/product\/fragrance-world-coleccion-french-avenue-veneno\/","name":"Fragrance World Colecci\u00f3n French Avenue (Veneno) - Zaffirum | Parfums &amp; Luxury Watches","isPartOf":{"@id":"https:\/\/zaffirum.com\/#website"},"primaryImageOfPage":{"@id":"https:\/\/zaffirum.com\/product\/fragrance-world-coleccion-french-avenue-veneno\/#primaryimage"},"image":{"@id":"https:\/\/zaffirum.com\/product\/fragrance-world-coleccion-french-avenue-veneno\/#primaryimage"},"thumbnailUrl":"https:\/\/zaffirum.com\/wp-content\/uploads\/2025\/11\/veneno-negro-.png","datePublished":"2025-11-11T02:46:47+00:00","dateModified":"2026-01-23T18:17:57+00:00","breadcrumb":{"@id":"https:\/\/zaffirum.com\/product\/fragrance-world-coleccion-french-avenue-veneno\/#breadcrumb"},"inLanguage":"es","potentialAction":[{"@type":"ReadAction","target":["https:\/\/zaffirum.com\/product\/fragrance-world-coleccion-french-avenue-veneno\/"]}]},{"@type":"ImageObject","inLanguage":"es","@id":"https:\/\/zaffirum.com\/product\/fragrance-world-coleccion-french-avenue-veneno\/#primaryimage","url":"https:\/\/zaffirum.com\/wp-content\/uploads\/2025\/11\/veneno-negro-.png","contentUrl":"https:\/\/zaffirum.com\/wp-content\/uploads\/2025\/11\/veneno-negro-.png","width":500,"height":500},{"@type":"BreadcrumbList","@id":"https:\/\/zaffirum.com\/product\/fragrance-world-coleccion-french-avenue-veneno\/#breadcrumb","itemListElement":[{"@type":"ListItem","position":1,"name":"Portada","item":"https:\/\/zaffirum.com\/"},{"@type":"ListItem","position":2,"name":"Tienda","item":"https:\/\/zaffirum.com\/tienda\/"},{"@type":"ListItem","position":3,"name":"Fragrance World Colecci\u00f3n French Avenue (Veneno)"}]},{"@type":"WebSite","@id":"https:\/\/zaffirum.com\/#website","url":"https:\/\/zaffirum.com\/","name":"Zaffirum | Parfums &amp; Luxury Watches","description":"","publisher":{"@id":"https:\/\/zaffirum.com\/#organization"},"potentialAction":[{"@type":"SearchAction","target":{"@type":"EntryPoint","urlTemplate":"https:\/\/zaffirum.com\/?s={search_term_string}"},"query-input":{"@type":"PropertyValueSpecification","valueRequired":true,"valueName":"search_term_string"}}],"inLanguage":"es"},{"@type":"Organization","@id":"https:\/\/zaffirum.com\/#organization","name":"Zaffirum | Parfums &amp; Luxury Watches","url":"https:\/\/zaffirum.com\/","logo":{"@type":"ImageObject","inLanguage":"es","@id":"https:\/\/zaffirum.com\/#\/schema\/logo\/image\/","url":"https:\/\/zaffirum.com\/wp-content\/uploads\/2021\/02\/LOGO-WEB-02.png","contentUrl":"https:\/\/zaffirum.com\/wp-content\/uploads\/2021\/02\/LOGO-WEB-02.png","width":328,"height":182,"caption":"Zaffirum |  Parfums &amp; Luxury Watches"},"image":{"@id":"https:\/\/zaffirum.com\/#\/schema\/logo\/image\/"}}]}},"_links":{"self":[{"href":"https:\/\/zaffirum.com\/es\/wp-json\/wp\/v2\/product\/14256","targetHints":{"allow":["GET"]}}],"collection":[{"href":"https:\/\/zaffirum.com\/es\/wp-json\/wp\/v2\/product"}],"about":[{"href":"https:\/\/zaffirum.com\/es\/wp-json\/wp\/v2\/types\/product"}],"version-history":[{"count":1,"href":"https:\/\/zaffirum.com\/es\/wp-json\/wp\/v2\/product\/14256\/revisions"}],"predecessor-version":[{"id":14286,"href":"https:\/\/zaffirum.com\/es\/wp-json\/wp\/v2\/product\/14256\/revisions\/14286"}],"wp:featuredmedia":[{"embeddable":true,"href":"https:\/\/zaffirum.com\/es\/wp-json\/wp\/v2\/media\/13677"}],"wp:attachment":[{"href":"https:\/\/zaffirum.com\/es\/wp-json\/wp\/v2\/media?parent=14256"}],"wp:term":[{"taxonomy":"product_brand","embeddable":true,"href":"https:\/\/zaffirum.com\/es\/wp-json\/wp\/v2\/product_brand?post=14256"},{"taxonomy":"product_cat","embeddable":true,"href":"https:\/\/zaffirum.com\/es\/wp-json\/wp\/v2\/product_cat?post=14256"},{"taxonomy":"product_tag","embeddable":true,"href":"https:\/\/zaffirum.com\/es\/wp-json\/wp\/v2\/product_tag?post=14256"}],"curies":[{"name":"wp","href":"https:\/\/api.w.org\/{rel}","templated":true}]}}