{"id":14257,"date":"2025-11-11T02:46:47","date_gmt":"2025-11-11T02:46:47","guid":{"rendered":"https:\/\/zaffirum.com\/?post_type=product&#038;p=14257"},"modified":"2026-01-23T13:18:46","modified_gmt":"2026-01-23T18:18:46","slug":"erba-pura-de-xerjoff-eau-de-parfum","status":"publish","type":"product","link":"https:\/\/zaffirum.com\/es\/product\/erba-pura-de-xerjoff-eau-de-parfum\/","title":{"rendered":"Erba Pura de Xerjoff eau de Parfum"},"content":{"rendered":"<div class=\"a-section content\">\n<h4>NOTAS DE SALIDA:<\/h4>\n<p>NARANJA SICILIANA<\/p>\n<p>BERGAMOTA DE CALABRIA<\/p>\n<p>LIMON SICILIANO<\/p>\n<p><strong>NOTAS DE CORAZON:<\/strong><\/p>\n<\/div>\n<p>COCTEL DE FRUTAS TROPICALES<\/p>\n<h4>NOTAS DE FONDO:<\/h4>\n<p>ALMIZCLE BLANCO<\/p>\n<p>VAINILLA DE MADAGASCAR<\/p>\n<p>AMBAR<\/p>","protected":false},"excerpt":{"rendered":"<p>Un elixir cautivador y hechizante.<\/p>\n<p><strong>Erba Pura<\/strong>\u00a0de\u00a0<strong>Xerjoff<\/strong>\u00a0es una fragancia fresca y afrutada que combina notas de salida de naranja siciliana y lim\u00f3n con un toque de fruta mediterr\u00e1nea. El almizcle blanco, el \u00e1mbar y las bayas de vainilla de Madagascar, que forman las notas de fondo, se revelan lentamente a lo largo del d\u00eda.<\/p>\n<p>Esta fragancia rica y misteriosa celebra la belleza del terciopelo.<\/p>","protected":false},"featured_media":13683,"template":"","meta":[],"product_brand":[],"product_cat":[94,73],"product_tag":[74,90,75,95,96],"class_list":{"0":"post-14257","1":"product","2":"type-product","3":"status-publish","4":"has-post-thumbnail","6":"product_cat-perfumes-nichos","7":"product_cat-perfumes-para-hombres","8":"product_tag-hombres","9":"product_tag-nicho","10":"product_tag-perfumes","11":"product_tag-perfumes-nichos","12":"product_tag-xerjoff","14":"first","15":"instock","16":"taxable","17":"shipping-taxable","18":"purchasable","19":"product-type-simple"},"yoast_head":"<!-- This site is optimized with the Yoast SEO Premium plugin v26.4 (Yoast SEO v26.8) - https:\/\/yoast.com\/product\/yoast-seo-premium-wordpress\/ -->\n<title>Erba Pura de Xerjoff eau de Parfum - Zaffirum | Parfums &amp; Luxury Watches<\/title>\n<meta name=\"robots\" content=\"index, follow, max-snippet:-1, max-image-preview:large, max-video-preview:-1\" \/>\n<link rel=\"canonical\" href=\"https:\/\/zaffirum.com\/es\/product\/erba-pura-de-xerjoff-eau-de-parfum\/\" \/>\n<meta property=\"og:locale\" content=\"es_MX\" \/>\n<meta property=\"og:type\" content=\"article\" \/>\n<meta property=\"og:title\" content=\"Erba Pura de Xerjoff eau de Parfum\" \/>\n<meta property=\"og:description\" content=\"Un elixir cautivador y hechizante.  Erba Pura\u00a0de\u00a0Xerjoff\u00a0es una fragancia fresca y afrutada que combina notas de salida de naranja siciliana y lim\u00f3n con un toque de fruta mediterr\u00e1nea. El almizcle blanco, el \u00e1mbar y las bayas de vainilla de Madagascar, que forman las notas de fondo, se revelan lentamente a lo largo del d\u00eda.  Esta fragancia rica y misteriosa celebra la belleza del terciopelo.\" \/>\n<meta property=\"og:url\" content=\"https:\/\/zaffirum.com\/es\/product\/erba-pura-de-xerjoff-eau-de-parfum\/\" \/>\n<meta property=\"og:site_name\" content=\"Zaffirum | Parfums &amp; Luxury Watches\" \/>\n<meta property=\"article:modified_time\" content=\"2026-01-23T18:18:46+00:00\" \/>\n<meta property=\"og:image\" content=\"https:\/\/zaffirum.com\/wp-content\/uploads\/2025\/11\/erba-pura-dopaminashop.jpg\" \/>\n\t<meta property=\"og:image:width\" content=\"900\" \/>\n\t<meta property=\"og:image:height\" content=\"900\" \/>\n\t<meta property=\"og:image:type\" content=\"image\/jpeg\" \/>\n<meta name=\"twitter:card\" content=\"summary_large_image\" \/>\n<script type=\"application\/ld+json\" class=\"yoast-schema-graph\">{\"@context\":\"https:\/\/schema.org\",\"@graph\":[{\"@type\":\"WebPage\",\"@id\":\"https:\/\/zaffirum.com\/product\/erba-pura-de-xerjoff-eau-de-parfum\/\",\"url\":\"https:\/\/zaffirum.com\/product\/erba-pura-de-xerjoff-eau-de-parfum\/\",\"name\":\"Erba Pura de Xerjoff eau de Parfum - Zaffirum | Parfums &amp; Luxury Watches\",\"isPartOf\":{\"@id\":\"https:\/\/zaffirum.com\/#website\"},\"primaryImageOfPage\":{\"@id\":\"https:\/\/zaffirum.com\/product\/erba-pura-de-xerjoff-eau-de-parfum\/#primaryimage\"},\"image\":{\"@id\":\"https:\/\/zaffirum.com\/product\/erba-pura-de-xerjoff-eau-de-parfum\/#primaryimage\"},\"thumbnailUrl\":\"https:\/\/zaffirum.com\/wp-content\/uploads\/2025\/11\/erba-pura-dopaminashop.jpg\",\"datePublished\":\"2025-11-11T02:46:47+00:00\",\"dateModified\":\"2026-01-23T18:18:46+00:00\",\"breadcrumb\":{\"@id\":\"https:\/\/zaffirum.com\/product\/erba-pura-de-xerjoff-eau-de-parfum\/#breadcrumb\"},\"inLanguage\":\"es\",\"potentialAction\":[{\"@type\":\"ReadAction\",\"target\":[\"https:\/\/zaffirum.com\/product\/erba-pura-de-xerjoff-eau-de-parfum\/\"]}]},{\"@type\":\"ImageObject\",\"inLanguage\":\"es\",\"@id\":\"https:\/\/zaffirum.com\/product\/erba-pura-de-xerjoff-eau-de-parfum\/#primaryimage\",\"url\":\"https:\/\/zaffirum.com\/wp-content\/uploads\/2025\/11\/erba-pura-dopaminashop.jpg\",\"contentUrl\":\"https:\/\/zaffirum.com\/wp-content\/uploads\/2025\/11\/erba-pura-dopaminashop.jpg\",\"width\":900,\"height\":900},{\"@type\":\"BreadcrumbList\",\"@id\":\"https:\/\/zaffirum.com\/product\/erba-pura-de-xerjoff-eau-de-parfum\/#breadcrumb\",\"itemListElement\":[{\"@type\":\"ListItem\",\"position\":1,\"name\":\"Portada\",\"item\":\"https:\/\/zaffirum.com\/\"},{\"@type\":\"ListItem\",\"position\":2,\"name\":\"Tienda\",\"item\":\"https:\/\/zaffirum.com\/tienda\/\"},{\"@type\":\"ListItem\",\"position\":3,\"name\":\"Erba Pura de Xerjoff eau de Parfum\"}]},{\"@type\":\"WebSite\",\"@id\":\"https:\/\/zaffirum.com\/#website\",\"url\":\"https:\/\/zaffirum.com\/\",\"name\":\"Zaffirum | Parfums &amp; Luxury Watches\",\"description\":\"\",\"publisher\":{\"@id\":\"https:\/\/zaffirum.com\/#organization\"},\"potentialAction\":[{\"@type\":\"SearchAction\",\"target\":{\"@type\":\"EntryPoint\",\"urlTemplate\":\"https:\/\/zaffirum.com\/?s={search_term_string}\"},\"query-input\":{\"@type\":\"PropertyValueSpecification\",\"valueRequired\":true,\"valueName\":\"search_term_string\"}}],\"inLanguage\":\"es\"},{\"@type\":\"Organization\",\"@id\":\"https:\/\/zaffirum.com\/#organization\",\"name\":\"Zaffirum | Parfums &amp; Luxury Watches\",\"url\":\"https:\/\/zaffirum.com\/\",\"logo\":{\"@type\":\"ImageObject\",\"inLanguage\":\"es\",\"@id\":\"https:\/\/zaffirum.com\/#\/schema\/logo\/image\/\",\"url\":\"https:\/\/zaffirum.com\/wp-content\/uploads\/2021\/02\/LOGO-WEB-02.png\",\"contentUrl\":\"https:\/\/zaffirum.com\/wp-content\/uploads\/2021\/02\/LOGO-WEB-02.png\",\"width\":328,\"height\":182,\"caption\":\"Zaffirum |  Parfums &amp; Luxury Watches\"},\"image\":{\"@id\":\"https:\/\/zaffirum.com\/#\/schema\/logo\/image\/\"}}]}<\/script>\n<!-- \/ Yoast SEO Premium plugin. -->","yoast_head_json":{"title":"Erba Pura de Xerjoff eau de Parfum - Zaffirum | Parfums &amp; Luxury Watches","robots":{"index":"index","follow":"follow","max-snippet":"max-snippet:-1","max-image-preview":"max-image-preview:large","max-video-preview":"max-video-preview:-1"},"canonical":"https:\/\/zaffirum.com\/es\/product\/erba-pura-de-xerjoff-eau-de-parfum\/","og_locale":"es_MX","og_type":"article","og_title":"Erba Pura de Xerjoff eau de Parfum","og_description":"Un elixir cautivador y hechizante.  Erba Pura\u00a0de\u00a0Xerjoff\u00a0es una fragancia fresca y afrutada que combina notas de salida de naranja siciliana y lim\u00f3n con un toque de fruta mediterr\u00e1nea. El almizcle blanco, el \u00e1mbar y las bayas de vainilla de Madagascar, que forman las notas de fondo, se revelan lentamente a lo largo del d\u00eda.  Esta fragancia rica y misteriosa celebra la belleza del terciopelo.","og_url":"https:\/\/zaffirum.com\/es\/product\/erba-pura-de-xerjoff-eau-de-parfum\/","og_site_name":"Zaffirum | Parfums &amp; Luxury Watches","article_modified_time":"2026-01-23T18:18:46+00:00","og_image":[{"width":900,"height":900,"url":"https:\/\/zaffirum.com\/wp-content\/uploads\/2025\/11\/erba-pura-dopaminashop.jpg","type":"image\/jpeg"}],"twitter_card":"summary_large_image","schema":{"@context":"https:\/\/schema.org","@graph":[{"@type":"WebPage","@id":"https:\/\/zaffirum.com\/product\/erba-pura-de-xerjoff-eau-de-parfum\/","url":"https:\/\/zaffirum.com\/product\/erba-pura-de-xerjoff-eau-de-parfum\/","name":"Erba Pura de Xerjoff eau de Parfum - Zaffirum | Parfums &amp; Luxury Watches","isPartOf":{"@id":"https:\/\/zaffirum.com\/#website"},"primaryImageOfPage":{"@id":"https:\/\/zaffirum.com\/product\/erba-pura-de-xerjoff-eau-de-parfum\/#primaryimage"},"image":{"@id":"https:\/\/zaffirum.com\/product\/erba-pura-de-xerjoff-eau-de-parfum\/#primaryimage"},"thumbnailUrl":"https:\/\/zaffirum.com\/wp-content\/uploads\/2025\/11\/erba-pura-dopaminashop.jpg","datePublished":"2025-11-11T02:46:47+00:00","dateModified":"2026-01-23T18:18:46+00:00","breadcrumb":{"@id":"https:\/\/zaffirum.com\/product\/erba-pura-de-xerjoff-eau-de-parfum\/#breadcrumb"},"inLanguage":"es","potentialAction":[{"@type":"ReadAction","target":["https:\/\/zaffirum.com\/product\/erba-pura-de-xerjoff-eau-de-parfum\/"]}]},{"@type":"ImageObject","inLanguage":"es","@id":"https:\/\/zaffirum.com\/product\/erba-pura-de-xerjoff-eau-de-parfum\/#primaryimage","url":"https:\/\/zaffirum.com\/wp-content\/uploads\/2025\/11\/erba-pura-dopaminashop.jpg","contentUrl":"https:\/\/zaffirum.com\/wp-content\/uploads\/2025\/11\/erba-pura-dopaminashop.jpg","width":900,"height":900},{"@type":"BreadcrumbList","@id":"https:\/\/zaffirum.com\/product\/erba-pura-de-xerjoff-eau-de-parfum\/#breadcrumb","itemListElement":[{"@type":"ListItem","position":1,"name":"Portada","item":"https:\/\/zaffirum.com\/"},{"@type":"ListItem","position":2,"name":"Tienda","item":"https:\/\/zaffirum.com\/tienda\/"},{"@type":"ListItem","position":3,"name":"Erba Pura de Xerjoff eau de Parfum"}]},{"@type":"WebSite","@id":"https:\/\/zaffirum.com\/#website","url":"https:\/\/zaffirum.com\/","name":"Zaffirum | Parfums &amp; Luxury Watches","description":"","publisher":{"@id":"https:\/\/zaffirum.com\/#organization"},"potentialAction":[{"@type":"SearchAction","target":{"@type":"EntryPoint","urlTemplate":"https:\/\/zaffirum.com\/?s={search_term_string}"},"query-input":{"@type":"PropertyValueSpecification","valueRequired":true,"valueName":"search_term_string"}}],"inLanguage":"es"},{"@type":"Organization","@id":"https:\/\/zaffirum.com\/#organization","name":"Zaffirum | Parfums &amp; Luxury Watches","url":"https:\/\/zaffirum.com\/","logo":{"@type":"ImageObject","inLanguage":"es","@id":"https:\/\/zaffirum.com\/#\/schema\/logo\/image\/","url":"https:\/\/zaffirum.com\/wp-content\/uploads\/2021\/02\/LOGO-WEB-02.png","contentUrl":"https:\/\/zaffirum.com\/wp-content\/uploads\/2021\/02\/LOGO-WEB-02.png","width":328,"height":182,"caption":"Zaffirum |  Parfums &amp; Luxury Watches"},"image":{"@id":"https:\/\/zaffirum.com\/#\/schema\/logo\/image\/"}}]}},"_links":{"self":[{"href":"https:\/\/zaffirum.com\/es\/wp-json\/wp\/v2\/product\/14257","targetHints":{"allow":["GET"]}}],"collection":[{"href":"https:\/\/zaffirum.com\/es\/wp-json\/wp\/v2\/product"}],"about":[{"href":"https:\/\/zaffirum.com\/es\/wp-json\/wp\/v2\/types\/product"}],"version-history":[{"count":1,"href":"https:\/\/zaffirum.com\/es\/wp-json\/wp\/v2\/product\/14257\/revisions"}],"predecessor-version":[{"id":14287,"href":"https:\/\/zaffirum.com\/es\/wp-json\/wp\/v2\/product\/14257\/revisions\/14287"}],"wp:featuredmedia":[{"embeddable":true,"href":"https:\/\/zaffirum.com\/es\/wp-json\/wp\/v2\/media\/13683"}],"wp:attachment":[{"href":"https:\/\/zaffirum.com\/es\/wp-json\/wp\/v2\/media?parent=14257"}],"wp:term":[{"taxonomy":"product_brand","embeddable":true,"href":"https:\/\/zaffirum.com\/es\/wp-json\/wp\/v2\/product_brand?post=14257"},{"taxonomy":"product_cat","embeddable":true,"href":"https:\/\/zaffirum.com\/es\/wp-json\/wp\/v2\/product_cat?post=14257"},{"taxonomy":"product_tag","embeddable":true,"href":"https:\/\/zaffirum.com\/es\/wp-json\/wp\/v2\/product_tag?post=14257"}],"curies":[{"name":"wp","href":"https:\/\/api.w.org\/{rel}","templated":true}]}}