{"id":14259,"date":"2025-11-11T02:46:47","date_gmt":"2025-11-11T02:46:47","guid":{"rendered":"https:\/\/zaffirum.com\/?post_type=product&#038;p=14259"},"modified":"2026-01-23T13:23:58","modified_gmt":"2026-01-23T18:23:58","slug":"jean-paul-gaultier-le-beau-paradise-garden-eau-de-parfum-for-men-4-2-ounce","status":"publish","type":"product","link":"https:\/\/zaffirum.com\/es\/product\/jean-paul-gaultier-le-beau-paradise-garden-eau-de-parfum-for-men-4-2-ounce\/","title":{"rendered":"Jean Paul Gaultier Le Beau Paradise Garden Eau de Parfum for men, 4.2 Ounce"},"content":{"rendered":"<p><strong>Notas de Salida:<\/strong><\/p>\n<p>Notas verdes<\/p>\n<p>Notas acuosas<\/p>\n<p>Menta<\/p>\n<p>Jengibre<\/p>\n<p><strong> Notas de Coraz\u00f3n:<\/strong><\/p>\n<p>Coco<\/p>\n<p>Higo<\/p>\n<p>Sal<\/p>\n<p><strong>Notas de Fondo:<\/strong><\/p>\n<p>Haba tonka<\/p>\n<p>S\u00e1ndalo.<\/p>","protected":false},"excerpt":{"rendered":"<table class=\"a-normal a-spacing-micro\" role=\"list\">\n<tbody>\n<tr class=\"a-spacing-small po-brand\" role=\"listitem\">\n<td class=\"a-span3\" role=\"presentation\"><span class=\"a-size-base a-text-bold\">Marca<\/span><\/td>\n<td class=\"a-span9\" role=\"presentation\"><span class=\"a-size-base po-break-word\">Jean Paul Gaultier<\/span><\/td>\n<\/tr>\n<tr class=\"a-spacing-small po-item_form\" role=\"listitem\">\n<td class=\"a-span3\" role=\"presentation\"><span class=\"a-size-base a-text-bold\">Formulario de art\u00edculo<\/span><\/td>\n<td class=\"a-span9\" role=\"presentation\"><span class=\"a-size-base po-break-word\">L\u00edquido<\/span><\/td>\n<\/tr>\n<tr class=\"a-spacing-small po-item_volume\" role=\"listitem\">\n<td class=\"a-span3\" role=\"presentation\"><span class=\"a-size-base a-text-bold\">Volumen del art\u00edculo<\/span><\/td>\n<td class=\"a-span9\" role=\"presentation\"><span class=\"a-size-base po-break-word\">125 mililitros<\/span><\/td>\n<\/tr>\n<tr class=\"a-spacing-small po-scent\" role=\"listitem\">\n<td class=\"a-span3\" role=\"presentation\"><span class=\"a-size-base a-text-bold\">Aroma<\/span><\/td>\n<td class=\"a-span9\" role=\"presentation\"><span class=\"a-size-base\"><span class=\"a-truncate po-truncate-attribute\" data-a-word-break=\"normal\" data-a-truncate-name=\"po-attribute-truncate-3\" data-a-max-rows=\"3\" data-a-overflow-marker=\"&amp;hellip;\" data-a-recalculate=\"false\" data-a-updated=\"true\"><span class=\"a-truncate-full a-offscreen\">Matices acu\u00e1ticos, notas acuosas, notas verdes, menta, jengibre, coco, higo, sal marina, s\u00e1ndalo, haba tonka<\/span><span class=\"a-truncate-cut\" aria-hidden=\"true\">Matices acu\u00e1ticos, Notas acuosas, Notas verdes, Menta, Jengibre, Coco, Higo, Sal marina, S\u00e1ndalo\u2026<\/span><\/span>\u00a0<\/span><span id=\"po-attribute-see-more-id-3\" class=\"a-declarative\" data-action=\"a-modal\" data-a-modal=\"{&quot;width&quot;:&quot;800&quot;,&quot;max-height&quot;:&quot;400&quot;,&quot;header&quot;:&quot;Scent&quot;,&quot;inlineContent&quot;:&quot;Aquatic nuances, Watery Notes, Green Notes, Mint, Ginger, Coconut, Fig, Sea Salt, Sandalwood, Tonka Bean&quot;}\"><a class=\"a-popover-trigger a-declarative\" role=\"button\">Ver m\u00e1s<i class=\"a-icon a-icon-popover\"><\/i><\/a><\/span><\/td>\n<\/tr>\n<tr class=\"a-spacing-small po-special_feature\" role=\"listitem\">\n<td class=\"a-span3\" role=\"presentation\"><span class=\"a-size-base a-text-bold\">Caracter\u00edstica especial<\/span><\/td>\n<td class=\"a-span9\" role=\"presentation\"><span class=\"a-size-base po-break-word\">Tama\u00f1o generoso, mezcla ex\u00f3tica, embalaje reciclable<\/span><\/td>\n<\/tr>\n<\/tbody>\n<\/table>","protected":false},"featured_media":13692,"template":"","meta":[],"product_brand":[],"product_cat":[76,73],"product_tag":[89,99,100,97,101,75],"class_list":{"0":"post-14259","1":"product","2":"type-product","3":"status-publish","4":"has-post-thumbnail","6":"product_cat-perfumes-de-disenador","7":"product_cat-perfumes-para-hombres","8":"product_tag-elegancia","9":"product_tag-fresco","10":"product_tag-hombre","11":"product_tag-jpg","12":"product_tag-perfume-de-hombre","13":"product_tag-perfumes","15":"first","16":"outofstock","17":"taxable","18":"shipping-taxable","19":"purchasable","20":"product-type-simple"},"yoast_head":"<!-- This site is optimized with the Yoast SEO Premium plugin v26.4 (Yoast SEO v26.8) - https:\/\/yoast.com\/product\/yoast-seo-premium-wordpress\/ -->\n<title>Jean Paul Gaultier Le Beau Paradise Garden Eau de Parfum for men, 4.2 Ounce - Zaffirum | Parfums &amp; Luxury Watches<\/title>\n<meta name=\"robots\" content=\"index, follow, max-snippet:-1, max-image-preview:large, max-video-preview:-1\" \/>\n<link rel=\"canonical\" href=\"https:\/\/zaffirum.com\/es\/product\/jean-paul-gaultier-le-beau-paradise-garden-eau-de-parfum-for-men-4-2-ounce\/\" \/>\n<meta property=\"og:locale\" content=\"es_MX\" \/>\n<meta property=\"og:type\" content=\"article\" \/>\n<meta property=\"og:title\" content=\"Jean Paul Gaultier Le Beau Paradise Garden Eau de Parfum for men, 4.2 Ounce\" \/>\n<meta property=\"og:description\" content=\"Marca Jean Paul Gaultier   Formulario de art\u00edculo L\u00edquido   Volumen del art\u00edculo 125 mililitros   Aroma Matices acu\u00e1ticos, notas acuosas, notas verdes, menta, jengibre, coco, higo, sal marina, s\u00e1ndalo, haba tonkaMatices acu\u00e1ticos, Notas acuosas, Notas verdes, Menta, Jengibre, Coco, Higo, Sal marina, S\u00e1ndalo\u2026\u00a0Ver m\u00e1s   Caracter\u00edstica especial Tama\u00f1o generoso, mezcla ex\u00f3tica, embalaje reciclable\" \/>\n<meta property=\"og:url\" content=\"https:\/\/zaffirum.com\/es\/product\/jean-paul-gaultier-le-beau-paradise-garden-eau-de-parfum-for-men-4-2-ounce\/\" \/>\n<meta property=\"og:site_name\" content=\"Zaffirum | Parfums &amp; Luxury Watches\" \/>\n<meta property=\"article:modified_time\" content=\"2026-01-23T18:23:58+00:00\" \/>\n<meta property=\"og:image\" content=\"https:\/\/zaffirum.com\/wp-content\/uploads\/2025\/11\/le-beau-paradise-garden.jpg\" \/>\n\t<meta property=\"og:image:width\" content=\"225\" \/>\n\t<meta property=\"og:image:height\" content=\"225\" \/>\n\t<meta property=\"og:image:type\" content=\"image\/jpeg\" \/>\n<meta name=\"twitter:card\" content=\"summary_large_image\" \/>\n<script type=\"application\/ld+json\" class=\"yoast-schema-graph\">{\"@context\":\"https:\/\/schema.org\",\"@graph\":[{\"@type\":\"WebPage\",\"@id\":\"https:\/\/zaffirum.com\/product\/jean-paul-gaultier-le-beau-paradise-garden-eau-de-parfum-for-men-4-2-ounce\/\",\"url\":\"https:\/\/zaffirum.com\/product\/jean-paul-gaultier-le-beau-paradise-garden-eau-de-parfum-for-men-4-2-ounce\/\",\"name\":\"Jean Paul Gaultier Le Beau Paradise Garden Eau de Parfum for men, 4.2 Ounce - Zaffirum | Parfums &amp; Luxury Watches\",\"isPartOf\":{\"@id\":\"https:\/\/zaffirum.com\/#website\"},\"primaryImageOfPage\":{\"@id\":\"https:\/\/zaffirum.com\/product\/jean-paul-gaultier-le-beau-paradise-garden-eau-de-parfum-for-men-4-2-ounce\/#primaryimage\"},\"image\":{\"@id\":\"https:\/\/zaffirum.com\/product\/jean-paul-gaultier-le-beau-paradise-garden-eau-de-parfum-for-men-4-2-ounce\/#primaryimage\"},\"thumbnailUrl\":\"https:\/\/zaffirum.com\/wp-content\/uploads\/2025\/11\/le-beau-paradise-garden.jpg\",\"datePublished\":\"2025-11-11T02:46:47+00:00\",\"dateModified\":\"2026-01-23T18:23:58+00:00\",\"breadcrumb\":{\"@id\":\"https:\/\/zaffirum.com\/product\/jean-paul-gaultier-le-beau-paradise-garden-eau-de-parfum-for-men-4-2-ounce\/#breadcrumb\"},\"inLanguage\":\"es\",\"potentialAction\":[{\"@type\":\"ReadAction\",\"target\":[\"https:\/\/zaffirum.com\/product\/jean-paul-gaultier-le-beau-paradise-garden-eau-de-parfum-for-men-4-2-ounce\/\"]}]},{\"@type\":\"ImageObject\",\"inLanguage\":\"es\",\"@id\":\"https:\/\/zaffirum.com\/product\/jean-paul-gaultier-le-beau-paradise-garden-eau-de-parfum-for-men-4-2-ounce\/#primaryimage\",\"url\":\"https:\/\/zaffirum.com\/wp-content\/uploads\/2025\/11\/le-beau-paradise-garden.jpg\",\"contentUrl\":\"https:\/\/zaffirum.com\/wp-content\/uploads\/2025\/11\/le-beau-paradise-garden.jpg\",\"width\":225,\"height\":225},{\"@type\":\"BreadcrumbList\",\"@id\":\"https:\/\/zaffirum.com\/product\/jean-paul-gaultier-le-beau-paradise-garden-eau-de-parfum-for-men-4-2-ounce\/#breadcrumb\",\"itemListElement\":[{\"@type\":\"ListItem\",\"position\":1,\"name\":\"Portada\",\"item\":\"https:\/\/zaffirum.com\/\"},{\"@type\":\"ListItem\",\"position\":2,\"name\":\"Tienda\",\"item\":\"https:\/\/zaffirum.com\/tienda\/\"},{\"@type\":\"ListItem\",\"position\":3,\"name\":\"Jean Paul Gaultier Le Beau Paradise Garden Eau de Parfum for men, 4.2 Ounce\"}]},{\"@type\":\"WebSite\",\"@id\":\"https:\/\/zaffirum.com\/#website\",\"url\":\"https:\/\/zaffirum.com\/\",\"name\":\"Zaffirum | Parfums &amp; Luxury Watches\",\"description\":\"\",\"publisher\":{\"@id\":\"https:\/\/zaffirum.com\/#organization\"},\"potentialAction\":[{\"@type\":\"SearchAction\",\"target\":{\"@type\":\"EntryPoint\",\"urlTemplate\":\"https:\/\/zaffirum.com\/?s={search_term_string}\"},\"query-input\":{\"@type\":\"PropertyValueSpecification\",\"valueRequired\":true,\"valueName\":\"search_term_string\"}}],\"inLanguage\":\"es\"},{\"@type\":\"Organization\",\"@id\":\"https:\/\/zaffirum.com\/#organization\",\"name\":\"Zaffirum | Parfums &amp; Luxury Watches\",\"url\":\"https:\/\/zaffirum.com\/\",\"logo\":{\"@type\":\"ImageObject\",\"inLanguage\":\"es\",\"@id\":\"https:\/\/zaffirum.com\/#\/schema\/logo\/image\/\",\"url\":\"https:\/\/zaffirum.com\/wp-content\/uploads\/2021\/02\/LOGO-WEB-02.png\",\"contentUrl\":\"https:\/\/zaffirum.com\/wp-content\/uploads\/2021\/02\/LOGO-WEB-02.png\",\"width\":328,\"height\":182,\"caption\":\"Zaffirum |  Parfums &amp; Luxury Watches\"},\"image\":{\"@id\":\"https:\/\/zaffirum.com\/#\/schema\/logo\/image\/\"}}]}<\/script>\n<!-- \/ Yoast SEO Premium plugin. -->","yoast_head_json":{"title":"Jean Paul Gaultier Le Beau Paradise Garden Eau de Parfum for men, 4.2 Ounce - Zaffirum | Parfums &amp; Luxury Watches","robots":{"index":"index","follow":"follow","max-snippet":"max-snippet:-1","max-image-preview":"max-image-preview:large","max-video-preview":"max-video-preview:-1"},"canonical":"https:\/\/zaffirum.com\/es\/product\/jean-paul-gaultier-le-beau-paradise-garden-eau-de-parfum-for-men-4-2-ounce\/","og_locale":"es_MX","og_type":"article","og_title":"Jean Paul Gaultier Le Beau Paradise Garden Eau de Parfum for men, 4.2 Ounce","og_description":"Marca Jean Paul Gaultier   Formulario de art\u00edculo L\u00edquido   Volumen del art\u00edculo 125 mililitros   Aroma Matices acu\u00e1ticos, notas acuosas, notas verdes, menta, jengibre, coco, higo, sal marina, s\u00e1ndalo, haba tonkaMatices acu\u00e1ticos, Notas acuosas, Notas verdes, Menta, Jengibre, Coco, Higo, Sal marina, S\u00e1ndalo\u2026\u00a0Ver m\u00e1s   Caracter\u00edstica especial Tama\u00f1o generoso, mezcla ex\u00f3tica, embalaje reciclable","og_url":"https:\/\/zaffirum.com\/es\/product\/jean-paul-gaultier-le-beau-paradise-garden-eau-de-parfum-for-men-4-2-ounce\/","og_site_name":"Zaffirum | Parfums &amp; Luxury Watches","article_modified_time":"2026-01-23T18:23:58+00:00","og_image":[{"width":225,"height":225,"url":"https:\/\/zaffirum.com\/wp-content\/uploads\/2025\/11\/le-beau-paradise-garden.jpg","type":"image\/jpeg"}],"twitter_card":"summary_large_image","schema":{"@context":"https:\/\/schema.org","@graph":[{"@type":"WebPage","@id":"https:\/\/zaffirum.com\/product\/jean-paul-gaultier-le-beau-paradise-garden-eau-de-parfum-for-men-4-2-ounce\/","url":"https:\/\/zaffirum.com\/product\/jean-paul-gaultier-le-beau-paradise-garden-eau-de-parfum-for-men-4-2-ounce\/","name":"Jean Paul Gaultier Le Beau Paradise Garden Eau de Parfum for men, 4.2 Ounce - Zaffirum | Parfums &amp; Luxury Watches","isPartOf":{"@id":"https:\/\/zaffirum.com\/#website"},"primaryImageOfPage":{"@id":"https:\/\/zaffirum.com\/product\/jean-paul-gaultier-le-beau-paradise-garden-eau-de-parfum-for-men-4-2-ounce\/#primaryimage"},"image":{"@id":"https:\/\/zaffirum.com\/product\/jean-paul-gaultier-le-beau-paradise-garden-eau-de-parfum-for-men-4-2-ounce\/#primaryimage"},"thumbnailUrl":"https:\/\/zaffirum.com\/wp-content\/uploads\/2025\/11\/le-beau-paradise-garden.jpg","datePublished":"2025-11-11T02:46:47+00:00","dateModified":"2026-01-23T18:23:58+00:00","breadcrumb":{"@id":"https:\/\/zaffirum.com\/product\/jean-paul-gaultier-le-beau-paradise-garden-eau-de-parfum-for-men-4-2-ounce\/#breadcrumb"},"inLanguage":"es","potentialAction":[{"@type":"ReadAction","target":["https:\/\/zaffirum.com\/product\/jean-paul-gaultier-le-beau-paradise-garden-eau-de-parfum-for-men-4-2-ounce\/"]}]},{"@type":"ImageObject","inLanguage":"es","@id":"https:\/\/zaffirum.com\/product\/jean-paul-gaultier-le-beau-paradise-garden-eau-de-parfum-for-men-4-2-ounce\/#primaryimage","url":"https:\/\/zaffirum.com\/wp-content\/uploads\/2025\/11\/le-beau-paradise-garden.jpg","contentUrl":"https:\/\/zaffirum.com\/wp-content\/uploads\/2025\/11\/le-beau-paradise-garden.jpg","width":225,"height":225},{"@type":"BreadcrumbList","@id":"https:\/\/zaffirum.com\/product\/jean-paul-gaultier-le-beau-paradise-garden-eau-de-parfum-for-men-4-2-ounce\/#breadcrumb","itemListElement":[{"@type":"ListItem","position":1,"name":"Portada","item":"https:\/\/zaffirum.com\/"},{"@type":"ListItem","position":2,"name":"Tienda","item":"https:\/\/zaffirum.com\/tienda\/"},{"@type":"ListItem","position":3,"name":"Jean Paul Gaultier Le Beau Paradise Garden Eau de Parfum for men, 4.2 Ounce"}]},{"@type":"WebSite","@id":"https:\/\/zaffirum.com\/#website","url":"https:\/\/zaffirum.com\/","name":"Zaffirum | Parfums &amp; Luxury Watches","description":"","publisher":{"@id":"https:\/\/zaffirum.com\/#organization"},"potentialAction":[{"@type":"SearchAction","target":{"@type":"EntryPoint","urlTemplate":"https:\/\/zaffirum.com\/?s={search_term_string}"},"query-input":{"@type":"PropertyValueSpecification","valueRequired":true,"valueName":"search_term_string"}}],"inLanguage":"es"},{"@type":"Organization","@id":"https:\/\/zaffirum.com\/#organization","name":"Zaffirum | Parfums &amp; Luxury Watches","url":"https:\/\/zaffirum.com\/","logo":{"@type":"ImageObject","inLanguage":"es","@id":"https:\/\/zaffirum.com\/#\/schema\/logo\/image\/","url":"https:\/\/zaffirum.com\/wp-content\/uploads\/2021\/02\/LOGO-WEB-02.png","contentUrl":"https:\/\/zaffirum.com\/wp-content\/uploads\/2021\/02\/LOGO-WEB-02.png","width":328,"height":182,"caption":"Zaffirum |  Parfums &amp; Luxury Watches"},"image":{"@id":"https:\/\/zaffirum.com\/#\/schema\/logo\/image\/"}}]}},"_links":{"self":[{"href":"https:\/\/zaffirum.com\/es\/wp-json\/wp\/v2\/product\/14259","targetHints":{"allow":["GET"]}}],"collection":[{"href":"https:\/\/zaffirum.com\/es\/wp-json\/wp\/v2\/product"}],"about":[{"href":"https:\/\/zaffirum.com\/es\/wp-json\/wp\/v2\/types\/product"}],"version-history":[{"count":1,"href":"https:\/\/zaffirum.com\/es\/wp-json\/wp\/v2\/product\/14259\/revisions"}],"predecessor-version":[{"id":14289,"href":"https:\/\/zaffirum.com\/es\/wp-json\/wp\/v2\/product\/14259\/revisions\/14289"}],"wp:featuredmedia":[{"embeddable":true,"href":"https:\/\/zaffirum.com\/es\/wp-json\/wp\/v2\/media\/13692"}],"wp:attachment":[{"href":"https:\/\/zaffirum.com\/es\/wp-json\/wp\/v2\/media?parent=14259"}],"wp:term":[{"taxonomy":"product_brand","embeddable":true,"href":"https:\/\/zaffirum.com\/es\/wp-json\/wp\/v2\/product_brand?post=14259"},{"taxonomy":"product_cat","embeddable":true,"href":"https:\/\/zaffirum.com\/es\/wp-json\/wp\/v2\/product_cat?post=14259"},{"taxonomy":"product_tag","embeddable":true,"href":"https:\/\/zaffirum.com\/es\/wp-json\/wp\/v2\/product_tag?post=14259"}],"curies":[{"name":"wp","href":"https:\/\/api.w.org\/{rel}","templated":true}]}}