{"id":14260,"date":"2025-11-11T02:46:47","date_gmt":"2025-11-11T02:46:47","guid":{"rendered":"https:\/\/zaffirum.com\/?post_type=product&#038;p=14260"},"modified":"2026-01-23T13:26:18","modified_gmt":"2026-01-23T18:26:18","slug":"le-male-elixir-by-jean-paul-gaultier-for-men-4-2-oz","status":"publish","type":"product","link":"https:\/\/zaffirum.com\/es\/product\/le-male-elixir-by-jean-paul-gaultier-for-men-4-2-oz\/","title":{"rendered":"Le Male Elixir by Jean Paul Gaultier for Men 4.2 oz"},"content":{"rendered":"<div class=\"a-section content\">\n<h4>NOTAS DE SALIDA:<\/h4>\n<p>LAVANDA<\/p>\n<p>MENTA<\/p>\n<p><strong>NOTAS DE CORAZON:<\/strong><\/p>\n<\/div>\n<p>VAINILLA<\/p>\n<p>BENJU\u00cd<\/p>\n<h4>NOTAS DE FONDO:<\/h4>\n<p>MIEL<\/p>\n<p>HABA TONKA<\/p>\n<p>TABACO<\/p>\n<p>&nbsp;<\/p>","protected":false},"excerpt":{"rendered":"<table class=\"a-normal a-spacing-micro\" role=\"list\">\n<tbody>\n<tr class=\"a-spacing-small po-brand\" role=\"listitem\">\n<td class=\"a-span3\" role=\"presentation\"><span class=\"a-size-base a-text-bold\">Marca<\/span><\/td>\n<td class=\"a-span9\" role=\"presentation\"><span class=\"a-size-base po-break-word\">Jean Paul Gaultier<\/span><\/td>\n<\/tr>\n<tr class=\"a-spacing-small po-item_form\" role=\"listitem\">\n<td class=\"a-span3\" role=\"presentation\"><span class=\"a-size-base a-text-bold\">Formulario de art\u00edculo<\/span><\/td>\n<td class=\"a-span9\" role=\"presentation\"><span class=\"a-size-base po-break-word\">L\u00edquido<\/span><\/td>\n<\/tr>\n<tr class=\"a-spacing-small po-item_volume\" role=\"listitem\">\n<td class=\"a-span3\" role=\"presentation\"><span class=\"a-size-base a-text-bold\">Volumen del art\u00edculo<\/span><\/td>\n<td class=\"a-span9\" role=\"presentation\"><span class=\"a-size-base po-break-word\">4.2 onzas l\u00edquidas<\/span><\/td>\n<\/tr>\n<tr class=\"a-spacing-small po-scent\" role=\"listitem\">\n<td class=\"a-span3\" role=\"presentation\"><span class=\"a-size-base a-text-bold\">Aroma<\/span><\/td>\n<td class=\"a-span9\" role=\"presentation\"><span class=\"a-size-base po-break-word\">Fresco<\/span><\/td>\n<\/tr>\n<tr class=\"a-spacing-small po-special_feature\" role=\"listitem\">\n<td class=\"a-span3\" role=\"presentation\"><span class=\"a-size-base a-text-bold\">Caracter\u00edstica especial<\/span><\/td>\n<td class=\"a-span9\" role=\"presentation\"><span class=\"a-size-base po-break-word\">De larga duraci\u00f3n<\/span><\/td>\n<\/tr>\n<\/tbody>\n<\/table>","protected":false},"featured_media":13697,"template":"","meta":[],"product_brand":[],"product_cat":[76,73],"product_tag":[],"class_list":{"0":"post-14260","1":"product","2":"type-product","3":"status-publish","4":"has-post-thumbnail","6":"product_cat-perfumes-de-disenador","7":"product_cat-perfumes-para-hombres","9":"first","10":"instock","11":"taxable","12":"shipping-taxable","13":"purchasable","14":"product-type-simple"},"yoast_head":"<!-- This site is optimized with the Yoast SEO Premium plugin v26.4 (Yoast SEO v26.8) - https:\/\/yoast.com\/product\/yoast-seo-premium-wordpress\/ -->\n<title>Le Male Elixir by Jean Paul Gaultier for Men 4.2 oz - Zaffirum | Parfums &amp; Luxury Watches<\/title>\n<meta name=\"robots\" content=\"index, follow, max-snippet:-1, max-image-preview:large, max-video-preview:-1\" \/>\n<link rel=\"canonical\" href=\"https:\/\/zaffirum.com\/es\/product\/le-male-elixir-by-jean-paul-gaultier-for-men-4-2-oz\/\" \/>\n<meta property=\"og:locale\" content=\"es_MX\" \/>\n<meta property=\"og:type\" content=\"article\" \/>\n<meta property=\"og:title\" content=\"Le Male Elixir by Jean Paul Gaultier for Men 4.2 oz\" \/>\n<meta property=\"og:description\" content=\"Marca Jean Paul Gaultier   Formulario de art\u00edculo L\u00edquido   Volumen del art\u00edculo 4.2 onzas l\u00edquidas   Aroma Fresco   Caracter\u00edstica especial De larga duraci\u00f3n\" \/>\n<meta property=\"og:url\" content=\"https:\/\/zaffirum.com\/es\/product\/le-male-elixir-by-jean-paul-gaultier-for-men-4-2-oz\/\" \/>\n<meta property=\"og:site_name\" content=\"Zaffirum | Parfums &amp; Luxury Watches\" \/>\n<meta property=\"article:modified_time\" content=\"2026-01-23T18:26:18+00:00\" \/>\n<meta property=\"og:image\" content=\"https:\/\/zaffirum.com\/wp-content\/uploads\/2025\/11\/jean-paul-gaultier-le-male-elixir.jpg\" \/>\n\t<meta property=\"og:image:width\" content=\"1000\" \/>\n\t<meta property=\"og:image:height\" content=\"1033\" \/>\n\t<meta property=\"og:image:type\" content=\"image\/jpeg\" \/>\n<meta name=\"twitter:card\" content=\"summary_large_image\" \/>\n<script type=\"application\/ld+json\" class=\"yoast-schema-graph\">{\"@context\":\"https:\/\/schema.org\",\"@graph\":[{\"@type\":\"WebPage\",\"@id\":\"https:\/\/zaffirum.com\/product\/le-male-elixir-by-jean-paul-gaultier-for-men-4-2-oz\/\",\"url\":\"https:\/\/zaffirum.com\/product\/le-male-elixir-by-jean-paul-gaultier-for-men-4-2-oz\/\",\"name\":\"Le Male Elixir by Jean Paul Gaultier for Men 4.2 oz - Zaffirum | Parfums &amp; Luxury Watches\",\"isPartOf\":{\"@id\":\"https:\/\/zaffirum.com\/#website\"},\"primaryImageOfPage\":{\"@id\":\"https:\/\/zaffirum.com\/product\/le-male-elixir-by-jean-paul-gaultier-for-men-4-2-oz\/#primaryimage\"},\"image\":{\"@id\":\"https:\/\/zaffirum.com\/product\/le-male-elixir-by-jean-paul-gaultier-for-men-4-2-oz\/#primaryimage\"},\"thumbnailUrl\":\"https:\/\/zaffirum.com\/wp-content\/uploads\/2025\/11\/jean-paul-gaultier-le-male-elixir.jpg\",\"datePublished\":\"2025-11-11T02:46:47+00:00\",\"dateModified\":\"2026-01-23T18:26:18+00:00\",\"breadcrumb\":{\"@id\":\"https:\/\/zaffirum.com\/product\/le-male-elixir-by-jean-paul-gaultier-for-men-4-2-oz\/#breadcrumb\"},\"inLanguage\":\"es\",\"potentialAction\":[{\"@type\":\"ReadAction\",\"target\":[\"https:\/\/zaffirum.com\/product\/le-male-elixir-by-jean-paul-gaultier-for-men-4-2-oz\/\"]}]},{\"@type\":\"ImageObject\",\"inLanguage\":\"es\",\"@id\":\"https:\/\/zaffirum.com\/product\/le-male-elixir-by-jean-paul-gaultier-for-men-4-2-oz\/#primaryimage\",\"url\":\"https:\/\/zaffirum.com\/wp-content\/uploads\/2025\/11\/jean-paul-gaultier-le-male-elixir.jpg\",\"contentUrl\":\"https:\/\/zaffirum.com\/wp-content\/uploads\/2025\/11\/jean-paul-gaultier-le-male-elixir.jpg\",\"width\":1000,\"height\":1033},{\"@type\":\"BreadcrumbList\",\"@id\":\"https:\/\/zaffirum.com\/product\/le-male-elixir-by-jean-paul-gaultier-for-men-4-2-oz\/#breadcrumb\",\"itemListElement\":[{\"@type\":\"ListItem\",\"position\":1,\"name\":\"Portada\",\"item\":\"https:\/\/zaffirum.com\/\"},{\"@type\":\"ListItem\",\"position\":2,\"name\":\"Tienda\",\"item\":\"https:\/\/zaffirum.com\/tienda\/\"},{\"@type\":\"ListItem\",\"position\":3,\"name\":\"Le Male Elixir by Jean Paul Gaultier for Men 4.2 oz\"}]},{\"@type\":\"WebSite\",\"@id\":\"https:\/\/zaffirum.com\/#website\",\"url\":\"https:\/\/zaffirum.com\/\",\"name\":\"Zaffirum | Parfums &amp; Luxury Watches\",\"description\":\"\",\"publisher\":{\"@id\":\"https:\/\/zaffirum.com\/#organization\"},\"potentialAction\":[{\"@type\":\"SearchAction\",\"target\":{\"@type\":\"EntryPoint\",\"urlTemplate\":\"https:\/\/zaffirum.com\/?s={search_term_string}\"},\"query-input\":{\"@type\":\"PropertyValueSpecification\",\"valueRequired\":true,\"valueName\":\"search_term_string\"}}],\"inLanguage\":\"es\"},{\"@type\":\"Organization\",\"@id\":\"https:\/\/zaffirum.com\/#organization\",\"name\":\"Zaffirum | Parfums &amp; Luxury Watches\",\"url\":\"https:\/\/zaffirum.com\/\",\"logo\":{\"@type\":\"ImageObject\",\"inLanguage\":\"es\",\"@id\":\"https:\/\/zaffirum.com\/#\/schema\/logo\/image\/\",\"url\":\"https:\/\/zaffirum.com\/wp-content\/uploads\/2021\/02\/LOGO-WEB-02.png\",\"contentUrl\":\"https:\/\/zaffirum.com\/wp-content\/uploads\/2021\/02\/LOGO-WEB-02.png\",\"width\":328,\"height\":182,\"caption\":\"Zaffirum |  Parfums &amp; Luxury Watches\"},\"image\":{\"@id\":\"https:\/\/zaffirum.com\/#\/schema\/logo\/image\/\"}}]}<\/script>\n<!-- \/ Yoast SEO Premium plugin. -->","yoast_head_json":{"title":"Le Male Elixir by Jean Paul Gaultier for Men 4.2 oz - Zaffirum | Parfums &amp; Luxury Watches","robots":{"index":"index","follow":"follow","max-snippet":"max-snippet:-1","max-image-preview":"max-image-preview:large","max-video-preview":"max-video-preview:-1"},"canonical":"https:\/\/zaffirum.com\/es\/product\/le-male-elixir-by-jean-paul-gaultier-for-men-4-2-oz\/","og_locale":"es_MX","og_type":"article","og_title":"Le Male Elixir by Jean Paul Gaultier for Men 4.2 oz","og_description":"Marca Jean Paul Gaultier   Formulario de art\u00edculo L\u00edquido   Volumen del art\u00edculo 4.2 onzas l\u00edquidas   Aroma Fresco   Caracter\u00edstica especial De larga duraci\u00f3n","og_url":"https:\/\/zaffirum.com\/es\/product\/le-male-elixir-by-jean-paul-gaultier-for-men-4-2-oz\/","og_site_name":"Zaffirum | Parfums &amp; Luxury Watches","article_modified_time":"2026-01-23T18:26:18+00:00","og_image":[{"width":1000,"height":1033,"url":"https:\/\/zaffirum.com\/wp-content\/uploads\/2025\/11\/jean-paul-gaultier-le-male-elixir.jpg","type":"image\/jpeg"}],"twitter_card":"summary_large_image","schema":{"@context":"https:\/\/schema.org","@graph":[{"@type":"WebPage","@id":"https:\/\/zaffirum.com\/product\/le-male-elixir-by-jean-paul-gaultier-for-men-4-2-oz\/","url":"https:\/\/zaffirum.com\/product\/le-male-elixir-by-jean-paul-gaultier-for-men-4-2-oz\/","name":"Le Male Elixir by Jean Paul Gaultier for Men 4.2 oz - Zaffirum | Parfums &amp; Luxury Watches","isPartOf":{"@id":"https:\/\/zaffirum.com\/#website"},"primaryImageOfPage":{"@id":"https:\/\/zaffirum.com\/product\/le-male-elixir-by-jean-paul-gaultier-for-men-4-2-oz\/#primaryimage"},"image":{"@id":"https:\/\/zaffirum.com\/product\/le-male-elixir-by-jean-paul-gaultier-for-men-4-2-oz\/#primaryimage"},"thumbnailUrl":"https:\/\/zaffirum.com\/wp-content\/uploads\/2025\/11\/jean-paul-gaultier-le-male-elixir.jpg","datePublished":"2025-11-11T02:46:47+00:00","dateModified":"2026-01-23T18:26:18+00:00","breadcrumb":{"@id":"https:\/\/zaffirum.com\/product\/le-male-elixir-by-jean-paul-gaultier-for-men-4-2-oz\/#breadcrumb"},"inLanguage":"es","potentialAction":[{"@type":"ReadAction","target":["https:\/\/zaffirum.com\/product\/le-male-elixir-by-jean-paul-gaultier-for-men-4-2-oz\/"]}]},{"@type":"ImageObject","inLanguage":"es","@id":"https:\/\/zaffirum.com\/product\/le-male-elixir-by-jean-paul-gaultier-for-men-4-2-oz\/#primaryimage","url":"https:\/\/zaffirum.com\/wp-content\/uploads\/2025\/11\/jean-paul-gaultier-le-male-elixir.jpg","contentUrl":"https:\/\/zaffirum.com\/wp-content\/uploads\/2025\/11\/jean-paul-gaultier-le-male-elixir.jpg","width":1000,"height":1033},{"@type":"BreadcrumbList","@id":"https:\/\/zaffirum.com\/product\/le-male-elixir-by-jean-paul-gaultier-for-men-4-2-oz\/#breadcrumb","itemListElement":[{"@type":"ListItem","position":1,"name":"Portada","item":"https:\/\/zaffirum.com\/"},{"@type":"ListItem","position":2,"name":"Tienda","item":"https:\/\/zaffirum.com\/tienda\/"},{"@type":"ListItem","position":3,"name":"Le Male Elixir by Jean Paul Gaultier for Men 4.2 oz"}]},{"@type":"WebSite","@id":"https:\/\/zaffirum.com\/#website","url":"https:\/\/zaffirum.com\/","name":"Zaffirum | Parfums &amp; Luxury Watches","description":"","publisher":{"@id":"https:\/\/zaffirum.com\/#organization"},"potentialAction":[{"@type":"SearchAction","target":{"@type":"EntryPoint","urlTemplate":"https:\/\/zaffirum.com\/?s={search_term_string}"},"query-input":{"@type":"PropertyValueSpecification","valueRequired":true,"valueName":"search_term_string"}}],"inLanguage":"es"},{"@type":"Organization","@id":"https:\/\/zaffirum.com\/#organization","name":"Zaffirum | Parfums &amp; Luxury Watches","url":"https:\/\/zaffirum.com\/","logo":{"@type":"ImageObject","inLanguage":"es","@id":"https:\/\/zaffirum.com\/#\/schema\/logo\/image\/","url":"https:\/\/zaffirum.com\/wp-content\/uploads\/2021\/02\/LOGO-WEB-02.png","contentUrl":"https:\/\/zaffirum.com\/wp-content\/uploads\/2021\/02\/LOGO-WEB-02.png","width":328,"height":182,"caption":"Zaffirum |  Parfums &amp; Luxury Watches"},"image":{"@id":"https:\/\/zaffirum.com\/#\/schema\/logo\/image\/"}}]}},"_links":{"self":[{"href":"https:\/\/zaffirum.com\/es\/wp-json\/wp\/v2\/product\/14260","targetHints":{"allow":["GET"]}}],"collection":[{"href":"https:\/\/zaffirum.com\/es\/wp-json\/wp\/v2\/product"}],"about":[{"href":"https:\/\/zaffirum.com\/es\/wp-json\/wp\/v2\/types\/product"}],"version-history":[{"count":1,"href":"https:\/\/zaffirum.com\/es\/wp-json\/wp\/v2\/product\/14260\/revisions"}],"predecessor-version":[{"id":14290,"href":"https:\/\/zaffirum.com\/es\/wp-json\/wp\/v2\/product\/14260\/revisions\/14290"}],"wp:featuredmedia":[{"embeddable":true,"href":"https:\/\/zaffirum.com\/es\/wp-json\/wp\/v2\/media\/13697"}],"wp:attachment":[{"href":"https:\/\/zaffirum.com\/es\/wp-json\/wp\/v2\/media?parent=14260"}],"wp:term":[{"taxonomy":"product_brand","embeddable":true,"href":"https:\/\/zaffirum.com\/es\/wp-json\/wp\/v2\/product_brand?post=14260"},{"taxonomy":"product_cat","embeddable":true,"href":"https:\/\/zaffirum.com\/es\/wp-json\/wp\/v2\/product_cat?post=14260"},{"taxonomy":"product_tag","embeddable":true,"href":"https:\/\/zaffirum.com\/es\/wp-json\/wp\/v2\/product_tag?post=14260"}],"curies":[{"name":"wp","href":"https:\/\/api.w.org\/{rel}","templated":true}]}}