{"id":14296,"date":"2025-11-11T02:46:51","date_gmt":"2025-11-11T02:46:51","guid":{"rendered":"https:\/\/zaffirum.com\/?post_type=product&#038;p=14296"},"modified":"2026-01-23T12:54:09","modified_gmt":"2026-01-23T17:54:09","slug":"stephane-humbert-lucas-god-of-fire-eau-de-parfum-50-ml","status":"publish","type":"product","link":"https:\/\/zaffirum.com\/es\/product\/stephane-humbert-lucas-god-of-fire-eau-de-parfum-50-ml\/","title":{"rendered":"STEPHANE HUMBERT LUCAS God Of Fire Eau De Parfum 50 Ml"},"content":{"rendered":"<p><strong>Notas de Salida:<\/strong><\/p>\n<p>Mango<\/p>\n<p>Jengibre<\/p>\n<p>Lim\u00f3n (lima \u00e1cida)<\/p>\n<p>Bayas rojas<\/p>\n<p><strong>Notas de Coraz\u00f3n:<\/strong><\/p>\n<p><strong>C<\/strong>umarina<\/p>\n<p>Jazm\u00edn<\/p>\n<p>Cedro<\/p>\n<p><strong>Notas de Fondo:<\/strong><\/p>\n<p><strong>A<\/strong>lmizcle<\/p>\n<p>\u00c1mbar<\/p>\n<p>Madera de oud<\/p>\n<p>Cipriol (nagarmota).<\/p>","protected":false},"excerpt":{"rendered":"<table class=\"a-normal a-spacing-micro\" role=\"list\">\n<tbody>\n<tr class=\"a-spacing-small po-brand\" role=\"listitem\">\n<td class=\"a-span3\" role=\"presentation\"><span class=\"a-size-base a-text-bold\">Marca<\/span><\/td>\n<td class=\"a-span9\" role=\"presentation\"><span class=\"a-size-base po-break-word\">STEPHANE HUMBERT LUCAS<\/span><\/td>\n<\/tr>\n<tr class=\"a-spacing-small po-item_form\" role=\"listitem\">\n<td class=\"a-span3\" role=\"presentation\"><span class=\"a-size-base a-text-bold\">Forma del producto<\/span><\/td>\n<td class=\"a-span9\" role=\"presentation\"><span class=\"a-size-base po-break-word\">L\u00edquido<\/span><\/td>\n<\/tr>\n<tr class=\"a-spacing-small po-item_volume\" role=\"listitem\">\n<td class=\"a-span3\" role=\"presentation\"><span class=\"a-size-base a-text-bold\">Volumen del art\u00edculo<\/span><\/td>\n<td class=\"a-span9\" role=\"presentation\"><span class=\"a-size-base po-break-word\">50 Mililitros<\/span><\/td>\n<\/tr>\n<tr class=\"a-spacing-small po-scent\" role=\"listitem\">\n<td class=\"a-span3\" role=\"presentation\"><span class=\"a-size-base a-text-bold\">Fragancia<\/span><\/td>\n<td class=\"a-span9\" role=\"presentation\"><span class=\"a-size-base po-break-word\">Madera<\/span><\/td>\n<\/tr>\n<tr class=\"a-spacing-small po-fragrance_concentration\" role=\"listitem\">\n<td class=\"a-span3\" role=\"presentation\"><span class=\"a-size-base a-text-bold\">Concentraci\u00f3n de fragancia<\/span><\/td>\n<td class=\"a-span9\" role=\"presentation\"><span class=\"a-size-base po-break-word\">Eau de parfum<\/span><\/td>\n<\/tr>\n<\/tbody>\n<\/table>","protected":false},"featured_media":13724,"template":"","meta":[],"product_brand":[],"product_cat":[94,73],"product_tag":[],"class_list":{"0":"post-14296","1":"product","2":"type-product","3":"status-publish","4":"has-post-thumbnail","6":"product_cat-perfumes-nichos","7":"product_cat-perfumes-para-hombres","9":"first","10":"outofstock","11":"taxable","12":"shipping-taxable","13":"purchasable","14":"product-type-simple"},"yoast_head":"<!-- This site is optimized with the Yoast SEO Premium plugin v26.4 (Yoast SEO v26.8) - https:\/\/yoast.com\/product\/yoast-seo-premium-wordpress\/ -->\n<title>STEPHANE HUMBERT LUCAS God Of Fire Eau De Parfum 50 Ml - Zaffirum | Parfums &amp; Luxury Watches<\/title>\n<meta name=\"robots\" content=\"index, follow, max-snippet:-1, max-image-preview:large, max-video-preview:-1\" \/>\n<link rel=\"canonical\" href=\"https:\/\/zaffirum.com\/es\/product\/stephane-humbert-lucas-god-of-fire-eau-de-parfum-50-ml\/\" \/>\n<meta property=\"og:locale\" content=\"es_MX\" \/>\n<meta property=\"og:type\" content=\"article\" \/>\n<meta property=\"og:title\" content=\"STEPHANE HUMBERT LUCAS God Of Fire Eau De Parfum 50 Ml\" \/>\n<meta property=\"og:description\" content=\"Marca STEPHANE HUMBERT LUCAS   Forma del producto L\u00edquido   Volumen del art\u00edculo 50 Mililitros   Fragancia Madera   Concentraci\u00f3n de fragancia Eau de parfum\" \/>\n<meta property=\"og:url\" content=\"https:\/\/zaffirum.com\/es\/product\/stephane-humbert-lucas-god-of-fire-eau-de-parfum-50-ml\/\" \/>\n<meta property=\"og:site_name\" content=\"Zaffirum | Parfums &amp; Luxury Watches\" \/>\n<meta property=\"article:modified_time\" content=\"2026-01-23T17:54:09+00:00\" \/>\n<meta property=\"og:image\" content=\"https:\/\/zaffirum.com\/wp-content\/uploads\/2025\/11\/God-of-fire.webp\" \/>\n\t<meta property=\"og:image:width\" content=\"554\" \/>\n\t<meta property=\"og:image:height\" content=\"554\" \/>\n\t<meta property=\"og:image:type\" content=\"image\/webp\" \/>\n<meta name=\"twitter:card\" content=\"summary_large_image\" \/>\n<meta name=\"twitter:label1\" content=\"Tiempo de lectura\" \/>\n\t<meta name=\"twitter:data1\" content=\"1 minuto\" \/>\n<script type=\"application\/ld+json\" class=\"yoast-schema-graph\">{\"@context\":\"https:\/\/schema.org\",\"@graph\":[{\"@type\":\"WebPage\",\"@id\":\"https:\/\/zaffirum.com\/product\/stephane-humbert-lucas-god-of-fire-eau-de-parfum-50-ml\/\",\"url\":\"https:\/\/zaffirum.com\/product\/stephane-humbert-lucas-god-of-fire-eau-de-parfum-50-ml\/\",\"name\":\"STEPHANE HUMBERT LUCAS God Of Fire Eau De Parfum 50 Ml - Zaffirum | Parfums &amp; Luxury Watches\",\"isPartOf\":{\"@id\":\"https:\/\/zaffirum.com\/#website\"},\"primaryImageOfPage\":{\"@id\":\"https:\/\/zaffirum.com\/product\/stephane-humbert-lucas-god-of-fire-eau-de-parfum-50-ml\/#primaryimage\"},\"image\":{\"@id\":\"https:\/\/zaffirum.com\/product\/stephane-humbert-lucas-god-of-fire-eau-de-parfum-50-ml\/#primaryimage\"},\"thumbnailUrl\":\"https:\/\/zaffirum.com\/wp-content\/uploads\/2025\/11\/God-of-fire.webp\",\"datePublished\":\"2025-11-11T02:46:51+00:00\",\"dateModified\":\"2026-01-23T17:54:09+00:00\",\"breadcrumb\":{\"@id\":\"https:\/\/zaffirum.com\/product\/stephane-humbert-lucas-god-of-fire-eau-de-parfum-50-ml\/#breadcrumb\"},\"inLanguage\":\"es\",\"potentialAction\":[{\"@type\":\"ReadAction\",\"target\":[\"https:\/\/zaffirum.com\/product\/stephane-humbert-lucas-god-of-fire-eau-de-parfum-50-ml\/\"]}]},{\"@type\":\"ImageObject\",\"inLanguage\":\"es\",\"@id\":\"https:\/\/zaffirum.com\/product\/stephane-humbert-lucas-god-of-fire-eau-de-parfum-50-ml\/#primaryimage\",\"url\":\"https:\/\/zaffirum.com\/wp-content\/uploads\/2025\/11\/God-of-fire.webp\",\"contentUrl\":\"https:\/\/zaffirum.com\/wp-content\/uploads\/2025\/11\/God-of-fire.webp\",\"width\":554,\"height\":554},{\"@type\":\"BreadcrumbList\",\"@id\":\"https:\/\/zaffirum.com\/product\/stephane-humbert-lucas-god-of-fire-eau-de-parfum-50-ml\/#breadcrumb\",\"itemListElement\":[{\"@type\":\"ListItem\",\"position\":1,\"name\":\"Portada\",\"item\":\"https:\/\/zaffirum.com\/\"},{\"@type\":\"ListItem\",\"position\":2,\"name\":\"Tienda\",\"item\":\"https:\/\/zaffirum.com\/tienda\/\"},{\"@type\":\"ListItem\",\"position\":3,\"name\":\"STEPHANE HUMBERT LUCAS God Of Fire Eau De Parfum 50 Ml\"}]},{\"@type\":\"WebSite\",\"@id\":\"https:\/\/zaffirum.com\/#website\",\"url\":\"https:\/\/zaffirum.com\/\",\"name\":\"Zaffirum | Parfums &amp; Luxury Watches\",\"description\":\"\",\"publisher\":{\"@id\":\"https:\/\/zaffirum.com\/#organization\"},\"potentialAction\":[{\"@type\":\"SearchAction\",\"target\":{\"@type\":\"EntryPoint\",\"urlTemplate\":\"https:\/\/zaffirum.com\/?s={search_term_string}\"},\"query-input\":{\"@type\":\"PropertyValueSpecification\",\"valueRequired\":true,\"valueName\":\"search_term_string\"}}],\"inLanguage\":\"es\"},{\"@type\":\"Organization\",\"@id\":\"https:\/\/zaffirum.com\/#organization\",\"name\":\"Zaffirum | Parfums &amp; Luxury Watches\",\"url\":\"https:\/\/zaffirum.com\/\",\"logo\":{\"@type\":\"ImageObject\",\"inLanguage\":\"es\",\"@id\":\"https:\/\/zaffirum.com\/#\/schema\/logo\/image\/\",\"url\":\"https:\/\/zaffirum.com\/wp-content\/uploads\/2021\/02\/LOGO-WEB-02.png\",\"contentUrl\":\"https:\/\/zaffirum.com\/wp-content\/uploads\/2021\/02\/LOGO-WEB-02.png\",\"width\":328,\"height\":182,\"caption\":\"Zaffirum |  Parfums &amp; Luxury Watches\"},\"image\":{\"@id\":\"https:\/\/zaffirum.com\/#\/schema\/logo\/image\/\"}}]}<\/script>\n<!-- \/ Yoast SEO Premium plugin. -->","yoast_head_json":{"title":"STEPHANE HUMBERT LUCAS God Of Fire Eau De Parfum 50 Ml - Zaffirum | Parfums &amp; Luxury Watches","robots":{"index":"index","follow":"follow","max-snippet":"max-snippet:-1","max-image-preview":"max-image-preview:large","max-video-preview":"max-video-preview:-1"},"canonical":"https:\/\/zaffirum.com\/es\/product\/stephane-humbert-lucas-god-of-fire-eau-de-parfum-50-ml\/","og_locale":"es_MX","og_type":"article","og_title":"STEPHANE HUMBERT LUCAS God Of Fire Eau De Parfum 50 Ml","og_description":"Marca STEPHANE HUMBERT LUCAS   Forma del producto L\u00edquido   Volumen del art\u00edculo 50 Mililitros   Fragancia Madera   Concentraci\u00f3n de fragancia Eau de parfum","og_url":"https:\/\/zaffirum.com\/es\/product\/stephane-humbert-lucas-god-of-fire-eau-de-parfum-50-ml\/","og_site_name":"Zaffirum | Parfums &amp; Luxury Watches","article_modified_time":"2026-01-23T17:54:09+00:00","og_image":[{"width":554,"height":554,"url":"https:\/\/zaffirum.com\/wp-content\/uploads\/2025\/11\/God-of-fire.webp","type":"image\/webp"}],"twitter_card":"summary_large_image","twitter_misc":{"Tiempo de lectura":"1 minuto"},"schema":{"@context":"https:\/\/schema.org","@graph":[{"@type":"WebPage","@id":"https:\/\/zaffirum.com\/product\/stephane-humbert-lucas-god-of-fire-eau-de-parfum-50-ml\/","url":"https:\/\/zaffirum.com\/product\/stephane-humbert-lucas-god-of-fire-eau-de-parfum-50-ml\/","name":"STEPHANE HUMBERT LUCAS God Of Fire Eau De Parfum 50 Ml - Zaffirum | Parfums &amp; Luxury Watches","isPartOf":{"@id":"https:\/\/zaffirum.com\/#website"},"primaryImageOfPage":{"@id":"https:\/\/zaffirum.com\/product\/stephane-humbert-lucas-god-of-fire-eau-de-parfum-50-ml\/#primaryimage"},"image":{"@id":"https:\/\/zaffirum.com\/product\/stephane-humbert-lucas-god-of-fire-eau-de-parfum-50-ml\/#primaryimage"},"thumbnailUrl":"https:\/\/zaffirum.com\/wp-content\/uploads\/2025\/11\/God-of-fire.webp","datePublished":"2025-11-11T02:46:51+00:00","dateModified":"2026-01-23T17:54:09+00:00","breadcrumb":{"@id":"https:\/\/zaffirum.com\/product\/stephane-humbert-lucas-god-of-fire-eau-de-parfum-50-ml\/#breadcrumb"},"inLanguage":"es","potentialAction":[{"@type":"ReadAction","target":["https:\/\/zaffirum.com\/product\/stephane-humbert-lucas-god-of-fire-eau-de-parfum-50-ml\/"]}]},{"@type":"ImageObject","inLanguage":"es","@id":"https:\/\/zaffirum.com\/product\/stephane-humbert-lucas-god-of-fire-eau-de-parfum-50-ml\/#primaryimage","url":"https:\/\/zaffirum.com\/wp-content\/uploads\/2025\/11\/God-of-fire.webp","contentUrl":"https:\/\/zaffirum.com\/wp-content\/uploads\/2025\/11\/God-of-fire.webp","width":554,"height":554},{"@type":"BreadcrumbList","@id":"https:\/\/zaffirum.com\/product\/stephane-humbert-lucas-god-of-fire-eau-de-parfum-50-ml\/#breadcrumb","itemListElement":[{"@type":"ListItem","position":1,"name":"Portada","item":"https:\/\/zaffirum.com\/"},{"@type":"ListItem","position":2,"name":"Tienda","item":"https:\/\/zaffirum.com\/tienda\/"},{"@type":"ListItem","position":3,"name":"STEPHANE HUMBERT LUCAS God Of Fire Eau De Parfum 50 Ml"}]},{"@type":"WebSite","@id":"https:\/\/zaffirum.com\/#website","url":"https:\/\/zaffirum.com\/","name":"Zaffirum | Parfums &amp; Luxury Watches","description":"","publisher":{"@id":"https:\/\/zaffirum.com\/#organization"},"potentialAction":[{"@type":"SearchAction","target":{"@type":"EntryPoint","urlTemplate":"https:\/\/zaffirum.com\/?s={search_term_string}"},"query-input":{"@type":"PropertyValueSpecification","valueRequired":true,"valueName":"search_term_string"}}],"inLanguage":"es"},{"@type":"Organization","@id":"https:\/\/zaffirum.com\/#organization","name":"Zaffirum | Parfums &amp; Luxury Watches","url":"https:\/\/zaffirum.com\/","logo":{"@type":"ImageObject","inLanguage":"es","@id":"https:\/\/zaffirum.com\/#\/schema\/logo\/image\/","url":"https:\/\/zaffirum.com\/wp-content\/uploads\/2021\/02\/LOGO-WEB-02.png","contentUrl":"https:\/\/zaffirum.com\/wp-content\/uploads\/2021\/02\/LOGO-WEB-02.png","width":328,"height":182,"caption":"Zaffirum |  Parfums &amp; Luxury Watches"},"image":{"@id":"https:\/\/zaffirum.com\/#\/schema\/logo\/image\/"}}]}},"_links":{"self":[{"href":"https:\/\/zaffirum.com\/es\/wp-json\/wp\/v2\/product\/14296","targetHints":{"allow":["GET"]}}],"collection":[{"href":"https:\/\/zaffirum.com\/es\/wp-json\/wp\/v2\/product"}],"about":[{"href":"https:\/\/zaffirum.com\/es\/wp-json\/wp\/v2\/types\/product"}],"version-history":[{"count":1,"href":"https:\/\/zaffirum.com\/es\/wp-json\/wp\/v2\/product\/14296\/revisions"}],"predecessor-version":[{"id":14310,"href":"https:\/\/zaffirum.com\/es\/wp-json\/wp\/v2\/product\/14296\/revisions\/14310"}],"wp:featuredmedia":[{"embeddable":true,"href":"https:\/\/zaffirum.com\/es\/wp-json\/wp\/v2\/media\/13724"}],"wp:attachment":[{"href":"https:\/\/zaffirum.com\/es\/wp-json\/wp\/v2\/media?parent=14296"}],"wp:term":[{"taxonomy":"product_brand","embeddable":true,"href":"https:\/\/zaffirum.com\/es\/wp-json\/wp\/v2\/product_brand?post=14296"},{"taxonomy":"product_cat","embeddable":true,"href":"https:\/\/zaffirum.com\/es\/wp-json\/wp\/v2\/product_cat?post=14296"},{"taxonomy":"product_tag","embeddable":true,"href":"https:\/\/zaffirum.com\/es\/wp-json\/wp\/v2\/product_tag?post=14296"}],"curies":[{"name":"wp","href":"https:\/\/api.w.org\/{rel}","templated":true}]}}