{"id":14299,"date":"2025-11-11T02:46:51","date_gmt":"2025-11-11T02:46:51","guid":{"rendered":"https:\/\/zaffirum.com\/?post_type=product&#038;p=14299"},"modified":"2026-01-23T12:59:19","modified_gmt":"2026-01-23T17:59:19","slug":"althair-by-parfums-de-marly-unisex","status":"publish","type":"product","link":"https:\/\/zaffirum.com\/es\/product\/althair-by-parfums-de-marly-unisex\/","title":{"rendered":"Althair by Parfums De Marly (Unisex)"},"content":{"rendered":"<p><strong>Notas de Salida:<\/strong><\/p>\n<p>Canela<\/p>\n<p>Cardamomo<\/p>\n<p>Flor de azahar del naranjo<\/p>\n<p>Bergamota<\/p>\n<p><strong>Notas de Coraz\u00f3n:<\/strong><\/p>\n<p>Vainilla Bourbon<\/p>\n<p>Elem\u00ed<\/p>\n<p><strong>Notas de Fondo:<\/strong><\/p>\n<p>Pralin\u00e9<\/p>\n<p>Almizcle<\/p>\n<p>Ambroxan<\/p>\n<p>Madera de gaiac<\/p>\n<p>Haba tonka<\/p>\n<p>Almendras acarameladas.<\/p>","protected":false},"excerpt":{"rendered":"<table class=\"a-normal a-spacing-micro\" role=\"list\">\n<tbody>\n<tr class=\"a-spacing-small po-brand\" role=\"listitem\">\n<td class=\"a-span3\" role=\"presentation\"><span class=\"a-size-base a-text-bold\">Marca<\/span><\/td>\n<td class=\"a-span9\" role=\"presentation\"><span class=\"a-size-base po-break-word\">PARFUMS DE MARLY<\/span><\/td>\n<\/tr>\n<tr class=\"a-spacing-small po-item_form\" role=\"listitem\">\n<td class=\"a-span3\" role=\"presentation\"><span class=\"a-size-base a-text-bold\">Forma del producto<\/span><\/td>\n<td class=\"a-span9\" role=\"presentation\"><span class=\"a-size-base po-break-word\">L\u00edquido<\/span><\/td>\n<\/tr>\n<tr class=\"a-spacing-small po-item_volume\" role=\"listitem\">\n<td class=\"a-span3\" role=\"presentation\"><span class=\"a-size-base a-text-bold\">Volumen del art\u00edculo<\/span><\/td>\n<td class=\"a-span9\" role=\"presentation\"><span class=\"a-size-base po-break-word\">2,5 Onzas de l\u00edquido<\/span><\/td>\n<\/tr>\n<tr class=\"a-spacing-small po-scent\" role=\"listitem\">\n<td class=\"a-span3\" role=\"presentation\"><span class=\"a-size-base a-text-bold\">Fragancia<\/span><\/td>\n<td class=\"a-span9\" role=\"presentation\"><span class=\"a-size-base po-break-word\">Picante, amaderado<\/span><\/td>\n<\/tr>\n<tr class=\"a-spacing-small po-special_feature\" role=\"listitem\">\n<td class=\"a-span3\" role=\"presentation\"><span class=\"a-size-base a-text-bold\">Caracter\u00edsticas especiales<\/span><\/td>\n<td class=\"a-span9\" role=\"presentation\"><span class=\"a-size-base po-break-word\">Larga duraci\u00f3n<\/span><\/td>\n<\/tr>\n<\/tbody>\n<\/table>","protected":false},"featured_media":13736,"template":"","meta":[],"product_brand":[],"product_cat":[94,73],"product_tag":[106,107,100,108,101,95],"class_list":{"0":"post-14299","1":"product","2":"type-product","3":"status-publish","4":"has-post-thumbnail","6":"product_cat-perfumes-nichos","7":"product_cat-perfumes-para-hombres","8":"product_tag-althair","9":"product_tag-caballeros","10":"product_tag-hombre","11":"product_tag-parfums-de-marly","12":"product_tag-perfume-de-hombre","13":"product_tag-perfumes-nichos","15":"first","16":"outofstock","17":"taxable","18":"shipping-taxable","19":"purchasable","20":"product-type-simple"},"yoast_head":"<!-- This site is optimized with the Yoast SEO Premium plugin v26.4 (Yoast SEO v26.8) - https:\/\/yoast.com\/product\/yoast-seo-premium-wordpress\/ -->\n<title>Althair by Parfums De Marly (Unisex) - Zaffirum | Parfums &amp; Luxury Watches<\/title>\n<meta name=\"robots\" content=\"index, follow, max-snippet:-1, max-image-preview:large, max-video-preview:-1\" \/>\n<link rel=\"canonical\" href=\"https:\/\/zaffirum.com\/es\/product\/althair-by-parfums-de-marly-unisex\/\" \/>\n<meta property=\"og:locale\" content=\"es_MX\" \/>\n<meta property=\"og:type\" content=\"article\" \/>\n<meta property=\"og:title\" content=\"Althair by Parfums De Marly (Unisex)\" \/>\n<meta property=\"og:description\" content=\"Marca PARFUMS DE MARLY   Forma del producto L\u00edquido   Volumen del art\u00edculo 2,5 Onzas de l\u00edquido   Fragancia Picante, amaderado   Caracter\u00edsticas especiales Larga duraci\u00f3n\" \/>\n<meta property=\"og:url\" content=\"https:\/\/zaffirum.com\/es\/product\/althair-by-parfums-de-marly-unisex\/\" \/>\n<meta property=\"og:site_name\" content=\"Zaffirum | Parfums &amp; Luxury Watches\" \/>\n<meta property=\"article:modified_time\" content=\"2026-01-23T17:59:19+00:00\" \/>\n<meta property=\"og:image\" content=\"https:\/\/zaffirum.com\/wp-content\/uploads\/2025\/11\/Althair-by-Parfums-De-Marly-.jpg\" \/>\n\t<meta property=\"og:image:width\" content=\"225\" \/>\n\t<meta property=\"og:image:height\" content=\"225\" \/>\n\t<meta property=\"og:image:type\" content=\"image\/jpeg\" \/>\n<meta name=\"twitter:card\" content=\"summary_large_image\" \/>\n<meta name=\"twitter:label1\" content=\"Tiempo de lectura\" \/>\n\t<meta name=\"twitter:data1\" content=\"1 minuto\" \/>\n<script type=\"application\/ld+json\" class=\"yoast-schema-graph\">{\"@context\":\"https:\/\/schema.org\",\"@graph\":[{\"@type\":\"WebPage\",\"@id\":\"https:\/\/zaffirum.com\/product\/althair-by-parfums-de-marly-unisex\/\",\"url\":\"https:\/\/zaffirum.com\/product\/althair-by-parfums-de-marly-unisex\/\",\"name\":\"Althair by Parfums De Marly (Unisex) - Zaffirum | Parfums &amp; Luxury Watches\",\"isPartOf\":{\"@id\":\"https:\/\/zaffirum.com\/#website\"},\"primaryImageOfPage\":{\"@id\":\"https:\/\/zaffirum.com\/product\/althair-by-parfums-de-marly-unisex\/#primaryimage\"},\"image\":{\"@id\":\"https:\/\/zaffirum.com\/product\/althair-by-parfums-de-marly-unisex\/#primaryimage\"},\"thumbnailUrl\":\"https:\/\/zaffirum.com\/wp-content\/uploads\/2025\/11\/Althair-by-Parfums-De-Marly-.jpg\",\"datePublished\":\"2025-11-11T02:46:51+00:00\",\"dateModified\":\"2026-01-23T17:59:19+00:00\",\"breadcrumb\":{\"@id\":\"https:\/\/zaffirum.com\/product\/althair-by-parfums-de-marly-unisex\/#breadcrumb\"},\"inLanguage\":\"es\",\"potentialAction\":[{\"@type\":\"ReadAction\",\"target\":[\"https:\/\/zaffirum.com\/product\/althair-by-parfums-de-marly-unisex\/\"]}]},{\"@type\":\"ImageObject\",\"inLanguage\":\"es\",\"@id\":\"https:\/\/zaffirum.com\/product\/althair-by-parfums-de-marly-unisex\/#primaryimage\",\"url\":\"https:\/\/zaffirum.com\/wp-content\/uploads\/2025\/11\/Althair-by-Parfums-De-Marly-.jpg\",\"contentUrl\":\"https:\/\/zaffirum.com\/wp-content\/uploads\/2025\/11\/Althair-by-Parfums-De-Marly-.jpg\",\"width\":225,\"height\":225},{\"@type\":\"BreadcrumbList\",\"@id\":\"https:\/\/zaffirum.com\/product\/althair-by-parfums-de-marly-unisex\/#breadcrumb\",\"itemListElement\":[{\"@type\":\"ListItem\",\"position\":1,\"name\":\"Portada\",\"item\":\"https:\/\/zaffirum.com\/\"},{\"@type\":\"ListItem\",\"position\":2,\"name\":\"Tienda\",\"item\":\"https:\/\/zaffirum.com\/tienda\/\"},{\"@type\":\"ListItem\",\"position\":3,\"name\":\"Althair by Parfums De Marly (Unisex)\"}]},{\"@type\":\"WebSite\",\"@id\":\"https:\/\/zaffirum.com\/#website\",\"url\":\"https:\/\/zaffirum.com\/\",\"name\":\"Zaffirum | Parfums &amp; Luxury Watches\",\"description\":\"\",\"publisher\":{\"@id\":\"https:\/\/zaffirum.com\/#organization\"},\"potentialAction\":[{\"@type\":\"SearchAction\",\"target\":{\"@type\":\"EntryPoint\",\"urlTemplate\":\"https:\/\/zaffirum.com\/?s={search_term_string}\"},\"query-input\":{\"@type\":\"PropertyValueSpecification\",\"valueRequired\":true,\"valueName\":\"search_term_string\"}}],\"inLanguage\":\"es\"},{\"@type\":\"Organization\",\"@id\":\"https:\/\/zaffirum.com\/#organization\",\"name\":\"Zaffirum | Parfums &amp; Luxury Watches\",\"url\":\"https:\/\/zaffirum.com\/\",\"logo\":{\"@type\":\"ImageObject\",\"inLanguage\":\"es\",\"@id\":\"https:\/\/zaffirum.com\/#\/schema\/logo\/image\/\",\"url\":\"https:\/\/zaffirum.com\/wp-content\/uploads\/2021\/02\/LOGO-WEB-02.png\",\"contentUrl\":\"https:\/\/zaffirum.com\/wp-content\/uploads\/2021\/02\/LOGO-WEB-02.png\",\"width\":328,\"height\":182,\"caption\":\"Zaffirum |  Parfums &amp; Luxury Watches\"},\"image\":{\"@id\":\"https:\/\/zaffirum.com\/#\/schema\/logo\/image\/\"}}]}<\/script>\n<!-- \/ Yoast SEO Premium plugin. -->","yoast_head_json":{"title":"Althair by Parfums De Marly (Unisex) - Zaffirum | Parfums &amp; Luxury Watches","robots":{"index":"index","follow":"follow","max-snippet":"max-snippet:-1","max-image-preview":"max-image-preview:large","max-video-preview":"max-video-preview:-1"},"canonical":"https:\/\/zaffirum.com\/es\/product\/althair-by-parfums-de-marly-unisex\/","og_locale":"es_MX","og_type":"article","og_title":"Althair by Parfums De Marly (Unisex)","og_description":"Marca PARFUMS DE MARLY   Forma del producto L\u00edquido   Volumen del art\u00edculo 2,5 Onzas de l\u00edquido   Fragancia Picante, amaderado   Caracter\u00edsticas especiales Larga duraci\u00f3n","og_url":"https:\/\/zaffirum.com\/es\/product\/althair-by-parfums-de-marly-unisex\/","og_site_name":"Zaffirum | Parfums &amp; Luxury Watches","article_modified_time":"2026-01-23T17:59:19+00:00","og_image":[{"width":225,"height":225,"url":"https:\/\/zaffirum.com\/wp-content\/uploads\/2025\/11\/Althair-by-Parfums-De-Marly-.jpg","type":"image\/jpeg"}],"twitter_card":"summary_large_image","twitter_misc":{"Tiempo de lectura":"1 minuto"},"schema":{"@context":"https:\/\/schema.org","@graph":[{"@type":"WebPage","@id":"https:\/\/zaffirum.com\/product\/althair-by-parfums-de-marly-unisex\/","url":"https:\/\/zaffirum.com\/product\/althair-by-parfums-de-marly-unisex\/","name":"Althair by Parfums De Marly (Unisex) - Zaffirum | Parfums &amp; Luxury Watches","isPartOf":{"@id":"https:\/\/zaffirum.com\/#website"},"primaryImageOfPage":{"@id":"https:\/\/zaffirum.com\/product\/althair-by-parfums-de-marly-unisex\/#primaryimage"},"image":{"@id":"https:\/\/zaffirum.com\/product\/althair-by-parfums-de-marly-unisex\/#primaryimage"},"thumbnailUrl":"https:\/\/zaffirum.com\/wp-content\/uploads\/2025\/11\/Althair-by-Parfums-De-Marly-.jpg","datePublished":"2025-11-11T02:46:51+00:00","dateModified":"2026-01-23T17:59:19+00:00","breadcrumb":{"@id":"https:\/\/zaffirum.com\/product\/althair-by-parfums-de-marly-unisex\/#breadcrumb"},"inLanguage":"es","potentialAction":[{"@type":"ReadAction","target":["https:\/\/zaffirum.com\/product\/althair-by-parfums-de-marly-unisex\/"]}]},{"@type":"ImageObject","inLanguage":"es","@id":"https:\/\/zaffirum.com\/product\/althair-by-parfums-de-marly-unisex\/#primaryimage","url":"https:\/\/zaffirum.com\/wp-content\/uploads\/2025\/11\/Althair-by-Parfums-De-Marly-.jpg","contentUrl":"https:\/\/zaffirum.com\/wp-content\/uploads\/2025\/11\/Althair-by-Parfums-De-Marly-.jpg","width":225,"height":225},{"@type":"BreadcrumbList","@id":"https:\/\/zaffirum.com\/product\/althair-by-parfums-de-marly-unisex\/#breadcrumb","itemListElement":[{"@type":"ListItem","position":1,"name":"Portada","item":"https:\/\/zaffirum.com\/"},{"@type":"ListItem","position":2,"name":"Tienda","item":"https:\/\/zaffirum.com\/tienda\/"},{"@type":"ListItem","position":3,"name":"Althair by Parfums De Marly (Unisex)"}]},{"@type":"WebSite","@id":"https:\/\/zaffirum.com\/#website","url":"https:\/\/zaffirum.com\/","name":"Zaffirum | Parfums &amp; Luxury Watches","description":"","publisher":{"@id":"https:\/\/zaffirum.com\/#organization"},"potentialAction":[{"@type":"SearchAction","target":{"@type":"EntryPoint","urlTemplate":"https:\/\/zaffirum.com\/?s={search_term_string}"},"query-input":{"@type":"PropertyValueSpecification","valueRequired":true,"valueName":"search_term_string"}}],"inLanguage":"es"},{"@type":"Organization","@id":"https:\/\/zaffirum.com\/#organization","name":"Zaffirum | Parfums &amp; Luxury Watches","url":"https:\/\/zaffirum.com\/","logo":{"@type":"ImageObject","inLanguage":"es","@id":"https:\/\/zaffirum.com\/#\/schema\/logo\/image\/","url":"https:\/\/zaffirum.com\/wp-content\/uploads\/2021\/02\/LOGO-WEB-02.png","contentUrl":"https:\/\/zaffirum.com\/wp-content\/uploads\/2021\/02\/LOGO-WEB-02.png","width":328,"height":182,"caption":"Zaffirum |  Parfums &amp; Luxury Watches"},"image":{"@id":"https:\/\/zaffirum.com\/#\/schema\/logo\/image\/"}}]}},"_links":{"self":[{"href":"https:\/\/zaffirum.com\/es\/wp-json\/wp\/v2\/product\/14299","targetHints":{"allow":["GET"]}}],"collection":[{"href":"https:\/\/zaffirum.com\/es\/wp-json\/wp\/v2\/product"}],"about":[{"href":"https:\/\/zaffirum.com\/es\/wp-json\/wp\/v2\/types\/product"}],"version-history":[{"count":1,"href":"https:\/\/zaffirum.com\/es\/wp-json\/wp\/v2\/product\/14299\/revisions"}],"predecessor-version":[{"id":14313,"href":"https:\/\/zaffirum.com\/es\/wp-json\/wp\/v2\/product\/14299\/revisions\/14313"}],"wp:featuredmedia":[{"embeddable":true,"href":"https:\/\/zaffirum.com\/es\/wp-json\/wp\/v2\/media\/13736"}],"wp:attachment":[{"href":"https:\/\/zaffirum.com\/es\/wp-json\/wp\/v2\/media?parent=14299"}],"wp:term":[{"taxonomy":"product_brand","embeddable":true,"href":"https:\/\/zaffirum.com\/es\/wp-json\/wp\/v2\/product_brand?post=14299"},{"taxonomy":"product_cat","embeddable":true,"href":"https:\/\/zaffirum.com\/es\/wp-json\/wp\/v2\/product_cat?post=14299"},{"taxonomy":"product_tag","embeddable":true,"href":"https:\/\/zaffirum.com\/es\/wp-json\/wp\/v2\/product_tag?post=14299"}],"curies":[{"name":"wp","href":"https:\/\/api.w.org\/{rel}","templated":true}]}}