{"id":14301,"date":"2025-11-11T02:46:51","date_gmt":"2025-11-11T02:46:51","guid":{"rendered":"https:\/\/zaffirum.com\/?post_type=product&#038;p=14301"},"modified":"2026-01-23T13:01:49","modified_gmt":"2026-01-23T18:01:49","slug":"kirke-by-tiziana-terenzi-unisex","status":"publish","type":"product","link":"https:\/\/zaffirum.com\/es\/product\/kirke-by-tiziana-terenzi-unisex\/","title":{"rendered":"Kirke by Tiziana Terenzi (Unisex)"},"content":{"rendered":"<p><strong>Notas de Salida:<\/strong><\/p>\n<p>Maracuy\u00e1 (fruta de la pasi\u00f3n)<\/p>\n<p>Durazno (melocot\u00f3n)<\/p>\n<p>Pera<\/p>\n<p>Frambuesa<\/p>\n<p>Casis (grosellero negro)<\/p>\n<p>Arena<\/p>\n<p><strong>Nota de Coraz\u00f3n:<\/strong><\/p>\n<p>Lirio de los valles (muguete)<\/p>\n<p><strong>Notas de Fondo:<\/strong><\/p>\n<p>Almizcle<\/p>\n<p>S\u00e1ndalo<\/p>\n<p>Vainilla<\/p>\n<p>Pachul\u00ed<\/p>\n<p>Heliotropo.<\/p>","protected":false},"excerpt":{"rendered":"<table class=\"a-normal a-spacing-micro\" role=\"list\">\n<tbody>\n<tr class=\"a-spacing-small po-brand\" role=\"listitem\">\n<td class=\"a-span3\" role=\"presentation\"><span class=\"a-size-base a-text-bold\">Marca<\/span><\/td>\n<td class=\"a-span9\" role=\"presentation\"><span class=\"a-size-base po-break-word\">Tiziana Terenzi<\/span><\/td>\n<\/tr>\n<tr class=\"a-spacing-small po-item_form\" role=\"listitem\">\n<td class=\"a-span3\" role=\"presentation\"><span class=\"a-size-base a-text-bold\">Forma del producto<\/span><\/td>\n<td class=\"a-span9\" role=\"presentation\"><span class=\"a-size-base po-break-word\">Liquid<\/span><\/td>\n<\/tr>\n<tr class=\"a-spacing-small po-item_volume\" role=\"listitem\">\n<td class=\"a-span3\" role=\"presentation\"><span class=\"a-size-base a-text-bold\">Volumen del art\u00edculo<\/span><\/td>\n<td class=\"a-span9\" role=\"presentation\"><span class=\"a-size-base po-break-word\">3,38 Onzas de l\u00edquido<\/span><\/td>\n<\/tr>\n<tr class=\"a-spacing-small po-scent\" role=\"listitem\">\n<td class=\"a-span3\" role=\"presentation\"><span class=\"a-size-base a-text-bold\">Fragancia<\/span><\/td>\n<td class=\"a-span9\" role=\"presentation\"><span class=\"a-size-base po-break-word\">Fruity<\/span><\/td>\n<\/tr>\n<tr class=\"a-spacing-small po-fragrance_concentration\" role=\"listitem\">\n<td class=\"a-span3\" role=\"presentation\"><span class=\"a-size-base a-text-bold\">Concentraci\u00f3n de fragancia<\/span><\/td>\n<td class=\"a-span9\" role=\"presentation\"><span class=\"a-size-base po-break-word\">Extracto de perfume<\/span><\/td>\n<\/tr>\n<\/tbody>\n<\/table>","protected":false},"featured_media":13747,"template":"","meta":[],"product_brand":[],"product_cat":[94,73],"product_tag":[90,101,95,110],"class_list":{"0":"post-14301","1":"product","2":"type-product","3":"status-publish","4":"has-post-thumbnail","6":"product_cat-perfumes-nichos","7":"product_cat-perfumes-para-hombres","8":"product_tag-nicho","9":"product_tag-perfume-de-hombre","10":"product_tag-perfumes-nichos","11":"product_tag-unisex","13":"first","14":"outofstock","15":"taxable","16":"shipping-taxable","17":"purchasable","18":"product-type-simple"},"yoast_head":"<!-- This site is optimized with the Yoast SEO Premium plugin v26.4 (Yoast SEO v26.8) - https:\/\/yoast.com\/product\/yoast-seo-premium-wordpress\/ -->\n<title>Kirke by Tiziana Terenzi (Unisex) - Zaffirum | Parfums &amp; Luxury Watches<\/title>\n<meta name=\"robots\" content=\"index, follow, max-snippet:-1, max-image-preview:large, max-video-preview:-1\" \/>\n<link rel=\"canonical\" href=\"https:\/\/zaffirum.com\/es\/product\/kirke-by-tiziana-terenzi-unisex\/\" \/>\n<meta property=\"og:locale\" content=\"es_MX\" \/>\n<meta property=\"og:type\" content=\"article\" \/>\n<meta property=\"og:title\" content=\"Kirke by Tiziana Terenzi (Unisex)\" \/>\n<meta property=\"og:description\" content=\"Marca Tiziana Terenzi   Forma del producto Liquid   Volumen del art\u00edculo 3,38 Onzas de l\u00edquido   Fragancia Fruity   Concentraci\u00f3n de fragancia Extracto de perfume\" \/>\n<meta property=\"og:url\" content=\"https:\/\/zaffirum.com\/es\/product\/kirke-by-tiziana-terenzi-unisex\/\" \/>\n<meta property=\"og:site_name\" content=\"Zaffirum | Parfums &amp; Luxury Watches\" \/>\n<meta property=\"article:modified_time\" content=\"2026-01-23T18:01:49+00:00\" \/>\n<meta property=\"og:image\" content=\"https:\/\/zaffirum.com\/wp-content\/uploads\/2025\/11\/Kirke-by-Tiziana-Terenzi-Unisex.webp\" \/>\n\t<meta property=\"og:image:width\" content=\"339\" \/>\n\t<meta property=\"og:image:height\" content=\"308\" \/>\n\t<meta property=\"og:image:type\" content=\"image\/webp\" \/>\n<meta name=\"twitter:card\" content=\"summary_large_image\" \/>\n<script type=\"application\/ld+json\" class=\"yoast-schema-graph\">{\"@context\":\"https:\/\/schema.org\",\"@graph\":[{\"@type\":\"WebPage\",\"@id\":\"https:\/\/zaffirum.com\/product\/kirke-by-tiziana-terenzi-unisex\/\",\"url\":\"https:\/\/zaffirum.com\/product\/kirke-by-tiziana-terenzi-unisex\/\",\"name\":\"Kirke by Tiziana Terenzi (Unisex) - Zaffirum | Parfums &amp; Luxury Watches\",\"isPartOf\":{\"@id\":\"https:\/\/zaffirum.com\/#website\"},\"primaryImageOfPage\":{\"@id\":\"https:\/\/zaffirum.com\/product\/kirke-by-tiziana-terenzi-unisex\/#primaryimage\"},\"image\":{\"@id\":\"https:\/\/zaffirum.com\/product\/kirke-by-tiziana-terenzi-unisex\/#primaryimage\"},\"thumbnailUrl\":\"https:\/\/zaffirum.com\/wp-content\/uploads\/2025\/11\/Kirke-by-Tiziana-Terenzi-Unisex.webp\",\"datePublished\":\"2025-11-11T02:46:51+00:00\",\"dateModified\":\"2026-01-23T18:01:49+00:00\",\"breadcrumb\":{\"@id\":\"https:\/\/zaffirum.com\/product\/kirke-by-tiziana-terenzi-unisex\/#breadcrumb\"},\"inLanguage\":\"es\",\"potentialAction\":[{\"@type\":\"ReadAction\",\"target\":[\"https:\/\/zaffirum.com\/product\/kirke-by-tiziana-terenzi-unisex\/\"]}]},{\"@type\":\"ImageObject\",\"inLanguage\":\"es\",\"@id\":\"https:\/\/zaffirum.com\/product\/kirke-by-tiziana-terenzi-unisex\/#primaryimage\",\"url\":\"https:\/\/zaffirum.com\/wp-content\/uploads\/2025\/11\/Kirke-by-Tiziana-Terenzi-Unisex.webp\",\"contentUrl\":\"https:\/\/zaffirum.com\/wp-content\/uploads\/2025\/11\/Kirke-by-Tiziana-Terenzi-Unisex.webp\",\"width\":339,\"height\":308},{\"@type\":\"BreadcrumbList\",\"@id\":\"https:\/\/zaffirum.com\/product\/kirke-by-tiziana-terenzi-unisex\/#breadcrumb\",\"itemListElement\":[{\"@type\":\"ListItem\",\"position\":1,\"name\":\"Portada\",\"item\":\"https:\/\/zaffirum.com\/\"},{\"@type\":\"ListItem\",\"position\":2,\"name\":\"Tienda\",\"item\":\"https:\/\/zaffirum.com\/tienda\/\"},{\"@type\":\"ListItem\",\"position\":3,\"name\":\"Kirke by Tiziana Terenzi (Unisex)\"}]},{\"@type\":\"WebSite\",\"@id\":\"https:\/\/zaffirum.com\/#website\",\"url\":\"https:\/\/zaffirum.com\/\",\"name\":\"Zaffirum | Parfums &amp; Luxury Watches\",\"description\":\"\",\"publisher\":{\"@id\":\"https:\/\/zaffirum.com\/#organization\"},\"potentialAction\":[{\"@type\":\"SearchAction\",\"target\":{\"@type\":\"EntryPoint\",\"urlTemplate\":\"https:\/\/zaffirum.com\/?s={search_term_string}\"},\"query-input\":{\"@type\":\"PropertyValueSpecification\",\"valueRequired\":true,\"valueName\":\"search_term_string\"}}],\"inLanguage\":\"es\"},{\"@type\":\"Organization\",\"@id\":\"https:\/\/zaffirum.com\/#organization\",\"name\":\"Zaffirum | Parfums &amp; Luxury Watches\",\"url\":\"https:\/\/zaffirum.com\/\",\"logo\":{\"@type\":\"ImageObject\",\"inLanguage\":\"es\",\"@id\":\"https:\/\/zaffirum.com\/#\/schema\/logo\/image\/\",\"url\":\"https:\/\/zaffirum.com\/wp-content\/uploads\/2021\/02\/LOGO-WEB-02.png\",\"contentUrl\":\"https:\/\/zaffirum.com\/wp-content\/uploads\/2021\/02\/LOGO-WEB-02.png\",\"width\":328,\"height\":182,\"caption\":\"Zaffirum |  Parfums &amp; Luxury Watches\"},\"image\":{\"@id\":\"https:\/\/zaffirum.com\/#\/schema\/logo\/image\/\"}}]}<\/script>\n<!-- \/ Yoast SEO Premium plugin. -->","yoast_head_json":{"title":"Kirke by Tiziana Terenzi (Unisex) - Zaffirum | Parfums &amp; Luxury Watches","robots":{"index":"index","follow":"follow","max-snippet":"max-snippet:-1","max-image-preview":"max-image-preview:large","max-video-preview":"max-video-preview:-1"},"canonical":"https:\/\/zaffirum.com\/es\/product\/kirke-by-tiziana-terenzi-unisex\/","og_locale":"es_MX","og_type":"article","og_title":"Kirke by Tiziana Terenzi (Unisex)","og_description":"Marca Tiziana Terenzi   Forma del producto Liquid   Volumen del art\u00edculo 3,38 Onzas de l\u00edquido   Fragancia Fruity   Concentraci\u00f3n de fragancia Extracto de perfume","og_url":"https:\/\/zaffirum.com\/es\/product\/kirke-by-tiziana-terenzi-unisex\/","og_site_name":"Zaffirum | Parfums &amp; Luxury Watches","article_modified_time":"2026-01-23T18:01:49+00:00","og_image":[{"width":339,"height":308,"url":"https:\/\/zaffirum.com\/wp-content\/uploads\/2025\/11\/Kirke-by-Tiziana-Terenzi-Unisex.webp","type":"image\/webp"}],"twitter_card":"summary_large_image","schema":{"@context":"https:\/\/schema.org","@graph":[{"@type":"WebPage","@id":"https:\/\/zaffirum.com\/product\/kirke-by-tiziana-terenzi-unisex\/","url":"https:\/\/zaffirum.com\/product\/kirke-by-tiziana-terenzi-unisex\/","name":"Kirke by Tiziana Terenzi (Unisex) - Zaffirum | Parfums &amp; Luxury Watches","isPartOf":{"@id":"https:\/\/zaffirum.com\/#website"},"primaryImageOfPage":{"@id":"https:\/\/zaffirum.com\/product\/kirke-by-tiziana-terenzi-unisex\/#primaryimage"},"image":{"@id":"https:\/\/zaffirum.com\/product\/kirke-by-tiziana-terenzi-unisex\/#primaryimage"},"thumbnailUrl":"https:\/\/zaffirum.com\/wp-content\/uploads\/2025\/11\/Kirke-by-Tiziana-Terenzi-Unisex.webp","datePublished":"2025-11-11T02:46:51+00:00","dateModified":"2026-01-23T18:01:49+00:00","breadcrumb":{"@id":"https:\/\/zaffirum.com\/product\/kirke-by-tiziana-terenzi-unisex\/#breadcrumb"},"inLanguage":"es","potentialAction":[{"@type":"ReadAction","target":["https:\/\/zaffirum.com\/product\/kirke-by-tiziana-terenzi-unisex\/"]}]},{"@type":"ImageObject","inLanguage":"es","@id":"https:\/\/zaffirum.com\/product\/kirke-by-tiziana-terenzi-unisex\/#primaryimage","url":"https:\/\/zaffirum.com\/wp-content\/uploads\/2025\/11\/Kirke-by-Tiziana-Terenzi-Unisex.webp","contentUrl":"https:\/\/zaffirum.com\/wp-content\/uploads\/2025\/11\/Kirke-by-Tiziana-Terenzi-Unisex.webp","width":339,"height":308},{"@type":"BreadcrumbList","@id":"https:\/\/zaffirum.com\/product\/kirke-by-tiziana-terenzi-unisex\/#breadcrumb","itemListElement":[{"@type":"ListItem","position":1,"name":"Portada","item":"https:\/\/zaffirum.com\/"},{"@type":"ListItem","position":2,"name":"Tienda","item":"https:\/\/zaffirum.com\/tienda\/"},{"@type":"ListItem","position":3,"name":"Kirke by Tiziana Terenzi (Unisex)"}]},{"@type":"WebSite","@id":"https:\/\/zaffirum.com\/#website","url":"https:\/\/zaffirum.com\/","name":"Zaffirum | Parfums &amp; Luxury Watches","description":"","publisher":{"@id":"https:\/\/zaffirum.com\/#organization"},"potentialAction":[{"@type":"SearchAction","target":{"@type":"EntryPoint","urlTemplate":"https:\/\/zaffirum.com\/?s={search_term_string}"},"query-input":{"@type":"PropertyValueSpecification","valueRequired":true,"valueName":"search_term_string"}}],"inLanguage":"es"},{"@type":"Organization","@id":"https:\/\/zaffirum.com\/#organization","name":"Zaffirum | Parfums &amp; Luxury Watches","url":"https:\/\/zaffirum.com\/","logo":{"@type":"ImageObject","inLanguage":"es","@id":"https:\/\/zaffirum.com\/#\/schema\/logo\/image\/","url":"https:\/\/zaffirum.com\/wp-content\/uploads\/2021\/02\/LOGO-WEB-02.png","contentUrl":"https:\/\/zaffirum.com\/wp-content\/uploads\/2021\/02\/LOGO-WEB-02.png","width":328,"height":182,"caption":"Zaffirum |  Parfums &amp; Luxury Watches"},"image":{"@id":"https:\/\/zaffirum.com\/#\/schema\/logo\/image\/"}}]}},"_links":{"self":[{"href":"https:\/\/zaffirum.com\/es\/wp-json\/wp\/v2\/product\/14301","targetHints":{"allow":["GET"]}}],"collection":[{"href":"https:\/\/zaffirum.com\/es\/wp-json\/wp\/v2\/product"}],"about":[{"href":"https:\/\/zaffirum.com\/es\/wp-json\/wp\/v2\/types\/product"}],"version-history":[{"count":1,"href":"https:\/\/zaffirum.com\/es\/wp-json\/wp\/v2\/product\/14301\/revisions"}],"predecessor-version":[{"id":14315,"href":"https:\/\/zaffirum.com\/es\/wp-json\/wp\/v2\/product\/14301\/revisions\/14315"}],"wp:featuredmedia":[{"embeddable":true,"href":"https:\/\/zaffirum.com\/es\/wp-json\/wp\/v2\/media\/13747"}],"wp:attachment":[{"href":"https:\/\/zaffirum.com\/es\/wp-json\/wp\/v2\/media?parent=14301"}],"wp:term":[{"taxonomy":"product_brand","embeddable":true,"href":"https:\/\/zaffirum.com\/es\/wp-json\/wp\/v2\/product_brand?post=14301"},{"taxonomy":"product_cat","embeddable":true,"href":"https:\/\/zaffirum.com\/es\/wp-json\/wp\/v2\/product_cat?post=14301"},{"taxonomy":"product_tag","embeddable":true,"href":"https:\/\/zaffirum.com\/es\/wp-json\/wp\/v2\/product_tag?post=14301"}],"curies":[{"name":"wp","href":"https:\/\/api.w.org\/{rel}","templated":true}]}}