{"id":14303,"date":"2025-11-11T02:46:51","date_gmt":"2025-11-11T02:46:51","guid":{"rendered":"https:\/\/zaffirum.com\/?post_type=product&#038;p=14303"},"modified":"2026-01-23T13:11:00","modified_gmt":"2026-01-23T18:11:00","slug":"jean-paul-gaultier-scandal-le-eau-de-parfum-intense-espray-recargable-para-hombres-3-4-onzas","status":"publish","type":"product","link":"https:\/\/zaffirum.com\/es\/product\/jean-paul-gaultier-scandal-le-eau-de-parfum-intense-espray-recargable-para-hombres-3-4-onzas\/","title":{"rendered":"Jean Paul Gaultier Scandal Le Eau de Parfum Intense &#8211; Espray recargable para hombres, 3.4 onzas"},"content":{"rendered":"<p><strong>Nota de Salida:<\/strong><\/p>\n<p>Geranio<\/p>\n<p><strong>Nota de Coraz\u00f3n:<\/strong><\/p>\n<p>Haba tonka<\/p>\n<p><strong>Nota de Fondo:<\/strong><\/p>\n<p>S\u00e1ndalo.<\/p>","protected":false},"excerpt":{"rendered":"<table class=\"a-normal a-spacing-micro\" role=\"list\">\n<tbody>\n<tr class=\"a-spacing-small po-brand\" role=\"listitem\">\n<td class=\"a-span3\" role=\"presentation\"><span class=\"a-size-base a-text-bold\">Marca<\/span><\/td>\n<td class=\"a-span9\" role=\"presentation\"><span class=\"a-size-base po-break-word\">Jean Paul Gaultier<\/span><\/td>\n<\/tr>\n<tr class=\"a-spacing-small po-item_form\" role=\"listitem\">\n<td class=\"a-span3\" role=\"presentation\"><span class=\"a-size-base a-text-bold\">Forma del producto<\/span><\/td>\n<td class=\"a-span9\" role=\"presentation\"><span class=\"a-size-base po-break-word\">L\u00edquido<\/span><\/td>\n<\/tr>\n<tr class=\"a-spacing-small po-item_volume\" role=\"listitem\">\n<td class=\"a-span3\" role=\"presentation\"><span class=\"a-size-base a-text-bold\">Volumen del art\u00edculo<\/span><\/td>\n<td class=\"a-span9\" role=\"presentation\"><span class=\"a-size-base po-break-word\">3E+2 Mililitros<\/span><\/td>\n<\/tr>\n<tr class=\"a-spacing-small po-scent\" role=\"listitem\">\n<td class=\"a-span3\" role=\"presentation\"><span class=\"a-size-base a-text-bold\">Fragancia<\/span><\/td>\n<td class=\"a-span9\" role=\"presentation\"><span class=\"a-size-base po-break-word\">Geranio, Frijol Tonka, S\u00e1ndalo<\/span><\/td>\n<\/tr>\n<tr class=\"a-spacing-small po-special_feature\" role=\"listitem\">\n<td class=\"a-span3\" role=\"presentation\"><span class=\"a-size-base a-text-bold\">Caracter\u00edsticas especiales<\/span><\/td>\n<td class=\"a-span9\" role=\"presentation\"><span class=\"a-size-base po-break-word\">Perfumado<\/span><\/td>\n<\/tr>\n<\/tbody>\n<\/table>","protected":false},"featured_media":13757,"template":"","meta":[],"product_brand":[],"product_cat":[76,73],"product_tag":[100,97,101,75],"class_list":{"0":"post-14303","1":"product","2":"type-product","3":"status-publish","4":"has-post-thumbnail","6":"product_cat-perfumes-de-disenador","7":"product_cat-perfumes-para-hombres","8":"product_tag-hombre","9":"product_tag-jpg","10":"product_tag-perfume-de-hombre","11":"product_tag-perfumes","13":"first","14":"outofstock","15":"taxable","16":"shipping-taxable","17":"purchasable","18":"product-type-simple"},"yoast_head":"<!-- This site is optimized with the Yoast SEO Premium plugin v26.4 (Yoast SEO v26.8) - https:\/\/yoast.com\/product\/yoast-seo-premium-wordpress\/ -->\n<title>Jean Paul Gaultier Scandal Le Eau de Parfum Intense - Espray recargable para hombres, 3.4 onzas - Zaffirum | Parfums &amp; Luxury Watches<\/title>\n<meta name=\"robots\" content=\"index, follow, max-snippet:-1, max-image-preview:large, max-video-preview:-1\" \/>\n<link rel=\"canonical\" href=\"https:\/\/zaffirum.com\/es\/product\/jean-paul-gaultier-scandal-le-eau-de-parfum-intense-espray-recargable-para-hombres-3-4-onzas\/\" \/>\n<meta property=\"og:locale\" content=\"es_MX\" \/>\n<meta property=\"og:type\" content=\"article\" \/>\n<meta property=\"og:title\" content=\"Jean Paul Gaultier Scandal Le Eau de Parfum Intense - Espray recargable para hombres, 3.4 onzas\" \/>\n<meta property=\"og:description\" content=\"Marca Jean Paul Gaultier   Forma del producto L\u00edquido   Volumen del art\u00edculo 3E+2 Mililitros   Fragancia Geranio, Frijol Tonka, S\u00e1ndalo   Caracter\u00edsticas especiales Perfumado\" \/>\n<meta property=\"og:url\" content=\"https:\/\/zaffirum.com\/es\/product\/jean-paul-gaultier-scandal-le-eau-de-parfum-intense-espray-recargable-para-hombres-3-4-onzas\/\" \/>\n<meta property=\"og:site_name\" content=\"Zaffirum | Parfums &amp; Luxury Watches\" \/>\n<meta property=\"article:modified_time\" content=\"2026-01-23T18:11:00+00:00\" \/>\n<meta property=\"og:image\" content=\"https:\/\/zaffirum.com\/wp-content\/uploads\/2025\/11\/scandal-jpg.jpg\" \/>\n\t<meta property=\"og:image:width\" content=\"522\" \/>\n\t<meta property=\"og:image:height\" content=\"480\" \/>\n\t<meta property=\"og:image:type\" content=\"image\/jpeg\" \/>\n<meta name=\"twitter:card\" content=\"summary_large_image\" \/>\n<script type=\"application\/ld+json\" class=\"yoast-schema-graph\">{\"@context\":\"https:\/\/schema.org\",\"@graph\":[{\"@type\":\"WebPage\",\"@id\":\"https:\/\/zaffirum.com\/product\/jean-paul-gaultier-scandal-le-eau-de-parfum-intense-espray-recargable-para-hombres-3-4-onzas\/\",\"url\":\"https:\/\/zaffirum.com\/product\/jean-paul-gaultier-scandal-le-eau-de-parfum-intense-espray-recargable-para-hombres-3-4-onzas\/\",\"name\":\"Jean Paul Gaultier Scandal Le Eau de Parfum Intense - Espray recargable para hombres, 3.4 onzas - Zaffirum | Parfums &amp; Luxury Watches\",\"isPartOf\":{\"@id\":\"https:\/\/zaffirum.com\/#website\"},\"primaryImageOfPage\":{\"@id\":\"https:\/\/zaffirum.com\/product\/jean-paul-gaultier-scandal-le-eau-de-parfum-intense-espray-recargable-para-hombres-3-4-onzas\/#primaryimage\"},\"image\":{\"@id\":\"https:\/\/zaffirum.com\/product\/jean-paul-gaultier-scandal-le-eau-de-parfum-intense-espray-recargable-para-hombres-3-4-onzas\/#primaryimage\"},\"thumbnailUrl\":\"https:\/\/zaffirum.com\/wp-content\/uploads\/2025\/11\/scandal-jpg.jpg\",\"datePublished\":\"2025-11-11T02:46:51+00:00\",\"dateModified\":\"2026-01-23T18:11:00+00:00\",\"breadcrumb\":{\"@id\":\"https:\/\/zaffirum.com\/product\/jean-paul-gaultier-scandal-le-eau-de-parfum-intense-espray-recargable-para-hombres-3-4-onzas\/#breadcrumb\"},\"inLanguage\":\"es\",\"potentialAction\":[{\"@type\":\"ReadAction\",\"target\":[\"https:\/\/zaffirum.com\/product\/jean-paul-gaultier-scandal-le-eau-de-parfum-intense-espray-recargable-para-hombres-3-4-onzas\/\"]}]},{\"@type\":\"ImageObject\",\"inLanguage\":\"es\",\"@id\":\"https:\/\/zaffirum.com\/product\/jean-paul-gaultier-scandal-le-eau-de-parfum-intense-espray-recargable-para-hombres-3-4-onzas\/#primaryimage\",\"url\":\"https:\/\/zaffirum.com\/wp-content\/uploads\/2025\/11\/scandal-jpg.jpg\",\"contentUrl\":\"https:\/\/zaffirum.com\/wp-content\/uploads\/2025\/11\/scandal-jpg.jpg\",\"width\":522,\"height\":480},{\"@type\":\"BreadcrumbList\",\"@id\":\"https:\/\/zaffirum.com\/product\/jean-paul-gaultier-scandal-le-eau-de-parfum-intense-espray-recargable-para-hombres-3-4-onzas\/#breadcrumb\",\"itemListElement\":[{\"@type\":\"ListItem\",\"position\":1,\"name\":\"Portada\",\"item\":\"https:\/\/zaffirum.com\/\"},{\"@type\":\"ListItem\",\"position\":2,\"name\":\"Tienda\",\"item\":\"https:\/\/zaffirum.com\/tienda\/\"},{\"@type\":\"ListItem\",\"position\":3,\"name\":\"Jean Paul Gaultier Scandal Le Eau de Parfum Intense &#8211; Espray recargable para hombres, 3.4 onzas\"}]},{\"@type\":\"WebSite\",\"@id\":\"https:\/\/zaffirum.com\/#website\",\"url\":\"https:\/\/zaffirum.com\/\",\"name\":\"Zaffirum | Parfums &amp; Luxury Watches\",\"description\":\"\",\"publisher\":{\"@id\":\"https:\/\/zaffirum.com\/#organization\"},\"potentialAction\":[{\"@type\":\"SearchAction\",\"target\":{\"@type\":\"EntryPoint\",\"urlTemplate\":\"https:\/\/zaffirum.com\/?s={search_term_string}\"},\"query-input\":{\"@type\":\"PropertyValueSpecification\",\"valueRequired\":true,\"valueName\":\"search_term_string\"}}],\"inLanguage\":\"es\"},{\"@type\":\"Organization\",\"@id\":\"https:\/\/zaffirum.com\/#organization\",\"name\":\"Zaffirum | Parfums &amp; Luxury Watches\",\"url\":\"https:\/\/zaffirum.com\/\",\"logo\":{\"@type\":\"ImageObject\",\"inLanguage\":\"es\",\"@id\":\"https:\/\/zaffirum.com\/#\/schema\/logo\/image\/\",\"url\":\"https:\/\/zaffirum.com\/wp-content\/uploads\/2021\/02\/LOGO-WEB-02.png\",\"contentUrl\":\"https:\/\/zaffirum.com\/wp-content\/uploads\/2021\/02\/LOGO-WEB-02.png\",\"width\":328,\"height\":182,\"caption\":\"Zaffirum |  Parfums &amp; Luxury Watches\"},\"image\":{\"@id\":\"https:\/\/zaffirum.com\/#\/schema\/logo\/image\/\"}}]}<\/script>\n<!-- \/ Yoast SEO Premium plugin. -->","yoast_head_json":{"title":"Jean Paul Gaultier Scandal Le Eau de Parfum Intense - Espray recargable para hombres, 3.4 onzas - Zaffirum | Parfums &amp; Luxury Watches","robots":{"index":"index","follow":"follow","max-snippet":"max-snippet:-1","max-image-preview":"max-image-preview:large","max-video-preview":"max-video-preview:-1"},"canonical":"https:\/\/zaffirum.com\/es\/product\/jean-paul-gaultier-scandal-le-eau-de-parfum-intense-espray-recargable-para-hombres-3-4-onzas\/","og_locale":"es_MX","og_type":"article","og_title":"Jean Paul Gaultier Scandal Le Eau de Parfum Intense - Espray recargable para hombres, 3.4 onzas","og_description":"Marca Jean Paul Gaultier   Forma del producto L\u00edquido   Volumen del art\u00edculo 3E+2 Mililitros   Fragancia Geranio, Frijol Tonka, S\u00e1ndalo   Caracter\u00edsticas especiales Perfumado","og_url":"https:\/\/zaffirum.com\/es\/product\/jean-paul-gaultier-scandal-le-eau-de-parfum-intense-espray-recargable-para-hombres-3-4-onzas\/","og_site_name":"Zaffirum | Parfums &amp; Luxury Watches","article_modified_time":"2026-01-23T18:11:00+00:00","og_image":[{"width":522,"height":480,"url":"https:\/\/zaffirum.com\/wp-content\/uploads\/2025\/11\/scandal-jpg.jpg","type":"image\/jpeg"}],"twitter_card":"summary_large_image","schema":{"@context":"https:\/\/schema.org","@graph":[{"@type":"WebPage","@id":"https:\/\/zaffirum.com\/product\/jean-paul-gaultier-scandal-le-eau-de-parfum-intense-espray-recargable-para-hombres-3-4-onzas\/","url":"https:\/\/zaffirum.com\/product\/jean-paul-gaultier-scandal-le-eau-de-parfum-intense-espray-recargable-para-hombres-3-4-onzas\/","name":"Jean Paul Gaultier Scandal Le Eau de Parfum Intense - Espray recargable para hombres, 3.4 onzas - Zaffirum | Parfums &amp; Luxury Watches","isPartOf":{"@id":"https:\/\/zaffirum.com\/#website"},"primaryImageOfPage":{"@id":"https:\/\/zaffirum.com\/product\/jean-paul-gaultier-scandal-le-eau-de-parfum-intense-espray-recargable-para-hombres-3-4-onzas\/#primaryimage"},"image":{"@id":"https:\/\/zaffirum.com\/product\/jean-paul-gaultier-scandal-le-eau-de-parfum-intense-espray-recargable-para-hombres-3-4-onzas\/#primaryimage"},"thumbnailUrl":"https:\/\/zaffirum.com\/wp-content\/uploads\/2025\/11\/scandal-jpg.jpg","datePublished":"2025-11-11T02:46:51+00:00","dateModified":"2026-01-23T18:11:00+00:00","breadcrumb":{"@id":"https:\/\/zaffirum.com\/product\/jean-paul-gaultier-scandal-le-eau-de-parfum-intense-espray-recargable-para-hombres-3-4-onzas\/#breadcrumb"},"inLanguage":"es","potentialAction":[{"@type":"ReadAction","target":["https:\/\/zaffirum.com\/product\/jean-paul-gaultier-scandal-le-eau-de-parfum-intense-espray-recargable-para-hombres-3-4-onzas\/"]}]},{"@type":"ImageObject","inLanguage":"es","@id":"https:\/\/zaffirum.com\/product\/jean-paul-gaultier-scandal-le-eau-de-parfum-intense-espray-recargable-para-hombres-3-4-onzas\/#primaryimage","url":"https:\/\/zaffirum.com\/wp-content\/uploads\/2025\/11\/scandal-jpg.jpg","contentUrl":"https:\/\/zaffirum.com\/wp-content\/uploads\/2025\/11\/scandal-jpg.jpg","width":522,"height":480},{"@type":"BreadcrumbList","@id":"https:\/\/zaffirum.com\/product\/jean-paul-gaultier-scandal-le-eau-de-parfum-intense-espray-recargable-para-hombres-3-4-onzas\/#breadcrumb","itemListElement":[{"@type":"ListItem","position":1,"name":"Portada","item":"https:\/\/zaffirum.com\/"},{"@type":"ListItem","position":2,"name":"Tienda","item":"https:\/\/zaffirum.com\/tienda\/"},{"@type":"ListItem","position":3,"name":"Jean Paul Gaultier Scandal Le Eau de Parfum Intense &#8211; Espray recargable para hombres, 3.4 onzas"}]},{"@type":"WebSite","@id":"https:\/\/zaffirum.com\/#website","url":"https:\/\/zaffirum.com\/","name":"Zaffirum | Parfums &amp; Luxury Watches","description":"","publisher":{"@id":"https:\/\/zaffirum.com\/#organization"},"potentialAction":[{"@type":"SearchAction","target":{"@type":"EntryPoint","urlTemplate":"https:\/\/zaffirum.com\/?s={search_term_string}"},"query-input":{"@type":"PropertyValueSpecification","valueRequired":true,"valueName":"search_term_string"}}],"inLanguage":"es"},{"@type":"Organization","@id":"https:\/\/zaffirum.com\/#organization","name":"Zaffirum | Parfums &amp; Luxury Watches","url":"https:\/\/zaffirum.com\/","logo":{"@type":"ImageObject","inLanguage":"es","@id":"https:\/\/zaffirum.com\/#\/schema\/logo\/image\/","url":"https:\/\/zaffirum.com\/wp-content\/uploads\/2021\/02\/LOGO-WEB-02.png","contentUrl":"https:\/\/zaffirum.com\/wp-content\/uploads\/2021\/02\/LOGO-WEB-02.png","width":328,"height":182,"caption":"Zaffirum |  Parfums &amp; Luxury Watches"},"image":{"@id":"https:\/\/zaffirum.com\/#\/schema\/logo\/image\/"}}]}},"_links":{"self":[{"href":"https:\/\/zaffirum.com\/es\/wp-json\/wp\/v2\/product\/14303","targetHints":{"allow":["GET"]}}],"collection":[{"href":"https:\/\/zaffirum.com\/es\/wp-json\/wp\/v2\/product"}],"about":[{"href":"https:\/\/zaffirum.com\/es\/wp-json\/wp\/v2\/types\/product"}],"version-history":[{"count":1,"href":"https:\/\/zaffirum.com\/es\/wp-json\/wp\/v2\/product\/14303\/revisions"}],"predecessor-version":[{"id":14317,"href":"https:\/\/zaffirum.com\/es\/wp-json\/wp\/v2\/product\/14303\/revisions\/14317"}],"wp:featuredmedia":[{"embeddable":true,"href":"https:\/\/zaffirum.com\/es\/wp-json\/wp\/v2\/media\/13757"}],"wp:attachment":[{"href":"https:\/\/zaffirum.com\/es\/wp-json\/wp\/v2\/media?parent=14303"}],"wp:term":[{"taxonomy":"product_brand","embeddable":true,"href":"https:\/\/zaffirum.com\/es\/wp-json\/wp\/v2\/product_brand?post=14303"},{"taxonomy":"product_cat","embeddable":true,"href":"https:\/\/zaffirum.com\/es\/wp-json\/wp\/v2\/product_cat?post=14303"},{"taxonomy":"product_tag","embeddable":true,"href":"https:\/\/zaffirum.com\/es\/wp-json\/wp\/v2\/product_tag?post=14303"}],"curies":[{"name":"wp","href":"https:\/\/api.w.org\/{rel}","templated":true}]}}