{"id":14305,"date":"2025-11-11T02:46:51","date_gmt":"2025-11-11T02:46:51","guid":{"rendered":"https:\/\/zaffirum.com\/?post_type=product&#038;p=14305"},"modified":"2026-01-23T13:12:18","modified_gmt":"2026-01-23T18:12:18","slug":"carolina-herrera-212-vip-eau-de-toilette-en-espray-para-hombre-3-4-onzas","status":"publish","type":"product","link":"https:\/\/zaffirum.com\/es\/product\/carolina-herrera-212-vip-eau-de-toilette-en-espray-para-hombre-3-4-onzas\/","title":{"rendered":"Carolina Herrera 212 VIP Eau de Toilette en espray para hombre, 3.4 onzas"},"content":{"rendered":"<p><strong>Notas de Salida:<\/strong><\/p>\n<p>Maracuy\u00e1 (fruta de la pasi\u00f3n)<\/p>\n<p>Lima (lim\u00f3n verde)<\/p>\n<p>Pimienta<\/p>\n<p>Jengibre<\/p>\n<p><strong>Notas de Coraz\u00f3n:<\/strong><\/p>\n<p>Vodka<\/p>\n<p>Ginebra<\/p>\n<p>Menta<\/p>\n<p>Especias<\/p>\n<p><strong>Notas de Fondo:<\/strong><\/p>\n<p>\u00c1mbar<\/p>\n<p>Cuero<\/p>\n<p>Notas amaderadas.<\/p>","protected":false},"excerpt":{"rendered":"<table class=\"a-normal a-spacing-micro\" role=\"list\">\n<tbody>\n<tr class=\"a-spacing-small po-brand\" role=\"listitem\">\n<td class=\"a-span3\" role=\"presentation\"><span class=\"a-size-base a-text-bold\">Marca<\/span><\/td>\n<td class=\"a-span9\" role=\"presentation\"><span class=\"a-size-base po-break-word\">Carolina Herrera<\/span><\/td>\n<\/tr>\n<tr class=\"a-spacing-small po-item_form\" role=\"listitem\">\n<td class=\"a-span3\" role=\"presentation\"><span class=\"a-size-base a-text-bold\">Forma del producto<\/span><\/td>\n<td class=\"a-span9\" role=\"presentation\"><span class=\"a-size-base po-break-word\">Spray<\/span><\/td>\n<\/tr>\n<tr class=\"a-spacing-small po-item_volume\" role=\"listitem\">\n<td class=\"a-span3\" role=\"presentation\"><span class=\"a-size-base a-text-bold\">Volumen del art\u00edculo<\/span><\/td>\n<td class=\"a-span9\" role=\"presentation\"><span class=\"a-size-base po-break-word\">100 Mililitros<\/span><\/td>\n<\/tr>\n<tr class=\"a-spacing-small po-scent\" role=\"listitem\">\n<td class=\"a-span3\" role=\"presentation\"><span class=\"a-size-base a-text-bold\">Fragancia<\/span><\/td>\n<td class=\"a-span9\" role=\"presentation\"><span class=\"a-size-base po-break-word\">Ginebra y Vodka<\/span><\/td>\n<\/tr>\n<tr class=\"a-spacing-small po-special_feature\" role=\"listitem\">\n<td class=\"a-span3\" role=\"presentation\"><span class=\"a-size-base a-text-bold\">Caracter\u00edsticas especiales<\/span><\/td>\n<td class=\"a-span9\" role=\"presentation\"><span class=\"a-size-base po-break-word\">Port\u00e1til<\/span><\/td>\n<\/tr>\n<\/tbody>\n<\/table>","protected":false},"featured_media":13767,"template":"","meta":[],"product_brand":[],"product_cat":[76,73],"product_tag":[],"class_list":{"0":"post-14305","1":"product","2":"type-product","3":"status-publish","4":"has-post-thumbnail","6":"product_cat-perfumes-de-disenador","7":"product_cat-perfumes-para-hombres","9":"first","10":"outofstock","11":"taxable","12":"shipping-taxable","13":"purchasable","14":"product-type-simple"},"yoast_head":"<!-- This site is optimized with the Yoast SEO Premium plugin v26.4 (Yoast SEO v26.8) - https:\/\/yoast.com\/product\/yoast-seo-premium-wordpress\/ -->\n<title>Carolina Herrera 212 VIP Eau de Toilette en espray para hombre, 3.4 onzas - Zaffirum | Parfums &amp; Luxury Watches<\/title>\n<meta name=\"robots\" content=\"index, follow, max-snippet:-1, max-image-preview:large, max-video-preview:-1\" \/>\n<link rel=\"canonical\" href=\"https:\/\/zaffirum.com\/es\/product\/carolina-herrera-212-vip-eau-de-toilette-en-espray-para-hombre-3-4-onzas\/\" \/>\n<meta property=\"og:locale\" content=\"es_MX\" \/>\n<meta property=\"og:type\" content=\"article\" \/>\n<meta property=\"og:title\" content=\"Carolina Herrera 212 VIP Eau de Toilette en espray para hombre, 3.4 onzas\" \/>\n<meta property=\"og:description\" content=\"Marca Carolina Herrera   Forma del producto Spray   Volumen del art\u00edculo 100 Mililitros   Fragancia Ginebra y Vodka   Caracter\u00edsticas especiales Port\u00e1til\" \/>\n<meta property=\"og:url\" content=\"https:\/\/zaffirum.com\/es\/product\/carolina-herrera-212-vip-eau-de-toilette-en-espray-para-hombre-3-4-onzas\/\" \/>\n<meta property=\"og:site_name\" content=\"Zaffirum | Parfums &amp; Luxury Watches\" \/>\n<meta property=\"article:modified_time\" content=\"2026-01-23T18:12:18+00:00\" \/>\n<meta property=\"og:image\" content=\"https:\/\/zaffirum.com\/wp-content\/uploads\/2025\/11\/CarolinaHerrera212VipMen100ml.webp\" \/>\n\t<meta property=\"og:image:width\" content=\"1092\" \/>\n\t<meta property=\"og:image:height\" content=\"1092\" \/>\n\t<meta property=\"og:image:type\" content=\"image\/webp\" \/>\n<meta name=\"twitter:card\" content=\"summary_large_image\" \/>\n<script type=\"application\/ld+json\" class=\"yoast-schema-graph\">{\"@context\":\"https:\/\/schema.org\",\"@graph\":[{\"@type\":\"WebPage\",\"@id\":\"https:\/\/zaffirum.com\/product\/carolina-herrera-212-vip-eau-de-toilette-en-espray-para-hombre-3-4-onzas\/\",\"url\":\"https:\/\/zaffirum.com\/product\/carolina-herrera-212-vip-eau-de-toilette-en-espray-para-hombre-3-4-onzas\/\",\"name\":\"Carolina Herrera 212 VIP Eau de Toilette en espray para hombre, 3.4 onzas - Zaffirum | Parfums &amp; Luxury Watches\",\"isPartOf\":{\"@id\":\"https:\/\/zaffirum.com\/#website\"},\"primaryImageOfPage\":{\"@id\":\"https:\/\/zaffirum.com\/product\/carolina-herrera-212-vip-eau-de-toilette-en-espray-para-hombre-3-4-onzas\/#primaryimage\"},\"image\":{\"@id\":\"https:\/\/zaffirum.com\/product\/carolina-herrera-212-vip-eau-de-toilette-en-espray-para-hombre-3-4-onzas\/#primaryimage\"},\"thumbnailUrl\":\"https:\/\/zaffirum.com\/wp-content\/uploads\/2025\/11\/CarolinaHerrera212VipMen100ml.webp\",\"datePublished\":\"2025-11-11T02:46:51+00:00\",\"dateModified\":\"2026-01-23T18:12:18+00:00\",\"breadcrumb\":{\"@id\":\"https:\/\/zaffirum.com\/product\/carolina-herrera-212-vip-eau-de-toilette-en-espray-para-hombre-3-4-onzas\/#breadcrumb\"},\"inLanguage\":\"es\",\"potentialAction\":[{\"@type\":\"ReadAction\",\"target\":[\"https:\/\/zaffirum.com\/product\/carolina-herrera-212-vip-eau-de-toilette-en-espray-para-hombre-3-4-onzas\/\"]}]},{\"@type\":\"ImageObject\",\"inLanguage\":\"es\",\"@id\":\"https:\/\/zaffirum.com\/product\/carolina-herrera-212-vip-eau-de-toilette-en-espray-para-hombre-3-4-onzas\/#primaryimage\",\"url\":\"https:\/\/zaffirum.com\/wp-content\/uploads\/2025\/11\/CarolinaHerrera212VipMen100ml.webp\",\"contentUrl\":\"https:\/\/zaffirum.com\/wp-content\/uploads\/2025\/11\/CarolinaHerrera212VipMen100ml.webp\",\"width\":1092,\"height\":1092},{\"@type\":\"BreadcrumbList\",\"@id\":\"https:\/\/zaffirum.com\/product\/carolina-herrera-212-vip-eau-de-toilette-en-espray-para-hombre-3-4-onzas\/#breadcrumb\",\"itemListElement\":[{\"@type\":\"ListItem\",\"position\":1,\"name\":\"Portada\",\"item\":\"https:\/\/zaffirum.com\/\"},{\"@type\":\"ListItem\",\"position\":2,\"name\":\"Tienda\",\"item\":\"https:\/\/zaffirum.com\/tienda\/\"},{\"@type\":\"ListItem\",\"position\":3,\"name\":\"Carolina Herrera 212 VIP Eau de Toilette en espray para hombre, 3.4 onzas\"}]},{\"@type\":\"WebSite\",\"@id\":\"https:\/\/zaffirum.com\/#website\",\"url\":\"https:\/\/zaffirum.com\/\",\"name\":\"Zaffirum | Parfums &amp; Luxury Watches\",\"description\":\"\",\"publisher\":{\"@id\":\"https:\/\/zaffirum.com\/#organization\"},\"potentialAction\":[{\"@type\":\"SearchAction\",\"target\":{\"@type\":\"EntryPoint\",\"urlTemplate\":\"https:\/\/zaffirum.com\/?s={search_term_string}\"},\"query-input\":{\"@type\":\"PropertyValueSpecification\",\"valueRequired\":true,\"valueName\":\"search_term_string\"}}],\"inLanguage\":\"es\"},{\"@type\":\"Organization\",\"@id\":\"https:\/\/zaffirum.com\/#organization\",\"name\":\"Zaffirum | Parfums &amp; Luxury Watches\",\"url\":\"https:\/\/zaffirum.com\/\",\"logo\":{\"@type\":\"ImageObject\",\"inLanguage\":\"es\",\"@id\":\"https:\/\/zaffirum.com\/#\/schema\/logo\/image\/\",\"url\":\"https:\/\/zaffirum.com\/wp-content\/uploads\/2021\/02\/LOGO-WEB-02.png\",\"contentUrl\":\"https:\/\/zaffirum.com\/wp-content\/uploads\/2021\/02\/LOGO-WEB-02.png\",\"width\":328,\"height\":182,\"caption\":\"Zaffirum |  Parfums &amp; Luxury Watches\"},\"image\":{\"@id\":\"https:\/\/zaffirum.com\/#\/schema\/logo\/image\/\"}}]}<\/script>\n<!-- \/ Yoast SEO Premium plugin. -->","yoast_head_json":{"title":"Carolina Herrera 212 VIP Eau de Toilette en espray para hombre, 3.4 onzas - Zaffirum | Parfums &amp; Luxury Watches","robots":{"index":"index","follow":"follow","max-snippet":"max-snippet:-1","max-image-preview":"max-image-preview:large","max-video-preview":"max-video-preview:-1"},"canonical":"https:\/\/zaffirum.com\/es\/product\/carolina-herrera-212-vip-eau-de-toilette-en-espray-para-hombre-3-4-onzas\/","og_locale":"es_MX","og_type":"article","og_title":"Carolina Herrera 212 VIP Eau de Toilette en espray para hombre, 3.4 onzas","og_description":"Marca Carolina Herrera   Forma del producto Spray   Volumen del art\u00edculo 100 Mililitros   Fragancia Ginebra y Vodka   Caracter\u00edsticas especiales Port\u00e1til","og_url":"https:\/\/zaffirum.com\/es\/product\/carolina-herrera-212-vip-eau-de-toilette-en-espray-para-hombre-3-4-onzas\/","og_site_name":"Zaffirum | Parfums &amp; Luxury Watches","article_modified_time":"2026-01-23T18:12:18+00:00","og_image":[{"width":1092,"height":1092,"url":"https:\/\/zaffirum.com\/wp-content\/uploads\/2025\/11\/CarolinaHerrera212VipMen100ml.webp","type":"image\/webp"}],"twitter_card":"summary_large_image","schema":{"@context":"https:\/\/schema.org","@graph":[{"@type":"WebPage","@id":"https:\/\/zaffirum.com\/product\/carolina-herrera-212-vip-eau-de-toilette-en-espray-para-hombre-3-4-onzas\/","url":"https:\/\/zaffirum.com\/product\/carolina-herrera-212-vip-eau-de-toilette-en-espray-para-hombre-3-4-onzas\/","name":"Carolina Herrera 212 VIP Eau de Toilette en espray para hombre, 3.4 onzas - Zaffirum | Parfums &amp; Luxury Watches","isPartOf":{"@id":"https:\/\/zaffirum.com\/#website"},"primaryImageOfPage":{"@id":"https:\/\/zaffirum.com\/product\/carolina-herrera-212-vip-eau-de-toilette-en-espray-para-hombre-3-4-onzas\/#primaryimage"},"image":{"@id":"https:\/\/zaffirum.com\/product\/carolina-herrera-212-vip-eau-de-toilette-en-espray-para-hombre-3-4-onzas\/#primaryimage"},"thumbnailUrl":"https:\/\/zaffirum.com\/wp-content\/uploads\/2025\/11\/CarolinaHerrera212VipMen100ml.webp","datePublished":"2025-11-11T02:46:51+00:00","dateModified":"2026-01-23T18:12:18+00:00","breadcrumb":{"@id":"https:\/\/zaffirum.com\/product\/carolina-herrera-212-vip-eau-de-toilette-en-espray-para-hombre-3-4-onzas\/#breadcrumb"},"inLanguage":"es","potentialAction":[{"@type":"ReadAction","target":["https:\/\/zaffirum.com\/product\/carolina-herrera-212-vip-eau-de-toilette-en-espray-para-hombre-3-4-onzas\/"]}]},{"@type":"ImageObject","inLanguage":"es","@id":"https:\/\/zaffirum.com\/product\/carolina-herrera-212-vip-eau-de-toilette-en-espray-para-hombre-3-4-onzas\/#primaryimage","url":"https:\/\/zaffirum.com\/wp-content\/uploads\/2025\/11\/CarolinaHerrera212VipMen100ml.webp","contentUrl":"https:\/\/zaffirum.com\/wp-content\/uploads\/2025\/11\/CarolinaHerrera212VipMen100ml.webp","width":1092,"height":1092},{"@type":"BreadcrumbList","@id":"https:\/\/zaffirum.com\/product\/carolina-herrera-212-vip-eau-de-toilette-en-espray-para-hombre-3-4-onzas\/#breadcrumb","itemListElement":[{"@type":"ListItem","position":1,"name":"Portada","item":"https:\/\/zaffirum.com\/"},{"@type":"ListItem","position":2,"name":"Tienda","item":"https:\/\/zaffirum.com\/tienda\/"},{"@type":"ListItem","position":3,"name":"Carolina Herrera 212 VIP Eau de Toilette en espray para hombre, 3.4 onzas"}]},{"@type":"WebSite","@id":"https:\/\/zaffirum.com\/#website","url":"https:\/\/zaffirum.com\/","name":"Zaffirum | Parfums &amp; Luxury Watches","description":"","publisher":{"@id":"https:\/\/zaffirum.com\/#organization"},"potentialAction":[{"@type":"SearchAction","target":{"@type":"EntryPoint","urlTemplate":"https:\/\/zaffirum.com\/?s={search_term_string}"},"query-input":{"@type":"PropertyValueSpecification","valueRequired":true,"valueName":"search_term_string"}}],"inLanguage":"es"},{"@type":"Organization","@id":"https:\/\/zaffirum.com\/#organization","name":"Zaffirum | Parfums &amp; Luxury Watches","url":"https:\/\/zaffirum.com\/","logo":{"@type":"ImageObject","inLanguage":"es","@id":"https:\/\/zaffirum.com\/#\/schema\/logo\/image\/","url":"https:\/\/zaffirum.com\/wp-content\/uploads\/2021\/02\/LOGO-WEB-02.png","contentUrl":"https:\/\/zaffirum.com\/wp-content\/uploads\/2021\/02\/LOGO-WEB-02.png","width":328,"height":182,"caption":"Zaffirum |  Parfums &amp; Luxury Watches"},"image":{"@id":"https:\/\/zaffirum.com\/#\/schema\/logo\/image\/"}}]}},"_links":{"self":[{"href":"https:\/\/zaffirum.com\/es\/wp-json\/wp\/v2\/product\/14305","targetHints":{"allow":["GET"]}}],"collection":[{"href":"https:\/\/zaffirum.com\/es\/wp-json\/wp\/v2\/product"}],"about":[{"href":"https:\/\/zaffirum.com\/es\/wp-json\/wp\/v2\/types\/product"}],"version-history":[{"count":1,"href":"https:\/\/zaffirum.com\/es\/wp-json\/wp\/v2\/product\/14305\/revisions"}],"predecessor-version":[{"id":14319,"href":"https:\/\/zaffirum.com\/es\/wp-json\/wp\/v2\/product\/14305\/revisions\/14319"}],"wp:featuredmedia":[{"embeddable":true,"href":"https:\/\/zaffirum.com\/es\/wp-json\/wp\/v2\/media\/13767"}],"wp:attachment":[{"href":"https:\/\/zaffirum.com\/es\/wp-json\/wp\/v2\/media?parent=14305"}],"wp:term":[{"taxonomy":"product_brand","embeddable":true,"href":"https:\/\/zaffirum.com\/es\/wp-json\/wp\/v2\/product_brand?post=14305"},{"taxonomy":"product_cat","embeddable":true,"href":"https:\/\/zaffirum.com\/es\/wp-json\/wp\/v2\/product_cat?post=14305"},{"taxonomy":"product_tag","embeddable":true,"href":"https:\/\/zaffirum.com\/es\/wp-json\/wp\/v2\/product_tag?post=14305"}],"curies":[{"name":"wp","href":"https:\/\/api.w.org\/{rel}","templated":true}]}}