{"id":14748,"date":"2026-01-12T17:04:35","date_gmt":"2026-01-12T22:04:35","guid":{"rendered":"https:\/\/zaffirum.com\/?post_type=product&#038;p=14748"},"modified":"2026-01-12T18:38:45","modified_gmt":"2026-01-12T23:38:45","slug":"rolex-panda-daytona-116500ln","status":"publish","type":"product","link":"https:\/\/zaffirum.com\/es\/product\/rolex-panda-daytona-116500ln\/","title":{"rendered":"ROLEX PANDA DAYTONA 116500LN"},"content":{"rendered":"","protected":false},"excerpt":{"rendered":"<p>Caracter\u00edsticas que lo hacen irresistible:<\/p>\n<ul>\n<li>El Rolex Daytona 116500LN \u00abPanda\u00bb es uno de los<br \/>\ncron\u00f3grafos m\u00e1s buscados, ya que combina acero<br \/>\ninoxidable 904L con una llamativa esfera lacada en<br \/>\nblanco y subesferas negras.<\/li>\n<li>Movimiento Autom\u00e1tico de Precisi\u00f3n: Tecnolog\u00eda<br \/>\njaponesa Miyota que garantiza exactitud y<br \/>\nconfiabilidad en cada momento.<\/li>\n<li>Contadores acaracolados negros, movimiento<br \/>\nautom\u00e1tico con segundero central de cron\u00f3grafo,<br \/>\ncontador de 30 minutos a las 3 y contador de 12<br \/>\nhoras a las 9, aproximadamente 72 horas de reserva<br \/>\nde marcha, brazalete Oyster de acero inoxidable<br \/>\n904L con eslabones macizos, cierre desplegable<br \/>\nOysterlock con extensi\u00f3n Easylink de 5 mm.<\/li>\n<li>Resistencia y Durabilidad: Construido en acero<br \/>\ninoxidable 904L, igual al original, con cristal de zafiro<br \/>\nque lo protege contra ara\u00f1azos y golpes.<br \/>\n\u00a1Por qu\u00e9 lo necesitas ahora mismo!<br \/>\nEste reloj no es solo un accesorio, es el reflejo de tu<br \/>\n\u00e9xito, tu buen gusto y tu ambici\u00f3n. Perfecto para cerrar<br \/>\nnegocios, brillar en eventos exclusivos o simplemente<br \/>\ndestacar donde quiera que vayas.<\/li>\n<\/ul>","protected":false},"featured_media":14749,"template":"","meta":[],"product_brand":[],"product_cat":[126,128],"product_tag":[],"class_list":{"0":"post-14748","1":"product","2":"type-product","3":"status-publish","4":"has-post-thumbnail","6":"product_cat-relojes","7":"product_cat-relojes-de-lujo","9":"first","10":"instock","11":"taxable","12":"shipping-taxable","13":"purchasable","14":"product-type-simple"},"yoast_head":"<!-- This site is optimized with the Yoast SEO Premium plugin v26.4 (Yoast SEO v26.8) - https:\/\/yoast.com\/product\/yoast-seo-premium-wordpress\/ -->\n<title>Zaffirum | Parfums &amp; Luxury Watches<\/title>\n<meta name=\"robots\" content=\"index, follow, max-snippet:-1, max-image-preview:large, max-video-preview:-1\" \/>\n<link rel=\"canonical\" href=\"https:\/\/zaffirum.com\/es\/product\/rolex-panda-daytona-116500ln\/\" \/>\n<meta property=\"og:locale\" content=\"es_MX\" \/>\n<meta property=\"og:type\" content=\"article\" \/>\n<meta property=\"og:title\" content=\"ROLEX PANDA DAYTONA 116500LN\" \/>\n<meta property=\"og:description\" content=\"Caracter\u00edsticas que lo hacen irresistible:   El Rolex Daytona 116500LN &quot;Panda&quot; es uno de los cron\u00f3grafos m\u00e1s buscados, ya que combina acero inoxidable 904L con una llamativa esfera lacada en blanco y subesferas negras.  Movimiento Autom\u00e1tico de Precisi\u00f3n: Tecnolog\u00eda japonesa Miyota que garantiza exactitud y confiabilidad en cada momento.  Contadores acaracolados negros, movimiento autom\u00e1tico con segundero central de cron\u00f3grafo, contador de 30 minutos a las 3 y contador de 12 horas a las 9, aproximadamente 72 horas de reserva de marcha, brazalete Oyster de acero inoxidable 904L con eslabones macizos, cierre desplegable Oysterlock con extensi\u00f3n Easylink de 5 mm.  Resistencia y Durabilidad: Construido en acero inoxidable 904L, igual al original, con cristal de zafiro que lo protege contra ara\u00f1azos y golpes. \u00a1Por qu\u00e9 lo necesitas ahora mismo! Este reloj no es solo un accesorio, es el reflejo de tu \u00e9xito, tu buen gusto y tu ambici\u00f3n. Perfecto para cerrar negocios, brillar en eventos exclusivos o simplemente destacar donde quiera que vayas.\" \/>\n<meta property=\"og:url\" content=\"https:\/\/zaffirum.com\/es\/product\/rolex-panda-daytona-116500ln\/\" \/>\n<meta property=\"og:site_name\" content=\"Zaffirum | Parfums &amp; Luxury Watches\" \/>\n<meta property=\"article:modified_time\" content=\"2026-01-12T23:38:45+00:00\" \/>\n<meta property=\"og:image\" content=\"https:\/\/zaffirum.com\/wp-content\/uploads\/2026\/01\/DAYTONA.png\" \/>\n\t<meta property=\"og:image:width\" content=\"1000\" \/>\n\t<meta property=\"og:image:height\" content=\"1000\" \/>\n\t<meta property=\"og:image:type\" content=\"image\/png\" \/>\n<meta name=\"twitter:card\" content=\"summary_large_image\" \/>\n<meta name=\"twitter:label1\" content=\"Tiempo de lectura\" \/>\n\t<meta name=\"twitter:data1\" content=\"1 minuto\" \/>\n<script type=\"application\/ld+json\" class=\"yoast-schema-graph\">{\"@context\":\"https:\/\/schema.org\",\"@graph\":[{\"@type\":\"WebPage\",\"@id\":\"https:\/\/zaffirum.com\/product\/rolex-panda-daytona-116500ln\/\",\"url\":\"https:\/\/zaffirum.com\/product\/rolex-panda-daytona-116500ln\/\",\"name\":\"Zaffirum | Parfums &amp; Luxury Watches\",\"isPartOf\":{\"@id\":\"https:\/\/zaffirum.com\/#website\"},\"primaryImageOfPage\":{\"@id\":\"https:\/\/zaffirum.com\/product\/rolex-panda-daytona-116500ln\/#primaryimage\"},\"image\":{\"@id\":\"https:\/\/zaffirum.com\/product\/rolex-panda-daytona-116500ln\/#primaryimage\"},\"thumbnailUrl\":\"https:\/\/zaffirum.com\/wp-content\/uploads\/2026\/01\/DAYTONA.png\",\"datePublished\":\"2026-01-12T22:04:35+00:00\",\"dateModified\":\"2026-01-12T23:38:45+00:00\",\"breadcrumb\":{\"@id\":\"https:\/\/zaffirum.com\/product\/rolex-panda-daytona-116500ln\/#breadcrumb\"},\"inLanguage\":\"es\",\"potentialAction\":[{\"@type\":\"ReadAction\",\"target\":[\"https:\/\/zaffirum.com\/product\/rolex-panda-daytona-116500ln\/\"]}]},{\"@type\":\"ImageObject\",\"inLanguage\":\"es\",\"@id\":\"https:\/\/zaffirum.com\/product\/rolex-panda-daytona-116500ln\/#primaryimage\",\"url\":\"https:\/\/zaffirum.com\/wp-content\/uploads\/2026\/01\/DAYTONA.png\",\"contentUrl\":\"https:\/\/zaffirum.com\/wp-content\/uploads\/2026\/01\/DAYTONA.png\",\"width\":1000,\"height\":1000},{\"@type\":\"BreadcrumbList\",\"@id\":\"https:\/\/zaffirum.com\/product\/rolex-panda-daytona-116500ln\/#breadcrumb\",\"itemListElement\":[{\"@type\":\"ListItem\",\"position\":1,\"name\":\"Portada\",\"item\":\"https:\/\/zaffirum.com\/\"},{\"@type\":\"ListItem\",\"position\":2,\"name\":\"Tienda\",\"item\":\"https:\/\/zaffirum.com\/tienda\/\"},{\"@type\":\"ListItem\",\"position\":3,\"name\":\"ROLEX PANDA DAYTONA 116500LN\"}]},{\"@type\":\"WebSite\",\"@id\":\"https:\/\/zaffirum.com\/#website\",\"url\":\"https:\/\/zaffirum.com\/\",\"name\":\"Zaffirum | Parfums &amp; Luxury Watches\",\"description\":\"\",\"publisher\":{\"@id\":\"https:\/\/zaffirum.com\/#organization\"},\"potentialAction\":[{\"@type\":\"SearchAction\",\"target\":{\"@type\":\"EntryPoint\",\"urlTemplate\":\"https:\/\/zaffirum.com\/?s={search_term_string}\"},\"query-input\":{\"@type\":\"PropertyValueSpecification\",\"valueRequired\":true,\"valueName\":\"search_term_string\"}}],\"inLanguage\":\"es\"},{\"@type\":\"Organization\",\"@id\":\"https:\/\/zaffirum.com\/#organization\",\"name\":\"Zaffirum | Parfums &amp; Luxury Watches\",\"url\":\"https:\/\/zaffirum.com\/\",\"logo\":{\"@type\":\"ImageObject\",\"inLanguage\":\"es\",\"@id\":\"https:\/\/zaffirum.com\/#\/schema\/logo\/image\/\",\"url\":\"https:\/\/zaffirum.com\/wp-content\/uploads\/2021\/02\/LOGO-WEB-02.png\",\"contentUrl\":\"https:\/\/zaffirum.com\/wp-content\/uploads\/2021\/02\/LOGO-WEB-02.png\",\"width\":328,\"height\":182,\"caption\":\"Zaffirum |  Parfums &amp; Luxury Watches\"},\"image\":{\"@id\":\"https:\/\/zaffirum.com\/#\/schema\/logo\/image\/\"}}]}<\/script>\n<!-- \/ Yoast SEO Premium plugin. -->","yoast_head_json":{"title":"Zaffirum | Parfums &amp; Luxury Watches","robots":{"index":"index","follow":"follow","max-snippet":"max-snippet:-1","max-image-preview":"max-image-preview:large","max-video-preview":"max-video-preview:-1"},"canonical":"https:\/\/zaffirum.com\/es\/product\/rolex-panda-daytona-116500ln\/","og_locale":"es_MX","og_type":"article","og_title":"ROLEX PANDA DAYTONA 116500LN","og_description":"Caracter\u00edsticas que lo hacen irresistible:   El Rolex Daytona 116500LN \"Panda\" es uno de los cron\u00f3grafos m\u00e1s buscados, ya que combina acero inoxidable 904L con una llamativa esfera lacada en blanco y subesferas negras.  Movimiento Autom\u00e1tico de Precisi\u00f3n: Tecnolog\u00eda japonesa Miyota que garantiza exactitud y confiabilidad en cada momento.  Contadores acaracolados negros, movimiento autom\u00e1tico con segundero central de cron\u00f3grafo, contador de 30 minutos a las 3 y contador de 12 horas a las 9, aproximadamente 72 horas de reserva de marcha, brazalete Oyster de acero inoxidable 904L con eslabones macizos, cierre desplegable Oysterlock con extensi\u00f3n Easylink de 5 mm.  Resistencia y Durabilidad: Construido en acero inoxidable 904L, igual al original, con cristal de zafiro que lo protege contra ara\u00f1azos y golpes. \u00a1Por qu\u00e9 lo necesitas ahora mismo! Este reloj no es solo un accesorio, es el reflejo de tu \u00e9xito, tu buen gusto y tu ambici\u00f3n. Perfecto para cerrar negocios, brillar en eventos exclusivos o simplemente destacar donde quiera que vayas.","og_url":"https:\/\/zaffirum.com\/es\/product\/rolex-panda-daytona-116500ln\/","og_site_name":"Zaffirum | Parfums &amp; Luxury Watches","article_modified_time":"2026-01-12T23:38:45+00:00","og_image":[{"width":1000,"height":1000,"url":"https:\/\/zaffirum.com\/wp-content\/uploads\/2026\/01\/DAYTONA.png","type":"image\/png"}],"twitter_card":"summary_large_image","twitter_misc":{"Tiempo de lectura":"1 minuto"},"schema":{"@context":"https:\/\/schema.org","@graph":[{"@type":"WebPage","@id":"https:\/\/zaffirum.com\/product\/rolex-panda-daytona-116500ln\/","url":"https:\/\/zaffirum.com\/product\/rolex-panda-daytona-116500ln\/","name":"Zaffirum | Parfums &amp; Luxury Watches","isPartOf":{"@id":"https:\/\/zaffirum.com\/#website"},"primaryImageOfPage":{"@id":"https:\/\/zaffirum.com\/product\/rolex-panda-daytona-116500ln\/#primaryimage"},"image":{"@id":"https:\/\/zaffirum.com\/product\/rolex-panda-daytona-116500ln\/#primaryimage"},"thumbnailUrl":"https:\/\/zaffirum.com\/wp-content\/uploads\/2026\/01\/DAYTONA.png","datePublished":"2026-01-12T22:04:35+00:00","dateModified":"2026-01-12T23:38:45+00:00","breadcrumb":{"@id":"https:\/\/zaffirum.com\/product\/rolex-panda-daytona-116500ln\/#breadcrumb"},"inLanguage":"es","potentialAction":[{"@type":"ReadAction","target":["https:\/\/zaffirum.com\/product\/rolex-panda-daytona-116500ln\/"]}]},{"@type":"ImageObject","inLanguage":"es","@id":"https:\/\/zaffirum.com\/product\/rolex-panda-daytona-116500ln\/#primaryimage","url":"https:\/\/zaffirum.com\/wp-content\/uploads\/2026\/01\/DAYTONA.png","contentUrl":"https:\/\/zaffirum.com\/wp-content\/uploads\/2026\/01\/DAYTONA.png","width":1000,"height":1000},{"@type":"BreadcrumbList","@id":"https:\/\/zaffirum.com\/product\/rolex-panda-daytona-116500ln\/#breadcrumb","itemListElement":[{"@type":"ListItem","position":1,"name":"Portada","item":"https:\/\/zaffirum.com\/"},{"@type":"ListItem","position":2,"name":"Tienda","item":"https:\/\/zaffirum.com\/tienda\/"},{"@type":"ListItem","position":3,"name":"ROLEX PANDA DAYTONA 116500LN"}]},{"@type":"WebSite","@id":"https:\/\/zaffirum.com\/#website","url":"https:\/\/zaffirum.com\/","name":"Zaffirum | Parfums &amp; Luxury Watches","description":"","publisher":{"@id":"https:\/\/zaffirum.com\/#organization"},"potentialAction":[{"@type":"SearchAction","target":{"@type":"EntryPoint","urlTemplate":"https:\/\/zaffirum.com\/?s={search_term_string}"},"query-input":{"@type":"PropertyValueSpecification","valueRequired":true,"valueName":"search_term_string"}}],"inLanguage":"es"},{"@type":"Organization","@id":"https:\/\/zaffirum.com\/#organization","name":"Zaffirum | Parfums &amp; Luxury Watches","url":"https:\/\/zaffirum.com\/","logo":{"@type":"ImageObject","inLanguage":"es","@id":"https:\/\/zaffirum.com\/#\/schema\/logo\/image\/","url":"https:\/\/zaffirum.com\/wp-content\/uploads\/2021\/02\/LOGO-WEB-02.png","contentUrl":"https:\/\/zaffirum.com\/wp-content\/uploads\/2021\/02\/LOGO-WEB-02.png","width":328,"height":182,"caption":"Zaffirum |  Parfums &amp; Luxury Watches"},"image":{"@id":"https:\/\/zaffirum.com\/#\/schema\/logo\/image\/"}}]}},"_links":{"self":[{"href":"https:\/\/zaffirum.com\/es\/wp-json\/wp\/v2\/product\/14748","targetHints":{"allow":["GET"]}}],"collection":[{"href":"https:\/\/zaffirum.com\/es\/wp-json\/wp\/v2\/product"}],"about":[{"href":"https:\/\/zaffirum.com\/es\/wp-json\/wp\/v2\/types\/product"}],"version-history":[{"count":2,"href":"https:\/\/zaffirum.com\/es\/wp-json\/wp\/v2\/product\/14748\/revisions"}],"predecessor-version":[{"id":14752,"href":"https:\/\/zaffirum.com\/es\/wp-json\/wp\/v2\/product\/14748\/revisions\/14752"}],"wp:featuredmedia":[{"embeddable":true,"href":"https:\/\/zaffirum.com\/es\/wp-json\/wp\/v2\/media\/14749"}],"wp:attachment":[{"href":"https:\/\/zaffirum.com\/es\/wp-json\/wp\/v2\/media?parent=14748"}],"wp:term":[{"taxonomy":"product_brand","embeddable":true,"href":"https:\/\/zaffirum.com\/es\/wp-json\/wp\/v2\/product_brand?post=14748"},{"taxonomy":"product_cat","embeddable":true,"href":"https:\/\/zaffirum.com\/es\/wp-json\/wp\/v2\/product_cat?post=14748"},{"taxonomy":"product_tag","embeddable":true,"href":"https:\/\/zaffirum.com\/es\/wp-json\/wp\/v2\/product_tag?post=14748"}],"curies":[{"name":"wp","href":"https:\/\/api.w.org\/{rel}","templated":true}]}}