{"id":14758,"date":"2026-01-12T19:52:52","date_gmt":"2026-01-13T00:52:52","guid":{"rendered":"https:\/\/zaffirum.com\/?post_type=product&#038;p=14758"},"modified":"2026-01-23T12:47:28","modified_gmt":"2026-01-23T17:47:28","slug":"rolex-land-dweller-fondo-tiffany","status":"publish","type":"product","link":"https:\/\/zaffirum.com\/es\/product\/rolex-land-dweller-fondo-tiffany\/","title":{"rendered":"ROLEX LAND-DWELLER FONDO TIFFANY"},"content":{"rendered":"","protected":false},"excerpt":{"rendered":"<p>Eleva tu estilo con el cl\u00e1sico Rolex Oyster Perpetual<br \/>\nDatejust Land-Dweller. Un reloj que combina elegancia<br \/>\ny precisi\u00f3n, dise\u00f1ado para quienes buscan marcar la<br \/>\ndiferencia en cada detalle.<br \/>\n\u2705 Cristal de zafiro: m\u00e1xima resistencia a rayones y<br \/>\nclaridad impecable.<br \/>\n\u2705 Movimiento autom\u00e1tico: precisi\u00f3n japonesa y<br \/>\nenerg\u00eda constante con cada movimiento de tu mu\u00f1eca.<br \/>\n\u2705 Acero inoxidable 904L: el mismo grado utilizado en<br \/>\nla relojer\u00eda de alta gama, resistente y con un brillo<br \/>\nsuperior.<br \/>\n\u2705 Dise\u00f1o ic\u00f3nico: esfera con patr\u00f3n exclusivo y<br \/>\nacabado de lujo, disponible en blanco cl\u00e1sico \u2744\ufe0f y azul<br \/>\nhielo \u2744\ufe0f\ud83d\udc8e.<br \/>\n\u2705 Bisel estriado y brazalete tipo Jubilee: elegancia y<br \/>\ncomodidad en cada uso.<br \/>\nEste reloj no es solo un accesorio, es una declaraci\u00f3n<br \/>\nde poder, estilo y distinci\u00f3n. Ideal para ocasiones<br \/>\nformales, reuniones de negocios o para elevar tu look<br \/>\ndiario.<br \/>\n\ud83d\udd25 Haz tuyo este modelo exclusivo y deja que el tiempo<br \/>\njuegue a tu favor.<\/p>","protected":false},"featured_media":14760,"template":"","meta":[],"product_brand":[],"product_cat":[126,128],"product_tag":[],"class_list":{"0":"post-14758","1":"product","2":"type-product","3":"status-publish","4":"has-post-thumbnail","6":"product_cat-relojes","7":"product_cat-relojes-de-lujo","9":"first","10":"instock","11":"taxable","12":"shipping-taxable","13":"purchasable","14":"product-type-simple"},"yoast_head":"<!-- This site is optimized with the Yoast SEO Premium plugin v26.4 (Yoast SEO v26.8) - https:\/\/yoast.com\/product\/yoast-seo-premium-wordpress\/ -->\n<title>Zaffirum | Parfums &amp; Luxury Watches<\/title>\n<meta name=\"robots\" content=\"index, follow, max-snippet:-1, max-image-preview:large, max-video-preview:-1\" \/>\n<link rel=\"canonical\" href=\"https:\/\/zaffirum.com\/es\/product\/rolex-land-dweller-fondo-tiffany\/\" \/>\n<meta property=\"og:locale\" content=\"es_MX\" \/>\n<meta property=\"og:type\" content=\"article\" \/>\n<meta property=\"og:title\" content=\"ROLEX LAND-DWELLER FONDO TIFFANY\" \/>\n<meta property=\"og:description\" content=\"Eleva tu estilo con el cl\u00e1sico Rolex Oyster Perpetual Datejust Land-Dweller. Un reloj que combina elegancia y precisi\u00f3n, dise\u00f1ado para quienes buscan marcar la diferencia en cada detalle. \u2705 Cristal de zafiro: m\u00e1xima resistencia a rayones y claridad impecable. \u2705 Movimiento autom\u00e1tico: precisi\u00f3n japonesa y energ\u00eda constante con cada movimiento de tu mu\u00f1eca. \u2705 Acero inoxidable 904L: el mismo grado utilizado en la relojer\u00eda de alta gama, resistente y con un brillo superior. \u2705 Dise\u00f1o ic\u00f3nico: esfera con patr\u00f3n exclusivo y acabado de lujo, disponible en blanco cl\u00e1sico \u2744\ufe0f y azul hielo \u2744\ufe0f\ud83d\udc8e. \u2705 Bisel estriado y brazalete tipo Jubilee: elegancia y comodidad en cada uso. Este reloj no es solo un accesorio, es una declaraci\u00f3n de poder, estilo y distinci\u00f3n. Ideal para ocasiones formales, reuniones de negocios o para elevar tu look diario. \ud83d\udd25 Haz tuyo este modelo exclusivo y deja que el tiempo juegue a tu favor.\" \/>\n<meta property=\"og:url\" content=\"https:\/\/zaffirum.com\/es\/product\/rolex-land-dweller-fondo-tiffany\/\" \/>\n<meta property=\"og:site_name\" content=\"Zaffirum | Parfums &amp; Luxury Watches\" \/>\n<meta property=\"article:modified_time\" content=\"2026-01-23T17:47:28+00:00\" \/>\n<meta property=\"og:image\" content=\"https:\/\/zaffirum.com\/wp-content\/uploads\/2026\/01\/TIFFANY.png\" \/>\n\t<meta property=\"og:image:width\" content=\"512\" \/>\n\t<meta property=\"og:image:height\" content=\"512\" \/>\n\t<meta property=\"og:image:type\" content=\"image\/png\" \/>\n<meta name=\"twitter:card\" content=\"summary_large_image\" \/>\n<meta name=\"twitter:label1\" content=\"Tiempo de lectura\" \/>\n\t<meta name=\"twitter:data1\" content=\"1 minuto\" \/>\n<script type=\"application\/ld+json\" class=\"yoast-schema-graph\">{\"@context\":\"https:\/\/schema.org\",\"@graph\":[{\"@type\":\"WebPage\",\"@id\":\"https:\/\/zaffirum.com\/product\/rolex-land-dweller-fondo-tiffany\/\",\"url\":\"https:\/\/zaffirum.com\/product\/rolex-land-dweller-fondo-tiffany\/\",\"name\":\"Zaffirum | Parfums &amp; Luxury Watches\",\"isPartOf\":{\"@id\":\"https:\/\/zaffirum.com\/#website\"},\"primaryImageOfPage\":{\"@id\":\"https:\/\/zaffirum.com\/product\/rolex-land-dweller-fondo-tiffany\/#primaryimage\"},\"image\":{\"@id\":\"https:\/\/zaffirum.com\/product\/rolex-land-dweller-fondo-tiffany\/#primaryimage\"},\"thumbnailUrl\":\"https:\/\/zaffirum.com\/wp-content\/uploads\/2026\/01\/TIFFANY.png\",\"datePublished\":\"2026-01-13T00:52:52+00:00\",\"dateModified\":\"2026-01-23T17:47:28+00:00\",\"breadcrumb\":{\"@id\":\"https:\/\/zaffirum.com\/product\/rolex-land-dweller-fondo-tiffany\/#breadcrumb\"},\"inLanguage\":\"es\",\"potentialAction\":[{\"@type\":\"ReadAction\",\"target\":[\"https:\/\/zaffirum.com\/product\/rolex-land-dweller-fondo-tiffany\/\"]}]},{\"@type\":\"ImageObject\",\"inLanguage\":\"es\",\"@id\":\"https:\/\/zaffirum.com\/product\/rolex-land-dweller-fondo-tiffany\/#primaryimage\",\"url\":\"https:\/\/zaffirum.com\/wp-content\/uploads\/2026\/01\/TIFFANY.png\",\"contentUrl\":\"https:\/\/zaffirum.com\/wp-content\/uploads\/2026\/01\/TIFFANY.png\",\"width\":512,\"height\":512},{\"@type\":\"BreadcrumbList\",\"@id\":\"https:\/\/zaffirum.com\/product\/rolex-land-dweller-fondo-tiffany\/#breadcrumb\",\"itemListElement\":[{\"@type\":\"ListItem\",\"position\":1,\"name\":\"Portada\",\"item\":\"https:\/\/zaffirum.com\/\"},{\"@type\":\"ListItem\",\"position\":2,\"name\":\"Tienda\",\"item\":\"https:\/\/zaffirum.com\/tienda\/\"},{\"@type\":\"ListItem\",\"position\":3,\"name\":\"ROLEX LAND-DWELLER FONDO TIFFANY\"}]},{\"@type\":\"WebSite\",\"@id\":\"https:\/\/zaffirum.com\/#website\",\"url\":\"https:\/\/zaffirum.com\/\",\"name\":\"Zaffirum | Parfums &amp; Luxury Watches\",\"description\":\"\",\"publisher\":{\"@id\":\"https:\/\/zaffirum.com\/#organization\"},\"potentialAction\":[{\"@type\":\"SearchAction\",\"target\":{\"@type\":\"EntryPoint\",\"urlTemplate\":\"https:\/\/zaffirum.com\/?s={search_term_string}\"},\"query-input\":{\"@type\":\"PropertyValueSpecification\",\"valueRequired\":true,\"valueName\":\"search_term_string\"}}],\"inLanguage\":\"es\"},{\"@type\":\"Organization\",\"@id\":\"https:\/\/zaffirum.com\/#organization\",\"name\":\"Zaffirum | Parfums &amp; Luxury Watches\",\"url\":\"https:\/\/zaffirum.com\/\",\"logo\":{\"@type\":\"ImageObject\",\"inLanguage\":\"es\",\"@id\":\"https:\/\/zaffirum.com\/#\/schema\/logo\/image\/\",\"url\":\"https:\/\/zaffirum.com\/wp-content\/uploads\/2021\/02\/LOGO-WEB-02.png\",\"contentUrl\":\"https:\/\/zaffirum.com\/wp-content\/uploads\/2021\/02\/LOGO-WEB-02.png\",\"width\":328,\"height\":182,\"caption\":\"Zaffirum |  Parfums &amp; Luxury Watches\"},\"image\":{\"@id\":\"https:\/\/zaffirum.com\/#\/schema\/logo\/image\/\"}}]}<\/script>\n<!-- \/ Yoast SEO Premium plugin. -->","yoast_head_json":{"title":"Zaffirum | Parfums &amp; Luxury Watches","robots":{"index":"index","follow":"follow","max-snippet":"max-snippet:-1","max-image-preview":"max-image-preview:large","max-video-preview":"max-video-preview:-1"},"canonical":"https:\/\/zaffirum.com\/es\/product\/rolex-land-dweller-fondo-tiffany\/","og_locale":"es_MX","og_type":"article","og_title":"ROLEX LAND-DWELLER FONDO TIFFANY","og_description":"Eleva tu estilo con el cl\u00e1sico Rolex Oyster Perpetual Datejust Land-Dweller. Un reloj que combina elegancia y precisi\u00f3n, dise\u00f1ado para quienes buscan marcar la diferencia en cada detalle. \u2705 Cristal de zafiro: m\u00e1xima resistencia a rayones y claridad impecable. \u2705 Movimiento autom\u00e1tico: precisi\u00f3n japonesa y energ\u00eda constante con cada movimiento de tu mu\u00f1eca. \u2705 Acero inoxidable 904L: el mismo grado utilizado en la relojer\u00eda de alta gama, resistente y con un brillo superior. \u2705 Dise\u00f1o ic\u00f3nico: esfera con patr\u00f3n exclusivo y acabado de lujo, disponible en blanco cl\u00e1sico \u2744\ufe0f y azul hielo \u2744\ufe0f\ud83d\udc8e. \u2705 Bisel estriado y brazalete tipo Jubilee: elegancia y comodidad en cada uso. Este reloj no es solo un accesorio, es una declaraci\u00f3n de poder, estilo y distinci\u00f3n. Ideal para ocasiones formales, reuniones de negocios o para elevar tu look diario. \ud83d\udd25 Haz tuyo este modelo exclusivo y deja que el tiempo juegue a tu favor.","og_url":"https:\/\/zaffirum.com\/es\/product\/rolex-land-dweller-fondo-tiffany\/","og_site_name":"Zaffirum | Parfums &amp; Luxury Watches","article_modified_time":"2026-01-23T17:47:28+00:00","og_image":[{"width":512,"height":512,"url":"https:\/\/zaffirum.com\/wp-content\/uploads\/2026\/01\/TIFFANY.png","type":"image\/png"}],"twitter_card":"summary_large_image","twitter_misc":{"Tiempo de lectura":"1 minuto"},"schema":{"@context":"https:\/\/schema.org","@graph":[{"@type":"WebPage","@id":"https:\/\/zaffirum.com\/product\/rolex-land-dweller-fondo-tiffany\/","url":"https:\/\/zaffirum.com\/product\/rolex-land-dweller-fondo-tiffany\/","name":"Zaffirum | Parfums &amp; Luxury Watches","isPartOf":{"@id":"https:\/\/zaffirum.com\/#website"},"primaryImageOfPage":{"@id":"https:\/\/zaffirum.com\/product\/rolex-land-dweller-fondo-tiffany\/#primaryimage"},"image":{"@id":"https:\/\/zaffirum.com\/product\/rolex-land-dweller-fondo-tiffany\/#primaryimage"},"thumbnailUrl":"https:\/\/zaffirum.com\/wp-content\/uploads\/2026\/01\/TIFFANY.png","datePublished":"2026-01-13T00:52:52+00:00","dateModified":"2026-01-23T17:47:28+00:00","breadcrumb":{"@id":"https:\/\/zaffirum.com\/product\/rolex-land-dweller-fondo-tiffany\/#breadcrumb"},"inLanguage":"es","potentialAction":[{"@type":"ReadAction","target":["https:\/\/zaffirum.com\/product\/rolex-land-dweller-fondo-tiffany\/"]}]},{"@type":"ImageObject","inLanguage":"es","@id":"https:\/\/zaffirum.com\/product\/rolex-land-dweller-fondo-tiffany\/#primaryimage","url":"https:\/\/zaffirum.com\/wp-content\/uploads\/2026\/01\/TIFFANY.png","contentUrl":"https:\/\/zaffirum.com\/wp-content\/uploads\/2026\/01\/TIFFANY.png","width":512,"height":512},{"@type":"BreadcrumbList","@id":"https:\/\/zaffirum.com\/product\/rolex-land-dweller-fondo-tiffany\/#breadcrumb","itemListElement":[{"@type":"ListItem","position":1,"name":"Portada","item":"https:\/\/zaffirum.com\/"},{"@type":"ListItem","position":2,"name":"Tienda","item":"https:\/\/zaffirum.com\/tienda\/"},{"@type":"ListItem","position":3,"name":"ROLEX LAND-DWELLER FONDO TIFFANY"}]},{"@type":"WebSite","@id":"https:\/\/zaffirum.com\/#website","url":"https:\/\/zaffirum.com\/","name":"Zaffirum | Parfums &amp; Luxury Watches","description":"","publisher":{"@id":"https:\/\/zaffirum.com\/#organization"},"potentialAction":[{"@type":"SearchAction","target":{"@type":"EntryPoint","urlTemplate":"https:\/\/zaffirum.com\/?s={search_term_string}"},"query-input":{"@type":"PropertyValueSpecification","valueRequired":true,"valueName":"search_term_string"}}],"inLanguage":"es"},{"@type":"Organization","@id":"https:\/\/zaffirum.com\/#organization","name":"Zaffirum | Parfums &amp; Luxury Watches","url":"https:\/\/zaffirum.com\/","logo":{"@type":"ImageObject","inLanguage":"es","@id":"https:\/\/zaffirum.com\/#\/schema\/logo\/image\/","url":"https:\/\/zaffirum.com\/wp-content\/uploads\/2021\/02\/LOGO-WEB-02.png","contentUrl":"https:\/\/zaffirum.com\/wp-content\/uploads\/2021\/02\/LOGO-WEB-02.png","width":328,"height":182,"caption":"Zaffirum |  Parfums &amp; Luxury Watches"},"image":{"@id":"https:\/\/zaffirum.com\/#\/schema\/logo\/image\/"}}]}},"_links":{"self":[{"href":"https:\/\/zaffirum.com\/es\/wp-json\/wp\/v2\/product\/14758","targetHints":{"allow":["GET"]}}],"collection":[{"href":"https:\/\/zaffirum.com\/es\/wp-json\/wp\/v2\/product"}],"about":[{"href":"https:\/\/zaffirum.com\/es\/wp-json\/wp\/v2\/types\/product"}],"version-history":[{"count":2,"href":"https:\/\/zaffirum.com\/es\/wp-json\/wp\/v2\/product\/14758\/revisions"}],"predecessor-version":[{"id":15128,"href":"https:\/\/zaffirum.com\/es\/wp-json\/wp\/v2\/product\/14758\/revisions\/15128"}],"wp:featuredmedia":[{"embeddable":true,"href":"https:\/\/zaffirum.com\/es\/wp-json\/wp\/v2\/media\/14760"}],"wp:attachment":[{"href":"https:\/\/zaffirum.com\/es\/wp-json\/wp\/v2\/media?parent=14758"}],"wp:term":[{"taxonomy":"product_brand","embeddable":true,"href":"https:\/\/zaffirum.com\/es\/wp-json\/wp\/v2\/product_brand?post=14758"},{"taxonomy":"product_cat","embeddable":true,"href":"https:\/\/zaffirum.com\/es\/wp-json\/wp\/v2\/product_cat?post=14758"},{"taxonomy":"product_tag","embeddable":true,"href":"https:\/\/zaffirum.com\/es\/wp-json\/wp\/v2\/product_tag?post=14758"}],"curies":[{"name":"wp","href":"https:\/\/api.w.org\/{rel}","templated":true}]}}