{"id":14771,"date":"2026-01-12T20:13:54","date_gmt":"2026-01-13T01:13:54","guid":{"rendered":"https:\/\/zaffirum.com\/?post_type=product&#038;p=14771"},"modified":"2026-01-23T13:16:27","modified_gmt":"2026-01-23T18:16:27","slug":"casino-tourbillon-jacob-co-super-clon-suizo","status":"publish","type":"product","link":"https:\/\/zaffirum.com\/es\/product\/casino-tourbillon-jacob-co-super-clon-suizo\/","title":{"rendered":"CASINO TOURBILLON JACOB &#038; CO. SUPER CLON SUIZO"},"content":{"rendered":"","protected":false},"excerpt":{"rendered":"<p>El Jacob &amp; Co. Casino Tourbillon rinde homenaje<br \/>\na los glamurosos casinos de la d\u00e9cada de 1960<br \/>\nen Montecarlo, Macao y Las Vegas. Inspirado<br \/>\nen la opulencia de la \u00e9poca, captura la<br \/>\nelegancia y la emoci\u00f3n de la cultura cl\u00e1sica de<br \/>\nlos casinos con una ruleta funcional \u00fanica en la<br \/>\nesfera, lo que lo convierte en una creaci\u00f3n<br \/>\n\u00fanica en el mundo de la alta relojer\u00eda.<br \/>\nEl Jacob &amp; Co. Casino Tourbillon es una<br \/>\ncautivadora fusi\u00f3n de alta relojer\u00eda y lujo l\u00fadico.<br \/>\nEste extraordinario reloj, alojado en una<br \/>\nsustancial caja de oro rosa de 44 mm, luce una<br \/>\nruleta en miniatura totalmente funcional en su<br \/>\nesfera, que lleva la emoci\u00f3n de Montecarlo a su<br \/>\nmu\u00f1eca. En el coraz\u00f3n de esta maravilla<br \/>\nrelojera se encuentra el movimiento autom\u00e1tico<br \/>\nsuizo super clone Jacob &amp; Co JCAM51 exacto<br \/>\n1:1 todas y cada una de las piezas de la<br \/>\nmaquinaria en el interior son iguales a las del<br \/>\nreloj original, movimiento preciso.<\/p>","protected":false},"featured_media":14772,"template":"","meta":[],"product_brand":[],"product_cat":[126,128],"product_tag":[],"class_list":{"0":"post-14771","1":"product","2":"type-product","3":"status-publish","4":"has-post-thumbnail","6":"product_cat-relojes","7":"product_cat-relojes-de-lujo","9":"first","10":"instock","11":"taxable","12":"shipping-taxable","13":"purchasable","14":"product-type-simple"},"yoast_head":"<!-- This site is optimized with the Yoast SEO Premium plugin v26.4 (Yoast SEO v26.8) - https:\/\/yoast.com\/product\/yoast-seo-premium-wordpress\/ -->\n<title>Zaffirum | Parfums &amp; Luxury Watches<\/title>\n<meta name=\"robots\" content=\"index, follow, max-snippet:-1, max-image-preview:large, max-video-preview:-1\" \/>\n<link rel=\"canonical\" href=\"https:\/\/zaffirum.com\/es\/product\/casino-tourbillon-jacob-co-super-clon-suizo\/\" \/>\n<meta property=\"og:locale\" content=\"es_MX\" \/>\n<meta property=\"og:type\" content=\"article\" \/>\n<meta property=\"og:title\" content=\"CASINO TOURBILLON JACOB &amp; CO. SUPER CLON SUIZO\" \/>\n<meta property=\"og:description\" content=\"El Jacob &amp; Co. Casino Tourbillon rinde homenaje a los glamurosos casinos de la d\u00e9cada de 1960 en Montecarlo, Macao y Las Vegas. Inspirado en la opulencia de la \u00e9poca, captura la elegancia y la emoci\u00f3n de la cultura cl\u00e1sica de los casinos con una ruleta funcional \u00fanica en la esfera, lo que lo convierte en una creaci\u00f3n \u00fanica en el mundo de la alta relojer\u00eda. El Jacob &amp; Co. Casino Tourbillon es una cautivadora fusi\u00f3n de alta relojer\u00eda y lujo l\u00fadico. Este extraordinario reloj, alojado en una sustancial caja de oro rosa de 44 mm, luce una ruleta en miniatura totalmente funcional en su esfera, que lleva la emoci\u00f3n de Montecarlo a su mu\u00f1eca. En el coraz\u00f3n de esta maravilla relojera se encuentra el movimiento autom\u00e1tico suizo super clone Jacob &amp; Co JCAM51 exacto 1:1 todas y cada una de las piezas de la maquinaria en el interior son iguales a las del reloj original, movimiento preciso.\" \/>\n<meta property=\"og:url\" content=\"https:\/\/zaffirum.com\/es\/product\/casino-tourbillon-jacob-co-super-clon-suizo\/\" \/>\n<meta property=\"og:site_name\" content=\"Zaffirum | Parfums &amp; Luxury Watches\" \/>\n<meta property=\"article:modified_time\" content=\"2026-01-23T18:16:27+00:00\" \/>\n<meta property=\"og:image\" content=\"https:\/\/zaffirum.com\/wp-content\/uploads\/2026\/01\/CASINO-TOURBILLON.png\" \/>\n\t<meta property=\"og:image:width\" content=\"512\" \/>\n\t<meta property=\"og:image:height\" content=\"512\" \/>\n\t<meta property=\"og:image:type\" content=\"image\/png\" \/>\n<meta name=\"twitter:card\" content=\"summary_large_image\" \/>\n<meta name=\"twitter:label1\" content=\"Tiempo de lectura\" \/>\n\t<meta name=\"twitter:data1\" content=\"1 minuto\" \/>\n<script type=\"application\/ld+json\" class=\"yoast-schema-graph\">{\"@context\":\"https:\/\/schema.org\",\"@graph\":[{\"@type\":\"WebPage\",\"@id\":\"https:\/\/zaffirum.com\/product\/casino-tourbillon-jacob-co-super-clon-suizo\/\",\"url\":\"https:\/\/zaffirum.com\/product\/casino-tourbillon-jacob-co-super-clon-suizo\/\",\"name\":\"Zaffirum | Parfums &amp; Luxury Watches\",\"isPartOf\":{\"@id\":\"https:\/\/zaffirum.com\/#website\"},\"primaryImageOfPage\":{\"@id\":\"https:\/\/zaffirum.com\/product\/casino-tourbillon-jacob-co-super-clon-suizo\/#primaryimage\"},\"image\":{\"@id\":\"https:\/\/zaffirum.com\/product\/casino-tourbillon-jacob-co-super-clon-suizo\/#primaryimage\"},\"thumbnailUrl\":\"https:\/\/zaffirum.com\/wp-content\/uploads\/2026\/01\/CASINO-TOURBILLON.png\",\"datePublished\":\"2026-01-13T01:13:54+00:00\",\"dateModified\":\"2026-01-23T18:16:27+00:00\",\"breadcrumb\":{\"@id\":\"https:\/\/zaffirum.com\/product\/casino-tourbillon-jacob-co-super-clon-suizo\/#breadcrumb\"},\"inLanguage\":\"es\",\"potentialAction\":[{\"@type\":\"ReadAction\",\"target\":[\"https:\/\/zaffirum.com\/product\/casino-tourbillon-jacob-co-super-clon-suizo\/\"]}]},{\"@type\":\"ImageObject\",\"inLanguage\":\"es\",\"@id\":\"https:\/\/zaffirum.com\/product\/casino-tourbillon-jacob-co-super-clon-suizo\/#primaryimage\",\"url\":\"https:\/\/zaffirum.com\/wp-content\/uploads\/2026\/01\/CASINO-TOURBILLON.png\",\"contentUrl\":\"https:\/\/zaffirum.com\/wp-content\/uploads\/2026\/01\/CASINO-TOURBILLON.png\",\"width\":512,\"height\":512},{\"@type\":\"BreadcrumbList\",\"@id\":\"https:\/\/zaffirum.com\/product\/casino-tourbillon-jacob-co-super-clon-suizo\/#breadcrumb\",\"itemListElement\":[{\"@type\":\"ListItem\",\"position\":1,\"name\":\"Portada\",\"item\":\"https:\/\/zaffirum.com\/\"},{\"@type\":\"ListItem\",\"position\":2,\"name\":\"Tienda\",\"item\":\"https:\/\/zaffirum.com\/tienda\/\"},{\"@type\":\"ListItem\",\"position\":3,\"name\":\"CASINO TOURBILLON JACOB &#038; CO. SUPER CLON SUIZO\"}]},{\"@type\":\"WebSite\",\"@id\":\"https:\/\/zaffirum.com\/#website\",\"url\":\"https:\/\/zaffirum.com\/\",\"name\":\"Zaffirum | Parfums &amp; Luxury Watches\",\"description\":\"\",\"publisher\":{\"@id\":\"https:\/\/zaffirum.com\/#organization\"},\"potentialAction\":[{\"@type\":\"SearchAction\",\"target\":{\"@type\":\"EntryPoint\",\"urlTemplate\":\"https:\/\/zaffirum.com\/?s={search_term_string}\"},\"query-input\":{\"@type\":\"PropertyValueSpecification\",\"valueRequired\":true,\"valueName\":\"search_term_string\"}}],\"inLanguage\":\"es\"},{\"@type\":\"Organization\",\"@id\":\"https:\/\/zaffirum.com\/#organization\",\"name\":\"Zaffirum | Parfums &amp; Luxury Watches\",\"url\":\"https:\/\/zaffirum.com\/\",\"logo\":{\"@type\":\"ImageObject\",\"inLanguage\":\"es\",\"@id\":\"https:\/\/zaffirum.com\/#\/schema\/logo\/image\/\",\"url\":\"https:\/\/zaffirum.com\/wp-content\/uploads\/2021\/02\/LOGO-WEB-02.png\",\"contentUrl\":\"https:\/\/zaffirum.com\/wp-content\/uploads\/2021\/02\/LOGO-WEB-02.png\",\"width\":328,\"height\":182,\"caption\":\"Zaffirum |  Parfums &amp; Luxury Watches\"},\"image\":{\"@id\":\"https:\/\/zaffirum.com\/#\/schema\/logo\/image\/\"}}]}<\/script>\n<!-- \/ Yoast SEO Premium plugin. -->","yoast_head_json":{"title":"Zaffirum | Parfums &amp; Luxury Watches","robots":{"index":"index","follow":"follow","max-snippet":"max-snippet:-1","max-image-preview":"max-image-preview:large","max-video-preview":"max-video-preview:-1"},"canonical":"https:\/\/zaffirum.com\/es\/product\/casino-tourbillon-jacob-co-super-clon-suizo\/","og_locale":"es_MX","og_type":"article","og_title":"CASINO TOURBILLON JACOB & CO. SUPER CLON SUIZO","og_description":"El Jacob &amp; Co. Casino Tourbillon rinde homenaje a los glamurosos casinos de la d\u00e9cada de 1960 en Montecarlo, Macao y Las Vegas. Inspirado en la opulencia de la \u00e9poca, captura la elegancia y la emoci\u00f3n de la cultura cl\u00e1sica de los casinos con una ruleta funcional \u00fanica en la esfera, lo que lo convierte en una creaci\u00f3n \u00fanica en el mundo de la alta relojer\u00eda. El Jacob &amp; Co. Casino Tourbillon es una cautivadora fusi\u00f3n de alta relojer\u00eda y lujo l\u00fadico. Este extraordinario reloj, alojado en una sustancial caja de oro rosa de 44 mm, luce una ruleta en miniatura totalmente funcional en su esfera, que lleva la emoci\u00f3n de Montecarlo a su mu\u00f1eca. En el coraz\u00f3n de esta maravilla relojera se encuentra el movimiento autom\u00e1tico suizo super clone Jacob &amp; Co JCAM51 exacto 1:1 todas y cada una de las piezas de la maquinaria en el interior son iguales a las del reloj original, movimiento preciso.","og_url":"https:\/\/zaffirum.com\/es\/product\/casino-tourbillon-jacob-co-super-clon-suizo\/","og_site_name":"Zaffirum | Parfums &amp; Luxury Watches","article_modified_time":"2026-01-23T18:16:27+00:00","og_image":[{"width":512,"height":512,"url":"https:\/\/zaffirum.com\/wp-content\/uploads\/2026\/01\/CASINO-TOURBILLON.png","type":"image\/png"}],"twitter_card":"summary_large_image","twitter_misc":{"Tiempo de lectura":"1 minuto"},"schema":{"@context":"https:\/\/schema.org","@graph":[{"@type":"WebPage","@id":"https:\/\/zaffirum.com\/product\/casino-tourbillon-jacob-co-super-clon-suizo\/","url":"https:\/\/zaffirum.com\/product\/casino-tourbillon-jacob-co-super-clon-suizo\/","name":"Zaffirum | Parfums &amp; Luxury Watches","isPartOf":{"@id":"https:\/\/zaffirum.com\/#website"},"primaryImageOfPage":{"@id":"https:\/\/zaffirum.com\/product\/casino-tourbillon-jacob-co-super-clon-suizo\/#primaryimage"},"image":{"@id":"https:\/\/zaffirum.com\/product\/casino-tourbillon-jacob-co-super-clon-suizo\/#primaryimage"},"thumbnailUrl":"https:\/\/zaffirum.com\/wp-content\/uploads\/2026\/01\/CASINO-TOURBILLON.png","datePublished":"2026-01-13T01:13:54+00:00","dateModified":"2026-01-23T18:16:27+00:00","breadcrumb":{"@id":"https:\/\/zaffirum.com\/product\/casino-tourbillon-jacob-co-super-clon-suizo\/#breadcrumb"},"inLanguage":"es","potentialAction":[{"@type":"ReadAction","target":["https:\/\/zaffirum.com\/product\/casino-tourbillon-jacob-co-super-clon-suizo\/"]}]},{"@type":"ImageObject","inLanguage":"es","@id":"https:\/\/zaffirum.com\/product\/casino-tourbillon-jacob-co-super-clon-suizo\/#primaryimage","url":"https:\/\/zaffirum.com\/wp-content\/uploads\/2026\/01\/CASINO-TOURBILLON.png","contentUrl":"https:\/\/zaffirum.com\/wp-content\/uploads\/2026\/01\/CASINO-TOURBILLON.png","width":512,"height":512},{"@type":"BreadcrumbList","@id":"https:\/\/zaffirum.com\/product\/casino-tourbillon-jacob-co-super-clon-suizo\/#breadcrumb","itemListElement":[{"@type":"ListItem","position":1,"name":"Portada","item":"https:\/\/zaffirum.com\/"},{"@type":"ListItem","position":2,"name":"Tienda","item":"https:\/\/zaffirum.com\/tienda\/"},{"@type":"ListItem","position":3,"name":"CASINO TOURBILLON JACOB &#038; CO. SUPER CLON SUIZO"}]},{"@type":"WebSite","@id":"https:\/\/zaffirum.com\/#website","url":"https:\/\/zaffirum.com\/","name":"Zaffirum | Parfums &amp; Luxury Watches","description":"","publisher":{"@id":"https:\/\/zaffirum.com\/#organization"},"potentialAction":[{"@type":"SearchAction","target":{"@type":"EntryPoint","urlTemplate":"https:\/\/zaffirum.com\/?s={search_term_string}"},"query-input":{"@type":"PropertyValueSpecification","valueRequired":true,"valueName":"search_term_string"}}],"inLanguage":"es"},{"@type":"Organization","@id":"https:\/\/zaffirum.com\/#organization","name":"Zaffirum | Parfums &amp; Luxury Watches","url":"https:\/\/zaffirum.com\/","logo":{"@type":"ImageObject","inLanguage":"es","@id":"https:\/\/zaffirum.com\/#\/schema\/logo\/image\/","url":"https:\/\/zaffirum.com\/wp-content\/uploads\/2021\/02\/LOGO-WEB-02.png","contentUrl":"https:\/\/zaffirum.com\/wp-content\/uploads\/2021\/02\/LOGO-WEB-02.png","width":328,"height":182,"caption":"Zaffirum |  Parfums &amp; Luxury Watches"},"image":{"@id":"https:\/\/zaffirum.com\/#\/schema\/logo\/image\/"}}]}},"_links":{"self":[{"href":"https:\/\/zaffirum.com\/es\/wp-json\/wp\/v2\/product\/14771","targetHints":{"allow":["GET"]}}],"collection":[{"href":"https:\/\/zaffirum.com\/es\/wp-json\/wp\/v2\/product"}],"about":[{"href":"https:\/\/zaffirum.com\/es\/wp-json\/wp\/v2\/types\/product"}],"version-history":[{"count":1,"href":"https:\/\/zaffirum.com\/es\/wp-json\/wp\/v2\/product\/14771\/revisions"}],"predecessor-version":[{"id":14773,"href":"https:\/\/zaffirum.com\/es\/wp-json\/wp\/v2\/product\/14771\/revisions\/14773"}],"wp:featuredmedia":[{"embeddable":true,"href":"https:\/\/zaffirum.com\/es\/wp-json\/wp\/v2\/media\/14772"}],"wp:attachment":[{"href":"https:\/\/zaffirum.com\/es\/wp-json\/wp\/v2\/media?parent=14771"}],"wp:term":[{"taxonomy":"product_brand","embeddable":true,"href":"https:\/\/zaffirum.com\/es\/wp-json\/wp\/v2\/product_brand?post=14771"},{"taxonomy":"product_cat","embeddable":true,"href":"https:\/\/zaffirum.com\/es\/wp-json\/wp\/v2\/product_cat?post=14771"},{"taxonomy":"product_tag","embeddable":true,"href":"https:\/\/zaffirum.com\/es\/wp-json\/wp\/v2\/product_tag?post=14771"}],"curies":[{"name":"wp","href":"https:\/\/api.w.org\/{rel}","templated":true}]}}