{"id":15151,"date":"2026-01-24T11:13:09","date_gmt":"2026-01-24T16:13:09","guid":{"rendered":"https:\/\/zaffirum.com\/?post_type=product&#038;p=15151"},"modified":"2026-01-24T16:26:54","modified_gmt":"2026-01-24T21:26:54","slug":"pagani-design-pd-ys021","status":"publish","type":"product","link":"https:\/\/zaffirum.com\/es\/product\/pagani-design-pd-ys021\/","title":{"rendered":"Pagani Design PD-YS021"},"content":{"rendered":"","protected":false},"excerpt":{"rendered":"<p><strong>ESPCIFICACIONES:<\/strong><\/p>\n<ul>\n<li>Peso: 95.6g (0.21 lb)<\/li>\n<li>Di\u00e1metro de la caja: 41mm (1.61 in)<\/li>\n<li>Grosor de la caja: 14mm (0.55 in)<\/li>\n<li>Material: Acero inoxidable quir\u00fargico 316L con correa de cuero PU<\/li>\n<li>Corona: Atornillada<\/li>\n<li>Cristal: Cristal de zafiro sint\u00e9tico, resistente a los ara\u00f1azos<\/li>\n<li>Funci\u00f3n adicional: Visualizaci\u00f3n de la fecha<\/li>\n<li>Resistencia al agua: Hasta 330ft (aproximadamente 145 psi)<\/li>\n<li>Movimiento: Autom\u00e1tico E3255Y<\/li>\n<li>Ancho de la correa: 20mm (0.78 in)<\/li>\n<li>Longitud de la correa: 21cm (8.27 in)<\/li>\n<\/ul>","protected":false},"featured_media":15152,"template":"","meta":[],"product_brand":[],"product_cat":[127,126],"product_tag":[],"class_list":{"0":"post-15151","1":"product","2":"type-product","3":"status-publish","4":"has-post-thumbnail","6":"product_cat-pagani-design","7":"product_cat-relojes","9":"first","10":"instock","11":"taxable","12":"shipping-taxable","13":"purchasable","14":"product-type-simple"},"yoast_head":"<!-- This site is optimized with the Yoast SEO Premium plugin v26.4 (Yoast SEO v26.8) - https:\/\/yoast.com\/product\/yoast-seo-premium-wordpress\/ -->\n<title>Pagani Design PD-YS021 - Zaffirum | Parfums &amp; Luxury Watches<\/title>\n<meta name=\"robots\" content=\"index, follow, max-snippet:-1, max-image-preview:large, max-video-preview:-1\" \/>\n<link rel=\"canonical\" href=\"https:\/\/zaffirum.com\/es\/product\/pagani-design-pd-ys021\/\" \/>\n<meta property=\"og:locale\" content=\"es_MX\" \/>\n<meta property=\"og:type\" content=\"article\" \/>\n<meta property=\"og:title\" content=\"Pagani Design PD-YS021\" \/>\n<meta property=\"og:description\" content=\"ESPCIFICACIONES:   Peso: 95.6g (0.21 lb)  Di\u00e1metro de la caja: 41mm (1.61 in)  Grosor de la caja: 14mm (0.55 in)  Material: Acero inoxidable quir\u00fargico 316L con correa de cuero PU  Corona: Atornillada  Cristal: Cristal de zafiro sint\u00e9tico, resistente a los ara\u00f1azos  Funci\u00f3n adicional: Visualizaci\u00f3n de la fecha  Resistencia al agua: Hasta 330ft (aproximadamente 145 psi)  Movimiento: Autom\u00e1tico E3255Y  Ancho de la correa: 20mm (0.78 in)  Longitud de la correa: 21cm (8.27 in)\" \/>\n<meta property=\"og:url\" content=\"https:\/\/zaffirum.com\/es\/product\/pagani-design-pd-ys021\/\" \/>\n<meta property=\"og:site_name\" content=\"Zaffirum | Parfums &amp; Luxury Watches\" \/>\n<meta property=\"article:modified_time\" content=\"2026-01-24T21:26:54+00:00\" \/>\n<meta property=\"og:image\" content=\"https:\/\/zaffirum.com\/wp-content\/uploads\/2026\/01\/ys021-pd.webp\" \/>\n\t<meta property=\"og:image:width\" content=\"800\" \/>\n\t<meta property=\"og:image:height\" content=\"800\" \/>\n\t<meta property=\"og:image:type\" content=\"image\/webp\" \/>\n<meta name=\"twitter:card\" content=\"summary_large_image\" \/>\n<meta name=\"twitter:label1\" content=\"Tiempo de lectura\" \/>\n\t<meta name=\"twitter:data1\" content=\"1 minuto\" \/>\n<script type=\"application\/ld+json\" class=\"yoast-schema-graph\">{\"@context\":\"https:\/\/schema.org\",\"@graph\":[{\"@type\":\"WebPage\",\"@id\":\"https:\/\/zaffirum.com\/product\/pagani-design-pd-ys021\/\",\"url\":\"https:\/\/zaffirum.com\/product\/pagani-design-pd-ys021\/\",\"name\":\"Pagani Design PD-YS021 - Zaffirum | Parfums &amp; Luxury Watches\",\"isPartOf\":{\"@id\":\"https:\/\/zaffirum.com\/#website\"},\"primaryImageOfPage\":{\"@id\":\"https:\/\/zaffirum.com\/product\/pagani-design-pd-ys021\/#primaryimage\"},\"image\":{\"@id\":\"https:\/\/zaffirum.com\/product\/pagani-design-pd-ys021\/#primaryimage\"},\"thumbnailUrl\":\"https:\/\/zaffirum.com\/wp-content\/uploads\/2026\/01\/ys021-pd.webp\",\"datePublished\":\"2026-01-24T16:13:09+00:00\",\"dateModified\":\"2026-01-24T21:26:54+00:00\",\"breadcrumb\":{\"@id\":\"https:\/\/zaffirum.com\/product\/pagani-design-pd-ys021\/#breadcrumb\"},\"inLanguage\":\"es\",\"potentialAction\":[{\"@type\":\"ReadAction\",\"target\":[\"https:\/\/zaffirum.com\/product\/pagani-design-pd-ys021\/\"]}]},{\"@type\":\"ImageObject\",\"inLanguage\":\"es\",\"@id\":\"https:\/\/zaffirum.com\/product\/pagani-design-pd-ys021\/#primaryimage\",\"url\":\"https:\/\/zaffirum.com\/wp-content\/uploads\/2026\/01\/ys021-pd.webp\",\"contentUrl\":\"https:\/\/zaffirum.com\/wp-content\/uploads\/2026\/01\/ys021-pd.webp\",\"width\":800,\"height\":800},{\"@type\":\"BreadcrumbList\",\"@id\":\"https:\/\/zaffirum.com\/product\/pagani-design-pd-ys021\/#breadcrumb\",\"itemListElement\":[{\"@type\":\"ListItem\",\"position\":1,\"name\":\"Portada\",\"item\":\"https:\/\/zaffirum.com\/\"},{\"@type\":\"ListItem\",\"position\":2,\"name\":\"Tienda\",\"item\":\"https:\/\/zaffirum.com\/tienda\/\"},{\"@type\":\"ListItem\",\"position\":3,\"name\":\"Pagani Design PD-YS021\"}]},{\"@type\":\"WebSite\",\"@id\":\"https:\/\/zaffirum.com\/#website\",\"url\":\"https:\/\/zaffirum.com\/\",\"name\":\"Zaffirum | Parfums &amp; Luxury Watches\",\"description\":\"\",\"publisher\":{\"@id\":\"https:\/\/zaffirum.com\/#organization\"},\"potentialAction\":[{\"@type\":\"SearchAction\",\"target\":{\"@type\":\"EntryPoint\",\"urlTemplate\":\"https:\/\/zaffirum.com\/?s={search_term_string}\"},\"query-input\":{\"@type\":\"PropertyValueSpecification\",\"valueRequired\":true,\"valueName\":\"search_term_string\"}}],\"inLanguage\":\"es\"},{\"@type\":\"Organization\",\"@id\":\"https:\/\/zaffirum.com\/#organization\",\"name\":\"Zaffirum | Parfums &amp; Luxury Watches\",\"url\":\"https:\/\/zaffirum.com\/\",\"logo\":{\"@type\":\"ImageObject\",\"inLanguage\":\"es\",\"@id\":\"https:\/\/zaffirum.com\/#\/schema\/logo\/image\/\",\"url\":\"https:\/\/zaffirum.com\/wp-content\/uploads\/2021\/02\/LOGO-WEB-02.png\",\"contentUrl\":\"https:\/\/zaffirum.com\/wp-content\/uploads\/2021\/02\/LOGO-WEB-02.png\",\"width\":328,\"height\":182,\"caption\":\"Zaffirum |  Parfums &amp; Luxury Watches\"},\"image\":{\"@id\":\"https:\/\/zaffirum.com\/#\/schema\/logo\/image\/\"}}]}<\/script>\n<!-- \/ Yoast SEO Premium plugin. -->","yoast_head_json":{"title":"Pagani Design PD-YS021 - Zaffirum | Parfums &amp; Luxury Watches","robots":{"index":"index","follow":"follow","max-snippet":"max-snippet:-1","max-image-preview":"max-image-preview:large","max-video-preview":"max-video-preview:-1"},"canonical":"https:\/\/zaffirum.com\/es\/product\/pagani-design-pd-ys021\/","og_locale":"es_MX","og_type":"article","og_title":"Pagani Design PD-YS021","og_description":"ESPCIFICACIONES:   Peso: 95.6g (0.21 lb)  Di\u00e1metro de la caja: 41mm (1.61 in)  Grosor de la caja: 14mm (0.55 in)  Material: Acero inoxidable quir\u00fargico 316L con correa de cuero PU  Corona: Atornillada  Cristal: Cristal de zafiro sint\u00e9tico, resistente a los ara\u00f1azos  Funci\u00f3n adicional: Visualizaci\u00f3n de la fecha  Resistencia al agua: Hasta 330ft (aproximadamente 145 psi)  Movimiento: Autom\u00e1tico E3255Y  Ancho de la correa: 20mm (0.78 in)  Longitud de la correa: 21cm (8.27 in)","og_url":"https:\/\/zaffirum.com\/es\/product\/pagani-design-pd-ys021\/","og_site_name":"Zaffirum | Parfums &amp; Luxury Watches","article_modified_time":"2026-01-24T21:26:54+00:00","og_image":[{"width":800,"height":800,"url":"https:\/\/zaffirum.com\/wp-content\/uploads\/2026\/01\/ys021-pd.webp","type":"image\/webp"}],"twitter_card":"summary_large_image","twitter_misc":{"Tiempo de lectura":"1 minuto"},"schema":{"@context":"https:\/\/schema.org","@graph":[{"@type":"WebPage","@id":"https:\/\/zaffirum.com\/product\/pagani-design-pd-ys021\/","url":"https:\/\/zaffirum.com\/product\/pagani-design-pd-ys021\/","name":"Pagani Design PD-YS021 - Zaffirum | Parfums &amp; Luxury Watches","isPartOf":{"@id":"https:\/\/zaffirum.com\/#website"},"primaryImageOfPage":{"@id":"https:\/\/zaffirum.com\/product\/pagani-design-pd-ys021\/#primaryimage"},"image":{"@id":"https:\/\/zaffirum.com\/product\/pagani-design-pd-ys021\/#primaryimage"},"thumbnailUrl":"https:\/\/zaffirum.com\/wp-content\/uploads\/2026\/01\/ys021-pd.webp","datePublished":"2026-01-24T16:13:09+00:00","dateModified":"2026-01-24T21:26:54+00:00","breadcrumb":{"@id":"https:\/\/zaffirum.com\/product\/pagani-design-pd-ys021\/#breadcrumb"},"inLanguage":"es","potentialAction":[{"@type":"ReadAction","target":["https:\/\/zaffirum.com\/product\/pagani-design-pd-ys021\/"]}]},{"@type":"ImageObject","inLanguage":"es","@id":"https:\/\/zaffirum.com\/product\/pagani-design-pd-ys021\/#primaryimage","url":"https:\/\/zaffirum.com\/wp-content\/uploads\/2026\/01\/ys021-pd.webp","contentUrl":"https:\/\/zaffirum.com\/wp-content\/uploads\/2026\/01\/ys021-pd.webp","width":800,"height":800},{"@type":"BreadcrumbList","@id":"https:\/\/zaffirum.com\/product\/pagani-design-pd-ys021\/#breadcrumb","itemListElement":[{"@type":"ListItem","position":1,"name":"Portada","item":"https:\/\/zaffirum.com\/"},{"@type":"ListItem","position":2,"name":"Tienda","item":"https:\/\/zaffirum.com\/tienda\/"},{"@type":"ListItem","position":3,"name":"Pagani Design PD-YS021"}]},{"@type":"WebSite","@id":"https:\/\/zaffirum.com\/#website","url":"https:\/\/zaffirum.com\/","name":"Zaffirum | Parfums &amp; Luxury Watches","description":"","publisher":{"@id":"https:\/\/zaffirum.com\/#organization"},"potentialAction":[{"@type":"SearchAction","target":{"@type":"EntryPoint","urlTemplate":"https:\/\/zaffirum.com\/?s={search_term_string}"},"query-input":{"@type":"PropertyValueSpecification","valueRequired":true,"valueName":"search_term_string"}}],"inLanguage":"es"},{"@type":"Organization","@id":"https:\/\/zaffirum.com\/#organization","name":"Zaffirum | Parfums &amp; Luxury Watches","url":"https:\/\/zaffirum.com\/","logo":{"@type":"ImageObject","inLanguage":"es","@id":"https:\/\/zaffirum.com\/#\/schema\/logo\/image\/","url":"https:\/\/zaffirum.com\/wp-content\/uploads\/2021\/02\/LOGO-WEB-02.png","contentUrl":"https:\/\/zaffirum.com\/wp-content\/uploads\/2021\/02\/LOGO-WEB-02.png","width":328,"height":182,"caption":"Zaffirum |  Parfums &amp; Luxury Watches"},"image":{"@id":"https:\/\/zaffirum.com\/#\/schema\/logo\/image\/"}}]}},"_links":{"self":[{"href":"https:\/\/zaffirum.com\/es\/wp-json\/wp\/v2\/product\/15151","targetHints":{"allow":["GET"]}}],"collection":[{"href":"https:\/\/zaffirum.com\/es\/wp-json\/wp\/v2\/product"}],"about":[{"href":"https:\/\/zaffirum.com\/es\/wp-json\/wp\/v2\/types\/product"}],"version-history":[{"count":1,"href":"https:\/\/zaffirum.com\/es\/wp-json\/wp\/v2\/product\/15151\/revisions"}],"predecessor-version":[{"id":15157,"href":"https:\/\/zaffirum.com\/es\/wp-json\/wp\/v2\/product\/15151\/revisions\/15157"}],"wp:featuredmedia":[{"embeddable":true,"href":"https:\/\/zaffirum.com\/es\/wp-json\/wp\/v2\/media\/15152"}],"wp:attachment":[{"href":"https:\/\/zaffirum.com\/es\/wp-json\/wp\/v2\/media?parent=15151"}],"wp:term":[{"taxonomy":"product_brand","embeddable":true,"href":"https:\/\/zaffirum.com\/es\/wp-json\/wp\/v2\/product_brand?post=15151"},{"taxonomy":"product_cat","embeddable":true,"href":"https:\/\/zaffirum.com\/es\/wp-json\/wp\/v2\/product_cat?post=15151"},{"taxonomy":"product_tag","embeddable":true,"href":"https:\/\/zaffirum.com\/es\/wp-json\/wp\/v2\/product_tag?post=15151"}],"curies":[{"name":"wp","href":"https:\/\/api.w.org\/{rel}","templated":true}]}}