{"id":15180,"date":"2026-01-24T11:41:57","date_gmt":"2026-01-24T16:41:57","guid":{"rendered":"https:\/\/zaffirum.com\/?post_type=product&#038;p=15180"},"modified":"2026-01-24T11:44:24","modified_gmt":"2026-01-24T16:44:24","slug":"pagani-design-1753-black","status":"publish","type":"product","link":"https:\/\/zaffirum.com\/es\/product\/pagani-design-1753-black\/","title":{"rendered":"PAGANI DESIGN 1753 BLACK"},"content":{"rendered":"","protected":false},"excerpt":{"rendered":"<p><strong>ESPECIFICACIONES:<\/strong><\/p>\n<ul>\n<li>Peso:\u00a0148g (5.22 onzas)<\/li>\n<li>Di\u00e1metro de la caja: 40mm<\/li>\n<li>Grosor de la caja:\u00a012mm (0.47 pulgadas)<\/li>\n<li>Material:\u00a0Acero inoxidable quir\u00fargico 316L<\/li>\n<li>Corona: Atornillada<\/li>\n<li>Cristal:\u00a0Cristal\u00a0de zafiro sint\u00e9tico con recubrimiento duro, resistente a los ara\u00f1azos y tratamiento antirreflejo<\/li>\n<li>Resistencia al agua: Hasta 330 pies (aproximadamente 145 psi)<\/li>\n<li>Indicador adicional: D\u00eda del mes en la posici\u00f3n de las 3 en punto<\/li>\n<li>Movimiento: Autom\u00e1tico japon\u00e9s Seiko NH35<\/li>\n<li>Reserva de marcha: 42 horas<\/li>\n<li>Ancho de la correa:\u00a020-27mm<\/li>\n<li>Longitud de la correa:\u00a024cm (9.45 pulgadas)<\/li>\n<\/ul>","protected":false},"featured_media":15181,"template":"","meta":[],"product_brand":[],"product_cat":[127,126],"product_tag":[],"class_list":{"0":"post-15180","1":"product","2":"type-product","3":"status-publish","4":"has-post-thumbnail","6":"product_cat-pagani-design","7":"product_cat-relojes","9":"first","10":"instock","11":"taxable","12":"shipping-taxable","13":"purchasable","14":"product-type-simple"},"yoast_head":"<!-- This site is optimized with the Yoast SEO Premium plugin v26.4 (Yoast SEO v26.8) - https:\/\/yoast.com\/product\/yoast-seo-premium-wordpress\/ -->\n<title>PAGANI DESIGN 1753 BLACK - Zaffirum | Parfums &amp; Luxury Watches<\/title>\n<meta name=\"robots\" content=\"index, follow, max-snippet:-1, max-image-preview:large, max-video-preview:-1\" \/>\n<link rel=\"canonical\" href=\"https:\/\/zaffirum.com\/es\/product\/pagani-design-1753-black\/\" \/>\n<meta property=\"og:locale\" content=\"es_MX\" \/>\n<meta property=\"og:type\" content=\"article\" \/>\n<meta property=\"og:title\" content=\"PAGANI DESIGN 1753 BLACK\" \/>\n<meta property=\"og:description\" content=\"ESPECIFICACIONES:   Peso:\u00a0148g (5.22 onzas)  Di\u00e1metro de la caja: 40mm  Grosor de la caja:\u00a012mm (0.47 pulgadas)  Material:\u00a0Acero inoxidable quir\u00fargico 316L  Corona: Atornillada  Cristal:\u00a0Cristal\u00a0de zafiro sint\u00e9tico con recubrimiento duro, resistente a los ara\u00f1azos y tratamiento antirreflejo  Resistencia al agua: Hasta 330 pies (aproximadamente 145 psi)  Indicador adicional: D\u00eda del mes en la posici\u00f3n de las 3 en punto  Movimiento: Autom\u00e1tico japon\u00e9s Seiko NH35  Reserva de marcha: 42 horas  Ancho de la correa:\u00a020-27mm  Longitud de la correa:\u00a024cm (9.45 pulgadas)\" \/>\n<meta property=\"og:url\" content=\"https:\/\/zaffirum.com\/es\/product\/pagani-design-1753-black\/\" \/>\n<meta property=\"og:site_name\" content=\"Zaffirum | Parfums &amp; Luxury Watches\" \/>\n<meta property=\"article:modified_time\" content=\"2026-01-24T16:44:24+00:00\" \/>\n<meta property=\"og:image\" content=\"https:\/\/zaffirum.com\/wp-content\/uploads\/2026\/01\/black1753.webp\" \/>\n\t<meta property=\"og:image:width\" content=\"1000\" \/>\n\t<meta property=\"og:image:height\" content=\"1000\" \/>\n\t<meta property=\"og:image:type\" content=\"image\/webp\" \/>\n<meta name=\"twitter:card\" content=\"summary_large_image\" \/>\n<meta name=\"twitter:label1\" content=\"Tiempo de lectura\" \/>\n\t<meta name=\"twitter:data1\" content=\"1 minuto\" \/>\n<script type=\"application\/ld+json\" class=\"yoast-schema-graph\">{\"@context\":\"https:\/\/schema.org\",\"@graph\":[{\"@type\":\"WebPage\",\"@id\":\"https:\/\/zaffirum.com\/product\/pagani-design-1753-black\/\",\"url\":\"https:\/\/zaffirum.com\/product\/pagani-design-1753-black\/\",\"name\":\"PAGANI DESIGN 1753 BLACK - Zaffirum | Parfums &amp; Luxury Watches\",\"isPartOf\":{\"@id\":\"https:\/\/zaffirum.com\/#website\"},\"primaryImageOfPage\":{\"@id\":\"https:\/\/zaffirum.com\/product\/pagani-design-1753-black\/#primaryimage\"},\"image\":{\"@id\":\"https:\/\/zaffirum.com\/product\/pagani-design-1753-black\/#primaryimage\"},\"thumbnailUrl\":\"https:\/\/zaffirum.com\/wp-content\/uploads\/2026\/01\/black1753.webp\",\"datePublished\":\"2026-01-24T16:41:57+00:00\",\"dateModified\":\"2026-01-24T16:44:24+00:00\",\"breadcrumb\":{\"@id\":\"https:\/\/zaffirum.com\/product\/pagani-design-1753-black\/#breadcrumb\"},\"inLanguage\":\"es\",\"potentialAction\":[{\"@type\":\"ReadAction\",\"target\":[\"https:\/\/zaffirum.com\/product\/pagani-design-1753-black\/\"]}]},{\"@type\":\"ImageObject\",\"inLanguage\":\"es\",\"@id\":\"https:\/\/zaffirum.com\/product\/pagani-design-1753-black\/#primaryimage\",\"url\":\"https:\/\/zaffirum.com\/wp-content\/uploads\/2026\/01\/black1753.webp\",\"contentUrl\":\"https:\/\/zaffirum.com\/wp-content\/uploads\/2026\/01\/black1753.webp\",\"width\":1000,\"height\":1000},{\"@type\":\"BreadcrumbList\",\"@id\":\"https:\/\/zaffirum.com\/product\/pagani-design-1753-black\/#breadcrumb\",\"itemListElement\":[{\"@type\":\"ListItem\",\"position\":1,\"name\":\"Portada\",\"item\":\"https:\/\/zaffirum.com\/\"},{\"@type\":\"ListItem\",\"position\":2,\"name\":\"Tienda\",\"item\":\"https:\/\/zaffirum.com\/tienda\/\"},{\"@type\":\"ListItem\",\"position\":3,\"name\":\"PAGANI DESIGN 1753 BLACK\"}]},{\"@type\":\"WebSite\",\"@id\":\"https:\/\/zaffirum.com\/#website\",\"url\":\"https:\/\/zaffirum.com\/\",\"name\":\"Zaffirum | Parfums &amp; Luxury Watches\",\"description\":\"\",\"publisher\":{\"@id\":\"https:\/\/zaffirum.com\/#organization\"},\"potentialAction\":[{\"@type\":\"SearchAction\",\"target\":{\"@type\":\"EntryPoint\",\"urlTemplate\":\"https:\/\/zaffirum.com\/?s={search_term_string}\"},\"query-input\":{\"@type\":\"PropertyValueSpecification\",\"valueRequired\":true,\"valueName\":\"search_term_string\"}}],\"inLanguage\":\"es\"},{\"@type\":\"Organization\",\"@id\":\"https:\/\/zaffirum.com\/#organization\",\"name\":\"Zaffirum | Parfums &amp; Luxury Watches\",\"url\":\"https:\/\/zaffirum.com\/\",\"logo\":{\"@type\":\"ImageObject\",\"inLanguage\":\"es\",\"@id\":\"https:\/\/zaffirum.com\/#\/schema\/logo\/image\/\",\"url\":\"https:\/\/zaffirum.com\/wp-content\/uploads\/2021\/02\/LOGO-WEB-02.png\",\"contentUrl\":\"https:\/\/zaffirum.com\/wp-content\/uploads\/2021\/02\/LOGO-WEB-02.png\",\"width\":328,\"height\":182,\"caption\":\"Zaffirum |  Parfums &amp; Luxury Watches\"},\"image\":{\"@id\":\"https:\/\/zaffirum.com\/#\/schema\/logo\/image\/\"}}]}<\/script>\n<!-- \/ Yoast SEO Premium plugin. -->","yoast_head_json":{"title":"PAGANI DESIGN 1753 BLACK - Zaffirum | Parfums &amp; Luxury Watches","robots":{"index":"index","follow":"follow","max-snippet":"max-snippet:-1","max-image-preview":"max-image-preview:large","max-video-preview":"max-video-preview:-1"},"canonical":"https:\/\/zaffirum.com\/es\/product\/pagani-design-1753-black\/","og_locale":"es_MX","og_type":"article","og_title":"PAGANI DESIGN 1753 BLACK","og_description":"ESPECIFICACIONES:   Peso:\u00a0148g (5.22 onzas)  Di\u00e1metro de la caja: 40mm  Grosor de la caja:\u00a012mm (0.47 pulgadas)  Material:\u00a0Acero inoxidable quir\u00fargico 316L  Corona: Atornillada  Cristal:\u00a0Cristal\u00a0de zafiro sint\u00e9tico con recubrimiento duro, resistente a los ara\u00f1azos y tratamiento antirreflejo  Resistencia al agua: Hasta 330 pies (aproximadamente 145 psi)  Indicador adicional: D\u00eda del mes en la posici\u00f3n de las 3 en punto  Movimiento: Autom\u00e1tico japon\u00e9s Seiko NH35  Reserva de marcha: 42 horas  Ancho de la correa:\u00a020-27mm  Longitud de la correa:\u00a024cm (9.45 pulgadas)","og_url":"https:\/\/zaffirum.com\/es\/product\/pagani-design-1753-black\/","og_site_name":"Zaffirum | Parfums &amp; Luxury Watches","article_modified_time":"2026-01-24T16:44:24+00:00","og_image":[{"width":1000,"height":1000,"url":"https:\/\/zaffirum.com\/wp-content\/uploads\/2026\/01\/black1753.webp","type":"image\/webp"}],"twitter_card":"summary_large_image","twitter_misc":{"Tiempo de lectura":"1 minuto"},"schema":{"@context":"https:\/\/schema.org","@graph":[{"@type":"WebPage","@id":"https:\/\/zaffirum.com\/product\/pagani-design-1753-black\/","url":"https:\/\/zaffirum.com\/product\/pagani-design-1753-black\/","name":"PAGANI DESIGN 1753 BLACK - Zaffirum | Parfums &amp; Luxury Watches","isPartOf":{"@id":"https:\/\/zaffirum.com\/#website"},"primaryImageOfPage":{"@id":"https:\/\/zaffirum.com\/product\/pagani-design-1753-black\/#primaryimage"},"image":{"@id":"https:\/\/zaffirum.com\/product\/pagani-design-1753-black\/#primaryimage"},"thumbnailUrl":"https:\/\/zaffirum.com\/wp-content\/uploads\/2026\/01\/black1753.webp","datePublished":"2026-01-24T16:41:57+00:00","dateModified":"2026-01-24T16:44:24+00:00","breadcrumb":{"@id":"https:\/\/zaffirum.com\/product\/pagani-design-1753-black\/#breadcrumb"},"inLanguage":"es","potentialAction":[{"@type":"ReadAction","target":["https:\/\/zaffirum.com\/product\/pagani-design-1753-black\/"]}]},{"@type":"ImageObject","inLanguage":"es","@id":"https:\/\/zaffirum.com\/product\/pagani-design-1753-black\/#primaryimage","url":"https:\/\/zaffirum.com\/wp-content\/uploads\/2026\/01\/black1753.webp","contentUrl":"https:\/\/zaffirum.com\/wp-content\/uploads\/2026\/01\/black1753.webp","width":1000,"height":1000},{"@type":"BreadcrumbList","@id":"https:\/\/zaffirum.com\/product\/pagani-design-1753-black\/#breadcrumb","itemListElement":[{"@type":"ListItem","position":1,"name":"Portada","item":"https:\/\/zaffirum.com\/"},{"@type":"ListItem","position":2,"name":"Tienda","item":"https:\/\/zaffirum.com\/tienda\/"},{"@type":"ListItem","position":3,"name":"PAGANI DESIGN 1753 BLACK"}]},{"@type":"WebSite","@id":"https:\/\/zaffirum.com\/#website","url":"https:\/\/zaffirum.com\/","name":"Zaffirum | Parfums &amp; Luxury Watches","description":"","publisher":{"@id":"https:\/\/zaffirum.com\/#organization"},"potentialAction":[{"@type":"SearchAction","target":{"@type":"EntryPoint","urlTemplate":"https:\/\/zaffirum.com\/?s={search_term_string}"},"query-input":{"@type":"PropertyValueSpecification","valueRequired":true,"valueName":"search_term_string"}}],"inLanguage":"es"},{"@type":"Organization","@id":"https:\/\/zaffirum.com\/#organization","name":"Zaffirum | Parfums &amp; Luxury Watches","url":"https:\/\/zaffirum.com\/","logo":{"@type":"ImageObject","inLanguage":"es","@id":"https:\/\/zaffirum.com\/#\/schema\/logo\/image\/","url":"https:\/\/zaffirum.com\/wp-content\/uploads\/2021\/02\/LOGO-WEB-02.png","contentUrl":"https:\/\/zaffirum.com\/wp-content\/uploads\/2021\/02\/LOGO-WEB-02.png","width":328,"height":182,"caption":"Zaffirum |  Parfums &amp; Luxury Watches"},"image":{"@id":"https:\/\/zaffirum.com\/#\/schema\/logo\/image\/"}}]}},"_links":{"self":[{"href":"https:\/\/zaffirum.com\/es\/wp-json\/wp\/v2\/product\/15180","targetHints":{"allow":["GET"]}}],"collection":[{"href":"https:\/\/zaffirum.com\/es\/wp-json\/wp\/v2\/product"}],"about":[{"href":"https:\/\/zaffirum.com\/es\/wp-json\/wp\/v2\/types\/product"}],"version-history":[{"count":1,"href":"https:\/\/zaffirum.com\/es\/wp-json\/wp\/v2\/product\/15180\/revisions"}],"predecessor-version":[{"id":15186,"href":"https:\/\/zaffirum.com\/es\/wp-json\/wp\/v2\/product\/15180\/revisions\/15186"}],"wp:featuredmedia":[{"embeddable":true,"href":"https:\/\/zaffirum.com\/es\/wp-json\/wp\/v2\/media\/15181"}],"wp:attachment":[{"href":"https:\/\/zaffirum.com\/es\/wp-json\/wp\/v2\/media?parent=15180"}],"wp:term":[{"taxonomy":"product_brand","embeddable":true,"href":"https:\/\/zaffirum.com\/es\/wp-json\/wp\/v2\/product_brand?post=15180"},{"taxonomy":"product_cat","embeddable":true,"href":"https:\/\/zaffirum.com\/es\/wp-json\/wp\/v2\/product_cat?post=15180"},{"taxonomy":"product_tag","embeddable":true,"href":"https:\/\/zaffirum.com\/es\/wp-json\/wp\/v2\/product_tag?post=15180"}],"curies":[{"name":"wp","href":"https:\/\/api.w.org\/{rel}","templated":true}]}}